{"id":315,"date":"2020-03-05T06:21:23","date_gmt":"2020-03-05T06:21:23","guid":{"rendered":"https:\/\/linquacert.com\/?page_id=315"},"modified":"2026-01-15T22:01:30","modified_gmt":"2026-01-15T21:01:30","slug":"linquacert-schweizer-zertifizierungsstelle-fuer-sprachdienstleistungen","status":"publish","type":"page","link":"https:\/\/linquacert.com\/it\/","title":{"rendered":"LinquaCert"},"content":{"rendered":"<h2 style=\"\">LinquaCertSchweizer Zertifizierungsstellef\u00fcr Sprachdienstleistungen<\/h2>\n<p style=\"\">LinquaCert ist Ihr ISO 17100, ISO 18587 und ISO 9001 Zertifizierungspartner.Wir unterst\u00fctzen Sie bei der Vermarktung wertiger \u00dcbersetzungsdienstleistungen.<\/p>\n<p><span style=\"\"><img decoding=\"async\" alt=\"LinquaCert Zertifizierung ISO 18587\" data-id=\"1313\" width=\"231\" data-init-width=\"250\" height=\"231\" data-init-height=\"250\" title=\"LinquaCert_ISO_17100_18587\" src=\"https:\/\/linquacert.com\/wp-content\/uploads\/2020\/03\/LinquaCert_ISO_17100_18587.png\" data-width=\"231\" data-height=\"231\" style=\"aspect-ratio: auto 250 \/ 250;\" loading=\"lazy\" mt-d=\"0\" ml-d=\"0\"><\/span><\/p>\n<h2>LINQUA<span style=\"color: var(0027b);\">CERT<\/span><\/h2>\n<p>Der Name LinquaCert setzt sich aus den lateinischen Begriffen \u201eLingua\u201c f\u00fcr Sprache, \u201eQualit\u00e4t\u201c f\u00fcr Qualit\u00e4t und \u201eCerta Fides\u201c f\u00fcr Sicherheit zusammen.<\/p>\n<p class=\"translation-block\">Mit der&nbsp;<b>Zertifizierung&nbsp;<\/b>nach&nbsp;<a href=\"https:\/\/linquacert.com\/it\/iso17100-zertifizierung\/\" target=\"_blank\" class=\"\" style=\"outline: none;\"><strong>ISO 17100<\/strong><\/a>&nbsp;und&nbsp;<a href=\"https:\/\/linquacert.com\/it\/iso18587-zertifizierung\/\" target=\"_blank\"><strong>ISO 18587<\/strong><\/a>&nbsp;k\u00f6nnen Ihre Kunden sicher sein, dass sie zum vereinbarten Termin immer qualitativ hochwertige \u00dcbersetzungen erhalten.<\/p>\n<p class=\"translation-block\">In Zusammenarbeit mit erfahrenen Zertifizierungspartnern bietet wir auch kombinierte Zertifizierungen an \u2013 zum Beispiel&nbsp;<b>I<a href=\"https:\/\/www.tuvsud.com\/de-de\/dienstleistungen\/auditierung-und-zertifizierung\/iso-9001\" rel=\"noopener\" target=\"_blank\" class=\"\" style=\"outline: none;\">SO 9001<\/a><\/b>&nbsp;oder auch die&nbsp;<b>ISO&nbsp;zertifizierte Kundenzufriedenheit.<\/b><\/p>\n<h3>Zertifikate schaffen Vertrauen<\/h3>\n<p class=\"translation-block\">Eine \u00dcbersetzung ist&nbsp;<b>Vertrauenssache<\/b>. Ebenso eine Frage der&nbsp;<b>Qualit\u00e4t<\/b>. Bei der Vielzahl an Anbietern verlieren Kunden schnell die \u00dcbersicht. Ein Kriterium bei der Auswahl eines \u00dcbersetzungsdienstleisters sind die&nbsp;<b>Qualit\u00e4tsrichtlinien<\/b>, nach denen gearbeitet wird. Diese k\u00f6nnen Sie Ihren Kunden mit einer&nbsp;<b>Zertifizierung&nbsp;<\/b>nachweisen.<\/p>\n<p class=\"translation-block\">Sowohl die&nbsp;<a href=\"https:\/\/linquacert.com\/it\/iso17100-zertifizierung\/\" target=\"_blank\"><b>ISO 17100<\/b><\/a>&nbsp;als auch die&nbsp;<a href=\"https:\/\/linquacert.com\/it\/iso18587-zertifizierung\/\" target=\"_blank\"><b>ISO 18587<\/b><\/a>&nbsp;sind geeignet, Ihre hohen Anspr\u00fcche an \u00dcbersetzungen durch eine&nbsp;<b>unabh\u00e4ngige \u00dcberpr\u00fcfungsinstanz&nbsp;<\/b>darzulegen. Dabei stehen wir Ihnen mit unserem Fachwissen und unserer Erfahrung zur Seite.<\/p>\n<p>Wir begleiten Sie auf dem Weg zum Zertifikat, stellen es aus und erinnern Sie daran, wenn es erneuert werden muss. Durch unsere effizienten Prozesse k\u00f6nnen wir die Dauer des Zertifizierungsprozesses so eingrenzen, dass der Zeitaufwand f\u00fcr Sie so gering wie m\u00f6glich wird.&nbsp;<\/p>\n<h3>Kundengewinnung durch ISO-Zertifizierung<\/h3>\n<p class=\"translation-block\">ISO-Zertifikate sind ein wichtiges&nbsp;<b>Marketinginstrument<\/b>, das Ihnen&nbsp;<b>leichter den Zugang zu Kunden<\/b> verschafft. Sie folgen internationalen Standards und k\u00f6nnen das auch auf Ihrer Website und Ihren Marketingkan\u00e4len dokumentieren. Mit unseren <a href=\"https:\/\/linquacert.com\/it\/iso17100-zertifizierung\/\" target=\"_blank\" class=\"\" style=\"outline: none;\">Zertifikaten ISO 17100<\/a> und <a href=\"https:\/\/linquacert.com\/it\/iso18587-zertifizierung\/\" target=\"_blank\">ISO 18587<\/a> haben Sie ein anerkanntes und <b>\u00fcberzeugendes Verkaufsargument gegen\u00fcber Neukunden<\/b>.<\/p>\n<p class=\"translation-block\">Mit einer <a href=\"https:\/\/linquacert.com\/it\/iso17100-zertifizierung\/\" target=\"_blank\" class=\"\" style=\"outline: none;\">ISO 17100-Zertifizierung<\/a> k\u00f6nnen Sie sich einfacher <b>bei \u00f6ffentlichen Ausschreibungen&nbsp;<\/b>bewerben. Viele Beh\u00f6rden und Institutionen verlangen diese als Voraussetzungen f\u00fcr die Teilnahme.<\/p>\n<p class=\"translation-block\">In einem immer schneller werdenden Markt der maschinellen \u00dcbersetzungen punkten Sie mit einem <a href=\"https:\/\/linquacert.com\/it\/iso18587-zertifizierung\/\" target=\"_blank\" class=\"\" style=\"outline: none;\">ISO 18587-Zertifikat<\/a> bei Kunden. Es weist nach, dass sie schnell und gleichzeitig qualitativ hochwertige \u00dcbersetzungen liefern k\u00f6nnen. Damit setzen Sie sich von Mitbewerbern ab, die diese Qualit\u00e4t nicht bieten k\u00f6nnen.<\/p>\n<h3>Ihr Weg zum ISO-Zertifikat<\/h3>\n<p class=\"translation-block\">Wir unterst\u00fctzen Sie in allen Schritten der Zertifizierung. Unser Ziel ist es, Sie so auf die Anforderungen vorzubereiten, dass am Ende eine erfolgreiche ISO-Bewerbung steht. Mit unseren Partnern sind wir auch in der Lage, weitere ISO-Zertifizierungen innerhalb eines Audits durchzuf\u00fchren, zum Beispiel bei der&nbsp;<b>ISO 9001<\/b>.<\/p>\n<p class=\"translation-block\">Unsere Experten haben&nbsp;<b>jahrelange Erfahrung<\/b>&nbsp;in&nbsp;<b>ISO&nbsp;Audits<\/b>, wie auch unsere&nbsp;<a href=\"https:\/\/linquacert.com\/it\/aktuelle-zertifikate\/\" rel=\"noopener\" target=\"_blank\" class=\"\" style=\"outline: none;\"><b><u>umfangreiche Kundenliste<\/u><\/b><\/a> best\u00e4tigt. In einem kostenlosen Erstgespr\u00e4ch k\u00f6nnen wir gemeinsam er\u00f6rtern, welche Form der Zertifizierung f\u00fcr Sie besonders geeignet ist und wie wir Sie dabei am besten unterst\u00fctzen k\u00f6nnen.<\/p>\n<h2 style=\"\">LinquaCert-Zertifizierungen<\/h2>\n<h3 style=\"\">LinquaCert ist die Zertifizierungsstelle f\u00fcr ambitionierte \u00dcbersetzungsdienstleister.<\/h3>\n<p><span><img decoding=\"async\" alt=\"\" data-id=\"4172\" width=\"111\" data-init-width=\"256\" height=\"111\" data-init-height=\"256\" title=\"medal\" src=\"https:\/\/linquacert.com\/wp-content\/uploads\/2023\/08\/medal.png\" data-width=\"111\" data-height=\"111\" style=\"aspect-ratio: auto 256 \/ 256;\" data-link-wrap=\"1\" loading=\"lazy\"><\/span><\/p>\n<h4 style=\"\"><strong><\/strong><strong><strong><\/strong><strong><a href=\"https:\/\/linquacert.com\/it\/iso17100-zertifizierung\/\" style=\"outline: none;\">Zertifizierung nach<strong>ISO 17100:2015<\/strong><\/a><\/strong><\/strong><\/h4>\n<p><span><a href=\"https:\/\/linquacert.com\/it\/iso18587-zertifizierung\/\" rel=\"\"><img decoding=\"async\" alt=\"\" data-id=\"4172\" width=\"111\" data-init-width=\"256\" height=\"111\" data-init-height=\"256\" title=\"medal\" src=\"https:\/\/linquacert.com\/wp-content\/uploads\/2023\/08\/medal.png\" data-width=\"111\" data-height=\"111\" style=\"aspect-ratio: auto 256 \/ 256;\" data-link-wrap=\"1\" loading=\"lazy\"><\/a><\/span><\/p>\n<h4 style=\"\"><strong><\/strong><strong><strong><\/strong><strong><a href=\"https:\/\/linquacert.com\/it\/iso18587-zertifizierung\/\" style=\"outline: none;\">Zertifizierung nach<strong>ISO18587:2017<\/strong><\/a><\/strong><\/strong><\/h4>\n<p><span><img decoding=\"async\" alt=\"\" data-id=\"4172\" width=\"111\" data-init-width=\"256\" height=\"111\" data-init-height=\"256\" title=\"medal\" src=\"https:\/\/linquacert.com\/wp-content\/uploads\/2023\/08\/medal.png\" data-width=\"111\" data-height=\"111\" style=\"aspect-ratio: auto 256 \/ 256;\" loading=\"lazy\"><\/span><\/p>\n<h4 style=\"\"><strong><\/strong><strong><strong><\/strong><strong>Zertifizierung nach<strong>ISO 9001<\/strong> f\u00fcr \u00dcbersetzungs\u00addienst\u00adleister (T\u00dcV S\u00dcD)<\/strong><\/strong><\/h4>\n<p><span><img decoding=\"async\" alt=\"\" data-id=\"4172\" width=\"111\" data-init-width=\"256\" height=\"111\" data-init-height=\"256\" title=\"medal\" src=\"https:\/\/linquacert.com\/wp-content\/uploads\/2023\/08\/medal.png\" data-width=\"111\" data-height=\"111\" style=\"aspect-ratio: auto 256 \/ 256;\" loading=\"lazy\"><\/span><\/p>\n<h4 style=\"\"><strong><\/strong><strong><strong><\/strong><strong>Delta Audit<strong>ISO 17100 -&gt; ISO&nbsp;9001:2015<\/strong><\/strong><\/strong><\/h4>\n<p><span><a href=\"https:\/\/linquacert.com\/it\/aktuelle-zertifikate\/\"><img decoding=\"async\" alt=\"\" data-id=\"4172\" width=\"111\" data-init-width=\"256\" height=\"111\" data-init-height=\"256\" title=\"medal\" src=\"https:\/\/linquacert.com\/wp-content\/uploads\/2023\/08\/medal.png\" data-width=\"111\" data-height=\"111\" style=\"aspect-ratio: auto 256 \/ 256;\" data-link-wrap=\"true\" loading=\"lazy\"><\/a><\/span><\/p>\n<h4 style=\"\"><strong><\/strong><strong><strong><\/strong><strong><a href=\"https:\/\/linquacert.com\/it\/aktuelle-zertifikate\/\" style=\"outline: none;\">Kombinierte Zertifizierungen<\/a><\/strong><\/strong><\/h4>\n<h2 style=\"text-align: center;\"><\/h2>\n<h2 style=\"text-align: center;\">Downloads<\/h2>\n<p>1<\/p>\n<h3 style=\"\"><a href=\"https:\/\/linquacert.com\/wp-content\/uploads\/2020\/04\/ISO17100_Zertifizierungsanforderungen_LinquaCert_2015-08-25.pdf\" target=\"_blank\" style=\"outline: none;\" rel=\"noopener\"><strong>ISO 17100:2015<\/strong>&nbsp;\u2013 Neue Anforderungen und Umsetzung in die Zertifizierungspraxis<\/a><\/h3>\n<p>2<\/p>\n<h3 style=\"\"><a href=\"https:\/\/linquacert.com\/wp-content\/uploads\/2020\/06\/ISO9001_ISO17100_Vergleich_LinquaCert.pdf\" style=\"outline: none;\" target=\"_blank\" rel=\"noopener\"><strong>Gegenu\u0308berstellung der Anforderungen ISO 9001 -&gt; 17100<\/strong><\/a><\/h3>\n<p>3<\/p>\n<h3 style=\"\"><a href=\"https:\/\/linquacert.com\/wp-content\/uploads\/2020\/04\/ISO17100_Erfahrungen_tekom2015.pdf\" target=\"_blank\" style=\"outline: none;\" rel=\"noopener\">Vortrag von Herrn Markus Kukla:&nbsp;<strong>ISO 17100 Erfahrungen<\/strong><\/a><\/h3>","protected":false},"excerpt":{"rendered":"<p>LinquaCertSchweizer Zertifizierungsstellef\u00fcr Sprachdienstleistungen LinquaCert ist Ihr ISO 17100, ISO 18587 und ISO 9001 Zertifizierungspartner.Wir unterst\u00fctzen Sie bei der Vermarktung wertiger \u00dcbersetzungsdienstleistungen. LINQUACERT Der Name LinquaCert setzt sich aus den lateinischen Begriffen \u201eLingua\u201c f\u00fcr Sprache, \u201eQualit\u00e4t\u201c f\u00fcr Qualit\u00e4t und \u201eCerta Fides\u201c f\u00fcr Sicherheit zusammen. Mit der&nbsp;Zertifizierung&nbsp;nach&nbsp;ISO 17100&nbsp;und&nbsp;ISO 18587&nbsp;k\u00f6nnen Ihre Kunden sicher sein, dass sie zum vereinbarten [&hellip;]<\/p>\n","protected":false},"author":1,"featured_media":0,"parent":0,"menu_order":0,"comment_status":"closed","ping_status":"closed","template":"","meta":{"footnotes":""},"class_list":["post-315","page","type-page","status-publish","hentry","post-wrapper","thrv_wrapper"],"yoast_head":"<!-- This site is optimized with the Yoast SEO Premium plugin v27.3 (Yoast SEO v27.3) - https:\/\/yoast.com\/product\/yoast-seo-premium-wordpress\/ -->\n<title>LinquaCert - ISO 17100, ISO 9001 und ISO 18587<\/title>\n<meta name=\"description\" content=\"LinquaCert - ISO 17100, ISO 9001 und ISO 18587: Zertifizierungsstelle f\u00fcr \u00dcbersetzungsdienstleister. Zertifizierung nach ISO 17100, ISO 18587.\" \/>\n<meta name=\"robots\" content=\"index, follow, max-snippet:-1, max-image-preview:large, max-video-preview:-1\" \/>\n<link rel=\"canonical\" href=\"https:\/\/linquacert.com\/it\/\" \/>\n<meta property=\"og:locale\" content=\"it_IT\" \/>\n<meta property=\"og:type\" content=\"article\" \/>\n<meta property=\"og:title\" content=\"LinquaCert\" \/>\n<meta property=\"og:description\" content=\"LinquaCert - ISO 17100, ISO 9001 und ISO 18587: Zertifizierungsstelle f\u00fcr \u00dcbersetzungsdienstleister. Zertifizierung nach ISO 17100, ISO 18587.\" \/>\n<meta property=\"og:url\" content=\"https:\/\/linquacert.com\/it\/\" \/>\n<meta property=\"og:site_name\" content=\"Linquacert\" \/>\n<meta property=\"article:modified_time\" content=\"2026-01-15T21:01:30+00:00\" \/>\n<meta property=\"og:image\" content=\"https:\/\/linquacert.com\/wp-content\/uploads\/2020\/03\/LinquaCert_ISO_17100_18587.png\" \/>\n<meta name=\"twitter:card\" content=\"summary_large_image\" \/>\n<meta name=\"twitter:label1\" content=\"Tempo di lettura stimato\" \/>\n\t<meta name=\"twitter:data1\" content=\"4 minuti\" \/>\n<script type=\"application\/ld+json\" class=\"yoast-schema-graph\">{\"@context\":\"https:\\\/\\\/schema.org\",\"@graph\":[{\"@type\":\"WebPage\",\"@id\":\"https:\\\/\\\/linquacert.com\\\/\",\"url\":\"https:\\\/\\\/linquacert.com\\\/\",\"name\":\"LinquaCert - ISO 17100, ISO 9001 und ISO 18587\",\"isPartOf\":{\"@id\":\"https:\\\/\\\/linquacert.com\\\/#website\"},\"primaryImageOfPage\":{\"@id\":\"https:\\\/\\\/linquacert.com\\\/#primaryimage\"},\"image\":{\"@id\":\"https:\\\/\\\/linquacert.com\\\/#primaryimage\"},\"thumbnailUrl\":\"https:\\\/\\\/linquacert.com\\\/wp-content\\\/uploads\\\/2020\\\/03\\\/LinquaCert_ISO_17100_18587.png\",\"datePublished\":\"2020-03-05T06:21:23+00:00\",\"dateModified\":\"2026-01-15T21:01:30+00:00\",\"description\":\"LinquaCert - ISO 17100, ISO 9001 und ISO 18587: Zertifizierungsstelle f\u00fcr \u00dcbersetzungsdienstleister. Zertifizierung nach ISO 17100, ISO 18587.\",\"breadcrumb\":{\"@id\":\"https:\\\/\\\/linquacert.com\\\/#breadcrumb\"},\"inLanguage\":\"it-IT\",\"potentialAction\":[{\"@type\":\"ReadAction\",\"target\":[\"https:\\\/\\\/linquacert.com\\\/\"]}]},{\"@type\":\"ImageObject\",\"inLanguage\":\"it-IT\",\"@id\":\"https:\\\/\\\/linquacert.com\\\/#primaryimage\",\"url\":\"https:\\\/\\\/linquacert.com\\\/wp-content\\\/uploads\\\/2020\\\/03\\\/LinquaCert_ISO_17100_18587.png\",\"contentUrl\":\"https:\\\/\\\/linquacert.com\\\/wp-content\\\/uploads\\\/2020\\\/03\\\/LinquaCert_ISO_17100_18587.png\"},{\"@type\":\"BreadcrumbList\",\"@id\":\"https:\\\/\\\/linquacert.com\\\/#breadcrumb\",\"itemListElement\":[{\"@type\":\"ListItem\",\"position\":1,\"name\":\"Home\",\"item\":\"https:\\\/\\\/linquacert.com\\\/\"},{\"@type\":\"ListItem\",\"position\":2,\"name\":\"LinquaCert\"}]},{\"@type\":\"WebSite\",\"@id\":\"https:\\\/\\\/linquacert.com\\\/#website\",\"url\":\"https:\\\/\\\/linquacert.com\\\/\",\"name\":\"Linquacert\",\"description\":\"Schweizerischer Verband der Qualit\u00e4ts-Sprachendienste\",\"publisher\":{\"@id\":\"https:\\\/\\\/linquacert.com\\\/#organization\"},\"potentialAction\":[{\"@type\":\"SearchAction\",\"target\":{\"@type\":\"EntryPoint\",\"urlTemplate\":\"https:\\\/\\\/linquacert.com\\\/?s={search_term_string}\"},\"query-input\":{\"@type\":\"PropertyValueSpecification\",\"valueRequired\":true,\"valueName\":\"search_term_string\"}}],\"inLanguage\":\"it-IT\"},{\"@type\":\"Organization\",\"@id\":\"https:\\\/\\\/linquacert.com\\\/#organization\",\"name\":\"Linquacert\",\"url\":\"https:\\\/\\\/linquacert.com\\\/\",\"logo\":{\"@type\":\"ImageObject\",\"inLanguage\":\"it-IT\",\"@id\":\"https:\\\/\\\/linquacert.com\\\/#\\\/schema\\\/logo\\\/image\\\/\",\"url\":\"https:\\\/\\\/linquacert.com\\\/wp-content\\\/uploads\\\/2020\\\/03\\\/site-logo.jpg\",\"contentUrl\":\"https:\\\/\\\/linquacert.com\\\/wp-content\\\/uploads\\\/2020\\\/03\\\/site-logo.jpg\",\"width\":370,\"height\":134,\"caption\":\"Linquacert\"},\"image\":{\"@id\":\"https:\\\/\\\/linquacert.com\\\/#\\\/schema\\\/logo\\\/image\\\/\"}}]}<\/script>\n<!-- \/ Yoast SEO Premium plugin. -->","yoast_head_json":{"title":"LinquaCert - ISO 17100, ISO 9001 und ISO 18587","description":"LinquaCert - ISO 17100, ISO 9001 und ISO 18587: Zertifizierungsstelle f\u00fcr \u00dcbersetzungsdienstleister. Zertifizierung nach ISO 17100, ISO 18587.","robots":{"index":"index","follow":"follow","max-snippet":"max-snippet:-1","max-image-preview":"max-image-preview:large","max-video-preview":"max-video-preview:-1"},"canonical":"https:\/\/linquacert.com\/it\/","og_locale":"it_IT","og_type":"article","og_title":"LinquaCert","og_description":"LinquaCert - ISO 17100, ISO 9001 und ISO 18587: Zertifizierungsstelle f\u00fcr \u00dcbersetzungsdienstleister. Zertifizierung nach ISO 17100, ISO 18587.","og_url":"https:\/\/linquacert.com\/it\/","og_site_name":"Linquacert","article_modified_time":"2026-01-15T21:01:30+00:00","og_image":[{"url":"https:\/\/linquacert.com\/wp-content\/uploads\/2020\/03\/LinquaCert_ISO_17100_18587.png","type":"","width":"","height":""}],"twitter_card":"summary_large_image","twitter_misc":{"Tempo di lettura stimato":"4 minuti"},"schema":{"@context":"https:\/\/schema.org","@graph":[{"@type":"WebPage","@id":"https:\/\/linquacert.com\/","url":"https:\/\/linquacert.com\/","name":"LinquaCert - ISO 17100, ISO 9001 und ISO 18587","isPartOf":{"@id":"https:\/\/linquacert.com\/#website"},"primaryImageOfPage":{"@id":"https:\/\/linquacert.com\/#primaryimage"},"image":{"@id":"https:\/\/linquacert.com\/#primaryimage"},"thumbnailUrl":"https:\/\/linquacert.com\/wp-content\/uploads\/2020\/03\/LinquaCert_ISO_17100_18587.png","datePublished":"2020-03-05T06:21:23+00:00","dateModified":"2026-01-15T21:01:30+00:00","description":"LinquaCert - ISO 17100, ISO 9001 und ISO 18587: Zertifizierungsstelle f\u00fcr \u00dcbersetzungsdienstleister. Zertifizierung nach ISO 17100, ISO 18587.","breadcrumb":{"@id":"https:\/\/linquacert.com\/#breadcrumb"},"inLanguage":"it-IT","potentialAction":[{"@type":"ReadAction","target":["https:\/\/linquacert.com\/"]}]},{"@type":"ImageObject","inLanguage":"it-IT","@id":"https:\/\/linquacert.com\/#primaryimage","url":"https:\/\/linquacert.com\/wp-content\/uploads\/2020\/03\/LinquaCert_ISO_17100_18587.png","contentUrl":"https:\/\/linquacert.com\/wp-content\/uploads\/2020\/03\/LinquaCert_ISO_17100_18587.png"},{"@type":"BreadcrumbList","@id":"https:\/\/linquacert.com\/#breadcrumb","itemListElement":[{"@type":"ListItem","position":1,"name":"Home","item":"https:\/\/linquacert.com\/"},{"@type":"ListItem","position":2,"name":"LinquaCert"}]},{"@type":"WebSite","@id":"https:\/\/linquacert.com\/#website","url":"https:\/\/linquacert.com\/","name":"Linquacert","description":"Schweizerischer Verband der Qualit\u00e4ts-Sprachendienste","publisher":{"@id":"https:\/\/linquacert.com\/#organization"},"potentialAction":[{"@type":"SearchAction","target":{"@type":"EntryPoint","urlTemplate":"https:\/\/linquacert.com\/?s={search_term_string}"},"query-input":{"@type":"PropertyValueSpecification","valueRequired":true,"valueName":"search_term_string"}}],"inLanguage":"it-IT"},{"@type":"Organization","@id":"https:\/\/linquacert.com\/#organization","name":"Linquacert","url":"https:\/\/linquacert.com\/","logo":{"@type":"ImageObject","inLanguage":"it-IT","@id":"https:\/\/linquacert.com\/#\/schema\/logo\/image\/","url":"https:\/\/linquacert.com\/wp-content\/uploads\/2020\/03\/site-logo.jpg","contentUrl":"https:\/\/linquacert.com\/wp-content\/uploads\/2020\/03\/site-logo.jpg","width":370,"height":134,"caption":"Linquacert"},"image":{"@id":"https:\/\/linquacert.com\/#\/schema\/logo\/image\/"}}]}},"_links":{"self":[{"href":"https:\/\/linquacert.com\/it\/wp-json\/wp\/v2\/pages\/315","targetHints":{"allow":["GET"]}}],"collection":[{"href":"https:\/\/linquacert.com\/it\/wp-json\/wp\/v2\/pages"}],"about":[{"href":"https:\/\/linquacert.com\/it\/wp-json\/wp\/v2\/types\/page"}],"author":[{"embeddable":true,"href":"https:\/\/linquacert.com\/it\/wp-json\/wp\/v2\/users\/1"}],"replies":[{"embeddable":true,"href":"https:\/\/linquacert.com\/it\/wp-json\/wp\/v2\/comments?post=315"}],"version-history":[{"count":194,"href":"https:\/\/linquacert.com\/it\/wp-json\/wp\/v2\/pages\/315\/revisions"}],"predecessor-version":[{"id":5738,"href":"https:\/\/linquacert.com\/it\/wp-json\/wp\/v2\/pages\/315\/revisions\/5738"}],"wp:attachment":[{"href":"https:\/\/linquacert.com\/it\/wp-json\/wp\/v2\/media?parent=315"}],"curies":[{"name":"wp","href":"https:\/\/api.w.org\/{rel}","templated":true}]}}