{"id":2861,"date":"2021-11-03T16:29:18","date_gmt":"2021-11-03T16:29:18","guid":{"rendered":"https:\/\/linquacert.com\/?page_id=2861"},"modified":"2023-10-14T21:47:54","modified_gmt":"2023-10-14T19:47:54","slug":"impressum","status":"publish","type":"page","link":"https:\/\/linquacert.com\/it\/impressum\/","title":{"rendered":"Note legali"},"content":{"rendered":"<h2>Schweizerische Genossenschaft LinquaCert<\/h2>\n<p>Zertifizierungsstelle gem\u00e4\u00df der ISO \/ IEC 17021-Akkreditierungsnorm<\/p>\n<p>Diese Internetseiten werden von der Genossenschft LinquCert betrieben.<\/p>\n<p>Postanschrift: LinquaCert Genossenschaft, Norastrasse 7, CH-8004 Z\u00fcrich,&nbsp;www.linquacert.com<\/p>\n<p>Handelsregister-Nr.: CHE-110.296.529Leiter Zertifizierungsstelle: Markus Kukla<\/p>\n<h4>Haftungsausschluss<\/h4>\n<p>Der LinquaCert \u00fcbernimmt keinerlei Gew\u00e4hr hinsichtlich der inhaltlichen Richtigkeit, Genauigkeit, Aktualit\u00e4t, Zuverl\u00e4ssigkeit und Vollst\u00e4ndigkeit der Informationen. Haftungsanspr\u00fcche gegen LinquaCert wegen Sch\u00e4den materieller oder immaterieller Art, welche aus dem Zugriff oder der Nutzung bzw. Nichtnutzung der ver\u00f6ffentlichten Informationen, durch Missbrauch der Verbindung oder durch technische St\u00f6rungen entstanden sind, werden ausgeschlossen. Alle Angebote sind unverbindlich. LinquaCert beh\u00e4lt es sich ausdr\u00fccklich vor, Teile der Seiten oder das gesamte Angebot ohne besondere Ank\u00fcndigung zu ver\u00e4ndern, zu erg\u00e4nzen, zu l\u00f6schen oder die Ver\u00f6ffentlichung zeitweise oder endg\u00fcltig einzustellen.<\/p>\n<h4>Haftungsausschluss f\u00fcr Links<\/h4>\n<p>Verweise und Links auf Webseiten Dritter liegen ausserhalb unseres Verantwortungsbereichs. Es wird jegliche Verantwortung f\u00fcr solche Webseiten abgelehnt. Der Zugriff und die Nutzung solcher Webseiten erfolgen auf eigene Gefahr des jeweiligen Nutzers.<\/p>\n<p><span><img decoding=\"async\" alt=\"sprechen\" data-id=\"4253\" width=\"1180\" data-init-width=\"1642\" height=\"778\" data-init-height=\"1082\" title=\"sprechen\" loading=\"lazy\" src=\"https:\/\/linquacert.com\/wp-content\/uploads\/2023\/08\/sprechen.jpg\" data-width=\"1180\" data-height=\"778\" style=\"aspect-ratio: auto 1642 \/ 1082;\"><\/span><\/p>\n<h4>Urheberrechte<\/h4>\n<p>Die Urheber- und alle anderen Rechte an Inhalten, Bildern, Fotos oder anderen Dateien auf dieser Website, geh\u00f6ren ausschliesslich Linquacert oder den speziell genannten Rechteinhabern. F\u00fcr die Reproduktion jeglicher Elemente ist die schriftliche Zustimmung des Urheberrechtstr\u00e4gers im Voraus einzuholen.<\/p>\n<h3>Responsible:<\/h3>\n<p>Markus KuklaResponsable du centre de certificationLinquaCertNorastrasse 78004 ZurichE-mail:<a href=\"mailto:%20k@linquacert.com\" style=\"outline: none;\">mailto:mk@linquacert.com<\/a><\/p>\n<h2><a href=\"https:\/\/linquacert.com\/it\/kontakt\/\" style=\"outline: none;\">Kontaktieren Sie uns jetzt \u2013 &nbsp; &nbsp; &nbsp; &nbsp; Wir freuen uns auf Sie<\/a><\/h2>\n<p>Sie erreichen uns telefonisch unter +41 44 552 66 19 oder schreiben Sie eine&nbsp;<a href=\"mailto:mk@linquacert.com\" style=\"outline: none;\">E-Mail an Herrn Markus Kukla<\/a>, Leiter der Zertifizierungsstelle. Wir freuen uns auf Ihre gesch\u00e4tzte Kontaktaufnahme!<\/p>\n<h3>Wer wir sind<\/h3>\n<p>LinquaCert ist eine Schweizer Zertifizierungsstelle und ein spezialisierter Dienstleister f\u00fcr ISO Zertifizierungen nach den anerkannten internationalen Normen ISO 17100, ISO 18587 und ISO 9001.<\/p>\n<p>LinquaCert als Unternehmen ist eine unabh\u00e4ngige Schweizer Genossenschaft mit Sitz in Z\u00fcrich (Schweiz) und daher Ihr idealer Partner. Unsere Firma wurde am 12.11.2003 beim Handelsregisteramt eingetragen. Wir sind entsprechend der ISO\/IEC Norm 17021 als Akkreditierungsstelle zertifiziert.<\/p>\n<p>Wir haben eine Partnerschaft mit dem T\u00dcV S\u00fcd bei der Zertifizierung von ISO 9001 gemeinsam mit unseren eigenen Auditoren sowie bei Anfragen f\u00fcr weitergehende Audits.<\/p>\n<p>Auf unseren Webseiten geben wir Ihnen allgemeine Hinweise zu den Dienstleistungen, die wir anbieten. Diese ersetzen keine Beratung zu einem Audit. Sollten Sie an einer Zertifizierung nach ISO 17100 oder 18587 interessiert sein, empfehlen wir Ihnen sich \u00fcber unser Kontaktformular, per E-Mail oder Telefon mit uns in Verbindung zu setzen.<\/p>\n<p>Wir werden Ihnen umgehend antworten und Ihnen ein unverbindliches Angebot zur Zertifizierung machen.<\/p>\n<h3>Feedback ist uns wichtig<\/h3>\n<p>Der enge Kontakt mit unseren Kunden ist uns ein besonderes Anliegen, sowohl bei der ersten Kommunikation als auch den Gespr\u00e4chen w\u00e4hrend des Zertifizierungsverfahrens. Feedback ist uns wichtig und ein wesentlicher Bestandteil unseres Qualit\u00e4tsmanagements.<\/p>\n<p>Sollten Sie Anregungen haben, dann k\u00f6nnen Sie sich jederzeit an unseren Vertrieb wenden. Wir stellen als ISO-17021 zertifiziertes Unternehmen sicher, dass jedes Feedback bei uns in einem standardisierten Prozess bearbeitet und beantwortet wird. Bei Streitf\u00e4llen bem\u00fchen wir uns immer um eine einvernehmliche L\u00f6sung, die kundengerecht ist. Eine lang dauernde Kundenbeziehung ist uns wichtiger als ein kurzfristig erfolgreicher Rechtsstreit. Als Schweizer Firma unterliegen wir dem Handelsrecht der Schweiz sowie Abkommen mit anderen Staaten und Handelsr\u00e4umen.<\/p>\n<p>Unsere Zertifizierungsstelle unter der Leitung von Markus Kukla steht Ihnen bei Nachfragen zu Audits und vergebenen Zertifikaten gerne zur Verf\u00fcgung. Sie fungiert auch als eigenst\u00e4ndige Einheit im Audit und stellt sicher, dass eine neutrale Instanz die Zertifizierungen bewertet<\/p>","protected":false},"excerpt":{"rendered":"<p>Schweizerische Genossenschaft LinquaCert Zertifizierungsstelle gem\u00e4\u00df der ISO \/ IEC 17021-Akkreditierungsnorm Diese Internetseiten werden von der Genossenschft LinquCert betrieben. Postanschrift: LinquaCert Genossenschaft, Norastrasse 7, CH-8004 Z\u00fcrich,&nbsp;www.linquacert.com Handelsregister-Nr.: CHE-110.296.529Leiter Zertifizierungsstelle: Markus Kukla Haftungsausschluss Der LinquaCert \u00fcbernimmt keinerlei Gew\u00e4hr hinsichtlich der inhaltlichen Richtigkeit, Genauigkeit, Aktualit\u00e4t, Zuverl\u00e4ssigkeit und Vollst\u00e4ndigkeit der Informationen. Haftungsanspr\u00fcche gegen LinquaCert wegen Sch\u00e4den materieller oder immaterieller [&hellip;]<\/p>\n","protected":false},"author":1,"featured_media":4327,"parent":0,"menu_order":0,"comment_status":"closed","ping_status":"closed","template":"","meta":{"footnotes":""},"class_list":["post-2861","page","type-page","status-publish","has-post-thumbnail","hentry","post-wrapper","thrv_wrapper"],"yoast_head":"<!-- This site is optimized with the Yoast SEO Premium plugin v27.3 (Yoast SEO v27.3) - https:\/\/yoast.com\/product\/yoast-seo-premium-wordpress\/ -->\n<title>Linquacert - Die Schweizer Zertifizierungsstelle LinquaCert<\/title>\n<meta name=\"description\" content=\"Impressum LInquacert - Schweizerische Genossenschaft LinquaCertZertifizierungsstelle gem\u00e4\u00df der ISO \/ IEC 17021-Akkreditierungsnorm\" \/>\n<meta name=\"robots\" content=\"index, follow, max-snippet:-1, max-image-preview:large, max-video-preview:-1\" \/>\n<link rel=\"canonical\" href=\"https:\/\/linquacert.com\/it\/impressum\/\" \/>\n<meta property=\"og:locale\" content=\"it_IT\" \/>\n<meta property=\"og:type\" content=\"article\" \/>\n<meta property=\"og:title\" content=\"Impressum\" \/>\n<meta property=\"og:description\" content=\"Impressum LInquacert - Schweizerische Genossenschaft LinquaCertZertifizierungsstelle gem\u00e4\u00df der ISO \/ IEC 17021-Akkreditierungsnorm\" \/>\n<meta property=\"og:url\" content=\"https:\/\/linquacert.com\/it\/impressum\/\" \/>\n<meta property=\"og:site_name\" content=\"Linquacert\" \/>\n<meta property=\"article:modified_time\" content=\"2023-10-14T19:47:54+00:00\" \/>\n<meta property=\"og:image\" content=\"https:\/\/linquacert.com\/wp-content\/uploads\/2023\/08\/din-iso-9001.jpg\" \/>\n\t<meta property=\"og:image:width\" content=\"1644\" \/>\n\t<meta property=\"og:image:height\" content=\"1092\" \/>\n\t<meta property=\"og:image:type\" content=\"image\/jpeg\" \/>\n<meta name=\"twitter:card\" content=\"summary_large_image\" \/>\n<meta name=\"twitter:label1\" content=\"Tempo di lettura stimato\" \/>\n\t<meta name=\"twitter:data1\" content=\"3 minuti\" \/>\n<script type=\"application\/ld+json\" class=\"yoast-schema-graph\">{\"@context\":\"https:\\\/\\\/schema.org\",\"@graph\":[{\"@type\":\"WebPage\",\"@id\":\"https:\\\/\\\/linquacert.com\\\/impressum\\\/\",\"url\":\"https:\\\/\\\/linquacert.com\\\/impressum\\\/\",\"name\":\"Linquacert - Die Schweizer Zertifizierungsstelle LinquaCert\",\"isPartOf\":{\"@id\":\"https:\\\/\\\/linquacert.com\\\/#website\"},\"primaryImageOfPage\":{\"@id\":\"https:\\\/\\\/linquacert.com\\\/impressum\\\/#primaryimage\"},\"image\":{\"@id\":\"https:\\\/\\\/linquacert.com\\\/impressum\\\/#primaryimage\"},\"thumbnailUrl\":\"https:\\\/\\\/linquacert.com\\\/wp-content\\\/uploads\\\/2023\\\/08\\\/din-iso-9001.jpg\",\"datePublished\":\"2021-11-03T16:29:18+00:00\",\"dateModified\":\"2023-10-14T19:47:54+00:00\",\"description\":\"Impressum LInquacert - Schweizerische Genossenschaft LinquaCertZertifizierungsstelle gem\u00e4\u00df der ISO \\\/ IEC 17021-Akkreditierungsnorm\",\"breadcrumb\":{\"@id\":\"https:\\\/\\\/linquacert.com\\\/impressum\\\/#breadcrumb\"},\"inLanguage\":\"it-IT\",\"potentialAction\":[{\"@type\":\"ReadAction\",\"target\":[\"https:\\\/\\\/linquacert.com\\\/impressum\\\/\"]}]},{\"@type\":\"ImageObject\",\"inLanguage\":\"it-IT\",\"@id\":\"https:\\\/\\\/linquacert.com\\\/impressum\\\/#primaryimage\",\"url\":\"https:\\\/\\\/linquacert.com\\\/wp-content\\\/uploads\\\/2023\\\/08\\\/din-iso-9001.jpg\",\"contentUrl\":\"https:\\\/\\\/linquacert.com\\\/wp-content\\\/uploads\\\/2023\\\/08\\\/din-iso-9001.jpg\",\"width\":1644,\"height\":1092,\"caption\":\"din iso 9001\"},{\"@type\":\"BreadcrumbList\",\"@id\":\"https:\\\/\\\/linquacert.com\\\/impressum\\\/#breadcrumb\",\"itemListElement\":[{\"@type\":\"ListItem\",\"position\":1,\"name\":\"Home\",\"item\":\"https:\\\/\\\/linquacert.com\\\/\"},{\"@type\":\"ListItem\",\"position\":2,\"name\":\"Impressum\"}]},{\"@type\":\"WebSite\",\"@id\":\"https:\\\/\\\/linquacert.com\\\/#website\",\"url\":\"https:\\\/\\\/linquacert.com\\\/\",\"name\":\"Linquacert\",\"description\":\"Schweizerischer Verband der Qualit\u00e4ts-Sprachendienste\",\"publisher\":{\"@id\":\"https:\\\/\\\/linquacert.com\\\/#organization\"},\"potentialAction\":[{\"@type\":\"SearchAction\",\"target\":{\"@type\":\"EntryPoint\",\"urlTemplate\":\"https:\\\/\\\/linquacert.com\\\/?s={search_term_string}\"},\"query-input\":{\"@type\":\"PropertyValueSpecification\",\"valueRequired\":true,\"valueName\":\"search_term_string\"}}],\"inLanguage\":\"it-IT\"},{\"@type\":\"Organization\",\"@id\":\"https:\\\/\\\/linquacert.com\\\/#organization\",\"name\":\"Linquacert\",\"url\":\"https:\\\/\\\/linquacert.com\\\/\",\"logo\":{\"@type\":\"ImageObject\",\"inLanguage\":\"it-IT\",\"@id\":\"https:\\\/\\\/linquacert.com\\\/#\\\/schema\\\/logo\\\/image\\\/\",\"url\":\"https:\\\/\\\/linquacert.com\\\/wp-content\\\/uploads\\\/2020\\\/03\\\/site-logo.jpg\",\"contentUrl\":\"https:\\\/\\\/linquacert.com\\\/wp-content\\\/uploads\\\/2020\\\/03\\\/site-logo.jpg\",\"width\":370,\"height\":134,\"caption\":\"Linquacert\"},\"image\":{\"@id\":\"https:\\\/\\\/linquacert.com\\\/#\\\/schema\\\/logo\\\/image\\\/\"}}]}<\/script>\n<!-- \/ Yoast SEO Premium plugin. -->","yoast_head_json":{"title":"Linquacert - Die Schweizer Zertifizierungsstelle LinquaCert","description":"Impressum LInquacert - Schweizerische Genossenschaft LinquaCertZertifizierungsstelle gem\u00e4\u00df der ISO \/ IEC 17021-Akkreditierungsnorm","robots":{"index":"index","follow":"follow","max-snippet":"max-snippet:-1","max-image-preview":"max-image-preview:large","max-video-preview":"max-video-preview:-1"},"canonical":"https:\/\/linquacert.com\/it\/impressum\/","og_locale":"it_IT","og_type":"article","og_title":"Impressum","og_description":"Impressum LInquacert - Schweizerische Genossenschaft LinquaCertZertifizierungsstelle gem\u00e4\u00df der ISO \/ IEC 17021-Akkreditierungsnorm","og_url":"https:\/\/linquacert.com\/it\/impressum\/","og_site_name":"Linquacert","article_modified_time":"2023-10-14T19:47:54+00:00","og_image":[{"width":1644,"height":1092,"url":"https:\/\/linquacert.com\/wp-content\/uploads\/2023\/08\/din-iso-9001.jpg","type":"image\/jpeg"}],"twitter_card":"summary_large_image","twitter_misc":{"Tempo di lettura stimato":"3 minuti"},"schema":{"@context":"https:\/\/schema.org","@graph":[{"@type":"WebPage","@id":"https:\/\/linquacert.com\/impressum\/","url":"https:\/\/linquacert.com\/impressum\/","name":"Linquacert - Die Schweizer Zertifizierungsstelle LinquaCert","isPartOf":{"@id":"https:\/\/linquacert.com\/#website"},"primaryImageOfPage":{"@id":"https:\/\/linquacert.com\/impressum\/#primaryimage"},"image":{"@id":"https:\/\/linquacert.com\/impressum\/#primaryimage"},"thumbnailUrl":"https:\/\/linquacert.com\/wp-content\/uploads\/2023\/08\/din-iso-9001.jpg","datePublished":"2021-11-03T16:29:18+00:00","dateModified":"2023-10-14T19:47:54+00:00","description":"Impressum LInquacert - Schweizerische Genossenschaft LinquaCertZertifizierungsstelle gem\u00e4\u00df der ISO \/ IEC 17021-Akkreditierungsnorm","breadcrumb":{"@id":"https:\/\/linquacert.com\/impressum\/#breadcrumb"},"inLanguage":"it-IT","potentialAction":[{"@type":"ReadAction","target":["https:\/\/linquacert.com\/impressum\/"]}]},{"@type":"ImageObject","inLanguage":"it-IT","@id":"https:\/\/linquacert.com\/impressum\/#primaryimage","url":"https:\/\/linquacert.com\/wp-content\/uploads\/2023\/08\/din-iso-9001.jpg","contentUrl":"https:\/\/linquacert.com\/wp-content\/uploads\/2023\/08\/din-iso-9001.jpg","width":1644,"height":1092,"caption":"din iso 9001"},{"@type":"BreadcrumbList","@id":"https:\/\/linquacert.com\/impressum\/#breadcrumb","itemListElement":[{"@type":"ListItem","position":1,"name":"Home","item":"https:\/\/linquacert.com\/"},{"@type":"ListItem","position":2,"name":"Impressum"}]},{"@type":"WebSite","@id":"https:\/\/linquacert.com\/#website","url":"https:\/\/linquacert.com\/","name":"Linquacert","description":"Schweizerischer Verband der Qualit\u00e4ts-Sprachendienste","publisher":{"@id":"https:\/\/linquacert.com\/#organization"},"potentialAction":[{"@type":"SearchAction","target":{"@type":"EntryPoint","urlTemplate":"https:\/\/linquacert.com\/?s={search_term_string}"},"query-input":{"@type":"PropertyValueSpecification","valueRequired":true,"valueName":"search_term_string"}}],"inLanguage":"it-IT"},{"@type":"Organization","@id":"https:\/\/linquacert.com\/#organization","name":"Linquacert","url":"https:\/\/linquacert.com\/","logo":{"@type":"ImageObject","inLanguage":"it-IT","@id":"https:\/\/linquacert.com\/#\/schema\/logo\/image\/","url":"https:\/\/linquacert.com\/wp-content\/uploads\/2020\/03\/site-logo.jpg","contentUrl":"https:\/\/linquacert.com\/wp-content\/uploads\/2020\/03\/site-logo.jpg","width":370,"height":134,"caption":"Linquacert"},"image":{"@id":"https:\/\/linquacert.com\/#\/schema\/logo\/image\/"}}]}},"_links":{"self":[{"href":"https:\/\/linquacert.com\/it\/wp-json\/wp\/v2\/pages\/2861","targetHints":{"allow":["GET"]}}],"collection":[{"href":"https:\/\/linquacert.com\/it\/wp-json\/wp\/v2\/pages"}],"about":[{"href":"https:\/\/linquacert.com\/it\/wp-json\/wp\/v2\/types\/page"}],"author":[{"embeddable":true,"href":"https:\/\/linquacert.com\/it\/wp-json\/wp\/v2\/users\/1"}],"replies":[{"embeddable":true,"href":"https:\/\/linquacert.com\/it\/wp-json\/wp\/v2\/comments?post=2861"}],"version-history":[{"count":27,"href":"https:\/\/linquacert.com\/it\/wp-json\/wp\/v2\/pages\/2861\/revisions"}],"predecessor-version":[{"id":4781,"href":"https:\/\/linquacert.com\/it\/wp-json\/wp\/v2\/pages\/2861\/revisions\/4781"}],"wp:featuredmedia":[{"embeddable":true,"href":"https:\/\/linquacert.com\/it\/wp-json\/wp\/v2\/media\/4327"}],"wp:attachment":[{"href":"https:\/\/linquacert.com\/it\/wp-json\/wp\/v2\/media?parent=2861"}],"curies":[{"name":"wp","href":"https:\/\/api.w.org\/{rel}","templated":true}]}}