{"id":1876,"date":"2020-08-27T11:48:38","date_gmt":"2020-08-27T09:48:38","guid":{"rendered":"https:\/\/linquacert.com\/?page_id=1876"},"modified":"2026-01-15T23:33:17","modified_gmt":"2026-01-15T22:33:17","slug":"iso17100-zertifizierung","status":"publish","type":"page","link":"https:\/\/linquacert.com\/it\/iso17100-zertifizierung\/","title":{"rendered":"ISO 17100 Zertifizierung"},"content":{"rendered":"<p><span><img decoding=\"async\" alt=\"LinquaCert ISO 17100 Zertifizierung\" data-id=\"1320\" width=\"158\" data-init-width=\"250\" height=\"158\" data-init-height=\"250\" title=\"LinquaCert_ISO_17100\" src=\"https:\/\/linquacert.com\/wp-content\/uploads\/2020\/03\/LinquaCert_ISO_17100.png\" data-width=\"158\" data-height=\"158\" style=\"aspect-ratio: auto 250 \/ 250;\" loading=\"lazy\"><\/span><\/p>\n<h2 style=\"text-align: center;\">Mehr Erfolg als \u00dcbersetzungsdienstleister mit einer<\/h2>\n<h2 style=\"text-align: center;\">ISO 17100 Zertifizierung<\/h2>\n<p style=\"text-align: left;\">F\u00fcr Dienstleistungsunternehmen, die \u00dcbersetzungen anbieten, gibt es internationale Qualit\u00e4tsstandards. Diese sind unter anderem in der <a href=\"https:\/\/linquacert.com\/it\/iso17100-zertifizierung\/\" target=\"_blank\">ISO 17100<\/a> festgeschrieben. Sie k\u00f6nnen sich auf freiwilliger Basis nach der <a href=\"https:\/\/linquacert.com\/it\/iso17100-zertifizierung\/\" target=\"_blank\" style=\"outline: none;\">ISO 17100<\/a> Norm zertifizieren lassen. Als anerkannte Zertifizierungsstelle helfen wir Ihnen, bessere Chancen bei Ausschreibungen zu haben und sich von der Konkurrenz abzuheben. Der Wettbewerb unter \u00dcbersetzungsagenturen ist gross. <a href=\"https:\/\/linquacert.com\/it\/iso-17100-zertifizierung-fuer-freiberufliche-uebersetzer\/\" target=\"_blank\" style=\"outline: none;\">Die Zahl der Anbieter w\u00e4chst st\u00e4ndig<\/a>, und damit auch der Druck auf Ihr Unternehmen. Um sich besser zu positionieren, brauchen Sie eine eindeutige Darstellung der Qualit\u00e4t Ihrer Dienstleistung.<\/p>\n<p><span><img decoding=\"async\" alt=\"kontakt angebot linquacert\" data-id=\"3640\" width=\"1180\" data-init-width=\"1640\" height=\"478\" data-init-height=\"664\" title=\"linquacert-iso-17100-18587-kontakt-3up\" src=\"https:\/\/linquacert.com\/wp-content\/uploads\/2023\/02\/linquacert-iso-17100-18587-kontakt-3up.jpg\" data-width=\"1180\" data-height=\"478\" loading=\"lazy\" style=\"aspect-ratio: auto 1640 \/ 664;\"><\/span><\/p>\n<h3>Best\u00e4tigung Ihrer \u00dcbersetzungsqualit\u00e4t<\/h3>\n<p>Kunden geben sich heute nicht mehr allein mit Bewertungen und Empfehlungen zufrieden.&nbsp;Este \u00e9 um Zertifizierung nach DIN ISO 17100 Norm k\u00f6nnen Sie Ihrem Kunden h\u00f6chste Standards garantieren, die von neutraler Stelle gepr\u00fcft wurden.<\/p>\n<p>Wir begleiten Sie durch den Zertifizierungsprozess.&nbsp;Vereinbaren Sie noch heute<a href=\"https:\/\/linquacert.com\/it\/kontakt\/\" style=\"outline: none;\">&nbsp;ein unverbindliches Gespr\u00e4ch<\/a><\/p>\n<h3>Was ist die ISO 17100 Norm?<\/h3>\n<p><a href=\"https:\/\/linquacert.com\/it\/iso17100-zertifizierung\/\" target=\"_blank\">Die ISO 17100 Norm<\/a> ist ein weltweit g\u00fcltiger Qualit\u00e4tsstandard f\u00fcr \u00dcbersetzungsdienstleister (LSP \u2013 Language Service Providers). Sie soll hochwertige \u00dcbersetzungen basierend auf klar formulierten und transparenten Standards garantieren. Die Vorschrift ersetzt seit 2015 die zuvor g\u00fcltige DIN EN 15038, die nur in der EU-Anwendung fand, mit einer internationalen Vorschrift. <a href=\"https:\/\/linquacert.com\/it\/uebersetzungsprojekte-professioneller-iso-17100\/\" target=\"_blank\">Damit ist das neue Zertifikat weltweit g\u00fcltig und anerkannt.<\/a><\/p>\n<p>Die ISO 17100 schreibt detailliert vor, welche Voraussetzungen ein \u00dcbersetzungsdienstleister erf\u00fcllen muss und welche Prozesse und Verfahren eingehalten werden m\u00fcssen. Sie besteht aus mehreren Bereichen:<\/p>\n<ul>\n<li style=\"\"><span style=\"\"><strong>Ressourcen<\/strong> (\u00dcbersetzer und \u00dcbersetzerinnen, Redigierende, Projektleitende und Subdienstleister sowie technische Infrastruktur),<\/span><\/li>\n<li><span><strong>Produktionsvorbereitung&nbsp;<\/strong>(Anfrage- und Angebotsbearbeitung, Projektvorbereitung und Spezifikation),<\/span><\/li>\n<li><span><strong>Produktionsnachbereitung<\/strong> (Kunden-Feedback und abschliessende Verwaltungsprozesse).<\/span><\/li>\n<\/ul>\n<p><a href=\"https:\/\/linquacert.com\/it\/iso-17100-anforderungen-an-uebersetzer-und-projektmanager\/\" target=\"_blank\" style=\"outline: none;\">Bei der Zertifizierung von ISO 17100 \u00dcbersetzungsdienstleistungen geht es immer um einen Soll-Ist-Vergleich<\/a>. Die internen Abl\u00e4ufe, vom ersten Anruf des Kunden bis zum Abschicken der Rechnung, m\u00fcssen strukturiert und standardisiert sein. Im zweiten Schritt wird dann gepr\u00fcft, ob diese Regeln auch eingehalten werden.<\/p>\n<p><span style=\"\"><img decoding=\"async\" alt=\"Inhalt ISO 17100 Zertifikat\" data-id=\"1890\" width=\"1180\" data-init-width=\"2560\" height=\"787\" data-init-height=\"1707\" title=\"Check off completed tasks on a to-do list\" src=\"https:\/\/linquacert.com\/wp-content\/uploads\/2020\/08\/iStock-1011182136-scaled.jpg\" data-width=\"1180\" data-height=\"787\" style=\"aspect-ratio: auto 2560 \/ 1707;\" mt-d=\"-1.024000000000001\" ml-d=\"0\" loading=\"lazy\"><\/span><\/p>\n<h3>Was wird bei der ISO 17100 Zertifizierung gepr\u00fcft?<\/h3>\n<p><a href=\"https:\/\/linquacert.com\/it\/iso-17100-ubersetzungsburo\/\" target=\"_blank\" style=\"outline: none;\">Bei der Pr\u00fcfung der DIN ISO 17100 schauen wir uns gemeinsam die bestehenden Prozesse<\/a> und Verfahren bei Ihren \u00dcbersetzungen an.<\/p>\n<p>Folgende Bereiche werden bei der Zertifizierung im Detail gepr\u00fcft:<\/p>\n<ul>\n<li style=\"\"><span style=\"\"><strong><strong>Aufrechterhaltung und Aktualisierung der erforderlichen Kompetenzen<\/strong><\/strong>Wie stellen Sie sicher, dass die internen Abl\u00e4ufe und Qualit\u00e4tsstandards auch eingehalten werden? Wie werden Ver\u00e4nderungen eingef\u00fchrt und umgesetzt?<\/span><\/li>\n<li><span><strong><strong>Analyse und Bearbeitung von Anfragen<\/strong><\/strong>Wenn eine Anfrage eingeht, braucht es einen Prozess zur Verarbeitung. Bei der Zertifizierung legen Sie dar, wie Anfragen bearbeitet werden, wie Angebote erstellt werden und welches Verfahren f\u00fcr den Abschluss von Vertr\u00e4gen angewandt wird.<\/span><\/li>\n<li><span><strong>Sprachspezifikationen<\/strong>Wie werden in Ihrer Firma Spezifikationen dokumentiert und an die \u00dcbersetzer weitergegeben? Das ist ein wichtiges Element in der kontinuierlichen Qualit\u00e4tskontrolle und -verbesserung.<\/span><\/li>\n<li><span><strong>Projekt\u00fcberpr\u00fcfung<\/strong>Bei einem \u00dcbersetzungsprojekt m\u00fcssen Spezifikationen nicht nur dokumentiert werden, sondern sie m\u00fcssen auch angewandt werden. Daf\u00fcr brauchen Sie eine \u00dcberpr\u00fcfung auf Projektebene.<\/span><\/li>\n<li><span><strong>Buchhaltungs- und Zahlungsprozess<\/strong>Die finanzielle Abwicklung eines Projekts muss den international \u00fcblichen Regeln und den gesetzlichen Vorschriften entsprechen. Bei der Zertifizierung steht der Prozess im Mittelpunkt des Interesses, mit dem Zahlungen und Rechnungen abgewickelt werden.<\/span><\/li>\n<li><span><strong>Archivierung und Einhaltung aller gesetzlichen und vertraglichen Verpflichtungen<\/strong>Heute wird erwartet, dass ein \u00dcbersetzungsb\u00fcro auf dem aktuellen Wissensstand der gesetzlichen Vorschriften ist. Zu diesen geh\u00f6rt die ordnungsgem\u00e4sse Archivierung und st\u00e4ndige \u00dcberpr\u00fcfung, wie die Vorschriften eingehalten werden. In der Zertifizierung werden Ihre internen Verfahren daf\u00fcr dokumentiert.<\/span><\/li>\n<li><span><strong>Kundenzufriedenheit und Korrekturmassnahmen<\/strong>Die ISO 17100 soll Ihren Kunden mehr Transparenz \u00fcber die Qualit\u00e4t Ihrer Dienstleistung verschaffen. Ein wichtiger Prozess sind Kundenservice, Feedback und Qualit\u00e4tsverbesserung.<\/span><\/li>\n<li><span><strong>Informationssicherheit<\/strong>In diesem Teil der Zertifizierung nach ISO 17100 wird aufgelistet, wie <a href=\"https:\/\/linquacert.com\/it\/iso-18587-qualitaetssicherung-im-post-editing\/\" target=\"_blank\" style=\"outline: none;\">Sie mit sensiblen Informationen umgehen.<\/a> Wir fragen auch nach, wie Risiken analysiert und eingesch\u00e4tzt werden, welche Aktionspl\u00e4ne vorliegen und wie Daten bei Ihnen gesichert werden.<\/span><\/li>\n<\/ul>\n<p><span style=\"\"><img decoding=\"async\" alt=\"\" data-id=\"2382\" width=\"1286\" data-init-width=\"1920\" height=\"521\" data-init-height=\"1279\" title=\"pexels-anna-tarazevich-6358840\" src=\"https:\/\/linquacert.com\/wp-content\/uploads\/2021\/09\/pexels-anna-tarazevich-6358840.jpg\" data-width=\"1286\" data-height=\"521\" style=\"aspect-ratio: auto 1920 \/ 1279;\" mt-d=\"0\" ml-d=\"-107.38000000000011\" loading=\"lazy\"><\/span><\/p>\n<h3>Welche Vorteile hat eine Zertifizierung f\u00fcr LSPs?<\/h3>\n<p><strong>Es gibt gleich drei Vorteile f\u00fcr Sie als \u00dcbersetzungsdienstleister:<\/strong><\/p>\n<ul>\n<li>Sie k\u00f6nnen gegen\u00fcber Ihren Kunden Ihre Qualit\u00e4tsstandards nachweisen.<\/li>\n<li>Sie haben einen Vorsprung vor der Konkurrenz.<\/li>\n<li>Sie optimieren Ihre internen Abl\u00e4ufe und werden effizienter.<\/li>\n<\/ul>\n<p><a href=\"https:\/\/linquacert.com\/it\/iso-18578-zertifizierung-helfen\/\" target=\"_blank\" style=\"outline: none;\">Die Internationalisierung der Norm-Vorschriften erm\u00f6glicht es Ihnen heute<\/a>, eine <a href=\"https:\/\/linquacert.com\/it\/iso17100-zertifizierung\/\" target=\"_blank\" style=\"outline: none;\">ISO 17100 \u00dcbersetzung<\/a> global anzubieten. Als <strong>zertifizierter \u00dcbersetzungsdienstleister<\/strong>&nbsp;sind Sie in der Lage, Ihre Qualit\u00e4t den Kunden objektiv zu belegen. Das schafft Vertrauen in Ihre Dienstleistung. Entscheider haben eine bessere Grundlage, Sie als \u00dcbersetzungsdienstleister auszuw\u00e4hlen.<\/p>\n<p>Im Wettbewerb k\u00f6nnen Sie <a href=\"https:\/\/linquacert.com\/it\/iso-171002015-zertifizierung\/\" target=\"_blank\" style=\"outline: none;\">das Zertifizierungssiegel bei allen Werbe- und Marketingmassnahmen nutzen<\/a>. Das verschafft Ihnen einen Vorsprung gegen\u00fcber Mitbewerbern, die nicht in die Zertifizierung investieren wollen. Bei <strong>Ausschreibungen<\/strong>&nbsp;k\u00f6nnen Sie \u00fcberzeugend darlegen, dass Sie gepr\u00fcften Standards verpflichtet sind.<\/p>\n<p><a href=\"https:\/\/linquacert.com\/it\/iso-17100-zertifizierung-ankommt\/\" target=\"_blank\">Da im Zertifizierungsprozess die Abl\u00e4ufe<\/a> und Prozesse in Ihrem Unternehmen analysiert und optimiert werden, verbessern sich automatisch Qualit\u00e4t und Effizienz. Sie sparen Kosten, setzen Ihre Ressourcen besser ein und sind in der Lage, kontinuierlich hochwertige \u00dcbersetzungen zu liefern.<\/p>\n<p><span style=\"\"><img decoding=\"async\" alt=\"\" data-id=\"2402\" width=\"1286\" data-init-width=\"1920\" height=\"521\" data-init-height=\"1280\" title=\"pexels-donald-tong-193821\" src=\"https:\/\/linquacert.com\/wp-content\/uploads\/2021\/09\/pexels-donald-tong-193821.jpg\" data-width=\"1286\" data-height=\"521\" style=\"aspect-ratio: auto 1920 \/ 1280;\" mt-d=\"0\" ml-d=\"-107.38000000000011\" loading=\"lazy\"><\/span><\/p>\n<h3>Wie wir Ihnen helfen<\/h3>\n<p><a href=\"https:\/\/linquacert.com\/it\/iso-18587-zertifizierung\/\" target=\"_blank\" style=\"outline: none;\">Wir sind die anerkannte Schweizer Zertifizierungsstelle f\u00fcr Sprachdienstleistungen<\/a>. Unsere Mitarbeiter bringen ihre langj\u00e4hrige Erfahrung mit der ISO 17100:2015 und anderen Vorschriften in unsere Zusammenarbeit mit Ihnen ein. Die von uns erstellten Audits entsprechen den internationalen und den Schweizer Vorschriften. In Zusammenarbeit mit erfahrenen Zertifizierungspartnern bieten wir Ihnen auch kombinierte Zertifizierungen an \u2013 zum Beispiel mit ISO 9001 oder Kundenzufriedenheit.<\/p>\n<p>Mit einer&nbsp;<a href=\"https:\/\/linquacert.com\/it\/iso17100-zertifizierung\/\" target=\"_blank\"><strong>Zertifizierung nach ISO 17100<\/strong><\/a>&nbsp;k\u00f6nnen Sie<\/p>\n<ul>\n<li>Vertrauen bei Ihren Kunden schaffen,<\/li>\n<li>h\u00f6chste Qualit\u00e4tsstandards nachweisen,<\/li>\n<li>Chancen bei Ausschreibungen verbessern,<\/li>\n<li>Professionalit\u00e4t gegen\u00fcber grossen Unternehmen und anderen Auftraggebern nachweisen und<\/li>\n<li>interne Prozesse, Verfahren und die Performance verbessern.<\/li>\n<\/ul>\n<p>Warten Sie nicht, bis sich Ihre Mitbewerber \u00fcberpr\u00fcfen lassen und starten Sie den Prozess noch heute. Wir beraten Sie gerne, welche Voraussetzungen erf\u00fcllt sein m\u00fcssen und wie <a href=\"https:\/\/linquacert.com\/it\/pressemitteilung-benchmark-workshop\/\" target=\"_blank\">der Audit im Detail abl\u00e4uft<\/a>.<\/p>\n<p>Sie erreichen uns telefonisch unter +41 44 552 66 19 oder schreiben Sie eine&nbsp;<a href=\"mailto:mk@linquacert.com\" style=\"outline: none;\">E-Mail an Herrn Markus Kukla<\/a>, Leiter der Zertifizierungsstelle. Wir freuen uns auf Ihre gesch\u00e4tzte Kontaktaufnahme!<\/p>\n<h2><a href=\"https:\/\/linquacert.com\/it\/kontakt\/\" style=\"outline: none;\">Kontaktieren Sie uns jetzt \u2013 &nbsp; &nbsp; &nbsp; &nbsp; Wir freuen uns auf Sie<\/a><\/h2>\n<p>Sie erreichen uns telefonisch unter +41 44 552 66 19 oder schreiben Sie eine&nbsp;<a href=\"mailto:mk@linquacert.com\" style=\"outline: none;\">E-Mail an Herrn Markus Kukla<\/a>, Leiter der Zertifizierungsstelle. Wir freuen uns auf Ihre gesch\u00e4tzte Kontaktaufnahme!<\/p>\n<h4>Kurznotiz \u00fcber die DIN EN ISO 17100<\/h4>\n<p>Die Norm <a href=\"https:\/\/linquacert.com\/it\/iso17100-zertifizierung\/\" target=\"_blank\">DIN EN ISO 17100<\/a> (oder kurz ISO 17100) ist ein weltweit g\u00fcltiger Standard zur Zertifizierung von \u00dcbersetzungsdienstleistern (LSPs) und Garant f\u00fcr eine hochwertige \u00dcbersetzung. Als konsequente Erweiterung der DIN EN 15038, die bis 2015 europaweit harmonisiert umgesetzt wurde, ist die <a href=\"https:\/\/linquacert.com\/it\/iso17100-zertifizierung\/\" target=\"_blank\" style=\"outline: none;\">DIN EN ISO 17100<\/a> die anerkannte internationale ISO-Norm f\u00fcr Zertifizierungen. <a href=\"https:\/\/linquacert.com\/it\/iso-17100-erfahrung-aus-der-zertifizierungspraxis\/\" target=\"_blank\">Die Bedeutung ISO<\/a> verweist auf die Internationale Organisation f\u00fcr Normung (International Organization for Standardization), die internationale Normen erarbeitet. Das K\u00fcrzel EN erh\u00e4lt eine Norm nach Anerkennung durch das Europ\u00e4ische Komitee f\u00fcr Normung. <a href=\"https:\/\/linquacert.com\/it\/das-sprachgeschaeft-von-morgen\/\" target=\"_blank\">Wird eine EN von einem nationalen Normungsinstitut<\/a> in das nationale Regelwerk \u00fcbernommen, hat sie zus\u00e4tzlich den Status einer nationalen Norm (DIN = Deutsches Institut f\u00fcr Normung).<\/p>\n<h4>Gibt es eine Zertifizierung zur maschinellen \u00dcbersetzung (M\u00dc)?<\/h4>\n<p>Aspekte der maschinellen \u00dcbersetzung (M\u00dc) und das Post-Editieren sind in der Norm&nbsp;<a href=\"https:\/\/linquacert.com\/it\/iso18587-zertifizierung\/\" target=\"_blank\" style=\"outline: none;\">DIN EN ISO 18587<\/a>&nbsp;beinhaltet, die zusammen mit der ISO 17100 ein konsistentes Paar bildet und gemeinsam zertifiziert werden kann.<\/p>\n<h4>Wo finde ich vertiefende Informationen \u00fcber DIN EN ISO 9001 und DIN EN ISO 17100?<\/h4>\n<p>Im Gegensatz zur DIN EN ISO 9001 hat die ISO 17100 nicht den Anspruch, ein vollst\u00e4ndiges Managementsystem abzubilden. Einen Vergleich zum Deckungsgrad von DIN EN ISO 9001 und <a href=\"https:\/\/linquacert.com\/it\/iso17100-zertifizierung\/\" target=\"_blank\" style=\"outline: none;\">DIN EN ISO 17100<\/a> finden Sie in unserem <strong>eBook \u00ab<a href=\"https:\/\/www.amazon.de\/ISO-17100-%C3%9Cbersetzen-System-Erfahrungen-ebook\/dp\/B088KLL74F\" rel=\"noopener\" target=\"_blank\">ISO 1700-\u00dcbersetzen mit System<\/a>\u00bb<\/strong>.<\/p>","protected":false},"excerpt":{"rendered":"<p>Mehr Erfolg als \u00dcbersetzungsdienstleister mit einer ISO 17100 Zertifizierung F\u00fcr Dienstleistungsunternehmen, die \u00dcbersetzungen anbieten, gibt es internationale Qualit\u00e4tsstandards. Diese sind unter anderem in der ISO 17100 festgeschrieben. Sie k\u00f6nnen sich auf freiwilliger Basis nach der ISO 17100 Norm zertifizieren lassen. Als anerkannte Zertifizierungsstelle helfen wir Ihnen, bessere Chancen bei Ausschreibungen zu haben und sich von [&hellip;]<\/p>\n","protected":false},"author":1,"featured_media":4051,"parent":0,"menu_order":0,"comment_status":"closed","ping_status":"closed","template":"","meta":{"footnotes":""},"class_list":["post-1876","page","type-page","status-publish","has-post-thumbnail","hentry","post-wrapper","thrv_wrapper"],"yoast_head":"<!-- This site is optimized with the Yoast SEO Premium plugin v27.3 (Yoast SEO v27.3) - https:\/\/yoast.com\/product\/yoast-seo-premium-wordpress\/ -->\n<title>DIN EN ISO 17100 \u2013 Norm f\u00fcr \u00dcbersetzungsdienstleistung<\/title>\n<meta name=\"description\" content=\"Die Norm ISO 17100 (kurz ISO 17100) ist ein internationaler Standard zur Zertifizierung von LSPs und Garant f\u00fcr hochwertige \u00dcbersetzungen.\" \/>\n<meta name=\"robots\" content=\"index, follow, max-snippet:-1, max-image-preview:large, max-video-preview:-1\" \/>\n<link rel=\"canonical\" href=\"https:\/\/linquacert.com\/it\/iso17100-zertifizierung\/\" \/>\n<meta property=\"og:locale\" content=\"it_IT\" \/>\n<meta property=\"og:type\" content=\"article\" \/>\n<meta property=\"og:title\" content=\"ISO 17100 Zertifizierung\" \/>\n<meta property=\"og:description\" content=\"Die Norm ISO 17100 (kurz ISO 17100) ist ein internationaler Standard zur Zertifizierung von LSPs und Garant f\u00fcr hochwertige \u00dcbersetzungen.\" \/>\n<meta property=\"og:url\" content=\"https:\/\/linquacert.com\/it\/iso17100-zertifizierung\/\" \/>\n<meta property=\"og:site_name\" content=\"Linquacert\" \/>\n<meta property=\"article:modified_time\" content=\"2026-01-15T22:33:17+00:00\" \/>\n<meta property=\"og:image\" content=\"https:\/\/linquacert.com\/wp-content\/uploads\/2023\/05\/Iso-quality.jpeg\" \/>\n\t<meta property=\"og:image:width\" content=\"1632\" \/>\n\t<meta property=\"og:image:height\" content=\"636\" \/>\n\t<meta property=\"og:image:type\" content=\"image\/jpeg\" \/>\n<meta name=\"twitter:card\" content=\"summary_large_image\" \/>\n<meta name=\"twitter:label1\" content=\"Tempo di lettura stimato\" \/>\n\t<meta name=\"twitter:data1\" content=\"7 minuti\" \/>\n<script type=\"application\/ld+json\" class=\"yoast-schema-graph\">{\"@context\":\"https:\\\/\\\/schema.org\",\"@graph\":[{\"@type\":\"WebPage\",\"@id\":\"https:\\\/\\\/linquacert.com\\\/iso17100-zertifizierung\\\/\",\"url\":\"https:\\\/\\\/linquacert.com\\\/iso17100-zertifizierung\\\/\",\"name\":\"DIN EN ISO 17100 \u2013 Norm f\u00fcr \u00dcbersetzungsdienstleistung\",\"isPartOf\":{\"@id\":\"https:\\\/\\\/linquacert.com\\\/#website\"},\"primaryImageOfPage\":{\"@id\":\"https:\\\/\\\/linquacert.com\\\/iso17100-zertifizierung\\\/#primaryimage\"},\"image\":{\"@id\":\"https:\\\/\\\/linquacert.com\\\/iso17100-zertifizierung\\\/#primaryimage\"},\"thumbnailUrl\":\"https:\\\/\\\/linquacert.com\\\/wp-content\\\/uploads\\\/2023\\\/05\\\/Iso-quality.jpeg\",\"datePublished\":\"2020-08-27T09:48:38+00:00\",\"dateModified\":\"2026-01-15T22:33:17+00:00\",\"description\":\"Die Norm ISO 17100 (kurz ISO 17100) ist ein internationaler Standard zur Zertifizierung von LSPs und Garant f\u00fcr hochwertige \u00dcbersetzungen.\",\"breadcrumb\":{\"@id\":\"https:\\\/\\\/linquacert.com\\\/iso17100-zertifizierung\\\/#breadcrumb\"},\"inLanguage\":\"it-IT\",\"potentialAction\":[{\"@type\":\"ReadAction\",\"target\":[\"https:\\\/\\\/linquacert.com\\\/iso17100-zertifizierung\\\/\"]}]},{\"@type\":\"ImageObject\",\"inLanguage\":\"it-IT\",\"@id\":\"https:\\\/\\\/linquacert.com\\\/iso17100-zertifizierung\\\/#primaryimage\",\"url\":\"https:\\\/\\\/linquacert.com\\\/wp-content\\\/uploads\\\/2023\\\/05\\\/Iso-quality.jpeg\",\"contentUrl\":\"https:\\\/\\\/linquacert.com\\\/wp-content\\\/uploads\\\/2023\\\/05\\\/Iso-quality.jpeg\",\"width\":1632,\"height\":636,\"caption\":\"ISO Qualit\u00e4t\"},{\"@type\":\"BreadcrumbList\",\"@id\":\"https:\\\/\\\/linquacert.com\\\/iso17100-zertifizierung\\\/#breadcrumb\",\"itemListElement\":[{\"@type\":\"ListItem\",\"position\":1,\"name\":\"Home\",\"item\":\"https:\\\/\\\/linquacert.com\\\/\"},{\"@type\":\"ListItem\",\"position\":2,\"name\":\"ISO 17100 Zertifizierung\"}]},{\"@type\":\"WebSite\",\"@id\":\"https:\\\/\\\/linquacert.com\\\/#website\",\"url\":\"https:\\\/\\\/linquacert.com\\\/\",\"name\":\"Linquacert\",\"description\":\"Schweizerischer Verband der Qualit\u00e4ts-Sprachendienste\",\"publisher\":{\"@id\":\"https:\\\/\\\/linquacert.com\\\/#organization\"},\"potentialAction\":[{\"@type\":\"SearchAction\",\"target\":{\"@type\":\"EntryPoint\",\"urlTemplate\":\"https:\\\/\\\/linquacert.com\\\/?s={search_term_string}\"},\"query-input\":{\"@type\":\"PropertyValueSpecification\",\"valueRequired\":true,\"valueName\":\"search_term_string\"}}],\"inLanguage\":\"it-IT\"},{\"@type\":\"Organization\",\"@id\":\"https:\\\/\\\/linquacert.com\\\/#organization\",\"name\":\"Linquacert\",\"url\":\"https:\\\/\\\/linquacert.com\\\/\",\"logo\":{\"@type\":\"ImageObject\",\"inLanguage\":\"it-IT\",\"@id\":\"https:\\\/\\\/linquacert.com\\\/#\\\/schema\\\/logo\\\/image\\\/\",\"url\":\"https:\\\/\\\/linquacert.com\\\/wp-content\\\/uploads\\\/2020\\\/03\\\/site-logo.jpg\",\"contentUrl\":\"https:\\\/\\\/linquacert.com\\\/wp-content\\\/uploads\\\/2020\\\/03\\\/site-logo.jpg\",\"width\":370,\"height\":134,\"caption\":\"Linquacert\"},\"image\":{\"@id\":\"https:\\\/\\\/linquacert.com\\\/#\\\/schema\\\/logo\\\/image\\\/\"}}]}<\/script>\n<!-- \/ Yoast SEO Premium plugin. -->","yoast_head_json":{"title":"DIN EN ISO 17100 \u2013 Norm f\u00fcr \u00dcbersetzungsdienstleistung","description":"Die Norm ISO 17100 (kurz ISO 17100) ist ein internationaler Standard zur Zertifizierung von LSPs und Garant f\u00fcr hochwertige \u00dcbersetzungen.","robots":{"index":"index","follow":"follow","max-snippet":"max-snippet:-1","max-image-preview":"max-image-preview:large","max-video-preview":"max-video-preview:-1"},"canonical":"https:\/\/linquacert.com\/it\/iso17100-zertifizierung\/","og_locale":"it_IT","og_type":"article","og_title":"ISO 17100 Zertifizierung","og_description":"Die Norm ISO 17100 (kurz ISO 17100) ist ein internationaler Standard zur Zertifizierung von LSPs und Garant f\u00fcr hochwertige \u00dcbersetzungen.","og_url":"https:\/\/linquacert.com\/it\/iso17100-zertifizierung\/","og_site_name":"Linquacert","article_modified_time":"2026-01-15T22:33:17+00:00","og_image":[{"width":1632,"height":636,"url":"https:\/\/linquacert.com\/wp-content\/uploads\/2023\/05\/Iso-quality.jpeg","type":"image\/jpeg"}],"twitter_card":"summary_large_image","twitter_misc":{"Tempo di lettura stimato":"7 minuti"},"schema":{"@context":"https:\/\/schema.org","@graph":[{"@type":"WebPage","@id":"https:\/\/linquacert.com\/iso17100-zertifizierung\/","url":"https:\/\/linquacert.com\/iso17100-zertifizierung\/","name":"DIN EN ISO 17100 \u2013 Norm f\u00fcr \u00dcbersetzungsdienstleistung","isPartOf":{"@id":"https:\/\/linquacert.com\/#website"},"primaryImageOfPage":{"@id":"https:\/\/linquacert.com\/iso17100-zertifizierung\/#primaryimage"},"image":{"@id":"https:\/\/linquacert.com\/iso17100-zertifizierung\/#primaryimage"},"thumbnailUrl":"https:\/\/linquacert.com\/wp-content\/uploads\/2023\/05\/Iso-quality.jpeg","datePublished":"2020-08-27T09:48:38+00:00","dateModified":"2026-01-15T22:33:17+00:00","description":"Die Norm ISO 17100 (kurz ISO 17100) ist ein internationaler Standard zur Zertifizierung von LSPs und Garant f\u00fcr hochwertige \u00dcbersetzungen.","breadcrumb":{"@id":"https:\/\/linquacert.com\/iso17100-zertifizierung\/#breadcrumb"},"inLanguage":"it-IT","potentialAction":[{"@type":"ReadAction","target":["https:\/\/linquacert.com\/iso17100-zertifizierung\/"]}]},{"@type":"ImageObject","inLanguage":"it-IT","@id":"https:\/\/linquacert.com\/iso17100-zertifizierung\/#primaryimage","url":"https:\/\/linquacert.com\/wp-content\/uploads\/2023\/05\/Iso-quality.jpeg","contentUrl":"https:\/\/linquacert.com\/wp-content\/uploads\/2023\/05\/Iso-quality.jpeg","width":1632,"height":636,"caption":"ISO Qualit\u00e4t"},{"@type":"BreadcrumbList","@id":"https:\/\/linquacert.com\/iso17100-zertifizierung\/#breadcrumb","itemListElement":[{"@type":"ListItem","position":1,"name":"Home","item":"https:\/\/linquacert.com\/"},{"@type":"ListItem","position":2,"name":"ISO 17100 Zertifizierung"}]},{"@type":"WebSite","@id":"https:\/\/linquacert.com\/#website","url":"https:\/\/linquacert.com\/","name":"Linquacert","description":"Schweizerischer Verband der Qualit\u00e4ts-Sprachendienste","publisher":{"@id":"https:\/\/linquacert.com\/#organization"},"potentialAction":[{"@type":"SearchAction","target":{"@type":"EntryPoint","urlTemplate":"https:\/\/linquacert.com\/?s={search_term_string}"},"query-input":{"@type":"PropertyValueSpecification","valueRequired":true,"valueName":"search_term_string"}}],"inLanguage":"it-IT"},{"@type":"Organization","@id":"https:\/\/linquacert.com\/#organization","name":"Linquacert","url":"https:\/\/linquacert.com\/","logo":{"@type":"ImageObject","inLanguage":"it-IT","@id":"https:\/\/linquacert.com\/#\/schema\/logo\/image\/","url":"https:\/\/linquacert.com\/wp-content\/uploads\/2020\/03\/site-logo.jpg","contentUrl":"https:\/\/linquacert.com\/wp-content\/uploads\/2020\/03\/site-logo.jpg","width":370,"height":134,"caption":"Linquacert"},"image":{"@id":"https:\/\/linquacert.com\/#\/schema\/logo\/image\/"}}]}},"_links":{"self":[{"href":"https:\/\/linquacert.com\/it\/wp-json\/wp\/v2\/pages\/1876","targetHints":{"allow":["GET"]}}],"collection":[{"href":"https:\/\/linquacert.com\/it\/wp-json\/wp\/v2\/pages"}],"about":[{"href":"https:\/\/linquacert.com\/it\/wp-json\/wp\/v2\/types\/page"}],"author":[{"embeddable":true,"href":"https:\/\/linquacert.com\/it\/wp-json\/wp\/v2\/users\/1"}],"replies":[{"embeddable":true,"href":"https:\/\/linquacert.com\/it\/wp-json\/wp\/v2\/comments?post=1876"}],"version-history":[{"count":87,"href":"https:\/\/linquacert.com\/it\/wp-json\/wp\/v2\/pages\/1876\/revisions"}],"predecessor-version":[{"id":5742,"href":"https:\/\/linquacert.com\/it\/wp-json\/wp\/v2\/pages\/1876\/revisions\/5742"}],"wp:featuredmedia":[{"embeddable":true,"href":"https:\/\/linquacert.com\/it\/wp-json\/wp\/v2\/media\/4051"}],"wp:attachment":[{"href":"https:\/\/linquacert.com\/it\/wp-json\/wp\/v2\/media?parent=1876"}],"curies":[{"name":"wp","href":"https:\/\/api.w.org\/{rel}","templated":true}]}}