{"id":1864,"date":"2020-08-24T14:11:11","date_gmt":"2020-08-24T12:11:11","guid":{"rendered":"https:\/\/linquacert.com\/?page_id=1864"},"modified":"2026-01-15T23:33:59","modified_gmt":"2026-01-15T22:33:59","slug":"iso18587-zertifizierung-2","status":"publish","type":"page","link":"https:\/\/linquacert.com\/it\/iso18587-zertifizierung-2\/","title":{"rendered":"ISO 18587 Zertifizierung"},"content":{"rendered":"<p><span><img decoding=\"async\" alt=\"LinquaCert Zertifizierung ISO 18587\" data-id=\"1313\" width=\"168\" data-init-width=\"250\" height=\"168\" data-init-height=\"250\" title=\"LinquaCert_ISO_17100_18587\" src=\"https:\/\/linquacert.com\/wp-content\/uploads\/2020\/03\/LinquaCert_ISO_17100_18587.png\" data-width=\"168\" data-height=\"168\" style=\"aspect-ratio: auto 250 \/ 250;\" loading=\"lazy\"><\/span><\/p>\n<h2 style=\"text-align: center;\">Werden Sie gepr\u00fcfter \u00dcbersetzungsdienstleister mit einer ISO 18587 Zertifizierung<\/h2>\n<p><strong>Maschinell erstellte \u00dcbersetzungen (M\u00dc)<\/strong>&nbsp;sparen Agenturen und Unternehmen viel Zeit. Doch auch diese m\u00fcssen noch bearbeitet werden. Um dabei eine hohe Qualit\u00e4t zu garantieren, kann sich ein \u00dcbersetzungsb\u00fcro nach der&nbsp;<a href=\"https:\/\/linquacert.com\/it\/iso-18587-posteditoren\/\" target=\"_blank\"><strong>ISO 18587 Norm<\/strong><\/a>&nbsp;zertifizieren lassen. Das schafft Transparenz f\u00fcr die Kunden und einen Wettbewerbsvorteil.<\/p>\n<p>Die Qualit\u00e4t der K\u00fcnstlichen Intelligenz wird immer besser. Google Translate und DeepL sind l\u00e4ngst in Privathaushalten und Unternehmen angekommen. Als \u00dcbersetzungsagentur nutzen Sie professionelle Werkzeuge, um Texte maschinell zu verarbeiten. Doch ein Text, der aus dem Computer kommt, kann selten dem Kunden vorgelegt werden. Sie werden die \u00dcbersetzung immer zum Posteditieren geben m\u00fcssen.<\/p>\n<p><a href=\"https:\/\/linquacert.com\/it\/iso-18587-posteditoren\/\" target=\"_blank\"><strong>Die DIN EN ISO 18587 Zertifizierung<\/strong><\/a><strong> steigert die Effizienz der Abl\u00e4ufe f\u00fcr maschinell erstellte \u00dcbersetzungen (M\u00dc) und best\u00e4tigt Ihre Kompetenz als \u00dcbersetzungsdienstleister.<\/strong><\/p>\n<h2><a href=\"https:\/\/linquacert.com\/it\/kontakt\/\" style=\"outline: none;\">Kontaktieren Sie uns jetzt \u2013 &nbsp; &nbsp; &nbsp; &nbsp; Wir freuen uns auf Sie<\/a><\/h2>\n<p>Sie erreichen uns telefonisch unter +41 44 552 66 19 oder schreiben Sie eine&nbsp;<a href=\"mailto:mk@linquacert.com\" style=\"outline: none;\">E-Mail an Herrn Markus Kukla<\/a>, Leiter der Zertifizierungsstelle. Wir freuen uns auf Ihre gesch\u00e4tzte Kontaktaufnahme!<\/p>\n<h3>Posteditieren braucht Qualit\u00e4tsnachweis<\/h3>\n<p>Die Qualit\u00e4t der Nachbearbeitung von Texten macht heute einen grossen Teil des Wertes einer \u00dcbersetzung aus. Der Computer liefert das Fundament, doch es sind das Wissen und die Erfahrung ausgebildeter Mitarbeiterinnen und Mitarbeiter, die daraus eine hochwertige \u00dcbersetzung machen. F\u00fcr den Kunden ist der Prozess oft nicht sichtbar, der hinter dieser Arbeit steckt. Er sieht das fertige Produkt und muss Ihnen vertrauen, dass die \u00dcbersetzung auch h\u00f6chsten Anspr\u00fcchen gen\u00fcgt.<\/p>\n<p>Die&nbsp;<a href=\"https:\/\/linquacert.com\/it\/iso-17100\/\" rel=\"noopener\" target=\"_blank\"><strong>DIN<\/strong>&nbsp;<strong>ISO 17000<\/strong><\/a> beschreibt zwar allgemein die Prozesse in einem \u00dcbersetzungsb\u00fcro, schliesst aber das Posteditieren ausdr\u00fccklich aus. Selbst wenn Sie also <a href=\"https:\/\/linquacert.com\/it\/ubersetzungsdienstleistern-iso-17100-zertifikat\/\" target=\"_blank\">ISO 17000 zertifiziert <\/a>sind, ist das noch kein Massstab f\u00fcr Leistungen, die auf maschinellen \u00dcbersetzungen basieren. &nbsp;Hier kommt die <a href=\"https:\/\/linquacert.com\/it\/iso-18587-posteditoren\/\" target=\"_blank\" style=\"outline: none;\"><strong>DIN EN ISO 18587<\/strong><\/a> als explizite Norm f\u00fcr das Posteditieren (post-editing) maschineller \u00dcbersetzungen (M\u00dc\/MT) ins Spiel.<\/p>\n<h3>Was ist die Norm ISO 18587?<\/h3>\n<p>Sie setzt weltweit die gleichen<strong>&nbsp;Standards f\u00fcr das Posteditieren<\/strong>&nbsp;von computergenerierten \u00dcbersetzungen. Sie besteht aus drei Kernprozessen:<\/p>\n<ul>\n<li>Projektvorbereitung<\/li>\n<li>Produktionsprozess<\/li>\n<li>Projektnachbearbeitung<\/li>\n<\/ul>\n<p>Diese einzelnen Kapitel sind in weitere sehr praxisnahe Stufen unterteilt. W\u00e4hrend die Anforderungen f\u00fcr die Projektvorbereitung anderen ISO-Standards folgen, ist der Produktionsprozess sehr an die maschinelle \u00dcbersetzung angepasst. Hier stehen im Mittelpunkt:<\/p>\n<ul>\n<li>Welche Ziele verfolgen Sie beim Posteditieren?<\/li>\n<li>Welche Anforderungen werden an das Posteditieren einer maschinellen \u00dcbersetzung gestellt?<\/li>\n<li>Welche Anforderungen werden an die Bearbeiterin oder den Bearbeiter gestellt?<\/li>\n<\/ul>\n<p>Mit den Antworten auf diese Fragen will die <a href=\"https:\/\/linquacert.com\/it\/iso-18587-posteditoren\/\" target=\"_blank\">ISO 18587 garantieren<\/a>, dass auch bei einem hohen Durchsatz die <strong>Qualit\u00e4t des Posteditieren<\/strong> gleichbleibend ist. Das ist nur durch geordnete Prozesse m\u00f6glich, die \u00fcber die Norm festgelegt werden.<\/p>\n<p><span><img decoding=\"async\" alt=\"\" data-id=\"2406\" width=\"1180\" data-init-width=\"1920\" height=\"478\" data-init-height=\"1282\" title=\"pexels-cottonbro-3201466\" src=\"https:\/\/linquacert.com\/wp-content\/uploads\/2021\/09\/pexels-cottonbro-3201466.jpg\" data-width=\"1180\" data-height=\"478\" style=\"aspect-ratio: auto 1920 \/ 1282;\" loading=\"lazy\"><\/span><\/p>\n<h3>Was geschieht bei der ISO 18587 Zertifizierung?<\/h3>\n<p>Bei der Zertifizierung schauen wir nach zwei Kriterien: dem eigentlichen Postediting-Prozess und den vorhandenen Kompetenzen.<\/p>\n<ul>\n<li>Der<strong>&nbsp;Produktionsprozess&nbsp;<\/strong>wird unterteilt in die Vorbereitung, das eigentliche Bearbeiten und die Nachbereitung.<\/li>\n<li>Bei den&nbsp;<strong>Kompetenzen<\/strong>&nbsp;geht es um die allgemeinen Qualifikationen des LSP, die fachlichen Qualifikationen der \u00dcbersetzenden und die Professionalit\u00e4t der Dienstleistung.<\/li>\n<\/ul>\n<p>Bei einer<strong>&nbsp;<a href=\"https:\/\/linquacert.com\/it\/iso-18587-posteditoren\/\" target=\"_blank\" style=\"outline: none;\">ISO 18587 Zertifizierung <\/a><\/strong>stehen also nicht die \u00dcbersetzungen oder Bearbeitungen an sich im Mittelpunkt, sondern die <strong>Verfahren<\/strong>&nbsp;und der&nbsp;<strong>Workflow<\/strong>. Bei der Begutachtung analysieren wir zum Beispiel folgende Prozesse:<\/p>\n<ul>\n<li>Pr\u00fcfung, ob der Inhalt der Ausgangssprache f\u00fcr M\u00dc\/MT und die anschliessende Nachbearbeitung geeignet ist oder nicht.<\/li>\n<li>\u00dcberpr\u00fcfung des Endprodukts hinsichtlich der Spezifikationen vor Auslieferung an den Kunden.<\/li>\n<li>Feedback von Post-Editoren zur Leistung des MT-Systems.<\/li>\n<li>Werden Kompetenzen f\u00fcr Posteditieren in der Lieferantendatenbank beschrieben?<\/li>\n<li>Gibt es eine Zuordnung von Workflows und ein Projektmanagement?<\/li>\n<li>Wie werden Feedbacks kommuniziert?<\/li>\n<li>Test von Textdokumenten auf Tauglichkeit f\u00fcr maschinelle \u00dcbersetzungen<\/li>\n<\/ul>\n<p>Im Zertifizierungsprozess werden alle notwendigen Verfahren analysiert und dokumentiert. Dann erfolgt eine \u00dcberpr\u00fcfung, ob diese den Anforderungen der ISO Norm entsprechen. Ist das der Fall, k\u00f6nnen wir Ihnen ein Zertifikat ausstellen.<\/p>\n<h3>Projektmanagement unter der Lupe<\/h3>\n<p>Um zu bewerten, wie das Post-Editieren vor sich geht, schauen wir uns bei dem Zertifizierungs-Audit das Projektmanagement an. F\u00fcr das&nbsp;<strong>ISO <\/strong><a href=\"https:\/\/linquacert.com\/it\/iso-18587-posteditoren\/\" target=\"_blank\"><strong>18587 Zertifikat<\/strong><\/a>&nbsp;sind folgende Aspekte von besonderer Bedeutung:<\/p>\n<ul>\n<li>Ermittlung der wichtigsten Anforderungen und Projektspezifikationen w\u00e4hrend des Vorproduktionsprozesses<\/li>\n<li>Befolgen der Verfahren und Spezifikationen w\u00e4hrend der gesamten Produktion<\/li>\n<li>\u00dcberwachung und \u00dcberwachung des Vorbereitungsprozesses f\u00fcr das \u00dcbersetzungsprojekt<\/li>\n<li>Zuweisung eines oder mehrerer kompetenter \u00dcbersetzer zum \u00dcbersetzungsprojekt<\/li>\n<li>Beauftragung eines oder mehrerer kompetenter Revisoren<\/li>\n<li>Verbreitung von Informationen, Erteilung von Anweisungen im Zusammenhang mit dem Auftrag<\/li>\n<li>\u00dcberwachung, um die Einhaltung des vereinbarten Zeitplans und der vereinbarten Fristen sicherzustellen<\/li>\n<li>Gegebenenfalls Mitteilung von \u00c4nderungen der Projektspezifikationen<\/li>\n<li>Sicherstellen, dass \u00dcbersetzungen und andere Fragen beantwortet werden<\/li>\n<li>Verwalten und Behandeln von R\u00fcckmeldungen<\/li>\n<li>\u00dcberpr\u00fcfung, ob die Spezifikationen des \u00dcbersetzungsdienstes eingehalten wurden, bevor die \u00dcbersetzung genehmigt wird und an den Kunden freigegeben wird.<\/li>\n<\/ul>\n<h2><a href=\"https:\/\/linquacert.com\/it\/kontakt\/\" style=\"outline: none;\">Kontaktieren Sie uns jetzt \u2013 &nbsp; &nbsp; &nbsp; &nbsp; Wir freuen uns auf Sie<\/a><\/h2>\n<p>Sie erreichen uns telefonisch unter +41 44 552 66 19 oder schreiben Sie eine&nbsp;<a href=\"mailto:mk@linquacert.com\" style=\"outline: none;\">E-Mail an Herrn Markus Kukla<\/a>, Leiter der Zertifizierungsstelle. Wir freuen uns auf Ihre gesch\u00e4tzte Kontaktaufnahme!<\/p>\n<h3>Warum braucht ein LSP eine ISO DIN 18587 Zertifizierung?<\/h3>\n<p>Wenn Sie <a href=\"https:\/\/linquacert.com\/it\/was-aendert-iso-18587\/\" target=\"_blank\" style=\"outline: none;\">als \u00dcbersetzungsb\u00fcro<\/a> oder als selbstst\u00e4ndige \u00dcbersetzer eine <a href=\"https:\/\/linquacert.com\/it\/iso-18587-posteditoren\/\" target=\"_blank\" style=\"outline: none;\">ISO 18578 Zertifizierung<\/a> vorweisen k\u00f6nnen, haben sie deutliche Wettbewerbsvorteile. Sie k\u00f6nnen damit ihren Kunden nachweisen, dass Ihre Arbeit internationalen Qualit\u00e4tsstandards folgt und dies auch nachgepr\u00fcft wurde.<\/p>\n<p><strong>Die Hauptgr\u00fcnde f\u00fcr eine <\/strong><a href=\"https:\/\/linquacert.com\/it\/iso-18587-posteditoren\/\" target=\"_blank\"><strong>ISO DIN 18587 Zertifizierung<\/strong><\/a><strong> sind:<\/strong><\/p>\n<ul>\n<li>Wettbewerbsvorteile<\/li>\n<li>Qualit\u00e4tsnachweise<\/li>\n<li>Transparenz gegen\u00fcber Kunden<\/li>\n<li>Verbesserte interne Prozesse<\/li>\n<\/ul>\n<p>Sie heben sich von Mitbewerbern ab, die lediglich interne Prozesse zum Posteditieren haben. Sie k\u00f6nnen also Ihre Wertigkeit als LSP erh\u00f6hen. Gleichzeitig positionieren Sie sich aber auch als moderner, technologisch auf dem neuesten Stand befindlicher \u00dcbersetzungsdienstleister. Denn das Zertifikat besagt, dass Sie High-Tech und k\u00fcnstliche Intelligenz einsetzen.<\/p>\n<p><strong>Zertifiziertes und systematisches Umsatzwachstum!<\/strong><\/p>\n<p><strong>Mit einem <\/strong><a href=\"https:\/\/linquacert.com\/it\/iso-18587-posteditoren\/\" target=\"_blank\"><strong>ISO 18587 Zertifikat<\/strong><\/a><strong>, am besten noch verbunden mit der <\/strong><a href=\"https:\/\/linquacert.com\/it\/ubersetzungsdienstleistern-iso-17100-zertifikat\/\" target=\"_blank\" style=\"outline: none;\"><strong>ISO 17000 k\u00f6nnen<\/strong><\/a><strong> sie damit werben, dass Sie in der Lage sind, grosse Volumina von \u00dcbersetzungen schnell und qualitativ hochwertig zu liefern.<\/strong><\/p>\n<p>Sie haben auch Vorteile f\u00fcr Ihre Arbeitsweise. Denn wenn Sie der ISO Norm entsprechen, haben Sie Ihre Prozesse und Workflows entsprechend optimiert und k\u00f6nnen effizienter arbeiten. Das spart Ihnen Geld und Zeit.<\/p>\n<p><span><img decoding=\"async\" alt=\"\" data-id=\"2483\" width=\"1180\" data-init-width=\"1920\" height=\"553\" data-init-height=\"900\" title=\"pexels-anna-tarazevich-6358840\" src=\"https:\/\/linquacert.com\/wp-content\/uploads\/2021\/09\/pexels-anna-tarazevich-6358840-1.jpg\" data-width=\"1180\" data-height=\"553\" style=\"aspect-ratio: auto 1920 \/ 900;\" loading=\"lazy\"><\/span><\/p>\n<h3>Grosse Unternehmen verlangen internationale Standards<\/h3>\n<p>Viele grosse und internationale Unternehmen schreiben \u00dcbersetzungsauftr\u00e4ge \u00f6ffentlich aus. Sie setzen auf LSPs, die mit maschinengesteuerter \u00dcbersetzung grosse Mengen an Dokumenten \u00fcbersetzen k\u00f6nnen. Zeit ist dabei ein ebenso wichtiger Faktor wie der objektive Nachweis der Qualifikation.<\/p>\n<p>Mit einer Zertifizierung haben Sie in der Ausschreibung einen grossen Vorsprung: Die Norm <a href=\"https:\/\/linquacert.com\/it\/iso-18587-posteditoren\/\" target=\"_blank\">DIN EN ISO 18587<\/a> ist ein international anerkannter Standard zur Zertifizierung von LSPs f\u00fcr Machine Translation (MT) und Post-Editing.<\/p>\n<h3>Z\u00fcgige und fachgerechte Zertifizierung<\/h3>\n<p>Wir sehen unsere Aufgabe darin, Ihre Dienstleistung schnell und z\u00fcgig zu zertifizieren. Als anerkannte&nbsp;<strong>Schweizer Zertifizierungsstelle f\u00fcr Sprachdienstleistungen<\/strong>, folgen wir dabei den Richtlinien internationaler Audits f\u00fcr die ISO Norm. Im Rahmen der Zertifizierung setzen wir uns mit Ihnen zusammen und analysieren die vorhandenen Prozesse und Abl\u00e4ufe. Sollten wir kleinere Abweichungen von den ISO Vorschriften feststellen, k\u00f6nnen diese auch nachgebessert werden. Dieser Teil des Audits wird dann vor der Zertifizierung nochmal wiederholt.<\/p>\n<p>Wenn die Zertifizierung bestanden wurde, erhalten Sie von uns ein offizielles Zertifikat. In diesem ist vermerkt was zertifiziert wurde, die Zertifizierungsnummer und das Datum sowie der Zeitraum der G\u00fcltigkeit. Sie k\u00f6nnen mit diesem Zertifikat und einem entsprechenden Logo dann auf Ihrer Webseite und in Brosch\u00fcren werben.&nbsp;<\/p>\n<p>Warten Sie nicht, bis sich Ihre Mitbewerber \u00fcberpr\u00fcfen lassen und starten Sie den Prozess noch heute. Wir beraten Sie gerne, welche Voraussetzungen erf\u00fcllt sein m\u00fcssen und wie der Audit im Detail abl\u00e4uft.<\/p>\n<p>Sie erreichen uns telefonisch unter +41 44 552 66 19 oder schreiben Sie eine&nbsp;<a href=\"mailto:mk@linquacert.com\">E-Mail an Herrn Markus Kukla<\/a>, Leiter der Zertifizierungsstelle. Wir freuen uns auf Ihre gesch\u00e4tzte Kontaktaufnahme!<\/p>\n<p><strong>Die ISO 18587-Zertifizierung wird von LinquaCert auch in Kombination mit Audits gem\u00e4ss ISO 9001 und\/oder <\/strong><a href=\"https:\/\/linquacert.com\/it\/ubersetzungsdienstleistern-iso-17100-zertifikat\/\" target=\"_blank\"><strong>ISO 17100 durchgef\u00fchrt<\/strong><\/a><strong>.<\/strong><\/p>\n<h4>Wo finde ich vertiefende Informationen \u00fcber DIN EN ISO 17100 und DIN EN ISO 9001?<\/h4>\n<p>Im Gegensatz zur DIN EN ISO 9001 hat <a href=\"https:\/\/linquacert.com\/it\/iso-18587-posteditoren\/\" target=\"_blank\" style=\"outline: none;\">die ISO 18587<\/a> nicht den Anspruch, ein vollst\u00e4ndiges Managementsystem abzubilden. Einen Vergleich zum Deckungsgrad von DIN EN ISO 9001 und <a href=\"https:\/\/linquacert.com\/it\/iso-18587-posteditoren\/\" target=\"_blank\">DIN EN ISO 18587<\/a> finden Sie in unserem <strong>eBook \u00ab<a href=\"https:\/\/www.amazon.de\/ISO-17100-%C3%9Cbersetzen-System-Erfahrungen-ebook\/dp\/B088KLL74F\" rel=\"noopener\" target=\"_blank\">ISO 1700-\u00dcbersetzen mit System<\/a>\u00bb<\/strong>.<\/p>","protected":false},"excerpt":{"rendered":"<p>Werden Sie gepr\u00fcfter \u00dcbersetzungsdienstleister mit einer ISO 18587 Zertifizierung Maschinell erstellte \u00dcbersetzungen (M\u00dc)&nbsp;sparen Agenturen und Unternehmen viel Zeit. Doch auch diese m\u00fcssen noch bearbeitet werden. Um dabei eine hohe Qualit\u00e4t zu garantieren, kann sich ein \u00dcbersetzungsb\u00fcro nach der&nbsp;ISO 18587 Norm&nbsp;zertifizieren lassen. Das schafft Transparenz f\u00fcr die Kunden und einen Wettbewerbsvorteil. Die Qualit\u00e4t der K\u00fcnstlichen Intelligenz [&hellip;]<\/p>\n","protected":false},"author":1,"featured_media":3977,"parent":0,"menu_order":0,"comment_status":"closed","ping_status":"closed","template":"","meta":{"footnotes":""},"class_list":["post-1864","page","type-page","status-publish","has-post-thumbnail","hentry","post-wrapper","thrv_wrapper"],"yoast_head":"<!-- This site is optimized with the Yoast SEO Premium plugin v27.3 (Yoast SEO v27.3) - https:\/\/yoast.com\/product\/yoast-seo-premium-wordpress\/ -->\n<title>DIN EN ISO 18587 \u2013 Norm f\u00fcr Posteditieren von maschineller \u00dcbersetzung<\/title>\n<meta name=\"description\" content=\"Die Norm DIN EN ISO 18587 (kurz ISO 18587) ist ein internationaler Standard zur Zertifizierung von LSPs f\u00fcr machine translation und post-editing.\" \/>\n<meta name=\"robots\" content=\"index, follow, max-snippet:-1, max-image-preview:large, max-video-preview:-1\" \/>\n<link rel=\"canonical\" href=\"https:\/\/linquacert.com\/it\/iso18587-zertifizierung-2\/\" \/>\n<meta property=\"og:locale\" content=\"it_IT\" \/>\n<meta property=\"og:type\" content=\"article\" \/>\n<meta property=\"og:title\" content=\"ISO 18587 Zertifizierung\" \/>\n<meta property=\"og:description\" content=\"Die Norm DIN EN ISO 18587 (kurz ISO 18587) ist ein internationaler Standard zur Zertifizierung von LSPs f\u00fcr machine translation und post-editing.\" \/>\n<meta property=\"og:url\" content=\"https:\/\/linquacert.com\/it\/iso18587-zertifizierung-2\/\" \/>\n<meta property=\"og:site_name\" content=\"Linquacert\" \/>\n<meta property=\"article:modified_time\" content=\"2026-01-15T22:33:59+00:00\" \/>\n<meta property=\"og:image\" content=\"https:\/\/linquacert.com\/wp-content\/uploads\/2023\/05\/Beispielzertifikat-ISO-17100-LinquaCert.jpeg\" \/>\n\t<meta property=\"og:image:width\" content=\"1280\" \/>\n\t<meta property=\"og:image:height\" content=\"544\" \/>\n\t<meta property=\"og:image:type\" content=\"image\/jpeg\" \/>\n<meta name=\"twitter:card\" content=\"summary_large_image\" \/>\n<meta name=\"twitter:label1\" content=\"Tempo di lettura stimato\" \/>\n\t<meta name=\"twitter:data1\" content=\"7 minuti\" \/>\n<script type=\"application\/ld+json\" class=\"yoast-schema-graph\">{\"@context\":\"https:\\\/\\\/schema.org\",\"@graph\":[{\"@type\":\"WebPage\",\"@id\":\"https:\\\/\\\/linquacert.com\\\/iso18587-zertifizierung-2\\\/\",\"url\":\"https:\\\/\\\/linquacert.com\\\/iso18587-zertifizierung-2\\\/\",\"name\":\"DIN EN ISO 18587 \u2013 Norm f\u00fcr Posteditieren von maschineller \u00dcbersetzung\",\"isPartOf\":{\"@id\":\"https:\\\/\\\/linquacert.com\\\/#website\"},\"primaryImageOfPage\":{\"@id\":\"https:\\\/\\\/linquacert.com\\\/iso18587-zertifizierung-2\\\/#primaryimage\"},\"image\":{\"@id\":\"https:\\\/\\\/linquacert.com\\\/iso18587-zertifizierung-2\\\/#primaryimage\"},\"thumbnailUrl\":\"https:\\\/\\\/linquacert.com\\\/wp-content\\\/uploads\\\/2023\\\/05\\\/Beispielzertifikat-ISO-17100-LinquaCert.jpeg\",\"datePublished\":\"2020-08-24T12:11:11+00:00\",\"dateModified\":\"2026-01-15T22:33:59+00:00\",\"description\":\"Die Norm DIN EN ISO 18587 (kurz ISO 18587) ist ein internationaler Standard zur Zertifizierung von LSPs f\u00fcr machine translation und post-editing.\",\"breadcrumb\":{\"@id\":\"https:\\\/\\\/linquacert.com\\\/iso18587-zertifizierung-2\\\/#breadcrumb\"},\"inLanguage\":\"it-IT\",\"potentialAction\":[{\"@type\":\"ReadAction\",\"target\":[\"https:\\\/\\\/linquacert.com\\\/iso18587-zertifizierung-2\\\/\"]}]},{\"@type\":\"ImageObject\",\"inLanguage\":\"it-IT\",\"@id\":\"https:\\\/\\\/linquacert.com\\\/iso18587-zertifizierung-2\\\/#primaryimage\",\"url\":\"https:\\\/\\\/linquacert.com\\\/wp-content\\\/uploads\\\/2023\\\/05\\\/Beispielzertifikat-ISO-17100-LinquaCert.jpeg\",\"contentUrl\":\"https:\\\/\\\/linquacert.com\\\/wp-content\\\/uploads\\\/2023\\\/05\\\/Beispielzertifikat-ISO-17100-LinquaCert.jpeg\",\"width\":1280,\"height\":544,\"caption\":\"ISO 17100 LinquaCert Kontant\"},{\"@type\":\"BreadcrumbList\",\"@id\":\"https:\\\/\\\/linquacert.com\\\/iso18587-zertifizierung-2\\\/#breadcrumb\",\"itemListElement\":[{\"@type\":\"ListItem\",\"position\":1,\"name\":\"Home\",\"item\":\"https:\\\/\\\/linquacert.com\\\/\"},{\"@type\":\"ListItem\",\"position\":2,\"name\":\"ISO 18587 Zertifizierung\"}]},{\"@type\":\"WebSite\",\"@id\":\"https:\\\/\\\/linquacert.com\\\/#website\",\"url\":\"https:\\\/\\\/linquacert.com\\\/\",\"name\":\"Linquacert\",\"description\":\"Schweizerischer Verband der Qualit\u00e4ts-Sprachendienste\",\"publisher\":{\"@id\":\"https:\\\/\\\/linquacert.com\\\/#organization\"},\"potentialAction\":[{\"@type\":\"SearchAction\",\"target\":{\"@type\":\"EntryPoint\",\"urlTemplate\":\"https:\\\/\\\/linquacert.com\\\/?s={search_term_string}\"},\"query-input\":{\"@type\":\"PropertyValueSpecification\",\"valueRequired\":true,\"valueName\":\"search_term_string\"}}],\"inLanguage\":\"it-IT\"},{\"@type\":\"Organization\",\"@id\":\"https:\\\/\\\/linquacert.com\\\/#organization\",\"name\":\"Linquacert\",\"url\":\"https:\\\/\\\/linquacert.com\\\/\",\"logo\":{\"@type\":\"ImageObject\",\"inLanguage\":\"it-IT\",\"@id\":\"https:\\\/\\\/linquacert.com\\\/#\\\/schema\\\/logo\\\/image\\\/\",\"url\":\"https:\\\/\\\/linquacert.com\\\/wp-content\\\/uploads\\\/2020\\\/03\\\/site-logo.jpg\",\"contentUrl\":\"https:\\\/\\\/linquacert.com\\\/wp-content\\\/uploads\\\/2020\\\/03\\\/site-logo.jpg\",\"width\":370,\"height\":134,\"caption\":\"Linquacert\"},\"image\":{\"@id\":\"https:\\\/\\\/linquacert.com\\\/#\\\/schema\\\/logo\\\/image\\\/\"}}]}<\/script>\n<!-- \/ Yoast SEO Premium plugin. -->","yoast_head_json":{"title":"DIN EN ISO 18587 \u2013 Norm f\u00fcr Posteditieren von maschineller \u00dcbersetzung","description":"Die Norm DIN EN ISO 18587 (kurz ISO 18587) ist ein internationaler Standard zur Zertifizierung von LSPs f\u00fcr machine translation und post-editing.","robots":{"index":"index","follow":"follow","max-snippet":"max-snippet:-1","max-image-preview":"max-image-preview:large","max-video-preview":"max-video-preview:-1"},"canonical":"https:\/\/linquacert.com\/it\/iso18587-zertifizierung-2\/","og_locale":"it_IT","og_type":"article","og_title":"ISO 18587 Zertifizierung","og_description":"Die Norm DIN EN ISO 18587 (kurz ISO 18587) ist ein internationaler Standard zur Zertifizierung von LSPs f\u00fcr machine translation und post-editing.","og_url":"https:\/\/linquacert.com\/it\/iso18587-zertifizierung-2\/","og_site_name":"Linquacert","article_modified_time":"2026-01-15T22:33:59+00:00","og_image":[{"width":1280,"height":544,"url":"https:\/\/linquacert.com\/wp-content\/uploads\/2023\/05\/Beispielzertifikat-ISO-17100-LinquaCert.jpeg","type":"image\/jpeg"}],"twitter_card":"summary_large_image","twitter_misc":{"Tempo di lettura stimato":"7 minuti"},"schema":{"@context":"https:\/\/schema.org","@graph":[{"@type":"WebPage","@id":"https:\/\/linquacert.com\/iso18587-zertifizierung-2\/","url":"https:\/\/linquacert.com\/iso18587-zertifizierung-2\/","name":"DIN EN ISO 18587 \u2013 Norm f\u00fcr Posteditieren von maschineller \u00dcbersetzung","isPartOf":{"@id":"https:\/\/linquacert.com\/#website"},"primaryImageOfPage":{"@id":"https:\/\/linquacert.com\/iso18587-zertifizierung-2\/#primaryimage"},"image":{"@id":"https:\/\/linquacert.com\/iso18587-zertifizierung-2\/#primaryimage"},"thumbnailUrl":"https:\/\/linquacert.com\/wp-content\/uploads\/2023\/05\/Beispielzertifikat-ISO-17100-LinquaCert.jpeg","datePublished":"2020-08-24T12:11:11+00:00","dateModified":"2026-01-15T22:33:59+00:00","description":"Die Norm DIN EN ISO 18587 (kurz ISO 18587) ist ein internationaler Standard zur Zertifizierung von LSPs f\u00fcr machine translation und post-editing.","breadcrumb":{"@id":"https:\/\/linquacert.com\/iso18587-zertifizierung-2\/#breadcrumb"},"inLanguage":"it-IT","potentialAction":[{"@type":"ReadAction","target":["https:\/\/linquacert.com\/iso18587-zertifizierung-2\/"]}]},{"@type":"ImageObject","inLanguage":"it-IT","@id":"https:\/\/linquacert.com\/iso18587-zertifizierung-2\/#primaryimage","url":"https:\/\/linquacert.com\/wp-content\/uploads\/2023\/05\/Beispielzertifikat-ISO-17100-LinquaCert.jpeg","contentUrl":"https:\/\/linquacert.com\/wp-content\/uploads\/2023\/05\/Beispielzertifikat-ISO-17100-LinquaCert.jpeg","width":1280,"height":544,"caption":"ISO 17100 LinquaCert Kontant"},{"@type":"BreadcrumbList","@id":"https:\/\/linquacert.com\/iso18587-zertifizierung-2\/#breadcrumb","itemListElement":[{"@type":"ListItem","position":1,"name":"Home","item":"https:\/\/linquacert.com\/"},{"@type":"ListItem","position":2,"name":"ISO 18587 Zertifizierung"}]},{"@type":"WebSite","@id":"https:\/\/linquacert.com\/#website","url":"https:\/\/linquacert.com\/","name":"Linquacert","description":"Schweizerischer Verband der Qualit\u00e4ts-Sprachendienste","publisher":{"@id":"https:\/\/linquacert.com\/#organization"},"potentialAction":[{"@type":"SearchAction","target":{"@type":"EntryPoint","urlTemplate":"https:\/\/linquacert.com\/?s={search_term_string}"},"query-input":{"@type":"PropertyValueSpecification","valueRequired":true,"valueName":"search_term_string"}}],"inLanguage":"it-IT"},{"@type":"Organization","@id":"https:\/\/linquacert.com\/#organization","name":"Linquacert","url":"https:\/\/linquacert.com\/","logo":{"@type":"ImageObject","inLanguage":"it-IT","@id":"https:\/\/linquacert.com\/#\/schema\/logo\/image\/","url":"https:\/\/linquacert.com\/wp-content\/uploads\/2020\/03\/site-logo.jpg","contentUrl":"https:\/\/linquacert.com\/wp-content\/uploads\/2020\/03\/site-logo.jpg","width":370,"height":134,"caption":"Linquacert"},"image":{"@id":"https:\/\/linquacert.com\/#\/schema\/logo\/image\/"}}]}},"_links":{"self":[{"href":"https:\/\/linquacert.com\/it\/wp-json\/wp\/v2\/pages\/1864","targetHints":{"allow":["GET"]}}],"collection":[{"href":"https:\/\/linquacert.com\/it\/wp-json\/wp\/v2\/pages"}],"about":[{"href":"https:\/\/linquacert.com\/it\/wp-json\/wp\/v2\/types\/page"}],"author":[{"embeddable":true,"href":"https:\/\/linquacert.com\/it\/wp-json\/wp\/v2\/users\/1"}],"replies":[{"embeddable":true,"href":"https:\/\/linquacert.com\/it\/wp-json\/wp\/v2\/comments?post=1864"}],"version-history":[{"count":63,"href":"https:\/\/linquacert.com\/it\/wp-json\/wp\/v2\/pages\/1864\/revisions"}],"predecessor-version":[{"id":5743,"href":"https:\/\/linquacert.com\/it\/wp-json\/wp\/v2\/pages\/1864\/revisions\/5743"}],"wp:featuredmedia":[{"embeddable":true,"href":"https:\/\/linquacert.com\/it\/wp-json\/wp\/v2\/media\/3977"}],"wp:attachment":[{"href":"https:\/\/linquacert.com\/it\/wp-json\/wp\/v2\/media?parent=1864"}],"curies":[{"name":"wp","href":"https:\/\/api.w.org\/{rel}","templated":true}]}}