{"id":1467,"date":"2020-03-13T10:48:33","date_gmt":"2020-03-13T10:48:33","guid":{"rendered":"https:\/\/linquacert.com\/kontakt\/"},"modified":"2026-01-15T23:45:39","modified_gmt":"2026-01-15T22:45:39","slug":"kontakt","status":"publish","type":"page","link":"https:\/\/linquacert.com\/it\/kontakt\/","title":{"rendered":"Contatto"},"content":{"rendered":"<h2>Kontaktieren Sie uns!<\/h2>\n<p><strong>Wir erstellen f\u00fcr Sie gern ein unverbindliches Angebot f\u00fcr eine LinquaCert \u2013 Zertifizierung.&nbsp;<\/strong><strong>Bitte geben Sie im Formular an, ob es sich um eine ISO 17100, ISO&nbsp;<\/strong><strong>18587 oder ISO 9001 handelt.<\/strong><\/p>\n<p><span data-attr-id=\"2\" data-attr-multiline=\"0\" data-extra_key=\"1\" data-option-inline=\"1\" data-shortcode=\"thrive_global_fields\" data-shortcode-name=\"[Company] Address\"><\/span><\/p>\n<p>LinquaCert GenossenschaftNorastrasse 7CH-8004 Z\u00fcrich<\/p>\n<p>+41 (44) 552 66 17<\/p>\n<p><a href=\"mailto:mk@linquacert.com\" style=\"outline: none;\">mk@linquacert.com<\/a><\/p>\n<p><span data-attr-id=\"5\" data-extra_key=\"1\" data-option-inline=\"1\" data-shortcode=\"thrive_global_fields\" data-shortcode-name=\"[Company] Email address\"><\/span><\/p>\n<p>Die Schweizer Zertifizierungsstelle LinquaCert ist Ihr spezialisierter Dienstleister f\u00fcr Zertifizierungen nach den anerkannten internationalen Normen ISO 17100, ISO 18587 oder ISO 9001. LinquaCert ist eine unabh\u00e4ngige Genossenschaft und daher Ihr idealer Partner.<strong><\/strong><\/p>\n<p>Sie k\u00f6nnen jederzeit mit uns in Kontakt treten. Rufen Sie uns an oder f\u00fcllen Sie das Formular auf dieser Seite aus. Sie k\u00f6nnen uns nat\u00fcrlich auch per E-Mail erreichen.&nbsp;<\/p>\n<p>Sie k\u00f6nnen sich bei uns jederzeit \u00fcber eine der drei Zertifizierungen erkundigen:<\/p>\n<ul>\n<li>Die&nbsp;<b>ISO 17100&nbsp;<\/b>ist f\u00fcr alle \u00dcbersetzungsdienstleister geeignet. Sie ist ein internationaler Standard, mit dem Ihre Dienstleistungen als qualifiziert und hohen Anforderungen entsprechend eingestuft werden. Das Zertifikat ist ein wichtiges Argument bei der Kundenakquise.<\/li>\n<li>Die&nbsp;<b>ISO 18587&nbsp;<\/b>richtet sich an \u00dcbersetzungsdienstleister, die maschinelle \u00dcbersetzungen anbieten. Sie ist eine sinnvolle Erg\u00e4nzung zur ISO 17100. Wenn Sie diese Dienstleistung in ihrem Portfolio haben, dann lohnt sich eine eigene Zertifizierung. Gerade bei maschinellen \u00dcbersetzungen hilft Ihnen ein ISO-Zertifikat, Kunden von der hohen Qualit\u00e4t Ihrer Arbeit zu \u00fcberzeugen.<\/li>\n<li>Die&nbsp;<b>ISO 9001<\/b>&nbsp;bescheinigt Ihnen ein hohes Niveau im Qualit\u00e4tsmanagement. Auch dieses ist hilfreich in der Kundenkommunikation, zeigt es doch, dass nahezu alle Bereiche Ihres Unternehmens hohe Qualit\u00e4tsma\u00dfst\u00e4be erf\u00fcllen.<\/li>\n<\/ul>\n<p>Wir beraten Sie gerne, welche der ISO-Normen f\u00fcr Sie infrage kommt. Wir k\u00f6nnen Ihnen in unserem Angebot neben den Kosten auch einen Zeitrahmen unterbreiten, innerhalb dessen eine Zertifizierung voraussichtlich durchgef\u00fchrt werden kann.<\/p>\n<p>Sie k\u00f6nnen uns nat\u00fcrlich auch ohne Angebotserstellung zu den Themen ISO 17100, ISO 18587 und ISO 9001 befragen. Als Zertifizierungsstelle verf\u00fcgen wir \u00fcber eine umfangreiche Erfahrung und die notwendigen Kompetenzen in diesem Bereich.<\/p>\n<p>Wir stehen Ihnen gerne zur Verf\u00fcgung.<\/p>\n","protected":false},"excerpt":{"rendered":"<p>Kontaktieren Sie uns! Wir erstellen f\u00fcr Sie gern ein unverbindliches Angebot f\u00fcr eine LinquaCert \u2013 Zertifizierung.&nbsp;Bitte geben Sie im Formular an, ob es sich um eine ISO 17100, ISO&nbsp;18587 oder ISO 9001 handelt. LinquaCert GenossenschaftNorastrasse 7CH-8004 Z\u00fcrich +41 (44) 552 66 17 mk@linquacert.com Die Schweizer Zertifizierungsstelle LinquaCert ist Ihr spezialisierter Dienstleister f\u00fcr Zertifizierungen nach den [&hellip;]<\/p>\n","protected":false},"author":1,"featured_media":2297,"parent":0,"menu_order":0,"comment_status":"closed","ping_status":"closed","template":"","meta":{"footnotes":""},"class_list":["post-1467","page","type-page","status-publish","has-post-thumbnail","hentry","post-wrapper","thrv_wrapper"],"yoast_head":"<!-- This site is optimized with the Yoast SEO Premium plugin v27.3 (Yoast SEO v27.3) - https:\/\/yoast.com\/product\/yoast-seo-premium-wordpress\/ -->\n<title>Herzlichen Dank, dass Sie uns kontaktieren - Linquacert kontakt<\/title>\n<meta name=\"description\" content=\"kontakt - Linquacert Kontaktseite: Adresse, telefon, e-Mail, formular - Teilen Sie uns bitte Ihr Anliegen mit.\" \/>\n<meta name=\"robots\" content=\"index, follow, max-snippet:-1, max-image-preview:large, max-video-preview:-1\" \/>\n<link rel=\"canonical\" href=\"https:\/\/linquacert.com\/it\/kontakt\/\" \/>\n<meta property=\"og:locale\" content=\"it_IT\" \/>\n<meta property=\"og:type\" content=\"article\" \/>\n<meta property=\"og:title\" content=\"Kontakt\" \/>\n<meta property=\"og:description\" content=\"kontakt - Linquacert Kontaktseite: Adresse, telefon, e-Mail, formular - Teilen Sie uns bitte Ihr Anliegen mit.\" \/>\n<meta property=\"og:url\" content=\"https:\/\/linquacert.com\/it\/kontakt\/\" \/>\n<meta property=\"og:site_name\" content=\"Linquacert\" \/>\n<meta property=\"article:modified_time\" content=\"2026-01-15T22:45:39+00:00\" \/>\n<meta property=\"og:image\" content=\"https:\/\/linquacert.com\/wp-content\/uploads\/2021\/03\/ISO-18587_Bild.jpg\" \/>\n\t<meta property=\"og:image:width\" content=\"2000\" \/>\n\t<meta property=\"og:image:height\" content=\"677\" \/>\n\t<meta property=\"og:image:type\" content=\"image\/jpeg\" \/>\n<meta name=\"twitter:card\" content=\"summary_large_image\" \/>\n<meta name=\"twitter:label1\" content=\"Tempo di lettura stimato\" \/>\n\t<meta name=\"twitter:data1\" content=\"2 minuti\" \/>\n<script type=\"application\/ld+json\" class=\"yoast-schema-graph\">{\"@context\":\"https:\\\/\\\/schema.org\",\"@graph\":[{\"@type\":\"WebPage\",\"@id\":\"https:\\\/\\\/linquacert.com\\\/kontakt\\\/\",\"url\":\"https:\\\/\\\/linquacert.com\\\/kontakt\\\/\",\"name\":\"Herzlichen Dank, dass Sie uns kontaktieren - Linquacert kontakt\",\"isPartOf\":{\"@id\":\"https:\\\/\\\/linquacert.com\\\/#website\"},\"primaryImageOfPage\":{\"@id\":\"https:\\\/\\\/linquacert.com\\\/kontakt\\\/#primaryimage\"},\"image\":{\"@id\":\"https:\\\/\\\/linquacert.com\\\/kontakt\\\/#primaryimage\"},\"thumbnailUrl\":\"https:\\\/\\\/linquacert.com\\\/wp-content\\\/uploads\\\/2021\\\/03\\\/ISO-18587_Bild.jpg\",\"datePublished\":\"2020-03-13T10:48:33+00:00\",\"dateModified\":\"2026-01-15T22:45:39+00:00\",\"description\":\"kontakt - Linquacert Kontaktseite: Adresse, telefon, e-Mail, formular - Teilen Sie uns bitte Ihr Anliegen mit.\",\"breadcrumb\":{\"@id\":\"https:\\\/\\\/linquacert.com\\\/kontakt\\\/#breadcrumb\"},\"inLanguage\":\"it-IT\",\"potentialAction\":[{\"@type\":\"ReadAction\",\"target\":[\"https:\\\/\\\/linquacert.com\\\/kontakt\\\/\"]}]},{\"@type\":\"ImageObject\",\"inLanguage\":\"it-IT\",\"@id\":\"https:\\\/\\\/linquacert.com\\\/kontakt\\\/#primaryimage\",\"url\":\"https:\\\/\\\/linquacert.com\\\/wp-content\\\/uploads\\\/2021\\\/03\\\/ISO-18587_Bild.jpg\",\"contentUrl\":\"https:\\\/\\\/linquacert.com\\\/wp-content\\\/uploads\\\/2021\\\/03\\\/ISO-18587_Bild.jpg\",\"width\":2000,\"height\":677,\"caption\":\"ISO 18587 Konzept\"},{\"@type\":\"BreadcrumbList\",\"@id\":\"https:\\\/\\\/linquacert.com\\\/kontakt\\\/#breadcrumb\",\"itemListElement\":[{\"@type\":\"ListItem\",\"position\":1,\"name\":\"Home\",\"item\":\"https:\\\/\\\/linquacert.com\\\/\"},{\"@type\":\"ListItem\",\"position\":2,\"name\":\"Kontakt\"}]},{\"@type\":\"WebSite\",\"@id\":\"https:\\\/\\\/linquacert.com\\\/#website\",\"url\":\"https:\\\/\\\/linquacert.com\\\/\",\"name\":\"Linquacert\",\"description\":\"Schweizerischer Verband der Qualit\u00e4ts-Sprachendienste\",\"publisher\":{\"@id\":\"https:\\\/\\\/linquacert.com\\\/#organization\"},\"potentialAction\":[{\"@type\":\"SearchAction\",\"target\":{\"@type\":\"EntryPoint\",\"urlTemplate\":\"https:\\\/\\\/linquacert.com\\\/?s={search_term_string}\"},\"query-input\":{\"@type\":\"PropertyValueSpecification\",\"valueRequired\":true,\"valueName\":\"search_term_string\"}}],\"inLanguage\":\"it-IT\"},{\"@type\":\"Organization\",\"@id\":\"https:\\\/\\\/linquacert.com\\\/#organization\",\"name\":\"Linquacert\",\"url\":\"https:\\\/\\\/linquacert.com\\\/\",\"logo\":{\"@type\":\"ImageObject\",\"inLanguage\":\"it-IT\",\"@id\":\"https:\\\/\\\/linquacert.com\\\/#\\\/schema\\\/logo\\\/image\\\/\",\"url\":\"https:\\\/\\\/linquacert.com\\\/wp-content\\\/uploads\\\/2020\\\/03\\\/site-logo.jpg\",\"contentUrl\":\"https:\\\/\\\/linquacert.com\\\/wp-content\\\/uploads\\\/2020\\\/03\\\/site-logo.jpg\",\"width\":370,\"height\":134,\"caption\":\"Linquacert\"},\"image\":{\"@id\":\"https:\\\/\\\/linquacert.com\\\/#\\\/schema\\\/logo\\\/image\\\/\"}}]}<\/script>\n<!-- \/ Yoast SEO Premium plugin. -->","yoast_head_json":{"title":"Herzlichen Dank, dass Sie uns kontaktieren - Linquacert kontakt","description":"kontakt - Linquacert Kontaktseite: Adresse, telefon, e-Mail, formular - Teilen Sie uns bitte Ihr Anliegen mit.","robots":{"index":"index","follow":"follow","max-snippet":"max-snippet:-1","max-image-preview":"max-image-preview:large","max-video-preview":"max-video-preview:-1"},"canonical":"https:\/\/linquacert.com\/it\/kontakt\/","og_locale":"it_IT","og_type":"article","og_title":"Kontakt","og_description":"kontakt - Linquacert Kontaktseite: Adresse, telefon, e-Mail, formular - Teilen Sie uns bitte Ihr Anliegen mit.","og_url":"https:\/\/linquacert.com\/it\/kontakt\/","og_site_name":"Linquacert","article_modified_time":"2026-01-15T22:45:39+00:00","og_image":[{"width":2000,"height":677,"url":"https:\/\/linquacert.com\/wp-content\/uploads\/2021\/03\/ISO-18587_Bild.jpg","type":"image\/jpeg"}],"twitter_card":"summary_large_image","twitter_misc":{"Tempo di lettura stimato":"2 minuti"},"schema":{"@context":"https:\/\/schema.org","@graph":[{"@type":"WebPage","@id":"https:\/\/linquacert.com\/kontakt\/","url":"https:\/\/linquacert.com\/kontakt\/","name":"Herzlichen Dank, dass Sie uns kontaktieren - Linquacert kontakt","isPartOf":{"@id":"https:\/\/linquacert.com\/#website"},"primaryImageOfPage":{"@id":"https:\/\/linquacert.com\/kontakt\/#primaryimage"},"image":{"@id":"https:\/\/linquacert.com\/kontakt\/#primaryimage"},"thumbnailUrl":"https:\/\/linquacert.com\/wp-content\/uploads\/2021\/03\/ISO-18587_Bild.jpg","datePublished":"2020-03-13T10:48:33+00:00","dateModified":"2026-01-15T22:45:39+00:00","description":"kontakt - Linquacert Kontaktseite: Adresse, telefon, e-Mail, formular - Teilen Sie uns bitte Ihr Anliegen mit.","breadcrumb":{"@id":"https:\/\/linquacert.com\/kontakt\/#breadcrumb"},"inLanguage":"it-IT","potentialAction":[{"@type":"ReadAction","target":["https:\/\/linquacert.com\/kontakt\/"]}]},{"@type":"ImageObject","inLanguage":"it-IT","@id":"https:\/\/linquacert.com\/kontakt\/#primaryimage","url":"https:\/\/linquacert.com\/wp-content\/uploads\/2021\/03\/ISO-18587_Bild.jpg","contentUrl":"https:\/\/linquacert.com\/wp-content\/uploads\/2021\/03\/ISO-18587_Bild.jpg","width":2000,"height":677,"caption":"ISO 18587 Konzept"},{"@type":"BreadcrumbList","@id":"https:\/\/linquacert.com\/kontakt\/#breadcrumb","itemListElement":[{"@type":"ListItem","position":1,"name":"Home","item":"https:\/\/linquacert.com\/"},{"@type":"ListItem","position":2,"name":"Kontakt"}]},{"@type":"WebSite","@id":"https:\/\/linquacert.com\/#website","url":"https:\/\/linquacert.com\/","name":"Linquacert","description":"Schweizerischer Verband der Qualit\u00e4ts-Sprachendienste","publisher":{"@id":"https:\/\/linquacert.com\/#organization"},"potentialAction":[{"@type":"SearchAction","target":{"@type":"EntryPoint","urlTemplate":"https:\/\/linquacert.com\/?s={search_term_string}"},"query-input":{"@type":"PropertyValueSpecification","valueRequired":true,"valueName":"search_term_string"}}],"inLanguage":"it-IT"},{"@type":"Organization","@id":"https:\/\/linquacert.com\/#organization","name":"Linquacert","url":"https:\/\/linquacert.com\/","logo":{"@type":"ImageObject","inLanguage":"it-IT","@id":"https:\/\/linquacert.com\/#\/schema\/logo\/image\/","url":"https:\/\/linquacert.com\/wp-content\/uploads\/2020\/03\/site-logo.jpg","contentUrl":"https:\/\/linquacert.com\/wp-content\/uploads\/2020\/03\/site-logo.jpg","width":370,"height":134,"caption":"Linquacert"},"image":{"@id":"https:\/\/linquacert.com\/#\/schema\/logo\/image\/"}}]}},"_links":{"self":[{"href":"https:\/\/linquacert.com\/it\/wp-json\/wp\/v2\/pages\/1467","targetHints":{"allow":["GET"]}}],"collection":[{"href":"https:\/\/linquacert.com\/it\/wp-json\/wp\/v2\/pages"}],"about":[{"href":"https:\/\/linquacert.com\/it\/wp-json\/wp\/v2\/types\/page"}],"author":[{"embeddable":true,"href":"https:\/\/linquacert.com\/it\/wp-json\/wp\/v2\/users\/1"}],"replies":[{"embeddable":true,"href":"https:\/\/linquacert.com\/it\/wp-json\/wp\/v2\/comments?post=1467"}],"version-history":[{"count":102,"href":"https:\/\/linquacert.com\/it\/wp-json\/wp\/v2\/pages\/1467\/revisions"}],"predecessor-version":[{"id":5752,"href":"https:\/\/linquacert.com\/it\/wp-json\/wp\/v2\/pages\/1467\/revisions\/5752"}],"wp:featuredmedia":[{"embeddable":true,"href":"https:\/\/linquacert.com\/it\/wp-json\/wp\/v2\/media\/2297"}],"wp:attachment":[{"href":"https:\/\/linquacert.com\/it\/wp-json\/wp\/v2\/media?parent=1467"}],"curies":[{"name":"wp","href":"https:\/\/api.w.org\/{rel}","templated":true}]}}