{"id":1431,"date":"2020-03-13T10:30:44","date_gmt":"2020-03-13T09:30:44","guid":{"rendered":"https:\/\/linquacert.com\/basis\/"},"modified":"2026-01-15T23:43:13","modified_gmt":"2026-01-15T22:43:13","slug":"iso-zertifizierungen-linquacert","status":"publish","type":"page","link":"https:\/\/linquacert.com\/it\/iso-zertifizierungen-linquacert\/","title":{"rendered":"Basi"},"content":{"rendered":"<h2 style=\"text-align: center;\"><\/h2>\n<h2 style=\"text-align: center;\">Informazioni sulle Certificazioni LinquaCert<\/h2>\n<p>A partire da ora, le nuove certificazioni LinquaCert includono un link internet tramite il quale i criteri di test sono descritti in modo chiaro. Questo fornisce agli interessati ancora pi\u00f9 informazioni sul contenuto del test.<\/p>\n<p><span style=\"\"><img decoding=\"async\" alt=\"ISO Zertifizierung\" data-id=\"2236\" width=\"196\" data-init-width=\"300\" height=\"238\" data-init-height=\"365\" title=\"LinquaCert_ISO_17100_18587\" loading=\"lazy\" src=\"https:\/\/linquacert.com\/wp-content\/uploads\/2021\/03\/LinquaCert_ISO_17100_18587_US-1.jpg\" data-width=\"196\" data-height=\"238\" style=\"aspect-ratio: auto 300 \/ 365;\" mt-d=\"-3.9839999999999804\" ml-d=\"0\"><\/span><\/p>\n<p>Se utilizzate il nostro marchio di qualit\u00e0 per la pubblicit\u00e0 rivolta ai consumatori, raccomandiamo vivamente di utilizzare esclusivamente il nuovo marchio di qualit\u00e0 LinquaCert con questo link. In caso contrario, potreste ricevere un avviso dalle autorit\u00e0 di tutela dei consumatori o essere segnalati da terzi per violazione della normativa sulla concorrenza (UWG).<\/p>\n<p>Se utilizzate marchi di certificazione che non includono questo link, assicuratevi che www.linquacert.com\/base\n venga utilizzato come riferimento.<\/p>\n<h3>Contenuto del Test<\/h3>\n<p><strong>Certificazione:<\/strong>Certificazione del sistema di gestione \/ audit volontario.<\/p>\n<p class=\"translation-block\"><strong>Base dell\u2019audit:<\/strong><br>Standard internazionali <a href=\"https:\/\/linquacert.com\/it\/iso-17100\/\" target=\"_blank\">ISO 17100<\/a> e <a href=\"https:\/\/linquacert.com\/it\/iso-18587\/\" target=\"_blank\">ISO 18587<\/a>.<br>(Requisiti per i servizi di traduzione e per il post-editing delle traduzioni automatiche).<\/p>\n<p class=\"translation-block\"><strong>Normativa di riferimento:<\/strong><br>Organizzazione internazionale per la normazione (ISO).<\/p>\n<p class=\"translation-block\"><strong>Cosa includono le norme ISO 17100 e ISO 18587?<\/strong><br>Queste due norme definiscono i requisiti per la gestione dei processi certificabili nelle aziende. Ci\u00f2 include, tra le altre cose:<\/p>\n<h2><a href=\"https:\/\/linquacert.com\/it\/kontakt\/\" style=\"outline: none;\">Contattateci ora \u2013 Saremo lieti di sentirvi<\/a><\/h2>\n<p class=\"translation-block\">Potete contattarci telefonicamente al +41 44 552 66 19 oppure inviare una <a class=\"\" href=\"mailto:mk@linquacert.com\" target=\"_self\">e-mail al Sig. Markus Kukla<\/a>, responsabile dell\u2019ente di certificazione. Saremo lieti di ricevere un vostro contatto.<\/p>\n<h3>Criteri di Test<\/h3>\n<ul>\n<li>L\u2019azienda ha implementato procedure adeguate per l\u2019erogazione dei servizi. Analizza e rispetta i requisiti di qualit\u00e0 dei propri clienti e quelli previsti dagli standard.<\/li>\n<li>L\u2019azienda si \u00e8 sottoposta a un audit volontario (audit in loco) basato su criteri definiti (specifiche di audit).<\/li>\n<li>Un certificato e\/o l\u2019autorizzazione all\u2019uso del marchio di qualit\u00e0 viene concessa solo se durante il test non vengono riscontrate deviazioni significative rispetto ai requisiti della base di audit.<\/li>\n<li><a href=\"https:\/\/linquacert.com\/it\/aktuelle-zertifikate\/\" style=\"outline: none;\">I certificati e\/o i marchi di qualit\u00e0 sono rilasciati per un periodo limitato. \u00c8 possibile verificare la validit\u00e0 dei singoli certificati sulla pagina LinquaCert \u00ab Certificati attuali \u00bb.<\/a><\/li>\n<li>Per la certificazione devono essere effettuati audit annuali programmati con esito positivo.<\/li>\n<li>Audit non annunciati possono occasionalmente avere luogo.<\/li>\n<li>Le norme ISO 17100 \/ ISO 18587 non sono certificazioni di prodotto. Pertanto, non \u00e8 possibile esprimere un giudizio sulla qualit\u00e0 di una specifica traduzione fornita dal cliente certificato.<\/li>\n<li>La certificazione secondo ISO 17100 e\/o ISO 18587 non pu\u00f2 garantire un lavoro privo di errori, anche se questo \u00e8 l\u2019obiettivo.<\/li>\n<\/ul>\n<p align=\"left\">Con il nostro riepilogo dei principali criteri di audit, voi e i vostri clienti siete al sicuro.<\/p>\n<p align=\"left\">Questo crea trasparenza e vi consente di dimostrare in qualsiasi momento quali requisiti avete soddisfatto con la vostra certificazione. I vostri clienti possono accedere rapidamente e facilmente a questa pagina tramite un link e ottenere una panoramica dei principali contenuti della certificazione e delle basi di queste norme ISO. In qualit\u00e0 di fornitori di servizi di traduzione certificati, ottenete anche una maggiore sicurezza legale, poich\u00e9 potete fare riferimento a noi come ente di certificazione riconosciuto.<\/p>\n<p><span><img decoding=\"async\" alt=\"u\u0308bersetzer englisch deutsche\" data-id=\"4250\" width=\"1180\" data-init-width=\"1468\" height=\"780\" data-init-height=\"970\" title=\"u\u0308bersetzer englisch deutsche\" loading=\"lazy\" src=\"https:\/\/linquacert.com\/wp-content\/uploads\/2023\/08\/ubersetzer-englisch-deutsche.jpg\" data-width=\"1180\" data-height=\"780\" style=\"aspect-ratio: auto 1468 \/ 970;\"><\/span><\/p>\n<h3>Contenuti Aggiuntivi della Certificazione<\/h3>\n<h3>Nell\u2019ambito della norma ISO 17000<\/h3>\n<p align=\"left\"><b>Risorse Disponibili:<\/b><\/p>\n<p align=\"left\">Quali traduttori sono coinvolti, quali qualifiche professionali possiedono e quale esperienza possono dimostrare<\/p>\n<p align=\"left\"><b>R\u00e9viseurs :<\/b><\/p>\n<p align=\"left\">Chi revisiona e corregge i testi?<\/p>\n<p align=\"left\"><b>Gestione del Progetto<\/b>:<\/p>\n<p align=\"left\">Come \u00e8 integrata la gestione del progetto e quali responsabilit\u00e0 ha?<\/p>\n<p align=\"left\"><b>Sous-traitants :<\/b><\/p>\n<p align=\"left\">Quali qualifiche possiedono i terzi coinvolti nei progetti?<\/p>\n<p align=\"left\"><b>Infrastruttura Tecnica:<\/b><\/p>\n<p align=\"left\">Quale software viene utilizzato?<\/p>\n<p align=\"left\">Come viene garantita la sicurezza informatica?<\/p>\n<p align=\"left\"><b>Pr\u00e9paration de la Production :<\/b><\/p>\n<p align=\"left\">Come vengono gestite le richieste e preparati i preventivi?<\/p>\n<p align=\"left\">Quali sono i processi per la preparazione e la specificazione del progetto?<\/p>\n<p align=\"left\"><b>Produzione:<\/b><\/p>\n<p align=\"left\">Esame dettagliato dei processi di traduzione, revisione, controllo specialistico, nonch\u00e9 correzione e approvazione<\/p>\n<p align=\"left\"><b>Post-produzione:<\/b><\/p>\n<p align=\"left\">Come viene gestito il feedback dei clienti e quali processi amministrativi finali sono presenti?<\/p>\n<p><span><img decoding=\"async\" alt=\"sprechen\" data-id=\"4253\" width=\"1180\" data-init-width=\"1642\" height=\"778\" data-init-height=\"1082\" title=\"sprechen\" loading=\"lazy\" src=\"https:\/\/linquacert.com\/wp-content\/uploads\/2023\/08\/sprechen.jpg\" data-width=\"1180\" data-height=\"778\" style=\"aspect-ratio: auto 1642 \/ 1082;\"><\/span><\/p>\n<h3>Nell\u2019ambito della norma ISO 18587<\/h3>\n<p align=\"left\">Anche in questo caso, la preparazione, l\u2019elaborazione vera e propria e la post-elaborazione vengono esaminate separatamente, e ogni fase viene verificata in conformit\u00e0 alla norma ISO 18587.<\/p>\n<p align=\"left\">Per quanto riguarda le competenze, l\u2019attenzione si concentra sulle qualifiche generali del LSP (Language Service Provider), sulle qualifiche professionali dei traduttori e sulla professionalit\u00e0 del servizio.<\/p>\n<p align=\"left\">Il workflow e la qualit\u00e0 dei processi esistenti sono fondamentali per la certificazione. La gestione del progetto \u00e8 al centro. L\u2019audit include, tra le altre cose:<\/p>\n<ul>\n<li>\n<p align=\"left\">Identificazione dei principali requisiti e delle specifiche del progetto durante il processo di pre-produzione<\/p>\n<\/li>\n<li>\n<p align=\"left\">Rispetto delle procedure e delle specifiche durante l\u2019intero processo di produzione<\/p>\n<\/li>\n<li>\n<p align=\"left\">Monitoraggio del processo di preparazione del progetto di traduzione<\/p>\n<\/li>\n<li>\n<p align=\"left\">Assegnazione di uno o pi\u00f9 traduttori qualificati al progetto di traduzione<\/p>\n<\/li>\n<li>\n<p align=\"left\">Incarico di uno o pi\u00f9 revisori qualificati<\/p>\n<\/li>\n<li>\n<p align=\"left\">Diffusione delle informazioni e impartizione delle istruzioni nel contesto dell\u2019incarico<\/p>\n<\/li>\n<li>\n<p align=\"left\">Verifica che le specifiche del servizio di traduzione siano state rispettate prima che la traduzione venga approvata e consegnata al cliente.<\/p>\n<\/li>\n<\/ul>","protected":false},"excerpt":{"rendered":"<p>Informationen zu LinquaCert-Zertifizierungen Ab sofort enthalten die neuen LinquaCert-Zertifizierungen jetzt einen Internetlink, \u00fcber den die jeweiligen Testkriterien klar beschrieben werden. Dadurch erhalten Interessenten noch mehr Informationen zum Testinhalt. Wenn Sie unser Qualit\u00e4tssymbol f\u00fcr Verbraucherwerbung verwenden, empfehlen wir dringend, nur das neue LinquaCert-Qualit\u00e4tssymbol mit diesem Link zu verwenden. Andernfalls erhalten Sie m\u00f6glicherweise eine Warnung von Verbraucherschutzbeh\u00f6rden [&hellip;]<\/p>\n","protected":false},"author":1,"featured_media":4245,"parent":0,"menu_order":0,"comment_status":"closed","ping_status":"closed","template":"","meta":{"footnotes":""},"class_list":["post-1431","page","type-page","status-publish","has-post-thumbnail","hentry","post-wrapper","thrv_wrapper"],"yoast_head":"<!-- This site is optimized with the Yoast SEO Premium plugin v27.4 (Yoast SEO v27.4) - https:\/\/yoast.com\/product\/yoast-seo-premium-wordpress\/ -->\n<title>ISO Zertifizierungen LinquaCert - ISO 17100 und ISO 18587<\/title>\n<meta name=\"description\" content=\"Die Normen ISO 17100 und ISO 18587 definieren die Anforderungen an das zertifizierbare Verfahrensmanagement von Unternehmen.\" \/>\n<meta name=\"robots\" content=\"index, follow, max-snippet:-1, max-image-preview:large, max-video-preview:-1\" \/>\n<link rel=\"canonical\" href=\"https:\/\/linquacert.com\/it\/iso-zertifizierungen-linquacert\/\" \/>\n<meta property=\"og:locale\" content=\"it_IT\" \/>\n<meta property=\"og:type\" content=\"article\" \/>\n<meta property=\"og:title\" content=\"Basis\" \/>\n<meta property=\"og:description\" content=\"Die Normen ISO 17100 und ISO 18587 definieren die Anforderungen an das zertifizierbare Verfahrensmanagement von Unternehmen.\" \/>\n<meta property=\"og:url\" content=\"https:\/\/linquacert.com\/it\/iso-zertifizierungen-linquacert\/\" \/>\n<meta property=\"og:site_name\" content=\"Linquacert\" \/>\n<meta property=\"article:modified_time\" content=\"2026-01-15T22:43:13+00:00\" \/>\n<meta property=\"og:image\" content=\"https:\/\/linquacert.com\/wp-content\/uploads\/2023\/08\/Sprachubersetzer.jpg\" \/>\n\t<meta property=\"og:image:width\" content=\"1686\" \/>\n\t<meta property=\"og:image:height\" content=\"1212\" \/>\n\t<meta property=\"og:image:type\" content=\"image\/jpeg\" \/>\n<meta name=\"twitter:card\" content=\"summary_large_image\" \/>\n<meta name=\"twitter:label1\" content=\"Tempo di lettura stimato\" \/>\n\t<meta name=\"twitter:data1\" content=\"3 minuti\" \/>\n<script type=\"application\/ld+json\" class=\"yoast-schema-graph\">{\"@context\":\"https:\\\/\\\/schema.org\",\"@graph\":[{\"@type\":\"WebPage\",\"@id\":\"https:\\\/\\\/linquacert.com\\\/iso-zertifizierungen-linquacert\\\/\",\"url\":\"https:\\\/\\\/linquacert.com\\\/iso-zertifizierungen-linquacert\\\/\",\"name\":\"ISO Zertifizierungen LinquaCert - ISO 17100 und ISO 18587\",\"isPartOf\":{\"@id\":\"https:\\\/\\\/linquacert.com\\\/#website\"},\"primaryImageOfPage\":{\"@id\":\"https:\\\/\\\/linquacert.com\\\/iso-zertifizierungen-linquacert\\\/#primaryimage\"},\"image\":{\"@id\":\"https:\\\/\\\/linquacert.com\\\/iso-zertifizierungen-linquacert\\\/#primaryimage\"},\"thumbnailUrl\":\"https:\\\/\\\/linquacert.com\\\/wp-content\\\/uploads\\\/2023\\\/08\\\/Sprachubersetzer.jpg\",\"datePublished\":\"2020-03-13T09:30:44+00:00\",\"dateModified\":\"2026-01-15T22:43:13+00:00\",\"description\":\"Die Normen ISO 17100 und ISO 18587 definieren die Anforderungen an das zertifizierbare Verfahrensmanagement von Unternehmen.\",\"breadcrumb\":{\"@id\":\"https:\\\/\\\/linquacert.com\\\/iso-zertifizierungen-linquacert\\\/#breadcrumb\"},\"inLanguage\":\"it-IT\",\"potentialAction\":[{\"@type\":\"ReadAction\",\"target\":[\"https:\\\/\\\/linquacert.com\\\/iso-zertifizierungen-linquacert\\\/\"]}]},{\"@type\":\"ImageObject\",\"inLanguage\":\"it-IT\",\"@id\":\"https:\\\/\\\/linquacert.com\\\/iso-zertifizierungen-linquacert\\\/#primaryimage\",\"url\":\"https:\\\/\\\/linquacert.com\\\/wp-content\\\/uploads\\\/2023\\\/08\\\/Sprachubersetzer.jpg\",\"contentUrl\":\"https:\\\/\\\/linquacert.com\\\/wp-content\\\/uploads\\\/2023\\\/08\\\/Sprachubersetzer.jpg\",\"width\":1686,\"height\":1212,\"caption\":\"Sprachu\u0308bersetzer\"},{\"@type\":\"BreadcrumbList\",\"@id\":\"https:\\\/\\\/linquacert.com\\\/iso-zertifizierungen-linquacert\\\/#breadcrumb\",\"itemListElement\":[{\"@type\":\"ListItem\",\"position\":1,\"name\":\"Home\",\"item\":\"https:\\\/\\\/linquacert.com\\\/\"},{\"@type\":\"ListItem\",\"position\":2,\"name\":\"Basis\"}]},{\"@type\":\"WebSite\",\"@id\":\"https:\\\/\\\/linquacert.com\\\/#website\",\"url\":\"https:\\\/\\\/linquacert.com\\\/\",\"name\":\"Linquacert\",\"description\":\"Schweizerischer Verband der Qualit\u00e4ts-Sprachendienste\",\"publisher\":{\"@id\":\"https:\\\/\\\/linquacert.com\\\/#organization\"},\"potentialAction\":[{\"@type\":\"SearchAction\",\"target\":{\"@type\":\"EntryPoint\",\"urlTemplate\":\"https:\\\/\\\/linquacert.com\\\/?s={search_term_string}\"},\"query-input\":{\"@type\":\"PropertyValueSpecification\",\"valueRequired\":true,\"valueName\":\"search_term_string\"}}],\"inLanguage\":\"it-IT\"},{\"@type\":\"Organization\",\"@id\":\"https:\\\/\\\/linquacert.com\\\/#organization\",\"name\":\"Linquacert\",\"url\":\"https:\\\/\\\/linquacert.com\\\/\",\"logo\":{\"@type\":\"ImageObject\",\"inLanguage\":\"it-IT\",\"@id\":\"https:\\\/\\\/linquacert.com\\\/#\\\/schema\\\/logo\\\/image\\\/\",\"url\":\"https:\\\/\\\/linquacert.com\\\/wp-content\\\/uploads\\\/2020\\\/03\\\/site-logo.jpg\",\"contentUrl\":\"https:\\\/\\\/linquacert.com\\\/wp-content\\\/uploads\\\/2020\\\/03\\\/site-logo.jpg\",\"width\":370,\"height\":134,\"caption\":\"Linquacert\"},\"image\":{\"@id\":\"https:\\\/\\\/linquacert.com\\\/#\\\/schema\\\/logo\\\/image\\\/\"}}]}<\/script>\n<!-- \/ Yoast SEO Premium plugin. -->","yoast_head_json":{"title":"ISO Zertifizierungen LinquaCert - ISO 17100 und ISO 18587","description":"Die Normen ISO 17100 und ISO 18587 definieren die Anforderungen an das zertifizierbare Verfahrensmanagement von Unternehmen.","robots":{"index":"index","follow":"follow","max-snippet":"max-snippet:-1","max-image-preview":"max-image-preview:large","max-video-preview":"max-video-preview:-1"},"canonical":"https:\/\/linquacert.com\/it\/iso-zertifizierungen-linquacert\/","og_locale":"it_IT","og_type":"article","og_title":"Basis","og_description":"Die Normen ISO 17100 und ISO 18587 definieren die Anforderungen an das zertifizierbare Verfahrensmanagement von Unternehmen.","og_url":"https:\/\/linquacert.com\/it\/iso-zertifizierungen-linquacert\/","og_site_name":"Linquacert","article_modified_time":"2026-01-15T22:43:13+00:00","og_image":[{"width":1686,"height":1212,"url":"https:\/\/linquacert.com\/wp-content\/uploads\/2023\/08\/Sprachubersetzer.jpg","type":"image\/jpeg"}],"twitter_card":"summary_large_image","twitter_misc":{"Tempo di lettura stimato":"3 minuti"},"schema":{"@context":"https:\/\/schema.org","@graph":[{"@type":"WebPage","@id":"https:\/\/linquacert.com\/iso-zertifizierungen-linquacert\/","url":"https:\/\/linquacert.com\/iso-zertifizierungen-linquacert\/","name":"ISO Zertifizierungen LinquaCert - ISO 17100 und ISO 18587","isPartOf":{"@id":"https:\/\/linquacert.com\/#website"},"primaryImageOfPage":{"@id":"https:\/\/linquacert.com\/iso-zertifizierungen-linquacert\/#primaryimage"},"image":{"@id":"https:\/\/linquacert.com\/iso-zertifizierungen-linquacert\/#primaryimage"},"thumbnailUrl":"https:\/\/linquacert.com\/wp-content\/uploads\/2023\/08\/Sprachubersetzer.jpg","datePublished":"2020-03-13T09:30:44+00:00","dateModified":"2026-01-15T22:43:13+00:00","description":"Die Normen ISO 17100 und ISO 18587 definieren die Anforderungen an das zertifizierbare Verfahrensmanagement von Unternehmen.","breadcrumb":{"@id":"https:\/\/linquacert.com\/iso-zertifizierungen-linquacert\/#breadcrumb"},"inLanguage":"it-IT","potentialAction":[{"@type":"ReadAction","target":["https:\/\/linquacert.com\/iso-zertifizierungen-linquacert\/"]}]},{"@type":"ImageObject","inLanguage":"it-IT","@id":"https:\/\/linquacert.com\/iso-zertifizierungen-linquacert\/#primaryimage","url":"https:\/\/linquacert.com\/wp-content\/uploads\/2023\/08\/Sprachubersetzer.jpg","contentUrl":"https:\/\/linquacert.com\/wp-content\/uploads\/2023\/08\/Sprachubersetzer.jpg","width":1686,"height":1212,"caption":"Sprachu\u0308bersetzer"},{"@type":"BreadcrumbList","@id":"https:\/\/linquacert.com\/iso-zertifizierungen-linquacert\/#breadcrumb","itemListElement":[{"@type":"ListItem","position":1,"name":"Home","item":"https:\/\/linquacert.com\/"},{"@type":"ListItem","position":2,"name":"Basis"}]},{"@type":"WebSite","@id":"https:\/\/linquacert.com\/#website","url":"https:\/\/linquacert.com\/","name":"Linquacert","description":"Schweizerischer Verband der Qualit\u00e4ts-Sprachendienste","publisher":{"@id":"https:\/\/linquacert.com\/#organization"},"potentialAction":[{"@type":"SearchAction","target":{"@type":"EntryPoint","urlTemplate":"https:\/\/linquacert.com\/?s={search_term_string}"},"query-input":{"@type":"PropertyValueSpecification","valueRequired":true,"valueName":"search_term_string"}}],"inLanguage":"it-IT"},{"@type":"Organization","@id":"https:\/\/linquacert.com\/#organization","name":"Linquacert","url":"https:\/\/linquacert.com\/","logo":{"@type":"ImageObject","inLanguage":"it-IT","@id":"https:\/\/linquacert.com\/#\/schema\/logo\/image\/","url":"https:\/\/linquacert.com\/wp-content\/uploads\/2020\/03\/site-logo.jpg","contentUrl":"https:\/\/linquacert.com\/wp-content\/uploads\/2020\/03\/site-logo.jpg","width":370,"height":134,"caption":"Linquacert"},"image":{"@id":"https:\/\/linquacert.com\/#\/schema\/logo\/image\/"}}]}},"_links":{"self":[{"href":"https:\/\/linquacert.com\/it\/wp-json\/wp\/v2\/pages\/1431","targetHints":{"allow":["GET"]}}],"collection":[{"href":"https:\/\/linquacert.com\/it\/wp-json\/wp\/v2\/pages"}],"about":[{"href":"https:\/\/linquacert.com\/it\/wp-json\/wp\/v2\/types\/page"}],"author":[{"embeddable":true,"href":"https:\/\/linquacert.com\/it\/wp-json\/wp\/v2\/users\/1"}],"replies":[{"embeddable":true,"href":"https:\/\/linquacert.com\/it\/wp-json\/wp\/v2\/comments?post=1431"}],"version-history":[{"count":83,"href":"https:\/\/linquacert.com\/it\/wp-json\/wp\/v2\/pages\/1431\/revisions"}],"predecessor-version":[{"id":5749,"href":"https:\/\/linquacert.com\/it\/wp-json\/wp\/v2\/pages\/1431\/revisions\/5749"}],"wp:featuredmedia":[{"embeddable":true,"href":"https:\/\/linquacert.com\/it\/wp-json\/wp\/v2\/media\/4245"}],"wp:attachment":[{"href":"https:\/\/linquacert.com\/it\/wp-json\/wp\/v2\/media?parent=1431"}],"curies":[{"name":"wp","href":"https:\/\/api.w.org\/{rel}","templated":true}]}}