{"id":1402,"date":"2020-03-13T10:10:40","date_gmt":"2020-03-13T10:10:40","guid":{"rendered":"https:\/\/linquacert.com\/partner\/"},"modified":"2026-01-15T23:42:41","modified_gmt":"2026-01-15T22:42:41","slug":"partner","status":"publish","type":"page","link":"https:\/\/linquacert.com\/it\/partner\/","title":{"rendered":"Partner"},"content":{"rendered":"<h2>T\u00dcV S\u00dcD Management Service GmbH<\/h2>\n<p>LinquaCert ist Partner der <a href=\"https:\/\/www.tuvsud.com\/de-de\" style=\"outline: none;\"><strong>T\u00dcV S\u00dcD Management<\/strong><\/a> Service GmbH. F\u00fcr Sie als Kunden liegt der Vorteil darin, die hohen technischen Standards von ISO 17100 mit anderen Standards unter Akkreditierung kombinieren zu k\u00f6nnen.<\/p>\n<p>Dies st\u00e4rkt Ihre Kundenkommunikation im Vertrieb. Bei der Durchf\u00fchrung von Buchhaltung und Wirtschaftspr\u00fcfung k\u00f6nnen erhebliche interne Kosteneinsparungen erzielt werden. Unsere qualifizierten Fachpr\u00fcfer im Bereich \u00dcbersetzungsdienstleistungen sind auch leitende Auditoren f\u00fcr ISO 9001.<\/p>\n<h2><a href=\"https:\/\/linquacert.com\/it\/kontakt\/\" style=\"outline: none;\">Kontaktieren Sie uns jetzt \u2013 &nbsp; &nbsp; &nbsp; &nbsp; Wir freuen uns auf Sie<\/a><\/h2>\n<p>Sie erreichen uns telefonisch unter +41 44 552 66 19 oder schreiben Sie eine&nbsp;<a href=\"mailto:mk@linquacert.com\" style=\"outline: none;\">E-Mail an Herrn Markus Kukla<\/a>, Leiter der Zertifizierungsstelle. Wir freuen uns auf Ihre gesch\u00e4tzte Kontaktaufnahme!<\/p>\n<h2>Profitieren Sie von zus\u00e4tzlichen Zertifizierungen<\/h2>\n<p>Mit der T\u00dcV Management GmbH haben wir einen leistungsstarken Partner, wenn es um weitere Zertifizierungen geht. Durch diese Kooperation sind wir in der Lage, \u00fcber die ISO Normen 17100 und 18587 hinaus zus\u00e4tzliche Zertifizierungen anzubieten, die f\u00fcr Ihr Unternehmen infrage kommen.<\/p>\n<p>Eine ideale Kombination f\u00fcr \u00dcbersetzungsdienstleister sind die spezifischen \u00dcDL-Normen mit der ISO 9001. Diese ist eine Norm f\u00fcr Managementsysteme, und in diesem Bereich haben wir den T\u00dcV als Partner an der Hand.<\/p>\n<p>Bei der&nbsp;<b>ISO 9001<\/b>&nbsp;geht es im Kern darum,&nbsp;<b>Qualit\u00e4t im <strong>Prozessmanagement&nbsp;<\/strong><\/b>nachzuweisen. So muss das Unternehmen darlegen, dass es ein geeignetes Managementsystem eingerichtet hat. Zu diesem geh\u00f6ren auch Mechanismen zur Erkennung von Risiken, zur Selbstbewertung, zur Vorbeugung, Korrektur und zur kontinuierlichen Verbesserung der Unternehmensleistung.<\/p>\n<p>Auch das T\u00dcV S\u00dcD-Pr\u00fcfsiegel \u201eGepr\u00fcfte Kundenzufriedenheit\u201c kann gut mit der ISO 17100 kombiniert werden. Die Best\u00e4tigung hoher Kundenzufriedenheit geht mit einer aussagekr\u00e4ftigen Kundenbefragung einher. Diese liefert Impulse f\u00fcr eine langfristige Kundenbindung und damit f\u00fcr Ihren Gesch\u00e4ftserfolg.<\/p>\n<p>Bei beiden Standards werden innere und \u00e4u\u00dfere Einflussfaktoren ber\u00fccksichtigt, zum Beispiel welche qualit\u00e4tsbezogenen Anforderungen Kunden haben und welche Anforderungen es durch das Regelwerk gibt.<\/p>\n<p>Da wir selbst eine langj\u00e4hrige Erfahrung haben und unsere Fachpr\u00fcfer als leitende Auditoren bei einer ISO 9001 Zertifizierung t\u00e4tig sein k\u00f6nnen, arbeiten wir mit dem T\u00dcV Hand in Hand.<\/p>\n<p><span style=\"\"><img decoding=\"async\" alt=\"iso 9001\" data-id=\"4280\" width=\"1180\" data-init-width=\"1636\" height=\"752\" data-init-height=\"1042\" title=\"iso 9001\" loading=\"lazy\" src=\"https:\/\/linquacert.com\/wp-content\/uploads\/2023\/08\/iso-9001.jpg\" data-width=\"1180\" data-height=\"752\" style=\"aspect-ratio: auto 1636 \/ 1042;\" mt-d=\"-3.9850000000000136\" ml-d=\"0\"><\/span><\/p>\n<p>F\u00fcr Sie als \u00dcbersetzungsdienstleister bedeutet diese Partnerschaft, dass Sie sich <strong>effizient mehrfach zertifizieren<\/strong> lassen k\u00f6nnen, ohne dabei mehrere Anbieter koordinieren zu m\u00fcssen. Wir analysieren mit Ihnen den Zertifizierungsbedarf und ermitteln, welche Zertifizierungen noch infrage kommen.<\/p>\n<p>Dabei gelten anerkannte Akkeditierungsstandards wie die ISO \/ IEC 17021 .. Mit einer Akkreditierung wird best\u00e4tigt, dass Zertifizierungsstellen ihre Arbeit nach den Anforderungen international g\u00fcltiger Normen, gesetzlicher Grundlagen und relevanter Regeln kompetent erbringen k\u00f6nnen.<\/p>\n<p> Durch unsere Partnerschaft mit dem T\u00dcV S\u00dcD machen wir es Ihnen einfach, mit <strong>mehreren Pr\u00fcfsiegeln<\/strong> bei Ihren Kunden die hohe Qualit\u00e4t Ihrer Arbeit nachweisen zu k\u00f6nnen. Sie haben damit hervorragende Verkaufsargumente in der Hand, wie international g\u00fcltige Qualit\u00e4tsnachweise, transparente Arbeitsprozesse und die Zusammenarbeit mit ebenfalls zertifizierten Organisationen und akkreditierten Zertifizierern. Das schafft wertvolles Vertrauen in der Kundenkommunikation.<\/p>","protected":false},"excerpt":{"rendered":"<p>T\u00dcV S\u00dcD Management Service GmbH LinquaCert ist Partner der T\u00dcV S\u00dcD Management Service GmbH. F\u00fcr Sie als Kunden liegt der Vorteil darin, die hohen technischen Standards von ISO 17100 mit anderen Standards unter Akkreditierung kombinieren zu k\u00f6nnen. Dies st\u00e4rkt Ihre Kundenkommunikation im Vertrieb. Bei der Durchf\u00fchrung von Buchhaltung und Wirtschaftspr\u00fcfung k\u00f6nnen erhebliche interne Kosteneinsparungen erzielt [&hellip;]<\/p>\n","protected":false},"author":1,"featured_media":3987,"parent":0,"menu_order":0,"comment_status":"closed","ping_status":"closed","template":"","meta":{"footnotes":""},"class_list":["post-1402","page","type-page","status-publish","has-post-thumbnail","hentry","post-wrapper","thrv_wrapper"],"yoast_head":"<!-- This site is optimized with the Yoast SEO Premium plugin v27.3 (Yoast SEO v27.3) - https:\/\/yoast.com\/product\/yoast-seo-premium-wordpress\/ -->\n<title>LinquaCert ist Partner der T\u00dcV S\u00dcD Management Service GmbH.<\/title>\n<meta name=\"description\" content=\"LinquaCert ist Partner der T\u00dcV S\u00dcD Management Service. Technischen Standards von ISO 17100 mit anderen Standards unter DAkkS.\" \/>\n<meta name=\"robots\" content=\"index, follow, max-snippet:-1, max-image-preview:large, max-video-preview:-1\" \/>\n<link rel=\"canonical\" href=\"https:\/\/linquacert.com\/it\/partner\/\" \/>\n<meta property=\"og:locale\" content=\"it_IT\" \/>\n<meta property=\"og:type\" content=\"article\" \/>\n<meta property=\"og:title\" content=\"Partner\" \/>\n<meta property=\"og:description\" content=\"LinquaCert ist Partner der T\u00dcV S\u00dcD Management Service. Technischen Standards von ISO 17100 mit anderen Standards unter DAkkS.\" \/>\n<meta property=\"og:url\" content=\"https:\/\/linquacert.com\/it\/partner\/\" \/>\n<meta property=\"og:site_name\" content=\"Linquacert\" \/>\n<meta property=\"article:modified_time\" content=\"2026-01-15T22:42:41+00:00\" \/>\n<meta property=\"og:image\" content=\"https:\/\/linquacert.com\/wp-content\/uploads\/2023\/05\/Partner.jpeg\" \/>\n\t<meta property=\"og:image:width\" content=\"1280\" \/>\n\t<meta property=\"og:image:height\" content=\"598\" \/>\n\t<meta property=\"og:image:type\" content=\"image\/jpeg\" \/>\n<meta name=\"twitter:card\" content=\"summary_large_image\" \/>\n<meta name=\"twitter:label1\" content=\"Tempo di lettura stimato\" \/>\n\t<meta name=\"twitter:data1\" content=\"2 minuti\" \/>\n<script type=\"application\/ld+json\" class=\"yoast-schema-graph\">{\"@context\":\"https:\\\/\\\/schema.org\",\"@graph\":[{\"@type\":\"WebPage\",\"@id\":\"https:\\\/\\\/linquacert.com\\\/partner\\\/\",\"url\":\"https:\\\/\\\/linquacert.com\\\/partner\\\/\",\"name\":\"LinquaCert ist Partner der T\u00dcV S\u00dcD Management Service GmbH.\",\"isPartOf\":{\"@id\":\"https:\\\/\\\/linquacert.com\\\/#website\"},\"primaryImageOfPage\":{\"@id\":\"https:\\\/\\\/linquacert.com\\\/partner\\\/#primaryimage\"},\"image\":{\"@id\":\"https:\\\/\\\/linquacert.com\\\/partner\\\/#primaryimage\"},\"thumbnailUrl\":\"https:\\\/\\\/linquacert.com\\\/wp-content\\\/uploads\\\/2023\\\/05\\\/Partner.jpeg\",\"datePublished\":\"2020-03-13T10:10:40+00:00\",\"dateModified\":\"2026-01-15T22:42:41+00:00\",\"description\":\"LinquaCert ist Partner der T\u00dcV S\u00dcD Management Service. Technischen Standards von ISO 17100 mit anderen Standards unter DAkkS.\",\"breadcrumb\":{\"@id\":\"https:\\\/\\\/linquacert.com\\\/partner\\\/#breadcrumb\"},\"inLanguage\":\"it-IT\",\"potentialAction\":[{\"@type\":\"ReadAction\",\"target\":[\"https:\\\/\\\/linquacert.com\\\/partner\\\/\"]}]},{\"@type\":\"ImageObject\",\"inLanguage\":\"it-IT\",\"@id\":\"https:\\\/\\\/linquacert.com\\\/partner\\\/#primaryimage\",\"url\":\"https:\\\/\\\/linquacert.com\\\/wp-content\\\/uploads\\\/2023\\\/05\\\/Partner.jpeg\",\"contentUrl\":\"https:\\\/\\\/linquacert.com\\\/wp-content\\\/uploads\\\/2023\\\/05\\\/Partner.jpeg\",\"width\":1280,\"height\":598,\"caption\":\"Partner ISO\"},{\"@type\":\"BreadcrumbList\",\"@id\":\"https:\\\/\\\/linquacert.com\\\/partner\\\/#breadcrumb\",\"itemListElement\":[{\"@type\":\"ListItem\",\"position\":1,\"name\":\"Home\",\"item\":\"https:\\\/\\\/linquacert.com\\\/\"},{\"@type\":\"ListItem\",\"position\":2,\"name\":\"Partner\"}]},{\"@type\":\"WebSite\",\"@id\":\"https:\\\/\\\/linquacert.com\\\/#website\",\"url\":\"https:\\\/\\\/linquacert.com\\\/\",\"name\":\"Linquacert\",\"description\":\"Schweizerischer Verband der Qualit\u00e4ts-Sprachendienste\",\"publisher\":{\"@id\":\"https:\\\/\\\/linquacert.com\\\/#organization\"},\"potentialAction\":[{\"@type\":\"SearchAction\",\"target\":{\"@type\":\"EntryPoint\",\"urlTemplate\":\"https:\\\/\\\/linquacert.com\\\/?s={search_term_string}\"},\"query-input\":{\"@type\":\"PropertyValueSpecification\",\"valueRequired\":true,\"valueName\":\"search_term_string\"}}],\"inLanguage\":\"it-IT\"},{\"@type\":\"Organization\",\"@id\":\"https:\\\/\\\/linquacert.com\\\/#organization\",\"name\":\"Linquacert\",\"url\":\"https:\\\/\\\/linquacert.com\\\/\",\"logo\":{\"@type\":\"ImageObject\",\"inLanguage\":\"it-IT\",\"@id\":\"https:\\\/\\\/linquacert.com\\\/#\\\/schema\\\/logo\\\/image\\\/\",\"url\":\"https:\\\/\\\/linquacert.com\\\/wp-content\\\/uploads\\\/2020\\\/03\\\/site-logo.jpg\",\"contentUrl\":\"https:\\\/\\\/linquacert.com\\\/wp-content\\\/uploads\\\/2020\\\/03\\\/site-logo.jpg\",\"width\":370,\"height\":134,\"caption\":\"Linquacert\"},\"image\":{\"@id\":\"https:\\\/\\\/linquacert.com\\\/#\\\/schema\\\/logo\\\/image\\\/\"}}]}<\/script>\n<!-- \/ Yoast SEO Premium plugin. -->","yoast_head_json":{"title":"LinquaCert ist Partner der T\u00dcV S\u00dcD Management Service GmbH.","description":"LinquaCert ist Partner der T\u00dcV S\u00dcD Management Service. Technischen Standards von ISO 17100 mit anderen Standards unter DAkkS.","robots":{"index":"index","follow":"follow","max-snippet":"max-snippet:-1","max-image-preview":"max-image-preview:large","max-video-preview":"max-video-preview:-1"},"canonical":"https:\/\/linquacert.com\/it\/partner\/","og_locale":"it_IT","og_type":"article","og_title":"Partner","og_description":"LinquaCert ist Partner der T\u00dcV S\u00dcD Management Service. Technischen Standards von ISO 17100 mit anderen Standards unter DAkkS.","og_url":"https:\/\/linquacert.com\/it\/partner\/","og_site_name":"Linquacert","article_modified_time":"2026-01-15T22:42:41+00:00","og_image":[{"width":1280,"height":598,"url":"https:\/\/linquacert.com\/wp-content\/uploads\/2023\/05\/Partner.jpeg","type":"image\/jpeg"}],"twitter_card":"summary_large_image","twitter_misc":{"Tempo di lettura stimato":"2 minuti"},"schema":{"@context":"https:\/\/schema.org","@graph":[{"@type":"WebPage","@id":"https:\/\/linquacert.com\/partner\/","url":"https:\/\/linquacert.com\/partner\/","name":"LinquaCert ist Partner der T\u00dcV S\u00dcD Management Service GmbH.","isPartOf":{"@id":"https:\/\/linquacert.com\/#website"},"primaryImageOfPage":{"@id":"https:\/\/linquacert.com\/partner\/#primaryimage"},"image":{"@id":"https:\/\/linquacert.com\/partner\/#primaryimage"},"thumbnailUrl":"https:\/\/linquacert.com\/wp-content\/uploads\/2023\/05\/Partner.jpeg","datePublished":"2020-03-13T10:10:40+00:00","dateModified":"2026-01-15T22:42:41+00:00","description":"LinquaCert ist Partner der T\u00dcV S\u00dcD Management Service. Technischen Standards von ISO 17100 mit anderen Standards unter DAkkS.","breadcrumb":{"@id":"https:\/\/linquacert.com\/partner\/#breadcrumb"},"inLanguage":"it-IT","potentialAction":[{"@type":"ReadAction","target":["https:\/\/linquacert.com\/partner\/"]}]},{"@type":"ImageObject","inLanguage":"it-IT","@id":"https:\/\/linquacert.com\/partner\/#primaryimage","url":"https:\/\/linquacert.com\/wp-content\/uploads\/2023\/05\/Partner.jpeg","contentUrl":"https:\/\/linquacert.com\/wp-content\/uploads\/2023\/05\/Partner.jpeg","width":1280,"height":598,"caption":"Partner ISO"},{"@type":"BreadcrumbList","@id":"https:\/\/linquacert.com\/partner\/#breadcrumb","itemListElement":[{"@type":"ListItem","position":1,"name":"Home","item":"https:\/\/linquacert.com\/"},{"@type":"ListItem","position":2,"name":"Partner"}]},{"@type":"WebSite","@id":"https:\/\/linquacert.com\/#website","url":"https:\/\/linquacert.com\/","name":"Linquacert","description":"Schweizerischer Verband der Qualit\u00e4ts-Sprachendienste","publisher":{"@id":"https:\/\/linquacert.com\/#organization"},"potentialAction":[{"@type":"SearchAction","target":{"@type":"EntryPoint","urlTemplate":"https:\/\/linquacert.com\/?s={search_term_string}"},"query-input":{"@type":"PropertyValueSpecification","valueRequired":true,"valueName":"search_term_string"}}],"inLanguage":"it-IT"},{"@type":"Organization","@id":"https:\/\/linquacert.com\/#organization","name":"Linquacert","url":"https:\/\/linquacert.com\/","logo":{"@type":"ImageObject","inLanguage":"it-IT","@id":"https:\/\/linquacert.com\/#\/schema\/logo\/image\/","url":"https:\/\/linquacert.com\/wp-content\/uploads\/2020\/03\/site-logo.jpg","contentUrl":"https:\/\/linquacert.com\/wp-content\/uploads\/2020\/03\/site-logo.jpg","width":370,"height":134,"caption":"Linquacert"},"image":{"@id":"https:\/\/linquacert.com\/#\/schema\/logo\/image\/"}}]}},"_links":{"self":[{"href":"https:\/\/linquacert.com\/it\/wp-json\/wp\/v2\/pages\/1402","targetHints":{"allow":["GET"]}}],"collection":[{"href":"https:\/\/linquacert.com\/it\/wp-json\/wp\/v2\/pages"}],"about":[{"href":"https:\/\/linquacert.com\/it\/wp-json\/wp\/v2\/types\/page"}],"author":[{"embeddable":true,"href":"https:\/\/linquacert.com\/it\/wp-json\/wp\/v2\/users\/1"}],"replies":[{"embeddable":true,"href":"https:\/\/linquacert.com\/it\/wp-json\/wp\/v2\/comments?post=1402"}],"version-history":[{"count":100,"href":"https:\/\/linquacert.com\/it\/wp-json\/wp\/v2\/pages\/1402\/revisions"}],"predecessor-version":[{"id":5748,"href":"https:\/\/linquacert.com\/it\/wp-json\/wp\/v2\/pages\/1402\/revisions\/5748"}],"wp:featuredmedia":[{"embeddable":true,"href":"https:\/\/linquacert.com\/it\/wp-json\/wp\/v2\/media\/3987"}],"wp:attachment":[{"href":"https:\/\/linquacert.com\/it\/wp-json\/wp\/v2\/media?parent=1402"}],"curies":[{"name":"wp","href":"https:\/\/api.w.org\/{rel}","templated":true}]}}