{"id":1359,"date":"2020-03-13T09:27:45","date_gmt":"2020-03-13T08:27:45","guid":{"rendered":"https:\/\/linquacert.com\/zertifizierung\/"},"modified":"2026-01-15T23:40:34","modified_gmt":"2026-01-15T22:40:34","slug":"zertifikate-zertifizierungen","status":"publish","type":"page","link":"https:\/\/linquacert.com\/it\/zertifikate-zertifizierungen\/","title":{"rendered":"Zertifikate und Zertifizierungen"},"content":{"rendered":"<h2 style=\"text-align: center;\"><\/h2>\n<h2 style=\"text-align: center;\">LinquaCert ist die Zertifizierungsstelle f\u00fcr ambitionierte \u00dcbersetzungsdienstleister<\/h2>\n<p><span style=\"\"><img decoding=\"async\" alt=\"\" data-id=\"2260\" width=\"172\" data-init-width=\"854\" height=\"209\" data-init-height=\"1039\" title=\"LinquaCert_ISO_17100_18587_US\" src=\"https:\/\/linquacert.com\/wp-content\/uploads\/2021\/03\/LinquaCert_ISO_17100_18587_US.jpg\" data-width=\"172\" data-height=\"209\" style=\"aspect-ratio: auto 854 \/ 1039;\" mt-d=\"-1\" ml-d=\"0\" center-v-d=\"false\" loading=\"lazy\"><\/span><\/p>\n<h3><a href=\"https:\/\/linquacert.com\/it\/zertifizierung-iso-17100\/\" style=\"outline: none;\">Zertifizierung ISO 17100<\/a><\/h3>\n<p><span style=\"\"><img decoding=\"async\" alt=\"\" data-id=\"2260\" width=\"172\" data-init-width=\"854\" height=\"209\" data-init-height=\"1039\" title=\"LinquaCert_ISO_17100_18587_US\" src=\"https:\/\/linquacert.com\/wp-content\/uploads\/2021\/03\/LinquaCert_ISO_17100_18587_US.jpg\" data-width=\"172\" data-height=\"209\" style=\"aspect-ratio: auto 854 \/ 1039;\" mt-d=\"-1\" ml-d=\"0\" center-v-d=\"false\" loading=\"lazy\"><\/span><\/p>\n<h3><a href=\"https:\/\/linquacert.com\/it\/zertifizierung-iso-17100\/\" style=\"outline: none;\"><\/a><a href=\"https:\/\/linquacert.com\/it\/zertifizierung-iso-18587\/\" style=\"outline: none;\">Zertifizierung 18587<\/a><\/h3>\n<p>Wir bieten Ihnen zwei Zertifikate, die eigens f\u00fcr den Qualit\u00e4tsnachweis von \u00dcbersetzungsdienstleistungen geschaffen wurden. Sie folgen beide internationalen Standards und sind damit auch in allen Sprachr\u00e4umen einsetzbar, in denen Sie t\u00e4tig sind.&nbsp;<\/p>\n<h2>ISO 17100 Zertifikat<\/h2>\n<p>Das&nbsp;<b>ISO 17100 Zertifikat&nbsp;<\/b>legt die Anforderungen f\u00fcr&nbsp;<b>hochwertige \u00dcbersetzungsdienstleistungen&nbsp;<\/b>fest. Bei der Zertifizierung werden unterschiedliche Prozesse der Dienstleistung untersucht. Ziel ist dabei, die kontinuierlich hohe Qualit\u00e4t bei Sprache, Stil und Wortschatz sicherzustellen. Ebenso wichtig sind die gleichbleibenden Standards.&nbsp;<\/p>\n<p><a href=\"https:\/\/linquacert.com\/it\/die-zukunft-der-uebersetzungsdienste-die-zunehmende-bedeutung-der-iso-17100\/\" target=\"_blank\">Oftmals wird die Bedeutung von Prozessen und Abl\u00e4ufen bei einer \u00dcbersetzung untersch\u00e4tzt<\/a>. Die ISO 17100 stellt sicher, dass die darin festgeschriebenen Regeln des Projektmanagements ebenso befolgt werden wie der Nachweise der Ausbildung von \u00dcbersetzern.&nbsp;<\/p>\n<p>Wir unterst\u00fctzen Sie bei der Zertifizierung nach ISO 17100 und stellen Ihnen bei erfolgreicher \u00dcberpr\u00fcfung das Zertifikat aus. Wir sind eine anerkannte Zertifizierungsstelle mit Experten in alle Bereichen des Auditings von \u00dcbersetzungsdienstleistern.<\/p>\n<p><span style=\"\"><img decoding=\"async\" alt=\"iso iec 27001\" data-id=\"4333\" width=\"1180\" data-init-width=\"1644\" height=\"782\" data-init-height=\"1090\" title=\"iso iec 27001\" loading=\"lazy\" src=\"https:\/\/linquacert.com\/wp-content\/uploads\/2023\/08\/iso-iec-27001.jpg\" data-width=\"1180\" data-height=\"782\" style=\"aspect-ratio: auto 1644 \/ 1090;\" mt-d=\"-7.833000000000084\" ml-d=\"0\"><\/span><\/p>\n<h2><a href=\"https:\/\/linquacert.com\/it\/kontakt\/\" style=\"outline: none;\">Kontaktieren Sie uns jetzt \u2013 &nbsp; &nbsp; &nbsp; &nbsp; Wir freuen uns auf Sie<\/a><\/h2>\n<p>Sie erreichen uns telefonisch unter +41 44 552 66 19 oder schreiben Sie eine&nbsp;<a href=\"mailto:mk@linquacert.com\" style=\"outline: none;\">E-Mail an Herrn Markus Kukla<\/a>, Leiter der Zertifizierungsstelle. Wir freuen uns auf Ihre gesch\u00e4tzte Kontaktaufnahme!<\/p>\n<h2>ISO 18587 Zertifikat<\/h2>\n<p>Das&nbsp;<b>ISO 18587 Zertifikat<\/b>&nbsp;wurde eigens&nbsp;<b>f\u00fcr maschinell erstellte \u00dcbersetzungen<\/b>&nbsp;geschaffen. Es legte die Prozesse fest, in denen \u00dcbersetzungen per Computer durchgef\u00fchrt und weiterverarbeitet werden. Das&nbsp;<b>Post-Editing<\/b>&nbsp;ist ein besonderer Schwerpunkt in der ISO 18587-Zertifizierung. Hier unterscheiden sich professionelle Dienstleister von den Gratis-Onlineanbietern. F\u00fcr Ihre Kunden ist es wichtig, dass die Nachbearbeitung auf einem gleichbleibend hohen Niveau stattfindet. Im Rahmen der ISO-Zertifizierung erkl\u00e4ren wir Ihnen, welche Anforderungen bestehen und wo es bei Ihren Prozessen Nachbesserungsbedarf gibt.&nbsp;&nbsp;<\/p>\n<p>Mit einer ISO-18587 Zertifizierung verbessern Sie die Effizienz der \u00dcbersetzungen und verschlanken Abl\u00e4ufe, ohne dabei bei der Qualit\u00e4t Abstriche machen zu m\u00fcssen. Ihren Kunden k\u00f6nnen Sie per Zertifikat nachweisen, dass Sie zeiteffektiv arbeiten und eine optimale maschinelle \u00dcbersetzung liefern k\u00f6nnen.&nbsp;<\/p>\n<p><span><img decoding=\"async\" alt=\"Sicherheit bei \u00dcbersetzungsdienstleistern: Ein ISO 17100 Zertifikat hilft dabei\" data-id=\"3761\" width=\"1180\" data-init-width=\"1640\" height=\"478\" data-init-height=\"664\" title=\"pexels-alexander-suhorucov-6457521\" loading=\"lazy\" src=\"https:\/\/linquacert.com\/wp-content\/uploads\/2021\/11\/pexels-alexander-suhorucov-6457521.jpg\" data-width=\"1180\" data-height=\"478\" style=\"aspect-ratio: auto 1640 \/ 664;\"><\/span><\/p>\n<h3>Das richtige Zertifikat f\u00fcr Sie<\/h3>\n<p>Wenn Sie klassische \u00dcbersetzungen in einer oder mehreren Sprachen anbieten, dann sollten Sie sich auf jeden Fall nach ISO 17100 zertifizieren lassen. Sie k\u00f6nnen damit nach au\u00dfen die hohe Qualit\u00e4t Ihrer Dienstleistungen nachweisen. Sollten Sie auch maschinelle \u00dcbersetzungen im Portfolio haben, ist ein ISO 18587 Zertifikat notwendig. Nur dieses garantiert den Qualit\u00e4tsnachweis bei dieser Form der \u00dcbersetzung.&nbsp;<\/p>","protected":false},"excerpt":{"rendered":"<p>LinquaCert ist die Zertifizierungsstelle f\u00fcr ambitionierte \u00dcbersetzungsdienstleister Zertifizierung ISO 17100 Zertifizierung 18587 Wir bieten Ihnen zwei Zertifikate, die eigens f\u00fcr den Qualit\u00e4tsnachweis von \u00dcbersetzungsdienstleistungen geschaffen wurden. Sie folgen beide internationalen Standards und sind damit auch in allen Sprachr\u00e4umen einsetzbar, in denen Sie t\u00e4tig sind.&nbsp; ISO 17100 Zertifikat Das&nbsp;ISO 17100 Zertifikat&nbsp;legt die Anforderungen f\u00fcr&nbsp;hochwertige \u00dcbersetzungsdienstleistungen&nbsp;fest. Bei [&hellip;]<\/p>\n","protected":false},"author":1,"featured_media":4275,"parent":0,"menu_order":0,"comment_status":"closed","ping_status":"closed","template":"","meta":{"footnotes":""},"class_list":["post-1359","page","type-page","status-publish","has-post-thumbnail","hentry","post-wrapper","thrv_wrapper"],"yoast_head":"<!-- This site is optimized with the Yoast SEO Premium plugin v27.3 (Yoast SEO v27.3) - https:\/\/yoast.com\/product\/yoast-seo-premium-wordpress\/ -->\n<title>Zertifikate und Zertifizierungen von LinquaCert<\/title>\n<meta name=\"description\" content=\"LinquaCert ist die Zertifizierungsstelle f\u00fcr ambitionierte \u00dcbersetzungsdienstleister. Zertifizierungen der Norm ISO 17100 und ISO 18587 an.\" \/>\n<meta name=\"robots\" content=\"index, follow, max-snippet:-1, max-image-preview:large, max-video-preview:-1\" \/>\n<link rel=\"canonical\" href=\"https:\/\/linquacert.com\/it\/zertifikate-zertifizierungen\/\" \/>\n<meta property=\"og:locale\" content=\"it_IT\" \/>\n<meta property=\"og:type\" content=\"article\" \/>\n<meta property=\"og:title\" content=\"Zertifikate und Zertifizierungen\" \/>\n<meta property=\"og:description\" content=\"LinquaCert ist die Zertifizierungsstelle f\u00fcr ambitionierte \u00dcbersetzungsdienstleister. Zertifizierungen der Norm ISO 17100 und ISO 18587 an.\" \/>\n<meta property=\"og:url\" content=\"https:\/\/linquacert.com\/it\/zertifikate-zertifizierungen\/\" \/>\n<meta property=\"og:site_name\" content=\"Linquacert\" \/>\n<meta property=\"article:modified_time\" content=\"2026-01-15T22:40:34+00:00\" \/>\n<meta property=\"og:image\" content=\"https:\/\/linquacert.com\/wp-content\/uploads\/2023\/08\/text-ubersetzen.jpg\" \/>\n\t<meta property=\"og:image:width\" content=\"1642\" \/>\n\t<meta property=\"og:image:height\" content=\"914\" \/>\n\t<meta property=\"og:image:type\" content=\"image\/jpeg\" \/>\n<meta name=\"twitter:card\" content=\"summary_large_image\" \/>\n<meta name=\"twitter:label1\" content=\"Tempo di lettura stimato\" \/>\n\t<meta name=\"twitter:data1\" content=\"3 minuti\" \/>\n<script type=\"application\/ld+json\" class=\"yoast-schema-graph\">{\"@context\":\"https:\\\/\\\/schema.org\",\"@graph\":[{\"@type\":\"WebPage\",\"@id\":\"https:\\\/\\\/linquacert.com\\\/zertifikate-zertifizierungen\\\/\",\"url\":\"https:\\\/\\\/linquacert.com\\\/zertifikate-zertifizierungen\\\/\",\"name\":\"Zertifikate und Zertifizierungen von LinquaCert\",\"isPartOf\":{\"@id\":\"https:\\\/\\\/linquacert.com\\\/#website\"},\"primaryImageOfPage\":{\"@id\":\"https:\\\/\\\/linquacert.com\\\/zertifikate-zertifizierungen\\\/#primaryimage\"},\"image\":{\"@id\":\"https:\\\/\\\/linquacert.com\\\/zertifikate-zertifizierungen\\\/#primaryimage\"},\"thumbnailUrl\":\"https:\\\/\\\/linquacert.com\\\/wp-content\\\/uploads\\\/2023\\\/08\\\/text-ubersetzen.jpg\",\"datePublished\":\"2020-03-13T08:27:45+00:00\",\"dateModified\":\"2026-01-15T22:40:34+00:00\",\"description\":\"LinquaCert ist die Zertifizierungsstelle f\u00fcr ambitionierte \u00dcbersetzungsdienstleister. Zertifizierungen der Norm ISO 17100 und ISO 18587 an.\",\"breadcrumb\":{\"@id\":\"https:\\\/\\\/linquacert.com\\\/zertifikate-zertifizierungen\\\/#breadcrumb\"},\"inLanguage\":\"it-IT\",\"potentialAction\":[{\"@type\":\"ReadAction\",\"target\":[\"https:\\\/\\\/linquacert.com\\\/zertifikate-zertifizierungen\\\/\"]}]},{\"@type\":\"ImageObject\",\"inLanguage\":\"it-IT\",\"@id\":\"https:\\\/\\\/linquacert.com\\\/zertifikate-zertifizierungen\\\/#primaryimage\",\"url\":\"https:\\\/\\\/linquacert.com\\\/wp-content\\\/uploads\\\/2023\\\/08\\\/text-ubersetzen.jpg\",\"contentUrl\":\"https:\\\/\\\/linquacert.com\\\/wp-content\\\/uploads\\\/2023\\\/08\\\/text-ubersetzen.jpg\",\"width\":1642,\"height\":914,\"caption\":\"text u\u0308bersetzen\"},{\"@type\":\"BreadcrumbList\",\"@id\":\"https:\\\/\\\/linquacert.com\\\/zertifikate-zertifizierungen\\\/#breadcrumb\",\"itemListElement\":[{\"@type\":\"ListItem\",\"position\":1,\"name\":\"Home\",\"item\":\"https:\\\/\\\/linquacert.com\\\/\"},{\"@type\":\"ListItem\",\"position\":2,\"name\":\"Zertifikate und Zertifizierungen\"}]},{\"@type\":\"WebSite\",\"@id\":\"https:\\\/\\\/linquacert.com\\\/#website\",\"url\":\"https:\\\/\\\/linquacert.com\\\/\",\"name\":\"Linquacert\",\"description\":\"Schweizerischer Verband der Qualit\u00e4ts-Sprachendienste\",\"publisher\":{\"@id\":\"https:\\\/\\\/linquacert.com\\\/#organization\"},\"potentialAction\":[{\"@type\":\"SearchAction\",\"target\":{\"@type\":\"EntryPoint\",\"urlTemplate\":\"https:\\\/\\\/linquacert.com\\\/?s={search_term_string}\"},\"query-input\":{\"@type\":\"PropertyValueSpecification\",\"valueRequired\":true,\"valueName\":\"search_term_string\"}}],\"inLanguage\":\"it-IT\"},{\"@type\":\"Organization\",\"@id\":\"https:\\\/\\\/linquacert.com\\\/#organization\",\"name\":\"Linquacert\",\"url\":\"https:\\\/\\\/linquacert.com\\\/\",\"logo\":{\"@type\":\"ImageObject\",\"inLanguage\":\"it-IT\",\"@id\":\"https:\\\/\\\/linquacert.com\\\/#\\\/schema\\\/logo\\\/image\\\/\",\"url\":\"https:\\\/\\\/linquacert.com\\\/wp-content\\\/uploads\\\/2020\\\/03\\\/site-logo.jpg\",\"contentUrl\":\"https:\\\/\\\/linquacert.com\\\/wp-content\\\/uploads\\\/2020\\\/03\\\/site-logo.jpg\",\"width\":370,\"height\":134,\"caption\":\"Linquacert\"},\"image\":{\"@id\":\"https:\\\/\\\/linquacert.com\\\/#\\\/schema\\\/logo\\\/image\\\/\"}}]}<\/script>\n<!-- \/ Yoast SEO Premium plugin. -->","yoast_head_json":{"title":"Zertifikate und Zertifizierungen von LinquaCert","description":"LinquaCert ist die Zertifizierungsstelle f\u00fcr ambitionierte \u00dcbersetzungsdienstleister. Zertifizierungen der Norm ISO 17100 und ISO 18587 an.","robots":{"index":"index","follow":"follow","max-snippet":"max-snippet:-1","max-image-preview":"max-image-preview:large","max-video-preview":"max-video-preview:-1"},"canonical":"https:\/\/linquacert.com\/it\/zertifikate-zertifizierungen\/","og_locale":"it_IT","og_type":"article","og_title":"Zertifikate und Zertifizierungen","og_description":"LinquaCert ist die Zertifizierungsstelle f\u00fcr ambitionierte \u00dcbersetzungsdienstleister. Zertifizierungen der Norm ISO 17100 und ISO 18587 an.","og_url":"https:\/\/linquacert.com\/it\/zertifikate-zertifizierungen\/","og_site_name":"Linquacert","article_modified_time":"2026-01-15T22:40:34+00:00","og_image":[{"width":1642,"height":914,"url":"https:\/\/linquacert.com\/wp-content\/uploads\/2023\/08\/text-ubersetzen.jpg","type":"image\/jpeg"}],"twitter_card":"summary_large_image","twitter_misc":{"Tempo di lettura stimato":"3 minuti"},"schema":{"@context":"https:\/\/schema.org","@graph":[{"@type":"WebPage","@id":"https:\/\/linquacert.com\/zertifikate-zertifizierungen\/","url":"https:\/\/linquacert.com\/zertifikate-zertifizierungen\/","name":"Zertifikate und Zertifizierungen von LinquaCert","isPartOf":{"@id":"https:\/\/linquacert.com\/#website"},"primaryImageOfPage":{"@id":"https:\/\/linquacert.com\/zertifikate-zertifizierungen\/#primaryimage"},"image":{"@id":"https:\/\/linquacert.com\/zertifikate-zertifizierungen\/#primaryimage"},"thumbnailUrl":"https:\/\/linquacert.com\/wp-content\/uploads\/2023\/08\/text-ubersetzen.jpg","datePublished":"2020-03-13T08:27:45+00:00","dateModified":"2026-01-15T22:40:34+00:00","description":"LinquaCert ist die Zertifizierungsstelle f\u00fcr ambitionierte \u00dcbersetzungsdienstleister. Zertifizierungen der Norm ISO 17100 und ISO 18587 an.","breadcrumb":{"@id":"https:\/\/linquacert.com\/zertifikate-zertifizierungen\/#breadcrumb"},"inLanguage":"it-IT","potentialAction":[{"@type":"ReadAction","target":["https:\/\/linquacert.com\/zertifikate-zertifizierungen\/"]}]},{"@type":"ImageObject","inLanguage":"it-IT","@id":"https:\/\/linquacert.com\/zertifikate-zertifizierungen\/#primaryimage","url":"https:\/\/linquacert.com\/wp-content\/uploads\/2023\/08\/text-ubersetzen.jpg","contentUrl":"https:\/\/linquacert.com\/wp-content\/uploads\/2023\/08\/text-ubersetzen.jpg","width":1642,"height":914,"caption":"text u\u0308bersetzen"},{"@type":"BreadcrumbList","@id":"https:\/\/linquacert.com\/zertifikate-zertifizierungen\/#breadcrumb","itemListElement":[{"@type":"ListItem","position":1,"name":"Home","item":"https:\/\/linquacert.com\/"},{"@type":"ListItem","position":2,"name":"Zertifikate und Zertifizierungen"}]},{"@type":"WebSite","@id":"https:\/\/linquacert.com\/#website","url":"https:\/\/linquacert.com\/","name":"Linquacert","description":"Schweizerischer Verband der Qualit\u00e4ts-Sprachendienste","publisher":{"@id":"https:\/\/linquacert.com\/#organization"},"potentialAction":[{"@type":"SearchAction","target":{"@type":"EntryPoint","urlTemplate":"https:\/\/linquacert.com\/?s={search_term_string}"},"query-input":{"@type":"PropertyValueSpecification","valueRequired":true,"valueName":"search_term_string"}}],"inLanguage":"it-IT"},{"@type":"Organization","@id":"https:\/\/linquacert.com\/#organization","name":"Linquacert","url":"https:\/\/linquacert.com\/","logo":{"@type":"ImageObject","inLanguage":"it-IT","@id":"https:\/\/linquacert.com\/#\/schema\/logo\/image\/","url":"https:\/\/linquacert.com\/wp-content\/uploads\/2020\/03\/site-logo.jpg","contentUrl":"https:\/\/linquacert.com\/wp-content\/uploads\/2020\/03\/site-logo.jpg","width":370,"height":134,"caption":"Linquacert"},"image":{"@id":"https:\/\/linquacert.com\/#\/schema\/logo\/image\/"}}]}},"_links":{"self":[{"href":"https:\/\/linquacert.com\/it\/wp-json\/wp\/v2\/pages\/1359","targetHints":{"allow":["GET"]}}],"collection":[{"href":"https:\/\/linquacert.com\/it\/wp-json\/wp\/v2\/pages"}],"about":[{"href":"https:\/\/linquacert.com\/it\/wp-json\/wp\/v2\/types\/page"}],"author":[{"embeddable":true,"href":"https:\/\/linquacert.com\/it\/wp-json\/wp\/v2\/users\/1"}],"replies":[{"embeddable":true,"href":"https:\/\/linquacert.com\/it\/wp-json\/wp\/v2\/comments?post=1359"}],"version-history":[{"count":56,"href":"https:\/\/linquacert.com\/it\/wp-json\/wp\/v2\/pages\/1359\/revisions"}],"predecessor-version":[{"id":5745,"href":"https:\/\/linquacert.com\/it\/wp-json\/wp\/v2\/pages\/1359\/revisions\/5745"}],"wp:featuredmedia":[{"embeddable":true,"href":"https:\/\/linquacert.com\/it\/wp-json\/wp\/v2\/media\/4275"}],"wp:attachment":[{"href":"https:\/\/linquacert.com\/it\/wp-json\/wp\/v2\/media?parent=1359"}],"curies":[{"name":"wp","href":"https:\/\/api.w.org\/{rel}","templated":true}]}}