{"id":1431,"date":"2020-03-13T10:30:44","date_gmt":"2020-03-13T09:30:44","guid":{"rendered":"https:\/\/linquacert.com\/basis\/"},"modified":"2026-01-15T23:43:13","modified_gmt":"2026-01-15T22:43:13","slug":"iso-zertifizierungen-linquacert","status":"publish","type":"page","link":"https:\/\/linquacert.com\/fr\/iso-zertifizierungen-linquacert\/","title":{"rendered":"Base"},"content":{"rendered":"<h2 style=\"text-align: center;\"><\/h2>\n<h2 style=\"text-align: center;\">Informations sur les Certifications LinquaCert<\/h2>\n<p>D\u00e9sormais, les nouvelles certifications LinquaCert incluent un lien internet permettant de consulter clairement les crit\u00e8res de test. Cela offre aux personnes int\u00e9ress\u00e9es encore plus d\u2019informations sur le contenu des tests.<\/p>\n<p><span style=\"\"><img decoding=\"async\" alt=\"ISO Zertifizierung\" data-id=\"2236\" width=\"196\" data-init-width=\"300\" height=\"238\" data-init-height=\"365\" title=\"LinquaCert_ISO_17100_18587\" loading=\"lazy\" src=\"https:\/\/linquacert.com\/wp-content\/uploads\/2021\/03\/LinquaCert_ISO_17100_18587_US-1.jpg\" data-width=\"196\" data-height=\"238\" style=\"aspect-ratio: auto 300 \/ 365;\" mt-d=\"-3.9839999999999804\" ml-d=\"0\"><\/span><\/p>\n<p>Si vous utilisez notre label de qualit\u00e9 \u00e0 des fins publicitaires aupr\u00e8s des consommateurs, nous vous recommandons vivement d\u2019utiliser uniquement le nouveau label LinquaCert avec ce lien. Dans le cas contraire, vous pourriez recevoir un avertissement des autorit\u00e9s de protection des consommateurs ou \u00eatre signal\u00e9 par des tiers pour violation du droit de la concurrence (UWG).<\/p>\n<p>Si vous utilisez des labels de certification qui ne contiennent pas ce lien, veuillez vous assurer que www.linquacert.com\/base\n est utilis\u00e9 comme r\u00e9f\u00e9rence.<\/p>\n<h3>Contenu du Test<\/h3>\n<p><strong>Certification :<\/strong>Certification du syst\u00e8me de management \/ audit volontaire.<\/p>\n<p class=\"translation-block\"><strong>Base de l\u2019audit :<\/strong><br>Normes internationales <a href=\"https:\/\/linquacert.com\/fr\/iso-17100\/\" target=\"_blank\">ISO 17100<\/a> et <a href=\"https:\/\/linquacert.com\/fr\/iso-18587\/\" target=\"_blank\">ISO 18587<\/a>.<br>(Exigences relatives aux services de traduction ainsi qu\u2019\u00e0 la post-\u00e9dition des traductions automatiques).<\/p>\n<p class=\"translation-block\"><strong>L\u00e9gislation des normes :<\/strong><br>Organisation internationale de normalisation (ISO).<\/p>\n<p class=\"translation-block\"><strong>Que comprennent les normes ISO 17100 et ISO 18587 ?<\/strong><br>Ces deux normes d\u00e9finissent les exigences relatives au management des processus certifiables au sein des entreprises. Cela inclut notamment :<\/p>\n<h2><a href=\"https:\/\/linquacert.com\/fr\/kontakt\/\" style=\"outline: none;\">Contactez-nous d\u00e8s maintenant \u2013 Nous sommes ravis de vous accueillir<\/a><\/h2>\n<p class=\"translation-block\">Vous pouvez nous joindre par t\u00e9l\u00e9phone au +41 44 552 66 19 ou envoyer un <a class=\"\" href=\"mailto:mk@linquacert.com\" target=\"_self\">e-mail \u00e0 M. Markus Kukla<\/a>, responsable de l\u2019organisme de certification. Nous nous r\u00e9jouissons de votre prise de contact.<\/p>\n<h3>Crit\u00e8res de Test<\/h3>\n<ul>\n<li>L\u2019entreprise a mis en place des proc\u00e9dures appropri\u00e9es pour la prestation de services. Elle analyse et respecte les exigences de qualit\u00e9 de ses clients ainsi que celles des normes.<\/li>\n<li>L\u2019entreprise s\u2019est soumise \u00e0 un audit volontaire (audit sur site) bas\u00e9 sur des crit\u00e8res d\u00e9finis (sp\u00e9cifications d\u2019audit).<\/li>\n<li>Un certificat et\/ou l\u2019autorisation d\u2019utiliser le label de qualit\u00e9 n\u2019est accord\u00e9 que si aucune non-conformit\u00e9 majeure par rapport aux exigences de la base d\u2019audit n\u2019est constat\u00e9e lors du test.<\/li>\n<li><a href=\"https:\/\/linquacert.com\/fr\/aktuelle-zertifikate\/\" style=\"outline: none;\">Les certificats et\/ou labels de qualit\u00e9 sont d\u00e9livr\u00e9s pour une dur\u00e9e limit\u00e9e. Vous pouvez v\u00e9rifier la validit\u00e9 de chaque certificat sur la page LinquaCert \u00ab Certificats actuels \u00bb.<\/a><\/li>\n<li>For certification, annual scheduled audits must be carried out and result in positive outcomes.<\/li>\n<li>Des audits inopin\u00e9s peuvent occasionnellement avoir lieu.<\/li>\n<li>Les normes ISO 17100 \/ ISO 18587 ne sont pas des certifications de produit. Par cons\u00e9quent, aucune d\u00e9claration ne peut \u00eatre faite sur la qualit\u00e9 d\u2019une traduction sp\u00e9cifique fournie par le client certifi\u00e9.<\/li>\n<li>La certification selon ISO 17100 et\/ou ISO 18587 ne peut pas garantir un travail sans erreur, m\u00eame si c\u2019est l\u2019objectif.<\/li>\n<\/ul>\n<p align=\"left\">Gr\u00e2ce \u00e0 notre r\u00e9sum\u00e9 des principaux crit\u00e8res d\u2019audit, vous et vos clients \u00eates du bon c\u00f4t\u00e9.<\/p>\n<p align=\"left\">Cela cr\u00e9e de la transparence et vous permet de d\u00e9montrer \u00e0 tout moment quelles exigences vous avez remplies gr\u00e2ce \u00e0 votre certification. Vos clients peuvent acc\u00e9der rapidement et facilement \u00e0 cette page via un lien et se faire une id\u00e9e des principaux contenus de la certification et des bases de ces normes ISO. En tant que prestataire de services de traduction certifi\u00e9, vous b\u00e9n\u00e9ficiez \u00e9galement d\u2019une s\u00e9curit\u00e9 juridique, car vous pouvez vous r\u00e9f\u00e9rer \u00e0 nous en tant qu\u2019organisme de certification reconnu.<\/p>\n<p><span><img decoding=\"async\" alt=\"u\u0308bersetzer englisch deutsche\" data-id=\"4250\" width=\"1180\" data-init-width=\"1468\" height=\"780\" data-init-height=\"970\" title=\"u\u0308bersetzer englisch deutsche\" loading=\"lazy\" src=\"https:\/\/linquacert.com\/wp-content\/uploads\/2023\/08\/ubersetzer-englisch-deutsche.jpg\" data-width=\"1180\" data-height=\"780\" style=\"aspect-ratio: auto 1468 \/ 970;\"><\/span><\/p>\n<h3>Contenus Suppl\u00e9mentaires de la Certification<\/h3>\n<h3>Dans le cadre de la norme ISO 17000<\/h3>\n<p align=\"left\"><b>Ressources Disponibles :<\/b><\/p>\n<p align=\"left\">Quels traducteurs sont impliqu\u00e9s, quelles qualifications professionnelles ils poss\u00e8dent et quelle exp\u00e9rience ils peuvent d\u00e9montrer<\/p>\n<p align=\"left\"><b>Revisers:<\/b><\/p>\n<p align=\"left\">Who revises and corrects the texts?<\/p>\n<p align=\"left\"><b>Project Management<\/b>:<\/p>\n<p align=\"left\">Comment la gestion de projet est-elle int\u00e9gr\u00e9e et quelles sont ses responsabilit\u00e9s ?<\/p>\n<p align=\"left\"><b>Subcontractors:<\/b><\/p>\n<p align=\"left\">Quelles qualifications poss\u00e8dent les tiers impliqu\u00e9s dans les projets ?<\/p>\n<p align=\"left\"><b>Infrastructure Technique :<\/b><\/p>\n<p align=\"left\">Quel logiciel est utilis\u00e9 ?<\/p>\n<p align=\"left\">Comment la s\u00e9curit\u00e9 informatique est-elle assur\u00e9e ?<\/p>\n<p align=\"left\"><b>Production Preparation:<\/b><\/p>\n<p align=\"left\">Comment les demandes sont-elles trait\u00e9es et les offres pr\u00e9par\u00e9es ?<\/p>\n<p align=\"left\">What are the processes for project preparation and specification?<\/p>\n<p align=\"left\"><b>Production :<\/b><\/p>\n<p align=\"left\">Examen d\u00e9taill\u00e9 des processus de traduction, de r\u00e9vision, de contr\u00f4le sp\u00e9cialis\u00e9, ainsi que de correction et d\u2019approbation<\/p>\n<p align=\"left\"><b>Post-production :<\/b><\/p>\n<p align=\"left\">Comment les retours des clients sont-ils trait\u00e9s et quels processus administratifs finaux sont en place ?<\/p>\n<p><span><img decoding=\"async\" alt=\"sprechen\" data-id=\"4253\" width=\"1180\" data-init-width=\"1642\" height=\"778\" data-init-height=\"1082\" title=\"parlent\" loading=\"lazy\" src=\"https:\/\/linquacert.com\/wp-content\/uploads\/2023\/08\/sprechen.jpg\" data-width=\"1180\" data-height=\"778\" style=\"aspect-ratio: auto 1642 \/ 1082;\"><\/span><\/p>\n<h3>Dans le cadre de la norme ISO 18587<\/h3>\n<p align=\"left\">Ici aussi, la pr\u00e9paration, le traitement proprement dit et le post-traitement sont examin\u00e9s s\u00e9par\u00e9ment, et chaque \u00e9tape est v\u00e9rifi\u00e9e quant \u00e0 sa conformit\u00e9 \u00e0 la norme ISO 18587.<\/p>\n<p align=\"left\">En ce qui concerne les comp\u00e9tences, l\u2019accent est mis sur les qualifications g\u00e9n\u00e9rales du LSP (Language Service Provider), les qualifications professionnelles des traducteurs et le professionnalisme du service.<\/p>\n<p align=\"left\">Le workflow et la qualit\u00e9 des processus existants sont essentiels pour la certification. La gestion de projet est au c\u0153ur de ce processus. L\u2019audit comprend notamment :<\/p>\n<ul>\n<li>\n<p align=\"left\">Identification des principales exigences et des sp\u00e9cifications du projet pendant le processus de pr\u00e9production<\/p>\n<\/li>\n<li>\n<p align=\"left\">Respect des proc\u00e9dures et des sp\u00e9cifications tout au long du processus de production<\/p>\n<\/li>\n<li>\n<p align=\"left\">Suivi du processus de pr\u00e9paration du projet de traduction<\/p>\n<\/li>\n<li>\n<p align=\"left\">Attribution d\u2019un ou plusieurs traducteurs qualifi\u00e9s au projet de traduction<\/p>\n<\/li>\n<li>\n<p align=\"left\">D\u00e9signation d\u2019un ou de plusieurs r\u00e9viseurs qualifi\u00e9s<\/p>\n<\/li>\n<li>\n<p align=\"left\">Diffusion des informations et transmission des instructions dans le cadre de la mission<\/p>\n<\/li>\n<li>\n<p align=\"left\">V\u00e9rification que les sp\u00e9cifications du service de traduction ont \u00e9t\u00e9 respect\u00e9es avant que la traduction ne soit approuv\u00e9e et remise au client.<\/p>\n<\/li>\n<\/ul>","protected":false},"excerpt":{"rendered":"<p>Informationen zu LinquaCert-Zertifizierungen Ab sofort enthalten die neuen LinquaCert-Zertifizierungen jetzt einen Internetlink, \u00fcber den die jeweiligen Testkriterien klar beschrieben werden. Dadurch erhalten Interessenten noch mehr Informationen zum Testinhalt. Wenn Sie unser Qualit\u00e4tssymbol f\u00fcr Verbraucherwerbung verwenden, empfehlen wir dringend, nur das neue LinquaCert-Qualit\u00e4tssymbol mit diesem Link zu verwenden. Andernfalls erhalten Sie m\u00f6glicherweise eine Warnung von Verbraucherschutzbeh\u00f6rden [&hellip;]<\/p>\n","protected":false},"author":1,"featured_media":4245,"parent":0,"menu_order":0,"comment_status":"closed","ping_status":"closed","template":"","meta":{"footnotes":""},"class_list":["post-1431","page","type-page","status-publish","has-post-thumbnail","hentry","post-wrapper","thrv_wrapper"],"yoast_head":"<!-- This site is optimized with the Yoast SEO Premium plugin v27.4 (Yoast SEO v27.4) - https:\/\/yoast.com\/product\/yoast-seo-premium-wordpress\/ -->\n<title>ISO Zertifizierungen LinquaCert - ISO 17100 und ISO 18587<\/title>\n<meta name=\"description\" content=\"Die Normen ISO 17100 und ISO 18587 definieren die Anforderungen an das zertifizierbare Verfahrensmanagement von Unternehmen.\" \/>\n<meta name=\"robots\" content=\"index, follow, max-snippet:-1, max-image-preview:large, max-video-preview:-1\" \/>\n<link rel=\"canonical\" href=\"https:\/\/linquacert.com\/fr\/iso-zertifizierungen-linquacert\/\" \/>\n<meta property=\"og:locale\" content=\"fr_FR\" \/>\n<meta property=\"og:type\" content=\"article\" \/>\n<meta property=\"og:title\" content=\"Basis\" \/>\n<meta property=\"og:description\" content=\"Die Normen ISO 17100 und ISO 18587 definieren die Anforderungen an das zertifizierbare Verfahrensmanagement von Unternehmen.\" \/>\n<meta property=\"og:url\" content=\"https:\/\/linquacert.com\/fr\/iso-zertifizierungen-linquacert\/\" \/>\n<meta property=\"og:site_name\" content=\"Linquacert\" \/>\n<meta property=\"article:modified_time\" content=\"2026-01-15T22:43:13+00:00\" \/>\n<meta property=\"og:image\" content=\"https:\/\/linquacert.com\/wp-content\/uploads\/2023\/08\/Sprachubersetzer.jpg\" \/>\n\t<meta property=\"og:image:width\" content=\"1686\" \/>\n\t<meta property=\"og:image:height\" content=\"1212\" \/>\n\t<meta property=\"og:image:type\" content=\"image\/jpeg\" \/>\n<meta name=\"twitter:card\" content=\"summary_large_image\" \/>\n<meta name=\"twitter:label1\" content=\"Dur\u00e9e de lecture estim\u00e9e\" \/>\n\t<meta name=\"twitter:data1\" content=\"3 minutes\" \/>\n<script type=\"application\/ld+json\" class=\"yoast-schema-graph\">{\"@context\":\"https:\\\/\\\/schema.org\",\"@graph\":[{\"@type\":\"WebPage\",\"@id\":\"https:\\\/\\\/linquacert.com\\\/iso-zertifizierungen-linquacert\\\/\",\"url\":\"https:\\\/\\\/linquacert.com\\\/iso-zertifizierungen-linquacert\\\/\",\"name\":\"ISO Zertifizierungen LinquaCert - ISO 17100 und ISO 18587\",\"isPartOf\":{\"@id\":\"https:\\\/\\\/linquacert.com\\\/#website\"},\"primaryImageOfPage\":{\"@id\":\"https:\\\/\\\/linquacert.com\\\/iso-zertifizierungen-linquacert\\\/#primaryimage\"},\"image\":{\"@id\":\"https:\\\/\\\/linquacert.com\\\/iso-zertifizierungen-linquacert\\\/#primaryimage\"},\"thumbnailUrl\":\"https:\\\/\\\/linquacert.com\\\/wp-content\\\/uploads\\\/2023\\\/08\\\/Sprachubersetzer.jpg\",\"datePublished\":\"2020-03-13T09:30:44+00:00\",\"dateModified\":\"2026-01-15T22:43:13+00:00\",\"description\":\"Die Normen ISO 17100 und ISO 18587 definieren die Anforderungen an das zertifizierbare Verfahrensmanagement von Unternehmen.\",\"breadcrumb\":{\"@id\":\"https:\\\/\\\/linquacert.com\\\/iso-zertifizierungen-linquacert\\\/#breadcrumb\"},\"inLanguage\":\"fr-FR\",\"potentialAction\":[{\"@type\":\"ReadAction\",\"target\":[\"https:\\\/\\\/linquacert.com\\\/iso-zertifizierungen-linquacert\\\/\"]}]},{\"@type\":\"ImageObject\",\"inLanguage\":\"fr-FR\",\"@id\":\"https:\\\/\\\/linquacert.com\\\/iso-zertifizierungen-linquacert\\\/#primaryimage\",\"url\":\"https:\\\/\\\/linquacert.com\\\/wp-content\\\/uploads\\\/2023\\\/08\\\/Sprachubersetzer.jpg\",\"contentUrl\":\"https:\\\/\\\/linquacert.com\\\/wp-content\\\/uploads\\\/2023\\\/08\\\/Sprachubersetzer.jpg\",\"width\":1686,\"height\":1212,\"caption\":\"Sprachu\u0308bersetzer\"},{\"@type\":\"BreadcrumbList\",\"@id\":\"https:\\\/\\\/linquacert.com\\\/iso-zertifizierungen-linquacert\\\/#breadcrumb\",\"itemListElement\":[{\"@type\":\"ListItem\",\"position\":1,\"name\":\"Home\",\"item\":\"https:\\\/\\\/linquacert.com\\\/\"},{\"@type\":\"ListItem\",\"position\":2,\"name\":\"Basis\"}]},{\"@type\":\"WebSite\",\"@id\":\"https:\\\/\\\/linquacert.com\\\/#website\",\"url\":\"https:\\\/\\\/linquacert.com\\\/\",\"name\":\"Linquacert\",\"description\":\"Schweizerischer Verband der Qualit\u00e4ts-Sprachendienste\",\"publisher\":{\"@id\":\"https:\\\/\\\/linquacert.com\\\/#organization\"},\"potentialAction\":[{\"@type\":\"SearchAction\",\"target\":{\"@type\":\"EntryPoint\",\"urlTemplate\":\"https:\\\/\\\/linquacert.com\\\/?s={search_term_string}\"},\"query-input\":{\"@type\":\"PropertyValueSpecification\",\"valueRequired\":true,\"valueName\":\"search_term_string\"}}],\"inLanguage\":\"fr-FR\"},{\"@type\":\"Organization\",\"@id\":\"https:\\\/\\\/linquacert.com\\\/#organization\",\"name\":\"Linquacert\",\"url\":\"https:\\\/\\\/linquacert.com\\\/\",\"logo\":{\"@type\":\"ImageObject\",\"inLanguage\":\"fr-FR\",\"@id\":\"https:\\\/\\\/linquacert.com\\\/#\\\/schema\\\/logo\\\/image\\\/\",\"url\":\"https:\\\/\\\/linquacert.com\\\/wp-content\\\/uploads\\\/2020\\\/03\\\/site-logo.jpg\",\"contentUrl\":\"https:\\\/\\\/linquacert.com\\\/wp-content\\\/uploads\\\/2020\\\/03\\\/site-logo.jpg\",\"width\":370,\"height\":134,\"caption\":\"Linquacert\"},\"image\":{\"@id\":\"https:\\\/\\\/linquacert.com\\\/#\\\/schema\\\/logo\\\/image\\\/\"}}]}<\/script>\n<!-- \/ Yoast SEO Premium plugin. -->","yoast_head_json":{"title":"ISO Zertifizierungen LinquaCert - ISO 17100 und ISO 18587","description":"Die Normen ISO 17100 und ISO 18587 definieren die Anforderungen an das zertifizierbare Verfahrensmanagement von Unternehmen.","robots":{"index":"index","follow":"follow","max-snippet":"max-snippet:-1","max-image-preview":"max-image-preview:large","max-video-preview":"max-video-preview:-1"},"canonical":"https:\/\/linquacert.com\/fr\/iso-zertifizierungen-linquacert\/","og_locale":"fr_FR","og_type":"article","og_title":"Basis","og_description":"Die Normen ISO 17100 und ISO 18587 definieren die Anforderungen an das zertifizierbare Verfahrensmanagement von Unternehmen.","og_url":"https:\/\/linquacert.com\/fr\/iso-zertifizierungen-linquacert\/","og_site_name":"Linquacert","article_modified_time":"2026-01-15T22:43:13+00:00","og_image":[{"width":1686,"height":1212,"url":"https:\/\/linquacert.com\/wp-content\/uploads\/2023\/08\/Sprachubersetzer.jpg","type":"image\/jpeg"}],"twitter_card":"summary_large_image","twitter_misc":{"Dur\u00e9e de lecture estim\u00e9e":"3 minutes"},"schema":{"@context":"https:\/\/schema.org","@graph":[{"@type":"WebPage","@id":"https:\/\/linquacert.com\/iso-zertifizierungen-linquacert\/","url":"https:\/\/linquacert.com\/iso-zertifizierungen-linquacert\/","name":"ISO Zertifizierungen LinquaCert - ISO 17100 und ISO 18587","isPartOf":{"@id":"https:\/\/linquacert.com\/#website"},"primaryImageOfPage":{"@id":"https:\/\/linquacert.com\/iso-zertifizierungen-linquacert\/#primaryimage"},"image":{"@id":"https:\/\/linquacert.com\/iso-zertifizierungen-linquacert\/#primaryimage"},"thumbnailUrl":"https:\/\/linquacert.com\/wp-content\/uploads\/2023\/08\/Sprachubersetzer.jpg","datePublished":"2020-03-13T09:30:44+00:00","dateModified":"2026-01-15T22:43:13+00:00","description":"Die Normen ISO 17100 und ISO 18587 definieren die Anforderungen an das zertifizierbare Verfahrensmanagement von Unternehmen.","breadcrumb":{"@id":"https:\/\/linquacert.com\/iso-zertifizierungen-linquacert\/#breadcrumb"},"inLanguage":"fr-FR","potentialAction":[{"@type":"ReadAction","target":["https:\/\/linquacert.com\/iso-zertifizierungen-linquacert\/"]}]},{"@type":"ImageObject","inLanguage":"fr-FR","@id":"https:\/\/linquacert.com\/iso-zertifizierungen-linquacert\/#primaryimage","url":"https:\/\/linquacert.com\/wp-content\/uploads\/2023\/08\/Sprachubersetzer.jpg","contentUrl":"https:\/\/linquacert.com\/wp-content\/uploads\/2023\/08\/Sprachubersetzer.jpg","width":1686,"height":1212,"caption":"Sprachu\u0308bersetzer"},{"@type":"BreadcrumbList","@id":"https:\/\/linquacert.com\/iso-zertifizierungen-linquacert\/#breadcrumb","itemListElement":[{"@type":"ListItem","position":1,"name":"Home","item":"https:\/\/linquacert.com\/"},{"@type":"ListItem","position":2,"name":"Basis"}]},{"@type":"WebSite","@id":"https:\/\/linquacert.com\/#website","url":"https:\/\/linquacert.com\/","name":"Linquacert","description":"Schweizerischer Verband der Qualit\u00e4ts-Sprachendienste","publisher":{"@id":"https:\/\/linquacert.com\/#organization"},"potentialAction":[{"@type":"SearchAction","target":{"@type":"EntryPoint","urlTemplate":"https:\/\/linquacert.com\/?s={search_term_string}"},"query-input":{"@type":"PropertyValueSpecification","valueRequired":true,"valueName":"search_term_string"}}],"inLanguage":"fr-FR"},{"@type":"Organization","@id":"https:\/\/linquacert.com\/#organization","name":"Linquacert","url":"https:\/\/linquacert.com\/","logo":{"@type":"ImageObject","inLanguage":"fr-FR","@id":"https:\/\/linquacert.com\/#\/schema\/logo\/image\/","url":"https:\/\/linquacert.com\/wp-content\/uploads\/2020\/03\/site-logo.jpg","contentUrl":"https:\/\/linquacert.com\/wp-content\/uploads\/2020\/03\/site-logo.jpg","width":370,"height":134,"caption":"Linquacert"},"image":{"@id":"https:\/\/linquacert.com\/#\/schema\/logo\/image\/"}}]}},"_links":{"self":[{"href":"https:\/\/linquacert.com\/fr\/wp-json\/wp\/v2\/pages\/1431","targetHints":{"allow":["GET"]}}],"collection":[{"href":"https:\/\/linquacert.com\/fr\/wp-json\/wp\/v2\/pages"}],"about":[{"href":"https:\/\/linquacert.com\/fr\/wp-json\/wp\/v2\/types\/page"}],"author":[{"embeddable":true,"href":"https:\/\/linquacert.com\/fr\/wp-json\/wp\/v2\/users\/1"}],"replies":[{"embeddable":true,"href":"https:\/\/linquacert.com\/fr\/wp-json\/wp\/v2\/comments?post=1431"}],"version-history":[{"count":83,"href":"https:\/\/linquacert.com\/fr\/wp-json\/wp\/v2\/pages\/1431\/revisions"}],"predecessor-version":[{"id":5749,"href":"https:\/\/linquacert.com\/fr\/wp-json\/wp\/v2\/pages\/1431\/revisions\/5749"}],"wp:featuredmedia":[{"embeddable":true,"href":"https:\/\/linquacert.com\/fr\/wp-json\/wp\/v2\/media\/4245"}],"wp:attachment":[{"href":"https:\/\/linquacert.com\/fr\/wp-json\/wp\/v2\/media?parent=1431"}],"curies":[{"name":"wp","href":"https:\/\/api.w.org\/{rel}","templated":true}]}}