{"id":1402,"date":"2020-03-13T10:10:40","date_gmt":"2020-03-13T10:10:40","guid":{"rendered":"https:\/\/linquacert.com\/partner\/"},"modified":"2026-01-15T23:42:41","modified_gmt":"2026-01-15T22:42:41","slug":"partner","status":"publish","type":"page","link":"https:\/\/linquacert.com\/fr\/partner\/","title":{"rendered":"Partenaire"},"content":{"rendered":"<h2>T\u00dcV S\u00dcD Management Service GmbH<\/h2>\n<p class=\"translation-block\">LinquaCert est partenaire de <a href=\"https:\/\/www.tuvsud.com\/de-de\" class=\"\" target=\"_self\"><strong>T\u00dcV S\u00dcD Management<\/strong><\/a> Service GmbH. Pour vous, en tant que client, l\u2019avantage est de pouvoir combiner les normes techniques \u00e9lev\u00e9es de l\u2019ISO 17100 avec d\u2019autres normes sous accr\u00e9ditation.<\/p>\n<p>Cela renforce votre communication avec les clients dans le cadre des activit\u00e9s commerciales. Des \u00e9conomies internes importantes peuvent \u00eatre r\u00e9alis\u00e9es dans les processus de comptabilit\u00e9 et d\u2019audit. Nos auditeurs qualifi\u00e9s dans le domaine des services de traduction sont \u00e9galement auditeurs principaux pour la norme ISO 9001.<\/p>\n<h2><a href=\"https:\/\/linquacert.com\/fr\/kontakt\/\" style=\"outline: none;\">Contactez-nous d\u00e8s maintenant \u2013 Nous sommes ravis de vous accueillir<\/a><\/h2>\n<p class=\"translation-block\">Vous pouvez nous joindre par t\u00e9l\u00e9phone au +41 44 552 66 19 ou envoyer un <a class=\"\" href=\"mailto:mk@linquacert.com\" target=\"_self\">e-mail \u00e0 M. Markus Kukla<\/a>, responsable de l\u2019organisme de certification. Nous nous r\u00e9jouissons de votre prise de contact.<\/p>\n<h2>B\u00e9n\u00e9ficiez de Certifications Suppl\u00e9mentaires<\/h2>\n<p>Avec T\u00dcV Management GmbH, nous disposons d\u2019un partenaire solide pour les certifications suppl\u00e9mentaires. Gr\u00e2ce \u00e0 cette coop\u00e9ration, nous sommes en mesure de proposer d\u2019autres certifications au-del\u00e0 des normes ISO 17100 et ISO 18587, qui peuvent \u00eatre pertinentes pour votre entreprise.<\/p>\n<p>Une combinaison id\u00e9ale pour les prestataires de services de traduction est d\u2019associer les normes sp\u00e9cifiques aux LSP avec la norme ISO 9001. Il s\u2019agit d\u2019une norme de management, et dans ce domaine nous collaborons avec T\u00dcV.<\/p>\n<p class=\"translation-block\">Au c\u0153ur de la norme <b>ISO 9001<\/b>, il s\u2019agit de d\u00e9montrer la <b>qualit\u00e9 dans le <strong>management des processus<\/strong><\/b>. L\u2019entreprise doit prouver qu\u2019elle a mis en place un syst\u00e8me de management appropri\u00e9. Cela inclut \u00e9galement des m\u00e9canismes d\u2019identification des risques, d\u2019auto-\u00e9valuation, de pr\u00e9vention, de correction et d\u2019am\u00e9lioration continue de la performance de l\u2019entreprise.<\/p>\n<p>Le label T\u00dcV S\u00dcD \u00ab Satisfaction client certifi\u00e9e \u00bb peut \u00e9galement \u00eatre combin\u00e9 efficacement avec la norme ISO 17100. La confirmation d\u2019un haut niveau de satisfaction client repose sur une enqu\u00eate clients pertinente. Celle-ci fournit des impulsions pour une fid\u00e9lisation \u00e0 long terme et contribue ainsi \u00e0 votre succ\u00e8s commercial.<\/p>\n<p>Les deux normes prennent en compte des facteurs d\u2019influence internes et externes, tels que les exigences de qualit\u00e9 des clients et les exigences impos\u00e9es par la r\u00e9glementation.<\/p>\n<p>Gr\u00e2ce \u00e0 notre longue exp\u00e9rience et au fait que nos experts peuvent intervenir comme auditeurs principaux pour la certification ISO 9001, nous travaillons main dans la main avec T\u00dcV.<\/p>\n<p><span style=\"\"><img decoding=\"async\" alt=\"iso 9001\" data-id=\"4280\" width=\"1180\" data-init-width=\"1636\" height=\"752\" data-init-height=\"1042\" title=\"iso 9001\" loading=\"lazy\" src=\"https:\/\/linquacert.com\/wp-content\/uploads\/2023\/08\/iso-9001.jpg\" data-width=\"1180\" data-height=\"752\" style=\"aspect-ratio: auto 1636 \/ 1042;\" mt-d=\"-3.9850000000000136\" ml-d=\"0\"><\/span><\/p>\n<p class=\"translation-block\">Pour vous, en tant que prestataire de services de traduction, ce partenariat signifie que vous pouvez <strong>obtenir efficacement plusieurs certifications<\/strong> sans avoir \u00e0 coordonner plusieurs prestataires. Nous analysons avec vous vos besoins en certification et d\u00e9terminons quelles autres certifications peuvent \u00eatre pertinentes.<\/p>\n<p>Des normes d\u2019accr\u00e9ditation reconnues telles que ISO\/IEC 17021 s\u2019appliquent. L\u2019accr\u00e9ditation confirme que les organismes de certification sont en mesure d\u2019exercer leur activit\u00e9 de mani\u00e8re comp\u00e9tente conform\u00e9ment aux normes internationales, aux exigences l\u00e9gales et aux r\u00e8gles en vigueur.<\/p>\n<p> Durch unsere Partnerschaft mit dem T\u00dcV S\u00dcD machen wir es Ihnen einfach, mit <strong>mehreren Pr\u00fcfsiegeln<\/strong> bei Ihren Kunden die hohe Qualit\u00e4t Ihrer Arbeit nachweisen zu k\u00f6nnen. Sie haben damit hervorragende Verkaufsargumente in der Hand, wie international g\u00fcltige Qualit\u00e4tsnachweise, transparente Arbeitsprozesse und die Zusammenarbeit mit ebenfalls zertifizierten Organisationen und akkreditierten Zertifizierern. Das schafft wertvolles Vertrauen in der Kundenkommunikation.<\/p>","protected":false},"excerpt":{"rendered":"<p>T\u00dcV S\u00dcD Management Service GmbH LinquaCert ist Partner der T\u00dcV S\u00dcD Management Service GmbH. F\u00fcr Sie als Kunden liegt der Vorteil darin, die hohen technischen Standards von ISO 17100 mit anderen Standards unter Akkreditierung kombinieren zu k\u00f6nnen. Dies st\u00e4rkt Ihre Kundenkommunikation im Vertrieb. Bei der Durchf\u00fchrung von Buchhaltung und Wirtschaftspr\u00fcfung k\u00f6nnen erhebliche interne Kosteneinsparungen erzielt [&hellip;]<\/p>\n","protected":false},"author":1,"featured_media":3987,"parent":0,"menu_order":0,"comment_status":"closed","ping_status":"closed","template":"","meta":{"footnotes":""},"class_list":["post-1402","page","type-page","status-publish","has-post-thumbnail","hentry","post-wrapper","thrv_wrapper"],"yoast_head":"<!-- This site is optimized with the Yoast SEO Premium plugin v27.4 (Yoast SEO v27.4) - https:\/\/yoast.com\/product\/yoast-seo-premium-wordpress\/ -->\n<title>LinquaCert ist Partner der T\u00dcV S\u00dcD Management Service GmbH.<\/title>\n<meta name=\"description\" content=\"LinquaCert ist Partner der T\u00dcV S\u00dcD Management Service. Technischen Standards von ISO 17100 mit anderen Standards unter DAkkS.\" \/>\n<meta name=\"robots\" content=\"index, follow, max-snippet:-1, max-image-preview:large, max-video-preview:-1\" \/>\n<link rel=\"canonical\" href=\"https:\/\/linquacert.com\/fr\/partner\/\" \/>\n<meta property=\"og:locale\" content=\"fr_FR\" \/>\n<meta property=\"og:type\" content=\"article\" \/>\n<meta property=\"og:title\" content=\"Partner\" \/>\n<meta property=\"og:description\" content=\"LinquaCert ist Partner der T\u00dcV S\u00dcD Management Service. Technischen Standards von ISO 17100 mit anderen Standards unter DAkkS.\" \/>\n<meta property=\"og:url\" content=\"https:\/\/linquacert.com\/fr\/partner\/\" \/>\n<meta property=\"og:site_name\" content=\"Linquacert\" \/>\n<meta property=\"article:modified_time\" content=\"2026-01-15T22:42:41+00:00\" \/>\n<meta property=\"og:image\" content=\"https:\/\/linquacert.com\/wp-content\/uploads\/2023\/05\/Partner.jpeg\" \/>\n\t<meta property=\"og:image:width\" content=\"1280\" \/>\n\t<meta property=\"og:image:height\" content=\"598\" \/>\n\t<meta property=\"og:image:type\" content=\"image\/jpeg\" \/>\n<meta name=\"twitter:card\" content=\"summary_large_image\" \/>\n<meta name=\"twitter:label1\" content=\"Dur\u00e9e de lecture estim\u00e9e\" \/>\n\t<meta name=\"twitter:data1\" content=\"2 minutes\" \/>\n<script type=\"application\/ld+json\" class=\"yoast-schema-graph\">{\"@context\":\"https:\\\/\\\/schema.org\",\"@graph\":[{\"@type\":\"WebPage\",\"@id\":\"https:\\\/\\\/linquacert.com\\\/partner\\\/\",\"url\":\"https:\\\/\\\/linquacert.com\\\/partner\\\/\",\"name\":\"LinquaCert ist Partner der T\u00dcV S\u00dcD Management Service GmbH.\",\"isPartOf\":{\"@id\":\"https:\\\/\\\/linquacert.com\\\/#website\"},\"primaryImageOfPage\":{\"@id\":\"https:\\\/\\\/linquacert.com\\\/partner\\\/#primaryimage\"},\"image\":{\"@id\":\"https:\\\/\\\/linquacert.com\\\/partner\\\/#primaryimage\"},\"thumbnailUrl\":\"https:\\\/\\\/linquacert.com\\\/wp-content\\\/uploads\\\/2023\\\/05\\\/Partner.jpeg\",\"datePublished\":\"2020-03-13T10:10:40+00:00\",\"dateModified\":\"2026-01-15T22:42:41+00:00\",\"description\":\"LinquaCert ist Partner der T\u00dcV S\u00dcD Management Service. Technischen Standards von ISO 17100 mit anderen Standards unter DAkkS.\",\"breadcrumb\":{\"@id\":\"https:\\\/\\\/linquacert.com\\\/partner\\\/#breadcrumb\"},\"inLanguage\":\"fr-FR\",\"potentialAction\":[{\"@type\":\"ReadAction\",\"target\":[\"https:\\\/\\\/linquacert.com\\\/partner\\\/\"]}]},{\"@type\":\"ImageObject\",\"inLanguage\":\"fr-FR\",\"@id\":\"https:\\\/\\\/linquacert.com\\\/partner\\\/#primaryimage\",\"url\":\"https:\\\/\\\/linquacert.com\\\/wp-content\\\/uploads\\\/2023\\\/05\\\/Partner.jpeg\",\"contentUrl\":\"https:\\\/\\\/linquacert.com\\\/wp-content\\\/uploads\\\/2023\\\/05\\\/Partner.jpeg\",\"width\":1280,\"height\":598,\"caption\":\"Partner ISO\"},{\"@type\":\"BreadcrumbList\",\"@id\":\"https:\\\/\\\/linquacert.com\\\/partner\\\/#breadcrumb\",\"itemListElement\":[{\"@type\":\"ListItem\",\"position\":1,\"name\":\"Home\",\"item\":\"https:\\\/\\\/linquacert.com\\\/\"},{\"@type\":\"ListItem\",\"position\":2,\"name\":\"Partner\"}]},{\"@type\":\"WebSite\",\"@id\":\"https:\\\/\\\/linquacert.com\\\/#website\",\"url\":\"https:\\\/\\\/linquacert.com\\\/\",\"name\":\"Linquacert\",\"description\":\"Schweizerischer Verband der Qualit\u00e4ts-Sprachendienste\",\"publisher\":{\"@id\":\"https:\\\/\\\/linquacert.com\\\/#organization\"},\"potentialAction\":[{\"@type\":\"SearchAction\",\"target\":{\"@type\":\"EntryPoint\",\"urlTemplate\":\"https:\\\/\\\/linquacert.com\\\/?s={search_term_string}\"},\"query-input\":{\"@type\":\"PropertyValueSpecification\",\"valueRequired\":true,\"valueName\":\"search_term_string\"}}],\"inLanguage\":\"fr-FR\"},{\"@type\":\"Organization\",\"@id\":\"https:\\\/\\\/linquacert.com\\\/#organization\",\"name\":\"Linquacert\",\"url\":\"https:\\\/\\\/linquacert.com\\\/\",\"logo\":{\"@type\":\"ImageObject\",\"inLanguage\":\"fr-FR\",\"@id\":\"https:\\\/\\\/linquacert.com\\\/#\\\/schema\\\/logo\\\/image\\\/\",\"url\":\"https:\\\/\\\/linquacert.com\\\/wp-content\\\/uploads\\\/2020\\\/03\\\/site-logo.jpg\",\"contentUrl\":\"https:\\\/\\\/linquacert.com\\\/wp-content\\\/uploads\\\/2020\\\/03\\\/site-logo.jpg\",\"width\":370,\"height\":134,\"caption\":\"Linquacert\"},\"image\":{\"@id\":\"https:\\\/\\\/linquacert.com\\\/#\\\/schema\\\/logo\\\/image\\\/\"}}]}<\/script>\n<!-- \/ Yoast SEO Premium plugin. -->","yoast_head_json":{"title":"LinquaCert ist Partner der T\u00dcV S\u00dcD Management Service GmbH.","description":"LinquaCert ist Partner der T\u00dcV S\u00dcD Management Service. Technischen Standards von ISO 17100 mit anderen Standards unter DAkkS.","robots":{"index":"index","follow":"follow","max-snippet":"max-snippet:-1","max-image-preview":"max-image-preview:large","max-video-preview":"max-video-preview:-1"},"canonical":"https:\/\/linquacert.com\/fr\/partner\/","og_locale":"fr_FR","og_type":"article","og_title":"Partner","og_description":"LinquaCert ist Partner der T\u00dcV S\u00dcD Management Service. Technischen Standards von ISO 17100 mit anderen Standards unter DAkkS.","og_url":"https:\/\/linquacert.com\/fr\/partner\/","og_site_name":"Linquacert","article_modified_time":"2026-01-15T22:42:41+00:00","og_image":[{"width":1280,"height":598,"url":"https:\/\/linquacert.com\/wp-content\/uploads\/2023\/05\/Partner.jpeg","type":"image\/jpeg"}],"twitter_card":"summary_large_image","twitter_misc":{"Dur\u00e9e de lecture estim\u00e9e":"2 minutes"},"schema":{"@context":"https:\/\/schema.org","@graph":[{"@type":"WebPage","@id":"https:\/\/linquacert.com\/partner\/","url":"https:\/\/linquacert.com\/partner\/","name":"LinquaCert ist Partner der T\u00dcV S\u00dcD Management Service GmbH.","isPartOf":{"@id":"https:\/\/linquacert.com\/#website"},"primaryImageOfPage":{"@id":"https:\/\/linquacert.com\/partner\/#primaryimage"},"image":{"@id":"https:\/\/linquacert.com\/partner\/#primaryimage"},"thumbnailUrl":"https:\/\/linquacert.com\/wp-content\/uploads\/2023\/05\/Partner.jpeg","datePublished":"2020-03-13T10:10:40+00:00","dateModified":"2026-01-15T22:42:41+00:00","description":"LinquaCert ist Partner der T\u00dcV S\u00dcD Management Service. Technischen Standards von ISO 17100 mit anderen Standards unter DAkkS.","breadcrumb":{"@id":"https:\/\/linquacert.com\/partner\/#breadcrumb"},"inLanguage":"fr-FR","potentialAction":[{"@type":"ReadAction","target":["https:\/\/linquacert.com\/partner\/"]}]},{"@type":"ImageObject","inLanguage":"fr-FR","@id":"https:\/\/linquacert.com\/partner\/#primaryimage","url":"https:\/\/linquacert.com\/wp-content\/uploads\/2023\/05\/Partner.jpeg","contentUrl":"https:\/\/linquacert.com\/wp-content\/uploads\/2023\/05\/Partner.jpeg","width":1280,"height":598,"caption":"Partner ISO"},{"@type":"BreadcrumbList","@id":"https:\/\/linquacert.com\/partner\/#breadcrumb","itemListElement":[{"@type":"ListItem","position":1,"name":"Home","item":"https:\/\/linquacert.com\/"},{"@type":"ListItem","position":2,"name":"Partner"}]},{"@type":"WebSite","@id":"https:\/\/linquacert.com\/#website","url":"https:\/\/linquacert.com\/","name":"Linquacert","description":"Schweizerischer Verband der Qualit\u00e4ts-Sprachendienste","publisher":{"@id":"https:\/\/linquacert.com\/#organization"},"potentialAction":[{"@type":"SearchAction","target":{"@type":"EntryPoint","urlTemplate":"https:\/\/linquacert.com\/?s={search_term_string}"},"query-input":{"@type":"PropertyValueSpecification","valueRequired":true,"valueName":"search_term_string"}}],"inLanguage":"fr-FR"},{"@type":"Organization","@id":"https:\/\/linquacert.com\/#organization","name":"Linquacert","url":"https:\/\/linquacert.com\/","logo":{"@type":"ImageObject","inLanguage":"fr-FR","@id":"https:\/\/linquacert.com\/#\/schema\/logo\/image\/","url":"https:\/\/linquacert.com\/wp-content\/uploads\/2020\/03\/site-logo.jpg","contentUrl":"https:\/\/linquacert.com\/wp-content\/uploads\/2020\/03\/site-logo.jpg","width":370,"height":134,"caption":"Linquacert"},"image":{"@id":"https:\/\/linquacert.com\/#\/schema\/logo\/image\/"}}]}},"_links":{"self":[{"href":"https:\/\/linquacert.com\/fr\/wp-json\/wp\/v2\/pages\/1402","targetHints":{"allow":["GET"]}}],"collection":[{"href":"https:\/\/linquacert.com\/fr\/wp-json\/wp\/v2\/pages"}],"about":[{"href":"https:\/\/linquacert.com\/fr\/wp-json\/wp\/v2\/types\/page"}],"author":[{"embeddable":true,"href":"https:\/\/linquacert.com\/fr\/wp-json\/wp\/v2\/users\/1"}],"replies":[{"embeddable":true,"href":"https:\/\/linquacert.com\/fr\/wp-json\/wp\/v2\/comments?post=1402"}],"version-history":[{"count":100,"href":"https:\/\/linquacert.com\/fr\/wp-json\/wp\/v2\/pages\/1402\/revisions"}],"predecessor-version":[{"id":5748,"href":"https:\/\/linquacert.com\/fr\/wp-json\/wp\/v2\/pages\/1402\/revisions\/5748"}],"wp:featuredmedia":[{"embeddable":true,"href":"https:\/\/linquacert.com\/fr\/wp-json\/wp\/v2\/media\/3987"}],"wp:attachment":[{"href":"https:\/\/linquacert.com\/fr\/wp-json\/wp\/v2\/media?parent=1402"}],"curies":[{"name":"wp","href":"https:\/\/api.w.org\/{rel}","templated":true}]}}