{"id":1398,"date":"2020-03-13T10:09:29","date_gmt":"2020-03-13T10:09:29","guid":{"rendered":"https:\/\/linquacert.com\/les-partenaires\/"},"modified":"2023-10-10T06:43:16","modified_gmt":"2023-10-10T04:43:16","slug":"les-partenaires","status":"publish","type":"page","link":"https:\/\/linquacert.com\/fr\/les-partenaires\/","title":{"rendered":"Les partenaires"},"content":{"rendered":"<h2>T\u00dcV S\u00dcD Management Service GmbH<\/h2>\n<p>LinquaCert est partenaire de T\u00dcV S\u00dcD Management Service GmbH. L&#8217;avantage pour vous en tant que client est que vous pouvez combiner les normes techniques \u00e9lev\u00e9es de la norme ISO 17100 avec d&#8217;autres normes accr\u00e9dit\u00e9es DAkkS.Cela renforce votre communication client dans les ventes. Des \u00e9conomies de co\u00fbts internes significatives peuvent \u00eatre r\u00e9alis\u00e9es lors de l\u2019ex\u00e9cution de la comptabilit\u00e9 et de l\u2019audit. Nos auditeurs qualifi\u00e9s en services de traduction sont \u00e9galement auditeurs principaux pour la norme ISO 9001.<\/p>\n<h2><a href=\"https:\/\/linquacert.com\/fr\/contact\/\" style=\"outline: none;\">Contactez-nous maintenant &#8211; Nous sommes impatients de vous entendre<\/a><\/h2>\n<p>Vous pouvez nous joindre par t\u00e9l\u00e9phone au +41 44 552 66 19 ou envoyer un <a href=\"mailto:mk@linquacert.com\" target=\"_blank\" rel=\"noopener\">e-mail \u00e0 M. Markus Kukla<\/a>, responsable de l&#8217;organisme de certification. Nous avons h\u00e2te d&#8217;avoir de tes nouvelles!<\/p>\n<p>B\u00e9n\u00e9ficiez de certifications suppl\u00e9mentairesAvec T\u00dcV S\u00fcd Management GmbH, nous disposons d&#8217;un partenaire puissant en mati\u00e8re de certifications suppl\u00e9mentaires. Gr\u00e2ce \u00e0 cette coop\u00e9ration, nous sommes en mesure de proposer des certifications suppl\u00e9mentaires au-del\u00e0 des normes ISO 17100 et 18587 adapt\u00e9es \u00e0 votre entreprise.Les normes sp\u00e9cifiques de l&#8217;\u00dcDL constituent une combinaison id\u00e9ale pour les prestataires de services de traduction avec ISO 9001. Il s&#8217;agit d&#8217;une norme pour les syst\u00e8mes de gestion et dans ce domaine, nous avons le T\u00dcV S\u00fcd comme partenaire.\u00c0 la base, la norme ISO 9001 vise \u00e0 d\u00e9montrer la qualit\u00e9 du management. L&#8217;entreprise doit d\u00e9montrer qu&#8217;elle a mis en place un syst\u00e8me de management adapt\u00e9. Cela comprend \u00e9galement des m\u00e9canismes d&#8217;identification des risques, d&#8217;auto-\u00e9valuation, de pr\u00e9vention, de correction et d&#8217;am\u00e9lioration continue de leurs performances.Ce faisant, des facteurs d&#8217;influence internes et externes sont pris en compte, par exemple les demandes des clients en mati\u00e8re de qualit\u00e9 et les exigences impos\u00e9es par l&#8217;ensemble des r\u00e8gles.\u00c9tant donn\u00e9 que nous avons nous-m\u00eames de nombreuses ann\u00e9es d&#8217;exp\u00e9rience et que nos examinateurs sp\u00e9cialis\u00e9s peuvent agir en tant qu&#8217;auditeurs principaux pour la certification ISO 9001, nous travaillons en \u00e9troite collaboration avec le T\u00dcV S\u00fcd.<\/p>\n<p><span><img decoding=\"async\" alt=\"iso 9001\" data-id=\"4282\" width=\"1180\" data-init-width=\"1636\" height=\"752\" data-init-height=\"1042\" title=\"iso 9001\" loading=\"lazy\" src=\"https:\/\/linquacert.com\/wp-content\/uploads\/2023\/08\/iso-9001.jpg\" data-width=\"1180\" data-height=\"752\" style=\"aspect-ratio: auto 1636 \/ 1042;\"><\/span><\/p>\n<p>Pour vous, en tant que prestataire de services de traduction, ce partenariat signifie que vous pouvez obtenir efficacement plusieurs certifications sans avoir \u00e0 travailler avec plusieurs prestataires. Nous analysons avec vous le besoin de certification et d\u00e9terminons quelles certifications sont encore possibles.Nous nous basons sur les normes du DAkkS, l&#8217;organisme d&#8217;accr\u00e9ditation allemand. Avec une accr\u00e9ditation, cette institution confirme que ces organisations peuvent effectuer leur travail avec comp\u00e9tence conform\u00e9ment aux exigences des normes, des fondements juridiques et des r\u00e8gles applicables au niveau international. Ceci est bas\u00e9 sur un mandat statutaire.Gr\u00e2ce \u00e0 notre partenariat avec le T\u00dcV, nous vous permettons de prouver facilement \u00e0 vos clients la haute qualit\u00e9 de votre travail avec plusieurs labels de contr\u00f4le. Vous disposez d&#8217;excellents arguments de vente, tels que des certificats de qualit\u00e9 valables au niveau international, des processus de travail transparents et une coop\u00e9ration avec des organisations et des organismes de certification accr\u00e9dit\u00e9s et \u00e9galement certifi\u00e9s. Cela cr\u00e9e une confiance pr\u00e9cieuse dans la communication client.<\/p>","protected":false},"excerpt":{"rendered":"<p>T\u00dcV S\u00dcD Management Service GmbH LinquaCert est partenaire de T\u00dcV S\u00dcD Management Service GmbH. L&#8217;avantage pour vous en tant que client est que vous pouvez combiner les normes techniques \u00e9lev\u00e9es de la norme ISO 17100 avec d&#8217;autres normes accr\u00e9dit\u00e9es DAkkS.Cela renforce votre communication client dans les ventes. Des \u00e9conomies de co\u00fbts internes significatives peuvent \u00eatre [&hellip;]<\/p>\n","protected":false},"author":1,"featured_media":3989,"parent":0,"menu_order":0,"comment_status":"closed","ping_status":"closed","template":"","meta":{"footnotes":""},"class_list":["post-1398","page","type-page","status-publish","has-post-thumbnail","hentry","post-wrapper","thrv_wrapper"],"yoast_head":"<!-- This site is optimized with the Yoast SEO Premium plugin v27.3 (Yoast SEO v27.3) - https:\/\/yoast.com\/product\/yoast-seo-premium-wordpress\/ -->\n<title>Les partenaires - Linquacert est partenaire de T\u00dcV S\u00dcD Management<\/title>\n<meta name=\"description\" content=\"LinquaCert est partenaire de T\u00dcV S\u00dcD Management Service GmbH. Les normes techniques \u00e9lev\u00e9es de la norme ISO 17100.\" \/>\n<meta name=\"robots\" content=\"index, follow, max-snippet:-1, max-image-preview:large, max-video-preview:-1\" \/>\n<link rel=\"canonical\" href=\"https:\/\/linquacert.com\/fr\/les-partenaires\/\" \/>\n<meta property=\"og:locale\" content=\"fr_FR\" \/>\n<meta property=\"og:type\" content=\"article\" \/>\n<meta property=\"og:title\" content=\"Les partenaires\" \/>\n<meta property=\"og:description\" content=\"LinquaCert est partenaire de T\u00dcV S\u00dcD Management Service GmbH. Les normes techniques \u00e9lev\u00e9es de la norme ISO 17100.\" \/>\n<meta property=\"og:url\" content=\"https:\/\/linquacert.com\/fr\/les-partenaires\/\" \/>\n<meta property=\"og:site_name\" content=\"Linquacert\" \/>\n<meta property=\"article:modified_time\" content=\"2023-10-10T04:43:16+00:00\" \/>\n<meta property=\"og:image\" content=\"https:\/\/linquacert.com\/wp-content\/uploads\/2023\/05\/Partner.jpeg\" \/>\n\t<meta property=\"og:image:width\" content=\"1280\" \/>\n\t<meta property=\"og:image:height\" content=\"598\" \/>\n\t<meta property=\"og:image:type\" content=\"image\/jpeg\" \/>\n<meta name=\"twitter:card\" content=\"summary_large_image\" \/>\n<meta name=\"twitter:label1\" content=\"Dur\u00e9e de lecture estim\u00e9e\" \/>\n\t<meta name=\"twitter:data1\" content=\"3 minutes\" \/>\n<script type=\"application\/ld+json\" class=\"yoast-schema-graph\">{\"@context\":\"https:\\\/\\\/schema.org\",\"@graph\":[{\"@type\":\"WebPage\",\"@id\":\"https:\\\/\\\/linquacert.com\\\/fr\\\/les-partenaires\\\/\",\"url\":\"https:\\\/\\\/linquacert.com\\\/fr\\\/les-partenaires\\\/\",\"name\":\"Les partenaires - Linquacert est partenaire de T\u00dcV S\u00dcD Management\",\"isPartOf\":{\"@id\":\"https:\\\/\\\/linquacert.com\\\/#website\"},\"primaryImageOfPage\":{\"@id\":\"https:\\\/\\\/linquacert.com\\\/fr\\\/les-partenaires\\\/#primaryimage\"},\"image\":{\"@id\":\"https:\\\/\\\/linquacert.com\\\/fr\\\/les-partenaires\\\/#primaryimage\"},\"thumbnailUrl\":\"https:\\\/\\\/linquacert.com\\\/wp-content\\\/uploads\\\/2023\\\/05\\\/Partner.jpeg\",\"datePublished\":\"2020-03-13T10:09:29+00:00\",\"dateModified\":\"2023-10-10T04:43:16+00:00\",\"description\":\"LinquaCert est partenaire de T\u00dcV S\u00dcD Management Service GmbH. Les normes techniques \u00e9lev\u00e9es de la norme ISO 17100.\",\"breadcrumb\":{\"@id\":\"https:\\\/\\\/linquacert.com\\\/fr\\\/les-partenaires\\\/#breadcrumb\"},\"inLanguage\":\"fr-FR\",\"potentialAction\":[{\"@type\":\"ReadAction\",\"target\":[\"https:\\\/\\\/linquacert.com\\\/fr\\\/les-partenaires\\\/\"]}]},{\"@type\":\"ImageObject\",\"inLanguage\":\"fr-FR\",\"@id\":\"https:\\\/\\\/linquacert.com\\\/fr\\\/les-partenaires\\\/#primaryimage\",\"url\":\"https:\\\/\\\/linquacert.com\\\/wp-content\\\/uploads\\\/2023\\\/05\\\/Partner.jpeg\",\"contentUrl\":\"https:\\\/\\\/linquacert.com\\\/wp-content\\\/uploads\\\/2023\\\/05\\\/Partner.jpeg\",\"width\":1280,\"height\":598,\"caption\":\"Partner\"},{\"@type\":\"BreadcrumbList\",\"@id\":\"https:\\\/\\\/linquacert.com\\\/fr\\\/les-partenaires\\\/#breadcrumb\",\"itemListElement\":[{\"@type\":\"ListItem\",\"position\":1,\"name\":\"Home\",\"item\":\"https:\\\/\\\/linquacert.com\\\/\"},{\"@type\":\"ListItem\",\"position\":2,\"name\":\"Les partenaires\"}]},{\"@type\":\"WebSite\",\"@id\":\"https:\\\/\\\/linquacert.com\\\/#website\",\"url\":\"https:\\\/\\\/linquacert.com\\\/\",\"name\":\"Linquacert\",\"description\":\"Schweizerischer Verband der Qualit\u00e4ts-Sprachendienste\",\"publisher\":{\"@id\":\"https:\\\/\\\/linquacert.com\\\/#organization\"},\"potentialAction\":[{\"@type\":\"SearchAction\",\"target\":{\"@type\":\"EntryPoint\",\"urlTemplate\":\"https:\\\/\\\/linquacert.com\\\/?s={search_term_string}\"},\"query-input\":{\"@type\":\"PropertyValueSpecification\",\"valueRequired\":true,\"valueName\":\"search_term_string\"}}],\"inLanguage\":\"fr-FR\"},{\"@type\":\"Organization\",\"@id\":\"https:\\\/\\\/linquacert.com\\\/#organization\",\"name\":\"Linquacert\",\"url\":\"https:\\\/\\\/linquacert.com\\\/\",\"logo\":{\"@type\":\"ImageObject\",\"inLanguage\":\"fr-FR\",\"@id\":\"https:\\\/\\\/linquacert.com\\\/#\\\/schema\\\/logo\\\/image\\\/\",\"url\":\"https:\\\/\\\/linquacert.com\\\/wp-content\\\/uploads\\\/2020\\\/03\\\/site-logo.jpg\",\"contentUrl\":\"https:\\\/\\\/linquacert.com\\\/wp-content\\\/uploads\\\/2020\\\/03\\\/site-logo.jpg\",\"width\":370,\"height\":134,\"caption\":\"Linquacert\"},\"image\":{\"@id\":\"https:\\\/\\\/linquacert.com\\\/#\\\/schema\\\/logo\\\/image\\\/\"}}]}<\/script>\n<!-- \/ Yoast SEO Premium plugin. -->","yoast_head_json":{"title":"Les partenaires - Linquacert est partenaire de T\u00dcV S\u00dcD Management","description":"LinquaCert est partenaire de T\u00dcV S\u00dcD Management Service GmbH. Les normes techniques \u00e9lev\u00e9es de la norme ISO 17100.","robots":{"index":"index","follow":"follow","max-snippet":"max-snippet:-1","max-image-preview":"max-image-preview:large","max-video-preview":"max-video-preview:-1"},"canonical":"https:\/\/linquacert.com\/fr\/les-partenaires\/","og_locale":"fr_FR","og_type":"article","og_title":"Les partenaires","og_description":"LinquaCert est partenaire de T\u00dcV S\u00dcD Management Service GmbH. Les normes techniques \u00e9lev\u00e9es de la norme ISO 17100.","og_url":"https:\/\/linquacert.com\/fr\/les-partenaires\/","og_site_name":"Linquacert","article_modified_time":"2023-10-10T04:43:16+00:00","og_image":[{"width":1280,"height":598,"url":"https:\/\/linquacert.com\/wp-content\/uploads\/2023\/05\/Partner.jpeg","type":"image\/jpeg"}],"twitter_card":"summary_large_image","twitter_misc":{"Dur\u00e9e de lecture estim\u00e9e":"3 minutes"},"schema":{"@context":"https:\/\/schema.org","@graph":[{"@type":"WebPage","@id":"https:\/\/linquacert.com\/fr\/les-partenaires\/","url":"https:\/\/linquacert.com\/fr\/les-partenaires\/","name":"Les partenaires - Linquacert est partenaire de T\u00dcV S\u00dcD Management","isPartOf":{"@id":"https:\/\/linquacert.com\/#website"},"primaryImageOfPage":{"@id":"https:\/\/linquacert.com\/fr\/les-partenaires\/#primaryimage"},"image":{"@id":"https:\/\/linquacert.com\/fr\/les-partenaires\/#primaryimage"},"thumbnailUrl":"https:\/\/linquacert.com\/wp-content\/uploads\/2023\/05\/Partner.jpeg","datePublished":"2020-03-13T10:09:29+00:00","dateModified":"2023-10-10T04:43:16+00:00","description":"LinquaCert est partenaire de T\u00dcV S\u00dcD Management Service GmbH. Les normes techniques \u00e9lev\u00e9es de la norme ISO 17100.","breadcrumb":{"@id":"https:\/\/linquacert.com\/fr\/les-partenaires\/#breadcrumb"},"inLanguage":"fr-FR","potentialAction":[{"@type":"ReadAction","target":["https:\/\/linquacert.com\/fr\/les-partenaires\/"]}]},{"@type":"ImageObject","inLanguage":"fr-FR","@id":"https:\/\/linquacert.com\/fr\/les-partenaires\/#primaryimage","url":"https:\/\/linquacert.com\/wp-content\/uploads\/2023\/05\/Partner.jpeg","contentUrl":"https:\/\/linquacert.com\/wp-content\/uploads\/2023\/05\/Partner.jpeg","width":1280,"height":598,"caption":"Partner"},{"@type":"BreadcrumbList","@id":"https:\/\/linquacert.com\/fr\/les-partenaires\/#breadcrumb","itemListElement":[{"@type":"ListItem","position":1,"name":"Home","item":"https:\/\/linquacert.com\/"},{"@type":"ListItem","position":2,"name":"Les partenaires"}]},{"@type":"WebSite","@id":"https:\/\/linquacert.com\/#website","url":"https:\/\/linquacert.com\/","name":"Linquacert","description":"Schweizerischer Verband der Qualit\u00e4ts-Sprachendienste","publisher":{"@id":"https:\/\/linquacert.com\/#organization"},"potentialAction":[{"@type":"SearchAction","target":{"@type":"EntryPoint","urlTemplate":"https:\/\/linquacert.com\/?s={search_term_string}"},"query-input":{"@type":"PropertyValueSpecification","valueRequired":true,"valueName":"search_term_string"}}],"inLanguage":"fr-FR"},{"@type":"Organization","@id":"https:\/\/linquacert.com\/#organization","name":"Linquacert","url":"https:\/\/linquacert.com\/","logo":{"@type":"ImageObject","inLanguage":"fr-FR","@id":"https:\/\/linquacert.com\/#\/schema\/logo\/image\/","url":"https:\/\/linquacert.com\/wp-content\/uploads\/2020\/03\/site-logo.jpg","contentUrl":"https:\/\/linquacert.com\/wp-content\/uploads\/2020\/03\/site-logo.jpg","width":370,"height":134,"caption":"Linquacert"},"image":{"@id":"https:\/\/linquacert.com\/#\/schema\/logo\/image\/"}}]}},"_links":{"self":[{"href":"https:\/\/linquacert.com\/fr\/wp-json\/wp\/v2\/pages\/1398","targetHints":{"allow":["GET"]}}],"collection":[{"href":"https:\/\/linquacert.com\/fr\/wp-json\/wp\/v2\/pages"}],"about":[{"href":"https:\/\/linquacert.com\/fr\/wp-json\/wp\/v2\/types\/page"}],"author":[{"embeddable":true,"href":"https:\/\/linquacert.com\/fr\/wp-json\/wp\/v2\/users\/1"}],"replies":[{"embeddable":true,"href":"https:\/\/linquacert.com\/fr\/wp-json\/wp\/v2\/comments?post=1398"}],"version-history":[{"count":8,"href":"https:\/\/linquacert.com\/fr\/wp-json\/wp\/v2\/pages\/1398\/revisions"}],"predecessor-version":[{"id":4754,"href":"https:\/\/linquacert.com\/fr\/wp-json\/wp\/v2\/pages\/1398\/revisions\/4754"}],"wp:featuredmedia":[{"embeddable":true,"href":"https:\/\/linquacert.com\/fr\/wp-json\/wp\/v2\/media\/3989"}],"wp:attachment":[{"href":"https:\/\/linquacert.com\/fr\/wp-json\/wp\/v2\/media?parent=1398"}],"curies":[{"name":"wp","href":"https:\/\/api.w.org\/{rel}","templated":true}]}}