{"id":1380,"date":"2020-03-13T09:58:39","date_gmt":"2020-03-13T08:58:39","guid":{"rendered":"https:\/\/linquacert.com\/zertifizierung-iso-18587\/"},"modified":"2023-05-14T22:55:18","modified_gmt":"2023-05-14T20:55:18","slug":"zertifizierung-iso18587","status":"publish","type":"page","link":"https:\/\/linquacert.com\/fr\/zertifizierung-iso18587\/","title":{"rendered":"Zertifizierung ISO 18587"},"content":{"rendered":"<p><img decoding=\"async\" width=\"250\" height=\"250\" src=\"https:\/\/linquacert.com\/wp-content\/uploads\/2020\/03\/LinquaCert_ISO_17100_18587.png\" alt=\"LinquaCert Zertifizierung ISO 18587\" srcset=\"https:\/\/linquacert.com\/wp-content\/uploads\/2020\/03\/LinquaCert_ISO_17100_18587.png 250w, https:\/\/linquacert.com\/wp-content\/uploads\/2020\/03\/LinquaCert_ISO_17100_18587-150x150.png 150w\" sizes=\"(max-width: 250px) 100vw, 250px\"><\/p>\n<p>Als separate Norm definiert die <strong>Zertifizierung nach ISO 18587<\/strong> die Anforderungen f\u00fcr die maschinelle \u00dcbersetzung. Deren Inhalt bildet die Prozessorientierung (Projektvorbereitung, Produktion und Nachbearbeitung) ab, wie dies ISO 17100 f\u00fcr \u00dcbersetzungsdienste tut. Die Kompetenz, Qualifikation und Professionalit\u00e4t der Post-Redakteure sowie der Einsatz von MT m\u00fcssen den strengen Anforderungen entsprechen.<\/p>\n<p>Die <strong>ISO 18587-Zertifizierung<\/strong> wird von LinquaCert in Kombination mit Audits gem\u00e4\u00df ISO 9001 und \/ oder ISO 17100 durchgef\u00fchrt. Deshalb sollten \u00dcbersetzungsdienstleister, die diese Zertifizierung anstreben, relevante \u00dcberlegungen zur Norm in ihr bestehendes Prozessmanagement integrieren:<\/p>\n<ul>\n<li>\n\t\t\t\t\t\t\t\t\t\t\u00c4nderung der Fachgebiete und Kompetenzen der Post-Editoren in der Lieferantendatenbank<\/li>\n<li>\n\t\t\t\t\t\t\t\t\t\tZuordnen der Workflows nach der Bearbeitung im Projektmanagement-Tool<\/li>\n<li>\n\t\t\t\t\t\t\t\t\t\t Entwickeln und Implementieren von <a href=\"https:\/\/linquacert.com\/fr\/faq\/\" style=\"font-size: 14px; background-color: rgb(255, 255, 255); display: inline !important;\">Verfahren erforderlich<\/a> gem\u00e4\u00df  <strong>ISO 18587<\/strong><\/li>\n<li>\n\t\t\t\t\t\t\t\t\t\tSystematisierung von Kommunikationsketten f\u00fcr Posteditoren-Feedback<\/li>\n<li>\n\t\t\t\t\t\t\t\t\t\tTesten von Texttypen und Sprachkombinationen mit verschiedenen MT-Tools<\/li>\n<\/ul>\n<p>Sie sind \u00dcbersetzungsdienstleister und streben eine Zertifizierung nach ISO 18587 an? Brauchen Sie weitere Informationen oder eine Beratung dazu?<\/p>\n<p><a href=\"https:\/\/linquacert.com\/fr\/kontakt\/\" role=\"button\"><br \/>\nKontaktieren Sie uns jetzt!<br \/>\n<\/a><\/p>","protected":false},"excerpt":{"rendered":"<p>Als separate Norm definiert die Zertifizierung nach ISO 18587 die Anforderungen f\u00fcr die maschinelle \u00dcbersetzung. Deren Inhalt bildet die Prozessorientierung (Projektvorbereitung, Produktion und Nachbearbeitung) ab, wie dies ISO 17100 f\u00fcr \u00dcbersetzungsdienste tut. Die Kompetenz, Qualifikation und Professionalit\u00e4t der Post-Redakteure sowie der Einsatz von MT m\u00fcssen den strengen Anforderungen entsprechen. Die ISO 18587-Zertifizierung wird von LinquaCert [&hellip;]<\/p>\n","protected":false},"author":1,"featured_media":1320,"parent":0,"menu_order":0,"comment_status":"closed","ping_status":"closed","template":"","meta":{"footnotes":""},"class_list":["post-1380","page","type-page","status-publish","has-post-thumbnail","hentry","post-wrapper","thrv_wrapper"],"yoast_head":"<!-- This site is optimized with the Yoast SEO Premium plugin v27.2 (Yoast SEO v27.2) - https:\/\/yoast.com\/product\/yoast-seo-premium-wordpress\/ -->\n<title>Zertifizierung ISO 18587 - Linquacert<\/title>\n<meta name=\"description\" content=\"Um die Qualit\u00e4t bei der Erstellung maschineller \u00dcbersetzungen zu garantieren, wurde die DIN EN ISO 18587 geschaffen.\" \/>\n<meta name=\"robots\" content=\"index, follow, max-snippet:-1, max-image-preview:large, max-video-preview:-1\" \/>\n<link rel=\"canonical\" href=\"https:\/\/linquacert.com\/fr\/zertifizierung-iso18587\/\" \/>\n<meta property=\"og:locale\" content=\"fr_FR\" \/>\n<meta property=\"og:type\" content=\"article\" \/>\n<meta property=\"og:title\" content=\"Zertifizierung ISO 18587\" \/>\n<meta property=\"og:description\" content=\"Um die Qualit\u00e4t bei der Erstellung maschineller \u00dcbersetzungen zu garantieren, wurde die DIN EN ISO 18587 geschaffen.\" \/>\n<meta property=\"og:url\" content=\"https:\/\/linquacert.com\/fr\/zertifizierung-iso18587\/\" \/>\n<meta property=\"og:site_name\" content=\"Linquacert\" \/>\n<meta property=\"article:modified_time\" content=\"2023-05-14T20:55:18+00:00\" \/>\n<meta property=\"og:image\" content=\"https:\/\/linquacert.com\/wp-content\/uploads\/2020\/03\/LinquaCert_ISO_17100.png\" \/>\n\t<meta property=\"og:image:width\" content=\"250\" \/>\n\t<meta property=\"og:image:height\" content=\"250\" \/>\n\t<meta property=\"og:image:type\" content=\"image\/png\" \/>\n<meta name=\"twitter:card\" content=\"summary_large_image\" \/>\n<meta name=\"twitter:label1\" content=\"Dur\u00e9e de lecture estim\u00e9e\" \/>\n\t<meta name=\"twitter:data1\" content=\"1 minute\" \/>\n<script type=\"application\/ld+json\" class=\"yoast-schema-graph\">{\"@context\":\"https:\/\/schema.org\",\"@graph\":[{\"@type\":\"WebPage\",\"@id\":\"https:\/\/linquacert.com\/zertifizierung-iso18587\/\",\"url\":\"https:\/\/linquacert.com\/zertifizierung-iso18587\/\",\"name\":\"Zertifizierung ISO 18587 - Linquacert\",\"isPartOf\":{\"@id\":\"https:\/\/linquacert.com\/#website\"},\"primaryImageOfPage\":{\"@id\":\"https:\/\/linquacert.com\/zertifizierung-iso18587\/#primaryimage\"},\"image\":{\"@id\":\"https:\/\/linquacert.com\/zertifizierung-iso18587\/#primaryimage\"},\"thumbnailUrl\":\"https:\/\/linquacert.com\/wp-content\/uploads\/2020\/03\/LinquaCert_ISO_17100.png\",\"datePublished\":\"2020-03-13T08:58:39+00:00\",\"dateModified\":\"2023-05-14T20:55:18+00:00\",\"description\":\"Um die Qualit\u00e4t bei der Erstellung maschineller \u00dcbersetzungen zu garantieren, wurde die DIN EN ISO 18587 geschaffen.\",\"breadcrumb\":{\"@id\":\"https:\/\/linquacert.com\/zertifizierung-iso18587\/#breadcrumb\"},\"inLanguage\":\"fr-FR\",\"potentialAction\":[{\"@type\":\"ReadAction\",\"target\":[\"https:\/\/linquacert.com\/zertifizierung-iso18587\/\"]}]},{\"@type\":\"ImageObject\",\"inLanguage\":\"fr-FR\",\"@id\":\"https:\/\/linquacert.com\/zertifizierung-iso18587\/#primaryimage\",\"url\":\"https:\/\/linquacert.com\/wp-content\/uploads\/2020\/03\/LinquaCert_ISO_17100.png\",\"contentUrl\":\"https:\/\/linquacert.com\/wp-content\/uploads\/2020\/03\/LinquaCert_ISO_17100.png\",\"width\":250,\"height\":250,\"caption\":\"LinquaCert ISO 17100 Zertifizierung\"},{\"@type\":\"BreadcrumbList\",\"@id\":\"https:\/\/linquacert.com\/zertifizierung-iso18587\/#breadcrumb\",\"itemListElement\":[{\"@type\":\"ListItem\",\"position\":1,\"name\":\"Home\",\"item\":\"https:\/\/linquacert.com\/\"},{\"@type\":\"ListItem\",\"position\":2,\"name\":\"Zertifizierung ISO 18587\"}]},{\"@type\":\"WebSite\",\"@id\":\"https:\/\/linquacert.com\/#website\",\"url\":\"https:\/\/linquacert.com\/\",\"name\":\"Linquacert\",\"description\":\"Schweizerischer Verband der Qualit\u00e4ts-Sprachendienste\",\"publisher\":{\"@id\":\"https:\/\/linquacert.com\/#organization\"},\"potentialAction\":[{\"@type\":\"SearchAction\",\"target\":{\"@type\":\"EntryPoint\",\"urlTemplate\":\"https:\/\/linquacert.com\/?s={search_term_string}\"},\"query-input\":{\"@type\":\"PropertyValueSpecification\",\"valueRequired\":true,\"valueName\":\"search_term_string\"}}],\"inLanguage\":\"fr-FR\"},{\"@type\":\"Organization\",\"@id\":\"https:\/\/linquacert.com\/#organization\",\"name\":\"Linquacert\",\"url\":\"https:\/\/linquacert.com\/\",\"logo\":{\"@type\":\"ImageObject\",\"inLanguage\":\"fr-FR\",\"@id\":\"https:\/\/linquacert.com\/#\/schema\/logo\/image\/\",\"url\":\"https:\/\/linquacert.com\/wp-content\/uploads\/2020\/03\/site-logo.jpg\",\"contentUrl\":\"https:\/\/linquacert.com\/wp-content\/uploads\/2020\/03\/site-logo.jpg\",\"width\":370,\"height\":134,\"caption\":\"Linquacert\"},\"image\":{\"@id\":\"https:\/\/linquacert.com\/#\/schema\/logo\/image\/\"}}]}<\/script>\n<!-- \/ Yoast SEO Premium plugin. -->","yoast_head_json":{"title":"Zertifizierung ISO 18587 - Linquacert","description":"Um die Qualit\u00e4t bei der Erstellung maschineller \u00dcbersetzungen zu garantieren, wurde die DIN EN ISO 18587 geschaffen.","robots":{"index":"index","follow":"follow","max-snippet":"max-snippet:-1","max-image-preview":"max-image-preview:large","max-video-preview":"max-video-preview:-1"},"canonical":"https:\/\/linquacert.com\/fr\/zertifizierung-iso18587\/","og_locale":"fr_FR","og_type":"article","og_title":"Zertifizierung ISO 18587","og_description":"Um die Qualit\u00e4t bei der Erstellung maschineller \u00dcbersetzungen zu garantieren, wurde die DIN EN ISO 18587 geschaffen.","og_url":"https:\/\/linquacert.com\/fr\/zertifizierung-iso18587\/","og_site_name":"Linquacert","article_modified_time":"2023-05-14T20:55:18+00:00","og_image":[{"width":250,"height":250,"url":"https:\/\/linquacert.com\/wp-content\/uploads\/2020\/03\/LinquaCert_ISO_17100.png","type":"image\/png"}],"twitter_card":"summary_large_image","twitter_misc":{"Dur\u00e9e de lecture estim\u00e9e":"1 minute"},"schema":{"@context":"https:\/\/schema.org","@graph":[{"@type":"WebPage","@id":"https:\/\/linquacert.com\/zertifizierung-iso18587\/","url":"https:\/\/linquacert.com\/zertifizierung-iso18587\/","name":"Zertifizierung ISO 18587 - Linquacert","isPartOf":{"@id":"https:\/\/linquacert.com\/#website"},"primaryImageOfPage":{"@id":"https:\/\/linquacert.com\/zertifizierung-iso18587\/#primaryimage"},"image":{"@id":"https:\/\/linquacert.com\/zertifizierung-iso18587\/#primaryimage"},"thumbnailUrl":"https:\/\/linquacert.com\/wp-content\/uploads\/2020\/03\/LinquaCert_ISO_17100.png","datePublished":"2020-03-13T08:58:39+00:00","dateModified":"2023-05-14T20:55:18+00:00","description":"Um die Qualit\u00e4t bei der Erstellung maschineller \u00dcbersetzungen zu garantieren, wurde die DIN EN ISO 18587 geschaffen.","breadcrumb":{"@id":"https:\/\/linquacert.com\/zertifizierung-iso18587\/#breadcrumb"},"inLanguage":"fr-FR","potentialAction":[{"@type":"ReadAction","target":["https:\/\/linquacert.com\/zertifizierung-iso18587\/"]}]},{"@type":"ImageObject","inLanguage":"fr-FR","@id":"https:\/\/linquacert.com\/zertifizierung-iso18587\/#primaryimage","url":"https:\/\/linquacert.com\/wp-content\/uploads\/2020\/03\/LinquaCert_ISO_17100.png","contentUrl":"https:\/\/linquacert.com\/wp-content\/uploads\/2020\/03\/LinquaCert_ISO_17100.png","width":250,"height":250,"caption":"LinquaCert ISO 17100 Zertifizierung"},{"@type":"BreadcrumbList","@id":"https:\/\/linquacert.com\/zertifizierung-iso18587\/#breadcrumb","itemListElement":[{"@type":"ListItem","position":1,"name":"Home","item":"https:\/\/linquacert.com\/"},{"@type":"ListItem","position":2,"name":"Zertifizierung ISO 18587"}]},{"@type":"WebSite","@id":"https:\/\/linquacert.com\/#website","url":"https:\/\/linquacert.com\/","name":"Linquacert","description":"Schweizerischer Verband der Qualit\u00e4ts-Sprachendienste","publisher":{"@id":"https:\/\/linquacert.com\/#organization"},"potentialAction":[{"@type":"SearchAction","target":{"@type":"EntryPoint","urlTemplate":"https:\/\/linquacert.com\/?s={search_term_string}"},"query-input":{"@type":"PropertyValueSpecification","valueRequired":true,"valueName":"search_term_string"}}],"inLanguage":"fr-FR"},{"@type":"Organization","@id":"https:\/\/linquacert.com\/#organization","name":"Linquacert","url":"https:\/\/linquacert.com\/","logo":{"@type":"ImageObject","inLanguage":"fr-FR","@id":"https:\/\/linquacert.com\/#\/schema\/logo\/image\/","url":"https:\/\/linquacert.com\/wp-content\/uploads\/2020\/03\/site-logo.jpg","contentUrl":"https:\/\/linquacert.com\/wp-content\/uploads\/2020\/03\/site-logo.jpg","width":370,"height":134,"caption":"Linquacert"},"image":{"@id":"https:\/\/linquacert.com\/#\/schema\/logo\/image\/"}}]}},"_links":{"self":[{"href":"https:\/\/linquacert.com\/fr\/wp-json\/wp\/v2\/pages\/1380","targetHints":{"allow":["GET"]}}],"collection":[{"href":"https:\/\/linquacert.com\/fr\/wp-json\/wp\/v2\/pages"}],"about":[{"href":"https:\/\/linquacert.com\/fr\/wp-json\/wp\/v2\/types\/page"}],"author":[{"embeddable":true,"href":"https:\/\/linquacert.com\/fr\/wp-json\/wp\/v2\/users\/1"}],"replies":[{"embeddable":true,"href":"https:\/\/linquacert.com\/fr\/wp-json\/wp\/v2\/comments?post=1380"}],"version-history":[{"count":17,"href":"https:\/\/linquacert.com\/fr\/wp-json\/wp\/v2\/pages\/1380\/revisions"}],"predecessor-version":[{"id":1832,"href":"https:\/\/linquacert.com\/fr\/wp-json\/wp\/v2\/pages\/1380\/revisions\/1832"}],"wp:featuredmedia":[{"embeddable":true,"href":"https:\/\/linquacert.com\/fr\/wp-json\/wp\/v2\/media\/1320"}],"wp:attachment":[{"href":"https:\/\/linquacert.com\/fr\/wp-json\/wp\/v2\/media?parent=1380"}],"curies":[{"name":"wp","href":"https:\/\/api.w.org\/{rel}","templated":true}]}}