{"id":1357,"date":"2020-03-13T09:26:38","date_gmt":"2020-03-13T09:26:38","guid":{"rendered":"https:\/\/linquacert.com\/certifications\/"},"modified":"2024-07-10T03:08:54","modified_gmt":"2024-07-10T01:08:54","slug":"certificats","status":"publish","type":"page","link":"https:\/\/linquacert.com\/fr\/certificats\/","title":{"rendered":"Certificats"},"content":{"rendered":"<h2 style=\"text-align: center;\">LinquaCert ist die Zertifizierungsstellef\u00fcr ambitionierte \u00dcbersetzungsdienstleister<\/h2>\n<p><span style=\"\"><img decoding=\"async\" alt=\"LinquaCert ISO 17100 und ISO 18587 Basis\" data-id=\"2238\" width=\"166\" data-init-width=\"300\" height=\"202\" data-init-height=\"365\" title=\"LinquaCert_ISO_17100_18587_US\" loading=\"lazy\" src=\"https:\/\/linquacert.com\/wp-content\/uploads\/2021\/03\/LinquaCert_ISO_17100_18587_US-1.jpg\" data-width=\"166\" data-height=\"202\" style=\"aspect-ratio: auto 300 \/ 365;\" mt-d=\"0\" ml-d=\"0\" center-v-d=\"false\"><\/span><\/p>\n<h3 style=\"\">Certification ISO 17100<\/h3>\n<p><span style=\"\"><img decoding=\"async\" alt=\"LinquaCert ISO 17100 und ISO 18587 Basis\" data-id=\"2238\" width=\"166\" data-init-width=\"300\" height=\"202\" data-init-height=\"365\" title=\"LinquaCert_ISO_17100_18587_US\" loading=\"lazy\" src=\"https:\/\/linquacert.com\/wp-content\/uploads\/2021\/03\/LinquaCert_ISO_17100_18587_US-1.jpg\" data-width=\"166\" data-height=\"202\" style=\"aspect-ratio: auto 300 \/ 365;\" mt-d=\"0\" ml-d=\"0\" center-v-d=\"false\"><\/span><\/p>\n<h3 style=\"text-align: center;\">Certification ISO 18587&nbsp;<\/h3>\n<p>Nous vous proposons deux certificats sp\u00e9cialement cr\u00e9\u00e9s pour prouver la qualit\u00e9 des services de traduction. Ils suivent tous deux les normes internationales et peuvent donc \u00eatre utilis\u00e9s dans tous les domaines linguistiques dans lesquels vous travaillez.<\/p>\n<h3 style=\"\">Certificat ISO 17100<\/h3>\n<p><a href=\"https:\/\/linquacert.com\/fr\/comment-ameliorer-vos-ventes-avec-un-certificat-iso-17100\/\" target=\"_blank\" style=\"outline: none;\" rel=\"noopener\">Le <strong>certificat ISO 17100<\/strong> d\u00e9finit les exigences relatives aux services<\/a> de traduction de haute qualit\u00e9. Diff\u00e9rents processus de service sont examin\u00e9s lors de la certification. L\u2019objectif est de garantir une qualit\u00e9 constante de la langue, du style et du vocabulaire. Les normes coh\u00e9rentes sont tout aussi importantes.L\u2019importance des processus et proc\u00e9dures dans une traduction est souvent sous-estim\u00e9e. La norme ISO 17100 garantit le respect des r\u00e8gles de gestion de projet qui y sont \u00e9nonc\u00e9es, ainsi que la preuve de la formation des traducteurs.<a href=\"https:\/\/linquacert.com\/fr\/quest-ce-qui-est-important-pour-la-certification-iso-17100\/\" target=\"_blank\" style=\"outline: none;\" rel=\"noopener\">Nous vous accompagnons dans la certification selon ISO 17100<\/a> et vous d\u00e9livrons le certificat si la v\u00e9rification est r\u00e9ussie. Nous sommes un organisme de certification reconnu avec des experts dans tous les domaines de l\u2019audit des prestataires de services de traduction.<\/p>\n<p><span><img decoding=\"async\" alt=\"iso iec 27001\" data-id=\"4331\" width=\"1180\" data-init-width=\"1644\" height=\"782\" data-init-height=\"1090\" title=\"iso iec 27001\" loading=\"lazy\" src=\"https:\/\/linquacert.com\/wp-content\/uploads\/2023\/08\/iso-iec-27001.jpg\" data-width=\"1180\" data-height=\"782\" style=\"aspect-ratio: auto 1644 \/ 1090;\"><\/span><\/p>\n<h2><a href=\"https:\/\/linquacert.com\/fr\/kontakt\/\" style=\"outline: none;\">Contactez-nous maintenant &#8211; Nous sommes impatients de vous entendre<\/a><\/h2>\n<p>Vous pouvez nous joindre par t\u00e9l\u00e9phone au +41 44 552 66 19 ou envoyer un <a href=\"mailto:mk@linquacert.com\" target=\"_blank\" style=\"outline: none;\" rel=\"noopener\">e-mail \u00e0 M. Markus Kukla<\/a>, responsable de l&#8217;organisme de certification. Nous avons h\u00e2te d&#8217;avoir de tes nouvelles!<\/p>\n<h3 style=\"\">Certificat ISO 18587<\/h3>\n<p><a href=\"https:\/\/linquacert.com\/fr\/comment-fournir-des-traductions-encore-meilleures-grace-a-la-certification-iso-18587\/\" target=\"_blank\" style=\"outline: none;\" rel=\"noopener\">Le certificat <strong>ISO 18587<\/strong> a \u00e9t\u00e9 cr\u00e9\u00e9 sp\u00e9cifiquement pour les<\/a> traductions automatiques. Il d\u00e9finit les processus par lesquels les traductions sont effectu\u00e9es et trait\u00e9es par ordinateur. <a href=\"https:\/\/linquacert.com\/fr\/quelles-sont-les-differences-entre-les-certifications-iso-17100-et-iso-18587-pour-les-prestataires-de-services-linguistiques\/\" target=\"_blank\" rel=\"noopener\">La post-\u00e9dition est un axe particulier de la <strong>certification ISO 18587<\/strong><\/a>. C\u2019est l\u00e0 que les prestataires de services professionnels diff\u00e8rent des prestataires en ligne gratuits. Il est important pour vos clients que le post-traitement se d\u00e9roule \u00e0 un niveau \u00e9lev\u00e9 et constant. <a href=\"https:\/\/linquacert.com\/fr\/ubersetzungsprojekte-professioneller-nach-iso-17100-verwalten\/\" target=\"_blank\" rel=\"noopener\">Dans le cadre de la certification ISO<\/a>, nous vous expliquons quelles exigences existent et o\u00f9 il y a un besoin d&#8217;am\u00e9lioration dans vos processus.Avec une certification <strong>ISO 18587<\/strong>, vous pouvez am\u00e9liorer l&#8217;efficacit\u00e9 des traductions et rationaliser les processus sans avoir \u00e0 faire de compromis sur la qualit\u00e9. Vous pouvez prouver \u00e0 vos clients avec un certificat que vous travaillez efficacement et que vous pouvez fournir une traduction automatique optimale.<\/p>\n<p><span><img decoding=\"async\" alt=\"Sicherheit bei \u00dcbersetzungsdienstleistern: Ein ISO 17100 Zertifikat hilft dabei\" data-id=\"3763\" width=\"1180\" data-init-width=\"1640\" height=\"478\" data-init-height=\"664\" title=\"pexels-alexander-suhorucov-6457521\" loading=\"lazy\" src=\"https:\/\/linquacert.com\/wp-content\/uploads\/2021\/11\/pexels-alexander-suhorucov-6457521.jpg\" data-width=\"1180\" data-height=\"478\" style=\"aspect-ratio: auto 1640 \/ 664;\"><\/span><\/p>","protected":false},"excerpt":{"rendered":"<p>LinquaCert ist die Zertifizierungsstellef\u00fcr ambitionierte \u00dcbersetzungsdienstleister Certification ISO 17100 Certification ISO 18587&nbsp; Nous vous proposons deux certificats sp\u00e9cialement cr\u00e9\u00e9s pour prouver la qualit\u00e9 des services de traduction. Ils suivent tous deux les normes internationales et peuvent donc \u00eatre utilis\u00e9s dans tous les domaines linguistiques dans lesquels vous travaillez. Certificat ISO 17100 Le certificat ISO 17100 [&hellip;]<\/p>\n","protected":false},"author":1,"featured_media":4277,"parent":0,"menu_order":0,"comment_status":"closed","ping_status":"closed","template":"","meta":{"footnotes":""},"class_list":["post-1357","page","type-page","status-publish","has-post-thumbnail","hentry","post-wrapper","thrv_wrapper"],"yoast_head":"<!-- This site is optimized with the Yoast SEO Premium plugin v27.3 (Yoast SEO v27.3) - https:\/\/yoast.com\/product\/yoast-seo-premium-wordpress\/ -->\n<title>Certificats - Linquacert ISO<\/title>\n<meta name=\"description\" content=\"LinquaCert - Certificats est un institut de ISO certification pour les prestataires de traduction ambitieux.\" \/>\n<meta name=\"robots\" content=\"index, follow, max-snippet:-1, max-image-preview:large, max-video-preview:-1\" \/>\n<link rel=\"canonical\" href=\"https:\/\/linquacert.com\/fr\/certificats\/\" \/>\n<meta property=\"og:locale\" content=\"fr_FR\" \/>\n<meta property=\"og:type\" content=\"article\" \/>\n<meta property=\"og:title\" content=\"Certificats\" \/>\n<meta property=\"og:description\" content=\"LinquaCert - Certificats est un institut de ISO certification pour les prestataires de traduction ambitieux.\" \/>\n<meta property=\"og:url\" content=\"https:\/\/linquacert.com\/fr\/certificats\/\" \/>\n<meta property=\"og:site_name\" content=\"Linquacert\" \/>\n<meta property=\"article:modified_time\" content=\"2024-07-10T01:08:54+00:00\" \/>\n<meta property=\"og:image\" content=\"https:\/\/linquacert.com\/wp-content\/uploads\/2023\/08\/text-ubersetzen.jpg\" \/>\n\t<meta property=\"og:image:width\" content=\"1642\" \/>\n\t<meta property=\"og:image:height\" content=\"914\" \/>\n\t<meta property=\"og:image:type\" content=\"image\/jpeg\" \/>\n<meta name=\"twitter:card\" content=\"summary_large_image\" \/>\n<meta name=\"twitter:label1\" content=\"Dur\u00e9e de lecture estim\u00e9e\" \/>\n\t<meta name=\"twitter:data1\" content=\"3 minutes\" \/>\n<script type=\"application\/ld+json\" class=\"yoast-schema-graph\">{\"@context\":\"https:\\\/\\\/schema.org\",\"@graph\":[{\"@type\":\"WebPage\",\"@id\":\"https:\\\/\\\/linquacert.com\\\/fr\\\/certificats\\\/\",\"url\":\"https:\\\/\\\/linquacert.com\\\/fr\\\/certificats\\\/\",\"name\":\"Certificats - Linquacert ISO\",\"isPartOf\":{\"@id\":\"https:\\\/\\\/linquacert.com\\\/#website\"},\"primaryImageOfPage\":{\"@id\":\"https:\\\/\\\/linquacert.com\\\/fr\\\/certificats\\\/#primaryimage\"},\"image\":{\"@id\":\"https:\\\/\\\/linquacert.com\\\/fr\\\/certificats\\\/#primaryimage\"},\"thumbnailUrl\":\"https:\\\/\\\/linquacert.com\\\/wp-content\\\/uploads\\\/2023\\\/08\\\/text-ubersetzen.jpg\",\"datePublished\":\"2020-03-13T09:26:38+00:00\",\"dateModified\":\"2024-07-10T01:08:54+00:00\",\"description\":\"LinquaCert - Certificats est un institut de ISO certification pour les prestataires de traduction ambitieux.\",\"breadcrumb\":{\"@id\":\"https:\\\/\\\/linquacert.com\\\/fr\\\/certificats\\\/#breadcrumb\"},\"inLanguage\":\"fr-FR\",\"potentialAction\":[{\"@type\":\"ReadAction\",\"target\":[\"https:\\\/\\\/linquacert.com\\\/fr\\\/certificats\\\/\"]}]},{\"@type\":\"ImageObject\",\"inLanguage\":\"fr-FR\",\"@id\":\"https:\\\/\\\/linquacert.com\\\/fr\\\/certificats\\\/#primaryimage\",\"url\":\"https:\\\/\\\/linquacert.com\\\/wp-content\\\/uploads\\\/2023\\\/08\\\/text-ubersetzen.jpg\",\"contentUrl\":\"https:\\\/\\\/linquacert.com\\\/wp-content\\\/uploads\\\/2023\\\/08\\\/text-ubersetzen.jpg\",\"width\":1642,\"height\":914,\"caption\":\"text u\u0308bersetzen\"},{\"@type\":\"BreadcrumbList\",\"@id\":\"https:\\\/\\\/linquacert.com\\\/fr\\\/certificats\\\/#breadcrumb\",\"itemListElement\":[{\"@type\":\"ListItem\",\"position\":1,\"name\":\"Home\",\"item\":\"https:\\\/\\\/linquacert.com\\\/\"},{\"@type\":\"ListItem\",\"position\":2,\"name\":\"Certificats\"}]},{\"@type\":\"WebSite\",\"@id\":\"https:\\\/\\\/linquacert.com\\\/#website\",\"url\":\"https:\\\/\\\/linquacert.com\\\/\",\"name\":\"Linquacert\",\"description\":\"Schweizerischer Verband der Qualit\u00e4ts-Sprachendienste\",\"publisher\":{\"@id\":\"https:\\\/\\\/linquacert.com\\\/#organization\"},\"potentialAction\":[{\"@type\":\"SearchAction\",\"target\":{\"@type\":\"EntryPoint\",\"urlTemplate\":\"https:\\\/\\\/linquacert.com\\\/?s={search_term_string}\"},\"query-input\":{\"@type\":\"PropertyValueSpecification\",\"valueRequired\":true,\"valueName\":\"search_term_string\"}}],\"inLanguage\":\"fr-FR\"},{\"@type\":\"Organization\",\"@id\":\"https:\\\/\\\/linquacert.com\\\/#organization\",\"name\":\"Linquacert\",\"url\":\"https:\\\/\\\/linquacert.com\\\/\",\"logo\":{\"@type\":\"ImageObject\",\"inLanguage\":\"fr-FR\",\"@id\":\"https:\\\/\\\/linquacert.com\\\/#\\\/schema\\\/logo\\\/image\\\/\",\"url\":\"https:\\\/\\\/linquacert.com\\\/wp-content\\\/uploads\\\/2020\\\/03\\\/site-logo.jpg\",\"contentUrl\":\"https:\\\/\\\/linquacert.com\\\/wp-content\\\/uploads\\\/2020\\\/03\\\/site-logo.jpg\",\"width\":370,\"height\":134,\"caption\":\"Linquacert\"},\"image\":{\"@id\":\"https:\\\/\\\/linquacert.com\\\/#\\\/schema\\\/logo\\\/image\\\/\"}}]}<\/script>\n<!-- \/ Yoast SEO Premium plugin. -->","yoast_head_json":{"title":"Certificats - Linquacert ISO","description":"LinquaCert - Certificats est un institut de ISO certification pour les prestataires de traduction ambitieux.","robots":{"index":"index","follow":"follow","max-snippet":"max-snippet:-1","max-image-preview":"max-image-preview:large","max-video-preview":"max-video-preview:-1"},"canonical":"https:\/\/linquacert.com\/fr\/certificats\/","og_locale":"fr_FR","og_type":"article","og_title":"Certificats","og_description":"LinquaCert - Certificats est un institut de ISO certification pour les prestataires de traduction ambitieux.","og_url":"https:\/\/linquacert.com\/fr\/certificats\/","og_site_name":"Linquacert","article_modified_time":"2024-07-10T01:08:54+00:00","og_image":[{"width":1642,"height":914,"url":"https:\/\/linquacert.com\/wp-content\/uploads\/2023\/08\/text-ubersetzen.jpg","type":"image\/jpeg"}],"twitter_card":"summary_large_image","twitter_misc":{"Dur\u00e9e de lecture estim\u00e9e":"3 minutes"},"schema":{"@context":"https:\/\/schema.org","@graph":[{"@type":"WebPage","@id":"https:\/\/linquacert.com\/fr\/certificats\/","url":"https:\/\/linquacert.com\/fr\/certificats\/","name":"Certificats - Linquacert ISO","isPartOf":{"@id":"https:\/\/linquacert.com\/#website"},"primaryImageOfPage":{"@id":"https:\/\/linquacert.com\/fr\/certificats\/#primaryimage"},"image":{"@id":"https:\/\/linquacert.com\/fr\/certificats\/#primaryimage"},"thumbnailUrl":"https:\/\/linquacert.com\/wp-content\/uploads\/2023\/08\/text-ubersetzen.jpg","datePublished":"2020-03-13T09:26:38+00:00","dateModified":"2024-07-10T01:08:54+00:00","description":"LinquaCert - Certificats est un institut de ISO certification pour les prestataires de traduction ambitieux.","breadcrumb":{"@id":"https:\/\/linquacert.com\/fr\/certificats\/#breadcrumb"},"inLanguage":"fr-FR","potentialAction":[{"@type":"ReadAction","target":["https:\/\/linquacert.com\/fr\/certificats\/"]}]},{"@type":"ImageObject","inLanguage":"fr-FR","@id":"https:\/\/linquacert.com\/fr\/certificats\/#primaryimage","url":"https:\/\/linquacert.com\/wp-content\/uploads\/2023\/08\/text-ubersetzen.jpg","contentUrl":"https:\/\/linquacert.com\/wp-content\/uploads\/2023\/08\/text-ubersetzen.jpg","width":1642,"height":914,"caption":"text u\u0308bersetzen"},{"@type":"BreadcrumbList","@id":"https:\/\/linquacert.com\/fr\/certificats\/#breadcrumb","itemListElement":[{"@type":"ListItem","position":1,"name":"Home","item":"https:\/\/linquacert.com\/"},{"@type":"ListItem","position":2,"name":"Certificats"}]},{"@type":"WebSite","@id":"https:\/\/linquacert.com\/#website","url":"https:\/\/linquacert.com\/","name":"Linquacert","description":"Schweizerischer Verband der Qualit\u00e4ts-Sprachendienste","publisher":{"@id":"https:\/\/linquacert.com\/#organization"},"potentialAction":[{"@type":"SearchAction","target":{"@type":"EntryPoint","urlTemplate":"https:\/\/linquacert.com\/?s={search_term_string}"},"query-input":{"@type":"PropertyValueSpecification","valueRequired":true,"valueName":"search_term_string"}}],"inLanguage":"fr-FR"},{"@type":"Organization","@id":"https:\/\/linquacert.com\/#organization","name":"Linquacert","url":"https:\/\/linquacert.com\/","logo":{"@type":"ImageObject","inLanguage":"fr-FR","@id":"https:\/\/linquacert.com\/#\/schema\/logo\/image\/","url":"https:\/\/linquacert.com\/wp-content\/uploads\/2020\/03\/site-logo.jpg","contentUrl":"https:\/\/linquacert.com\/wp-content\/uploads\/2020\/03\/site-logo.jpg","width":370,"height":134,"caption":"Linquacert"},"image":{"@id":"https:\/\/linquacert.com\/#\/schema\/logo\/image\/"}}]}},"_links":{"self":[{"href":"https:\/\/linquacert.com\/fr\/wp-json\/wp\/v2\/pages\/1357","targetHints":{"allow":["GET"]}}],"collection":[{"href":"https:\/\/linquacert.com\/fr\/wp-json\/wp\/v2\/pages"}],"about":[{"href":"https:\/\/linquacert.com\/fr\/wp-json\/wp\/v2\/types\/page"}],"author":[{"embeddable":true,"href":"https:\/\/linquacert.com\/fr\/wp-json\/wp\/v2\/users\/1"}],"replies":[{"embeddable":true,"href":"https:\/\/linquacert.com\/fr\/wp-json\/wp\/v2\/comments?post=1357"}],"version-history":[{"count":11,"href":"https:\/\/linquacert.com\/fr\/wp-json\/wp\/v2\/pages\/1357\/revisions"}],"predecessor-version":[{"id":5239,"href":"https:\/\/linquacert.com\/fr\/wp-json\/wp\/v2\/pages\/1357\/revisions\/5239"}],"wp:featuredmedia":[{"embeddable":true,"href":"https:\/\/linquacert.com\/fr\/wp-json\/wp\/v2\/media\/4277"}],"wp:attachment":[{"href":"https:\/\/linquacert.com\/fr\/wp-json\/wp\/v2\/media?parent=1357"}],"curies":[{"name":"wp","href":"https:\/\/api.w.org\/{rel}","templated":true}]}}