{"id":315,"date":"2020-03-05T06:21:23","date_gmt":"2020-03-05T06:21:23","guid":{"rendered":"https:\/\/linquacert.com\/?page_id=315"},"modified":"2026-01-15T22:01:30","modified_gmt":"2026-01-15T21:01:30","slug":"linquacert-schweizer-zertifizierungsstelle-fuer-sprachdienstleistungen","status":"publish","type":"page","link":"https:\/\/linquacert.com\/en\/","title":{"rendered":"LinquaCert"},"content":{"rendered":"<h2 style=\"\" class=\"translation-block\">LinquaCert<br>Swiss Certification Body<br>for Language Services<\/h2>\n<p style=\"\" class=\"translation-block\">LinquaCert is your certification partner for ISO 17100, ISO 18587, and ISO 9001.<br>We support you in marketing high-quality translation services.<\/p>\n<p><span style=\"\"><img decoding=\"async\" alt=\"LinquaCert Zertifizierung ISO 18587\" data-id=\"1313\" width=\"231\" data-init-width=\"250\" height=\"231\" data-init-height=\"250\" title=\"LinquaCert_ISO_17100_18587\" src=\"https:\/\/linquacert.com\/wp-content\/uploads\/2020\/03\/LinquaCert_ISO_17100_18587.png\" data-width=\"231\" data-height=\"231\" style=\"aspect-ratio: auto 250 \/ 250;\" loading=\"lazy\" mt-d=\"0\" ml-d=\"0\"><\/span><\/p>\n<h2 class=\"translation-block\">LINQUA<span data-css=\"tve-u-189e5940c62\" style=\"color: var(0027b)\">CERT<\/span><\/h2>\n<p>The name LinquaCert is composed of the Latin terms \u201cLingua\u201d for language, \u201cQualit\u00e4t\u201d for quality, and \u201cCerta Fides\u201d for security.<\/p>\n<p class=\"translation-block\">With <b><a href=\"https:\/\/linquacert.com\/en\/iso17100-zertifizierung\/\" target=\"_blank\" class=\"\"><strong>ISO 17100<\/strong><\/a><\/b> and <b><a href=\"https:\/\/linquacert.com\/en\/iso18587-zertifizierung\/\" target=\"_blank\"><strong>ISO 18587<\/strong><\/a><\/b> certification, your customers can be confident they will always receive high-quality translations delivered on time.<\/p>\n<p class=\"translation-block\">In cooperation with experienced certification partners, we also offer combined certifications \u2013 for example <b>I<a href=\"https:\/\/www.tuvsud.com\/de-de\/dienstleistungen\/auditierung-und-zertifizierung\/iso-9001\" rel=\"noopener\" target=\"_blank\" class=\"\">SO 9001<\/a><\/b> or <b>ISO-certified customer satisfaction.<\/b><\/p>\n<h3>Certificates Build Trust<\/h3>\n<p class=\"translation-block\">A translation is a matter of <b>trust<\/b>. It is also a matter of <b>quality<\/b>. With the large number of providers available, customers can quickly lose track. One important criterion when selecting a translation service provider is the <b>quality guidelines<\/b> according to which they operate. You can demonstrate these to your customers through <b>certification<\/b>.<\/p>\n<p class=\"translation-block\">Both the <a href=\"https:\/\/linquacert.com\/en\/iso17100-zertifizierung\/\" target=\"_blank\"><b>ISO 17100<\/b><\/a> and the <a href=\"https:\/\/linquacert.com\/en\/iso18587-zertifizierung\/\" target=\"_blank\"><b>ISO 18587<\/b><\/a> standards are suitable for demonstrating your high standards for translations through an <b>independent certification body<\/b>. We support you throughout the process with our expertise and experience.<\/p>\n<p>We support you throughout the certification process, issue the certificate, and remind you when it needs to be renewed. Thanks to our efficient processes, we can streamline the certification procedure so that the time required from you remains as low as possible.&nbsp;<\/p>\n<h3>Customer Acquisition through ISO Certification<\/h3>\n<p class=\"translation-block\">ISO certificates are an important <b>marketing tool<\/b> that <b>makes it easier for you to access new customers<\/b>. They follow international standards, which you can document on your website and across your marketing channels. With our <a href=\"https:\/\/linquacert.com\/en\/iso17100-zertifizierung\/\" target=\"_blank\" class=\"\">ISO 17100 certificates<\/a> and <a href=\"https:\/\/linquacert.com\/en\/iso18587-zertifizierung\/\" target=\"_blank\">ISO 18587<\/a>, you have a recognized and <b>convincing sales argument for attracting new clients<\/b>.<\/p>\n<p class=\"translation-block\">With an <a href=\"https:\/\/linquacert.com\/en\/iso17100-zertifizierung\/\" target=\"_blank\" class=\"\">ISO 17100 certification<\/a>, you can more easily <b>apply for public tenders<\/b>. Many authorities and institutions require it as a prerequisite for participation.<\/p>\n<p class=\"translation-block\">In an increasingly fast-moving market for machine translation, you can stand out to customers with an <a href=\"https:\/\/linquacert.com\/en\/iso18587-zertifizierung\/\" target=\"_blank\" class=\"\">ISO 18587 certificate<\/a>. It demonstrates that you can deliver translations quickly while maintaining high quality. This sets you apart from competitors who cannot offer the same level of quality.<\/p>\n<h3>Your Path to ISO Certification<\/h3>\n<p class=\"translation-block\">We support you at every stage of the certification process. Our goal is to prepare you for the requirements so that your ISO application is successful in the end. Together with our partners, we are also able to carry out additional ISO certifications within a single audit, for example for <b>ISO 9001<\/b>.<\/p>\n<p class=\"translation-block\">Our experts have <b>many years of experience<\/b> in <b>ISO audits<\/b>, as confirmed by our <a href=\"https:\/\/linquacert.com\/en\/aktuelle-zertifikate\/\" rel=\"noopener\" target=\"_blank\" class=\"\"><b><u>extensive client list<\/u><\/b><\/a>. In a free initial consultation, we can discuss together which form of certification is best suited to you and how we can support you most effectively.<\/p>\n<h2 style=\"\">LinquaCert Certifications<\/h2>\n<h3 style=\"\">LinquaCert is the certification body for ambitious translation service providers.<\/h3>\n<p><span><img decoding=\"async\" alt=\"\" data-id=\"4172\" width=\"111\" data-init-width=\"256\" height=\"111\" data-init-height=\"256\" title=\"medal\" src=\"https:\/\/linquacert.com\/wp-content\/uploads\/2023\/08\/medal.png\" data-width=\"111\" data-height=\"111\" style=\"aspect-ratio: auto 256 \/ 256;\" data-link-wrap=\"1\" loading=\"lazy\"><\/span><\/p>\n<h4 style=\"\"><strong><\/strong><strong><strong><\/strong><strong><a href=\"https:\/\/linquacert.com\/en\/iso17100-zertifizierung\/\" style=\"outline: none;\">Certification according to<strong>ISO 17100:2015<\/strong><\/a><\/strong><\/strong><\/h4>\n<p><span><a href=\"https:\/\/linquacert.com\/en\/iso18587-zertifizierung\/\" rel=\"\"><img decoding=\"async\" alt=\"\" data-id=\"4172\" width=\"111\" data-init-width=\"256\" height=\"111\" data-init-height=\"256\" title=\"medal\" src=\"https:\/\/linquacert.com\/wp-content\/uploads\/2023\/08\/medal.png\" data-width=\"111\" data-height=\"111\" style=\"aspect-ratio: auto 256 \/ 256;\" data-link-wrap=\"1\" loading=\"lazy\"><\/a><\/span><\/p>\n<h4 style=\"\"><strong><\/strong><strong><strong><\/strong><strong><a href=\"https:\/\/linquacert.com\/en\/iso18587-zertifizierung\/\" style=\"outline: none;\">Certification according to<strong>ISO18587:2017<\/strong><\/a><\/strong><\/strong><\/h4>\n<p><span><img decoding=\"async\" alt=\"\" data-id=\"4172\" width=\"111\" data-init-width=\"256\" height=\"111\" data-init-height=\"256\" title=\"medal\" src=\"https:\/\/linquacert.com\/wp-content\/uploads\/2023\/08\/medal.png\" data-width=\"111\" data-height=\"111\" style=\"aspect-ratio: auto 256 \/ 256;\" loading=\"lazy\"><\/span><\/p>\n<h4 style=\"\"><strong><\/strong><strong><strong><\/strong><strong>Certification according to<strong>ISO 9001<\/strong> for Translation Service Providers (T\u00dcV S\u00dcD)<\/strong><\/strong><\/h4>\n<p><span><img decoding=\"async\" alt=\"\" data-id=\"4172\" width=\"111\" data-init-width=\"256\" height=\"111\" data-init-height=\"256\" title=\"medal\" src=\"https:\/\/linquacert.com\/wp-content\/uploads\/2023\/08\/medal.png\" data-width=\"111\" data-height=\"111\" style=\"aspect-ratio: auto 256 \/ 256;\" loading=\"lazy\"><\/span><\/p>\n<h4 style=\"\"><strong><\/strong><strong><strong><\/strong><strong>Delta Audit<strong>ISO 17100 -&gt; ISO 9001:2015<\/strong><\/strong><\/strong><\/h4>\n<p><span><a href=\"https:\/\/linquacert.com\/en\/aktuelle-zertifikate\/\"><img decoding=\"async\" alt=\"\" data-id=\"4172\" width=\"111\" data-init-width=\"256\" height=\"111\" data-init-height=\"256\" title=\"medal\" src=\"https:\/\/linquacert.com\/wp-content\/uploads\/2023\/08\/medal.png\" data-width=\"111\" data-height=\"111\" style=\"aspect-ratio: auto 256 \/ 256;\" data-link-wrap=\"true\" loading=\"lazy\"><\/a><\/span><\/p>\n<h4 style=\"\"><strong><\/strong><strong><strong><\/strong><strong><a href=\"https:\/\/linquacert.com\/en\/aktuelle-zertifikate\/\" style=\"outline: none;\">Combined Certifications<\/a><\/strong><\/strong><\/h4>\n<h2 style=\"text-align: center;\"><\/h2>\n<h2 style=\"text-align: center;\">Downloads<\/h2>\n<p>1<\/p>\n<h3 style=\"\" class=\"translation-block\"><a href=\"https:\/\/linquacert.com\/wp-content\/uploads\/2020\/04\/ISO17100_Zertifizierungsanforderungen_LinquaCert_2015-08-25.pdf\" target=\"_blank\" class=\"\" data-css=\"tve-u-189e5c42c86\"><strong>ISO 17100:2015<\/strong> \u2013 New requirements and implementation in certification practice<\/a><\/h3>\n<p>2<\/p>\n<h3 style=\"\"><a href=\"https:\/\/linquacert.com\/wp-content\/uploads\/2020\/06\/ISO9001_ISO17100_Vergleich_LinquaCert.pdf\" style=\"outline: none;\" target=\"_blank\" rel=\"noopener\"><strong>Comparison of the requirements ISO 9001 -&gt; 17100<\/strong><\/a><\/h3>\n<p>3<\/p>\n<h3 style=\"\" class=\"translation-block\"><a href=\"https:\/\/linquacert.com\/wp-content\/uploads\/2020\/04\/ISO17100_Zertifizierungsanforderungen_LinquaCert_2015-08-25.pdf\" target=\"_blank\" class=\"\" data-css=\"tve-u-189e5c42c86\"><strong>ISO 17100:2015<\/strong> \u2013 New requirements and implementation in certification practice<\/a><\/h3>","protected":false},"excerpt":{"rendered":"<p>LinquaCertSchweizer Zertifizierungsstellef\u00fcr Sprachdienstleistungen LinquaCert ist Ihr ISO 17100, ISO 18587 und ISO 9001 Zertifizierungspartner.Wir unterst\u00fctzen Sie bei der Vermarktung wertiger \u00dcbersetzungsdienstleistungen. LINQUACERT Der Name LinquaCert setzt sich aus den lateinischen Begriffen \u201eLingua\u201c f\u00fcr Sprache, \u201eQualit\u00e4t\u201c f\u00fcr Qualit\u00e4t und \u201eCerta Fides\u201c f\u00fcr Sicherheit zusammen. Mit der&nbsp;Zertifizierung&nbsp;nach&nbsp;ISO 17100&nbsp;und&nbsp;ISO 18587&nbsp;k\u00f6nnen Ihre Kunden sicher sein, dass sie zum vereinbarten [&hellip;]<\/p>\n","protected":false},"author":1,"featured_media":0,"parent":0,"menu_order":0,"comment_status":"closed","ping_status":"closed","template":"","meta":{"footnotes":""},"class_list":["post-315","page","type-page","status-publish","hentry","post-wrapper","thrv_wrapper"],"yoast_head":"<!-- This site is optimized with the Yoast SEO Premium plugin v27.3 (Yoast SEO v27.3) - https:\/\/yoast.com\/product\/yoast-seo-premium-wordpress\/ -->\n<title>LinquaCert - ISO 17100, ISO 9001 und ISO 18587<\/title>\n<meta name=\"description\" content=\"LinquaCert - ISO 17100, ISO 9001 und ISO 18587: Zertifizierungsstelle f\u00fcr \u00dcbersetzungsdienstleister. Zertifizierung nach ISO 17100, ISO 18587.\" \/>\n<meta name=\"robots\" content=\"index, follow, max-snippet:-1, max-image-preview:large, max-video-preview:-1\" \/>\n<link rel=\"canonical\" href=\"https:\/\/linquacert.com\/en\/\" \/>\n<meta property=\"og:locale\" content=\"en_GB\" \/>\n<meta property=\"og:type\" content=\"article\" \/>\n<meta property=\"og:title\" content=\"LinquaCert\" \/>\n<meta property=\"og:description\" content=\"LinquaCert - ISO 17100, ISO 9001 und ISO 18587: Zertifizierungsstelle f\u00fcr \u00dcbersetzungsdienstleister. Zertifizierung nach ISO 17100, ISO 18587.\" \/>\n<meta property=\"og:url\" content=\"https:\/\/linquacert.com\/en\/\" \/>\n<meta property=\"og:site_name\" content=\"Linquacert\" \/>\n<meta property=\"article:modified_time\" content=\"2026-01-15T21:01:30+00:00\" \/>\n<meta property=\"og:image\" content=\"https:\/\/linquacert.com\/wp-content\/uploads\/2020\/03\/LinquaCert_ISO_17100_18587.png\" \/>\n<meta name=\"twitter:card\" content=\"summary_large_image\" \/>\n<meta name=\"twitter:label1\" content=\"Estimated reading time\" \/>\n\t<meta name=\"twitter:data1\" content=\"4 minutes\" \/>\n<script type=\"application\/ld+json\" class=\"yoast-schema-graph\">{\"@context\":\"https:\\\/\\\/schema.org\",\"@graph\":[{\"@type\":\"WebPage\",\"@id\":\"https:\\\/\\\/linquacert.com\\\/\",\"url\":\"https:\\\/\\\/linquacert.com\\\/\",\"name\":\"LinquaCert - ISO 17100, ISO 9001 und ISO 18587\",\"isPartOf\":{\"@id\":\"https:\\\/\\\/linquacert.com\\\/#website\"},\"primaryImageOfPage\":{\"@id\":\"https:\\\/\\\/linquacert.com\\\/#primaryimage\"},\"image\":{\"@id\":\"https:\\\/\\\/linquacert.com\\\/#primaryimage\"},\"thumbnailUrl\":\"https:\\\/\\\/linquacert.com\\\/wp-content\\\/uploads\\\/2020\\\/03\\\/LinquaCert_ISO_17100_18587.png\",\"datePublished\":\"2020-03-05T06:21:23+00:00\",\"dateModified\":\"2026-01-15T21:01:30+00:00\",\"description\":\"LinquaCert - ISO 17100, ISO 9001 und ISO 18587: Zertifizierungsstelle f\u00fcr \u00dcbersetzungsdienstleister. Zertifizierung nach ISO 17100, ISO 18587.\",\"breadcrumb\":{\"@id\":\"https:\\\/\\\/linquacert.com\\\/#breadcrumb\"},\"inLanguage\":\"en-GB\",\"potentialAction\":[{\"@type\":\"ReadAction\",\"target\":[\"https:\\\/\\\/linquacert.com\\\/\"]}]},{\"@type\":\"ImageObject\",\"inLanguage\":\"en-GB\",\"@id\":\"https:\\\/\\\/linquacert.com\\\/#primaryimage\",\"url\":\"https:\\\/\\\/linquacert.com\\\/wp-content\\\/uploads\\\/2020\\\/03\\\/LinquaCert_ISO_17100_18587.png\",\"contentUrl\":\"https:\\\/\\\/linquacert.com\\\/wp-content\\\/uploads\\\/2020\\\/03\\\/LinquaCert_ISO_17100_18587.png\"},{\"@type\":\"BreadcrumbList\",\"@id\":\"https:\\\/\\\/linquacert.com\\\/#breadcrumb\",\"itemListElement\":[{\"@type\":\"ListItem\",\"position\":1,\"name\":\"Home\",\"item\":\"https:\\\/\\\/linquacert.com\\\/\"},{\"@type\":\"ListItem\",\"position\":2,\"name\":\"LinquaCert\"}]},{\"@type\":\"WebSite\",\"@id\":\"https:\\\/\\\/linquacert.com\\\/#website\",\"url\":\"https:\\\/\\\/linquacert.com\\\/\",\"name\":\"Linquacert\",\"description\":\"Schweizerischer Verband der Qualit\u00e4ts-Sprachendienste\",\"publisher\":{\"@id\":\"https:\\\/\\\/linquacert.com\\\/#organization\"},\"potentialAction\":[{\"@type\":\"SearchAction\",\"target\":{\"@type\":\"EntryPoint\",\"urlTemplate\":\"https:\\\/\\\/linquacert.com\\\/?s={search_term_string}\"},\"query-input\":{\"@type\":\"PropertyValueSpecification\",\"valueRequired\":true,\"valueName\":\"search_term_string\"}}],\"inLanguage\":\"en-GB\"},{\"@type\":\"Organization\",\"@id\":\"https:\\\/\\\/linquacert.com\\\/#organization\",\"name\":\"Linquacert\",\"url\":\"https:\\\/\\\/linquacert.com\\\/\",\"logo\":{\"@type\":\"ImageObject\",\"inLanguage\":\"en-GB\",\"@id\":\"https:\\\/\\\/linquacert.com\\\/#\\\/schema\\\/logo\\\/image\\\/\",\"url\":\"https:\\\/\\\/linquacert.com\\\/wp-content\\\/uploads\\\/2020\\\/03\\\/site-logo.jpg\",\"contentUrl\":\"https:\\\/\\\/linquacert.com\\\/wp-content\\\/uploads\\\/2020\\\/03\\\/site-logo.jpg\",\"width\":370,\"height\":134,\"caption\":\"Linquacert\"},\"image\":{\"@id\":\"https:\\\/\\\/linquacert.com\\\/#\\\/schema\\\/logo\\\/image\\\/\"}}]}<\/script>\n<!-- \/ Yoast SEO Premium plugin. -->","yoast_head_json":{"title":"LinquaCert - ISO 17100, ISO 9001 und ISO 18587","description":"LinquaCert - ISO 17100, ISO 9001 und ISO 18587: Zertifizierungsstelle f\u00fcr \u00dcbersetzungsdienstleister. Zertifizierung nach ISO 17100, ISO 18587.","robots":{"index":"index","follow":"follow","max-snippet":"max-snippet:-1","max-image-preview":"max-image-preview:large","max-video-preview":"max-video-preview:-1"},"canonical":"https:\/\/linquacert.com\/en\/","og_locale":"en_GB","og_type":"article","og_title":"LinquaCert","og_description":"LinquaCert - ISO 17100, ISO 9001 und ISO 18587: Zertifizierungsstelle f\u00fcr \u00dcbersetzungsdienstleister. Zertifizierung nach ISO 17100, ISO 18587.","og_url":"https:\/\/linquacert.com\/en\/","og_site_name":"Linquacert","article_modified_time":"2026-01-15T21:01:30+00:00","og_image":[{"url":"https:\/\/linquacert.com\/wp-content\/uploads\/2020\/03\/LinquaCert_ISO_17100_18587.png","type":"","width":"","height":""}],"twitter_card":"summary_large_image","twitter_misc":{"Estimated reading time":"4 minutes"},"schema":{"@context":"https:\/\/schema.org","@graph":[{"@type":"WebPage","@id":"https:\/\/linquacert.com\/","url":"https:\/\/linquacert.com\/","name":"LinquaCert - ISO 17100, ISO 9001 und ISO 18587","isPartOf":{"@id":"https:\/\/linquacert.com\/#website"},"primaryImageOfPage":{"@id":"https:\/\/linquacert.com\/#primaryimage"},"image":{"@id":"https:\/\/linquacert.com\/#primaryimage"},"thumbnailUrl":"https:\/\/linquacert.com\/wp-content\/uploads\/2020\/03\/LinquaCert_ISO_17100_18587.png","datePublished":"2020-03-05T06:21:23+00:00","dateModified":"2026-01-15T21:01:30+00:00","description":"LinquaCert - ISO 17100, ISO 9001 und ISO 18587: Zertifizierungsstelle f\u00fcr \u00dcbersetzungsdienstleister. Zertifizierung nach ISO 17100, ISO 18587.","breadcrumb":{"@id":"https:\/\/linquacert.com\/#breadcrumb"},"inLanguage":"en-GB","potentialAction":[{"@type":"ReadAction","target":["https:\/\/linquacert.com\/"]}]},{"@type":"ImageObject","inLanguage":"en-GB","@id":"https:\/\/linquacert.com\/#primaryimage","url":"https:\/\/linquacert.com\/wp-content\/uploads\/2020\/03\/LinquaCert_ISO_17100_18587.png","contentUrl":"https:\/\/linquacert.com\/wp-content\/uploads\/2020\/03\/LinquaCert_ISO_17100_18587.png"},{"@type":"BreadcrumbList","@id":"https:\/\/linquacert.com\/#breadcrumb","itemListElement":[{"@type":"ListItem","position":1,"name":"Home","item":"https:\/\/linquacert.com\/"},{"@type":"ListItem","position":2,"name":"LinquaCert"}]},{"@type":"WebSite","@id":"https:\/\/linquacert.com\/#website","url":"https:\/\/linquacert.com\/","name":"Linquacert","description":"Schweizerischer Verband der Qualit\u00e4ts-Sprachendienste","publisher":{"@id":"https:\/\/linquacert.com\/#organization"},"potentialAction":[{"@type":"SearchAction","target":{"@type":"EntryPoint","urlTemplate":"https:\/\/linquacert.com\/?s={search_term_string}"},"query-input":{"@type":"PropertyValueSpecification","valueRequired":true,"valueName":"search_term_string"}}],"inLanguage":"en-GB"},{"@type":"Organization","@id":"https:\/\/linquacert.com\/#organization","name":"Linquacert","url":"https:\/\/linquacert.com\/","logo":{"@type":"ImageObject","inLanguage":"en-GB","@id":"https:\/\/linquacert.com\/#\/schema\/logo\/image\/","url":"https:\/\/linquacert.com\/wp-content\/uploads\/2020\/03\/site-logo.jpg","contentUrl":"https:\/\/linquacert.com\/wp-content\/uploads\/2020\/03\/site-logo.jpg","width":370,"height":134,"caption":"Linquacert"},"image":{"@id":"https:\/\/linquacert.com\/#\/schema\/logo\/image\/"}}]}},"_links":{"self":[{"href":"https:\/\/linquacert.com\/en\/wp-json\/wp\/v2\/pages\/315","targetHints":{"allow":["GET"]}}],"collection":[{"href":"https:\/\/linquacert.com\/en\/wp-json\/wp\/v2\/pages"}],"about":[{"href":"https:\/\/linquacert.com\/en\/wp-json\/wp\/v2\/types\/page"}],"author":[{"embeddable":true,"href":"https:\/\/linquacert.com\/en\/wp-json\/wp\/v2\/users\/1"}],"replies":[{"embeddable":true,"href":"https:\/\/linquacert.com\/en\/wp-json\/wp\/v2\/comments?post=315"}],"version-history":[{"count":194,"href":"https:\/\/linquacert.com\/en\/wp-json\/wp\/v2\/pages\/315\/revisions"}],"predecessor-version":[{"id":5738,"href":"https:\/\/linquacert.com\/en\/wp-json\/wp\/v2\/pages\/315\/revisions\/5738"}],"wp:attachment":[{"href":"https:\/\/linquacert.com\/en\/wp-json\/wp\/v2\/media?parent=315"}],"curies":[{"name":"wp","href":"https:\/\/api.w.org\/{rel}","templated":true}]}}