{"id":2805,"date":"2021-11-03T11:19:52","date_gmt":"2021-11-03T10:19:52","guid":{"rendered":"https:\/\/linquacert.com\/?page_id=2805"},"modified":"2026-01-15T23:35:32","modified_gmt":"2026-01-15T22:35:32","slug":"ueber-uns","status":"publish","type":"page","link":"https:\/\/linquacert.com\/en\/ueber-uns\/","title":{"rendered":"About us"},"content":{"rendered":"<h3 style=\"text-align: center;\">Who We Are<\/h3>\n<p class=\"translation-block\">The <b>Swiss certification body LinquaCert<\/b> is your specialized <b>service provider for ISO certifications<\/b> according to the recognized <b>international standards ISO 17100, ISO 18587, and ISO 9001<\/b>. LinquaCert is an independent Swiss cooperative based in Zurich (Switzerland) and is therefore your ideal partner.<\/p>\n<p align=\"left\">Our experience is our most valuable asset. We have conducted numerous audits for companies of different sizes and structures. As specialists in ISO 17100, ISO 18587, and ISO 9001, we are very familiar with the workflows in translation agencies. During our audits, we can quickly identify weaknesses and support you in improving your processes.<\/p>\n<p align=\"left\">Our team consists of specialists in ISO certifications who review and assess your workflows, structures, and qualifications. In this way, we support you in further improving your services and achieving an internationally recognized quality standard.<\/p>\n<h2><a href=\"https:\/\/linquacert.com\/en\/kontakt\/\" style=\"outline: none;\">Contact us now \u2013 We look forward to hearing from you<\/a><\/h2>\n<p class=\"translation-block\">You can reach us by phone at +41 44 552 66 19 or send an <a class=\"\" href=\"mailto:mk@linquacert.com\" target=\"_self\">email to Mr. Markus Kukla<\/a>, Head of the Certification Body. We look forward to hearing from you.<\/p>\n<p><span style=\"\"><img decoding=\"async\" alt=\"ISO\" data-id=\"4351\" width=\"1180\" data-init-width=\"1828\" height=\"782\" data-init-height=\"1212\" title=\"ISO\" loading=\"lazy\" src=\"https:\/\/linquacert.com\/wp-content\/uploads\/2023\/08\/ISO.jpg\" data-width=\"1180\" data-height=\"782\" style=\"aspect-ratio: auto 1828 \/ 1212;\" mt-d=\"-7.833000000000084\" ml-d=\"0\"><\/span><\/p>\n<h3 style=\"text-align: center;\">Our Vision<\/h3>\n<p>Our goal is to support translation service providers (LSPs) in the translation industry in identifying their potential, increasing quality and market value, and winning and delighting customers.<\/p>\n<p align=\"left\">We see ourselves as a partner who supports you throughout the certification process and provides suggestions on where you can further improve. In this role, we work with you to examine project management in translation and, where necessary, offer optimization recommendations.<\/p>\n<p align=\"left\">\n<p align=\"left\">As an internationally active certification body, no distance is too great for us, and we have the necessary resources to support clients overseas. What drives us is the conviction that standards significantly improve the quality of services. It is not only about issuing a certificate\u2014our mission is to establish ISO standards in translation companies worldwide.<\/p>\n<p align=\"left\">\n<p align=\"left\">Standardization helps us in everyday life as well as at work. It makes services and quality comparable and transparent. With our certifications, we enable even smaller translation service providers to operate on the global market under the same criteria as larger competitors.<\/p>\n<p align=\"left\">\n<p align=\"left\">These standards also serve an important cultural purpose. The better the translations, the more language is preserved in high quality. Language is one of the most important cultural assets\u2014it creates identity, but also connects people. This cultural contribution is a meaningful part of a mission that guides our path as a company.<\/p>\n<p align=\"left\">Wir haben uns zum Ziel gesetzt, ein hervorragender Anbieter von Zertifizierungen nach ISO 17100 und ISO 18587 sowie ISO 9001 zu sein. Wir sind auf einem guten Weg und ruhen nicht, uns immer wieder neu zu erfinden und auch unsere Prozesse und Arbeitsweisen st\u00e4ndig zu optimieren.<\/p>\n<h2><a href=\"https:\/\/linquacert.com\/en\/kontakt\/\" style=\"outline: none;\">Contact us now \u2013 We look forward to hearing from you<\/a><\/h2>\n<p class=\"translation-block\">You can reach us by phone at +41 44 552 66 19 or send an <a class=\"\" href=\"mailto:mk@linquacert.com\" target=\"_self\">email to Mr. Markus Kukla<\/a>, Head of the Certification Body. We look forward to hearing from you.<\/p>\n<p><span style=\"\"><img decoding=\"async\" alt=\"din iso 9001\" data-id=\"4327\" width=\"1180\" data-init-width=\"1644\" height=\"784\" data-init-height=\"1092\" title=\"din iso 9001\" loading=\"lazy\" src=\"https:\/\/linquacert.com\/wp-content\/uploads\/2023\/08\/din-iso-9001.jpg\" data-width=\"1180\" data-height=\"784\" style=\"aspect-ratio: auto 1644 \/ 1092;\" mt-d=\"-7.8419999999999845\" ml-d=\"0\"><\/span><\/p>\n<h3 style=\"text-align: center;\">What We Stand For<\/h3>\n<p class=\"translation-block\">LinquaCert stands for transparent and <b>benchmark-ready audit results<\/b>. In our audits, we identify <b>potential<\/b> and <b>opportunities<\/b> in <b>company management<\/b>. The complaint rate of translation service providers certified by LinquaCert between 2017 and 2021 averages 0.51%, which is a very low level.<\/p>\n<p class=\"translation-block\">Our audits drive <b>process optimization<\/b> in the <b>management of translation services<\/b>, involving all internal and external service providers, and enable lean, customer-oriented processes with <b>unique customer value<\/b>.<\/p>\n<p class=\"translation-block\">Our internationally recognized <b>ISO certificates 17100, ISO 18587, and ISO 9001<\/b> not only demonstrate certified quality in translation services but also represent a clear <b>competitive advantage over competitors<\/b>.<\/p>\n<p><b>As a translation service provider certified by LinquaCert, you create transparency, security, and trust. You can approach clients with greater confidence and sell more convincingly thanks to the globally recognized LinquaCert certificates.<\/b>.&nbsp;<\/p>\n<p class=\"translation-block\">It should also not be overlooked that LinquaCert certificates increase online visibility among your target audience and drive higher traffic to your website. A LinquaCert certification therefore means <b>more leads<\/b> and <b>new customers<\/b> thanks to sustainable efficiency in online marketing.<\/p>\n<p>We value fair and respectful communication during the ISO audit.<\/p>\n<h2>Members of the Board&nbsp;<\/h2>\n<p style=\"text-align: left;\">Markus Kukla<\/p>\n<p>Leiter Zertifizierungsstelle,Lead Auditor<\/p>\n<p><span style=\"\"><img decoding=\"async\" alt=\"Markus Kuakl-Linquacert-Ueber-uns\" data-id=\"2845\" width=\"179\" height=\"224\" title=\"Markus Kuakl_2534_web600px\" src=\"https:\/\/linquacert.com\/wp-content\/uploads\/2021\/11\/Markus-Kuakl_2534_web600px-1.jpg\" style=\"aspect-ratio: auto 600 \/ 750;\" ml-t=\"0\" mt-t=\"-4\" data-width=\"179\" data-height=\"224\" data-init-width=\"600\" data-init-height=\"750\" loading=\"lazy\"><\/span><\/p>\n<p style=\"text-align: left;\">Dr Arno Giovannini<\/p>\n<p>Leiter Kommunikation,Interne Dienste<\/p>\n<p><span style=\"\"><img decoding=\"async\" alt=\"\" data-id=\"2848\" width=\"179\" height=\"224\" title=\"Arno Giovannini-249_web600px\" src=\"https:\/\/linquacert.com\/wp-content\/uploads\/2021\/11\/Arno-Giovannini-249_web600px-1.jpg\" style=\"aspect-ratio: auto 600 \/ 750;\" ml-t=\"0\" mt-t=\"-4\" data-width=\"179\" data-height=\"224\" data-init-width=\"600\" data-init-height=\"750\" loading=\"lazy\"><\/span><\/p>","protected":false},"excerpt":{"rendered":"<p>Wer wir sind Die&nbsp;Schweizer Zertifizierungsstelle LinquaCert&nbsp;ist Ihr spezialisierter&nbsp;Dienstleister f\u00fcr ISO Zertifizierungen&nbsp;nach den anerkannten&nbsp;internationalen Normen ISO 17100, ISO 18587 und ISO 9001. LinquaCert ist eine unabh\u00e4ngige Schweizer Genossenschaft mit Sitz in Z\u00fcrich (Schweiz) und daher Ihr idealer Partner. Unsere Erfahrung ist unser wichtigstes Kapital. Wir haben eine Vielzahl an Audits bei Firmen unterschiedlicher Gr\u00f6\u00dfe und Struktur [&hellip;]<\/p>\n","protected":false},"author":1,"featured_media":3984,"parent":0,"menu_order":0,"comment_status":"closed","ping_status":"closed","template":"","meta":{"footnotes":""},"class_list":["post-2805","page","type-page","status-publish","has-post-thumbnail","hentry","post-wrapper","thrv_wrapper"],"yoast_head":"<!-- This site is optimized with the Yoast SEO Premium plugin v27.4 (Yoast SEO v27.4) - https:\/\/yoast.com\/product\/yoast-seo-premium-wordpress\/ -->\n<title>\u00dcber uns - Die Schweizer Zertifizierungsstelle LinquaCert<\/title>\n<meta name=\"description\" content=\"Die Schweizer Zertifizierungsstelle LinquaCert ist eine unabh\u00e4ngige Schweizer Genossenschaft mit Sitz in Z\u00fcrich und daher Ihr idealer Partner.\" \/>\n<meta name=\"robots\" content=\"index, follow, max-snippet:-1, max-image-preview:large, max-video-preview:-1\" \/>\n<link rel=\"canonical\" href=\"https:\/\/linquacert.com\/en\/ueber-uns\/\" \/>\n<meta property=\"og:locale\" content=\"en_GB\" \/>\n<meta property=\"og:type\" content=\"article\" \/>\n<meta property=\"og:title\" content=\"\u00dcber uns\" \/>\n<meta property=\"og:description\" content=\"Die Schweizer Zertifizierungsstelle LinquaCert ist eine unabh\u00e4ngige Schweizer Genossenschaft mit Sitz in Z\u00fcrich und daher Ihr idealer Partner.\" \/>\n<meta property=\"og:url\" content=\"https:\/\/linquacert.com\/en\/ueber-uns\/\" \/>\n<meta property=\"og:site_name\" content=\"Linquacert\" \/>\n<meta property=\"article:modified_time\" content=\"2026-01-15T22:35:32+00:00\" \/>\n<meta property=\"og:image\" content=\"https:\/\/linquacert.com\/wp-content\/uploads\/2023\/05\/Uber-uns.jpeg\" \/>\n\t<meta property=\"og:image:width\" content=\"1586\" \/>\n\t<meta property=\"og:image:height\" content=\"724\" \/>\n\t<meta property=\"og:image:type\" content=\"image\/jpeg\" \/>\n<meta name=\"twitter:card\" content=\"summary_large_image\" \/>\n<meta name=\"twitter:label1\" content=\"Estimated reading time\" \/>\n\t<meta name=\"twitter:data1\" content=\"4 minutes\" \/>\n<script type=\"application\/ld+json\" class=\"yoast-schema-graph\">{\"@context\":\"https:\\\/\\\/schema.org\",\"@graph\":[{\"@type\":\"WebPage\",\"@id\":\"https:\\\/\\\/linquacert.com\\\/ueber-uns\\\/\",\"url\":\"https:\\\/\\\/linquacert.com\\\/ueber-uns\\\/\",\"name\":\"\u00dcber uns - Die Schweizer Zertifizierungsstelle LinquaCert\",\"isPartOf\":{\"@id\":\"https:\\\/\\\/linquacert.com\\\/#website\"},\"primaryImageOfPage\":{\"@id\":\"https:\\\/\\\/linquacert.com\\\/ueber-uns\\\/#primaryimage\"},\"image\":{\"@id\":\"https:\\\/\\\/linquacert.com\\\/ueber-uns\\\/#primaryimage\"},\"thumbnailUrl\":\"https:\\\/\\\/linquacert.com\\\/wp-content\\\/uploads\\\/2023\\\/05\\\/Uber-uns.jpeg\",\"datePublished\":\"2021-11-03T10:19:52+00:00\",\"dateModified\":\"2026-01-15T22:35:32+00:00\",\"description\":\"Die Schweizer Zertifizierungsstelle LinquaCert ist eine unabh\u00e4ngige Schweizer Genossenschaft mit Sitz in Z\u00fcrich und daher Ihr idealer Partner.\",\"breadcrumb\":{\"@id\":\"https:\\\/\\\/linquacert.com\\\/ueber-uns\\\/#breadcrumb\"},\"inLanguage\":\"en-GB\",\"potentialAction\":[{\"@type\":\"ReadAction\",\"target\":[\"https:\\\/\\\/linquacert.com\\\/ueber-uns\\\/\"]}]},{\"@type\":\"ImageObject\",\"inLanguage\":\"en-GB\",\"@id\":\"https:\\\/\\\/linquacert.com\\\/ueber-uns\\\/#primaryimage\",\"url\":\"https:\\\/\\\/linquacert.com\\\/wp-content\\\/uploads\\\/2023\\\/05\\\/Uber-uns.jpeg\",\"contentUrl\":\"https:\\\/\\\/linquacert.com\\\/wp-content\\\/uploads\\\/2023\\\/05\\\/Uber-uns.jpeg\",\"width\":1586,\"height\":724,\"caption\":\"Uber uns Linquacert\"},{\"@type\":\"BreadcrumbList\",\"@id\":\"https:\\\/\\\/linquacert.com\\\/ueber-uns\\\/#breadcrumb\",\"itemListElement\":[{\"@type\":\"ListItem\",\"position\":1,\"name\":\"Home\",\"item\":\"https:\\\/\\\/linquacert.com\\\/\"},{\"@type\":\"ListItem\",\"position\":2,\"name\":\"\u00dcber uns\"}]},{\"@type\":\"WebSite\",\"@id\":\"https:\\\/\\\/linquacert.com\\\/#website\",\"url\":\"https:\\\/\\\/linquacert.com\\\/\",\"name\":\"Linquacert\",\"description\":\"Schweizerischer Verband der Qualit\u00e4ts-Sprachendienste\",\"publisher\":{\"@id\":\"https:\\\/\\\/linquacert.com\\\/#organization\"},\"potentialAction\":[{\"@type\":\"SearchAction\",\"target\":{\"@type\":\"EntryPoint\",\"urlTemplate\":\"https:\\\/\\\/linquacert.com\\\/?s={search_term_string}\"},\"query-input\":{\"@type\":\"PropertyValueSpecification\",\"valueRequired\":true,\"valueName\":\"search_term_string\"}}],\"inLanguage\":\"en-GB\"},{\"@type\":\"Organization\",\"@id\":\"https:\\\/\\\/linquacert.com\\\/#organization\",\"name\":\"Linquacert\",\"url\":\"https:\\\/\\\/linquacert.com\\\/\",\"logo\":{\"@type\":\"ImageObject\",\"inLanguage\":\"en-GB\",\"@id\":\"https:\\\/\\\/linquacert.com\\\/#\\\/schema\\\/logo\\\/image\\\/\",\"url\":\"https:\\\/\\\/linquacert.com\\\/wp-content\\\/uploads\\\/2020\\\/03\\\/site-logo.jpg\",\"contentUrl\":\"https:\\\/\\\/linquacert.com\\\/wp-content\\\/uploads\\\/2020\\\/03\\\/site-logo.jpg\",\"width\":370,\"height\":134,\"caption\":\"Linquacert\"},\"image\":{\"@id\":\"https:\\\/\\\/linquacert.com\\\/#\\\/schema\\\/logo\\\/image\\\/\"}}]}<\/script>\n<!-- \/ Yoast SEO Premium plugin. -->","yoast_head_json":{"title":"\u00dcber uns - Die Schweizer Zertifizierungsstelle LinquaCert","description":"Die Schweizer Zertifizierungsstelle LinquaCert ist eine unabh\u00e4ngige Schweizer Genossenschaft mit Sitz in Z\u00fcrich und daher Ihr idealer Partner.","robots":{"index":"index","follow":"follow","max-snippet":"max-snippet:-1","max-image-preview":"max-image-preview:large","max-video-preview":"max-video-preview:-1"},"canonical":"https:\/\/linquacert.com\/en\/ueber-uns\/","og_locale":"en_GB","og_type":"article","og_title":"\u00dcber uns","og_description":"Die Schweizer Zertifizierungsstelle LinquaCert ist eine unabh\u00e4ngige Schweizer Genossenschaft mit Sitz in Z\u00fcrich und daher Ihr idealer Partner.","og_url":"https:\/\/linquacert.com\/en\/ueber-uns\/","og_site_name":"Linquacert","article_modified_time":"2026-01-15T22:35:32+00:00","og_image":[{"width":1586,"height":724,"url":"https:\/\/linquacert.com\/wp-content\/uploads\/2023\/05\/Uber-uns.jpeg","type":"image\/jpeg"}],"twitter_card":"summary_large_image","twitter_misc":{"Estimated reading time":"4 minutes"},"schema":{"@context":"https:\/\/schema.org","@graph":[{"@type":"WebPage","@id":"https:\/\/linquacert.com\/ueber-uns\/","url":"https:\/\/linquacert.com\/ueber-uns\/","name":"\u00dcber uns - Die Schweizer Zertifizierungsstelle LinquaCert","isPartOf":{"@id":"https:\/\/linquacert.com\/#website"},"primaryImageOfPage":{"@id":"https:\/\/linquacert.com\/ueber-uns\/#primaryimage"},"image":{"@id":"https:\/\/linquacert.com\/ueber-uns\/#primaryimage"},"thumbnailUrl":"https:\/\/linquacert.com\/wp-content\/uploads\/2023\/05\/Uber-uns.jpeg","datePublished":"2021-11-03T10:19:52+00:00","dateModified":"2026-01-15T22:35:32+00:00","description":"Die Schweizer Zertifizierungsstelle LinquaCert ist eine unabh\u00e4ngige Schweizer Genossenschaft mit Sitz in Z\u00fcrich und daher Ihr idealer Partner.","breadcrumb":{"@id":"https:\/\/linquacert.com\/ueber-uns\/#breadcrumb"},"inLanguage":"en-GB","potentialAction":[{"@type":"ReadAction","target":["https:\/\/linquacert.com\/ueber-uns\/"]}]},{"@type":"ImageObject","inLanguage":"en-GB","@id":"https:\/\/linquacert.com\/ueber-uns\/#primaryimage","url":"https:\/\/linquacert.com\/wp-content\/uploads\/2023\/05\/Uber-uns.jpeg","contentUrl":"https:\/\/linquacert.com\/wp-content\/uploads\/2023\/05\/Uber-uns.jpeg","width":1586,"height":724,"caption":"Uber uns Linquacert"},{"@type":"BreadcrumbList","@id":"https:\/\/linquacert.com\/ueber-uns\/#breadcrumb","itemListElement":[{"@type":"ListItem","position":1,"name":"Home","item":"https:\/\/linquacert.com\/"},{"@type":"ListItem","position":2,"name":"\u00dcber uns"}]},{"@type":"WebSite","@id":"https:\/\/linquacert.com\/#website","url":"https:\/\/linquacert.com\/","name":"Linquacert","description":"Schweizerischer Verband der Qualit\u00e4ts-Sprachendienste","publisher":{"@id":"https:\/\/linquacert.com\/#organization"},"potentialAction":[{"@type":"SearchAction","target":{"@type":"EntryPoint","urlTemplate":"https:\/\/linquacert.com\/?s={search_term_string}"},"query-input":{"@type":"PropertyValueSpecification","valueRequired":true,"valueName":"search_term_string"}}],"inLanguage":"en-GB"},{"@type":"Organization","@id":"https:\/\/linquacert.com\/#organization","name":"Linquacert","url":"https:\/\/linquacert.com\/","logo":{"@type":"ImageObject","inLanguage":"en-GB","@id":"https:\/\/linquacert.com\/#\/schema\/logo\/image\/","url":"https:\/\/linquacert.com\/wp-content\/uploads\/2020\/03\/site-logo.jpg","contentUrl":"https:\/\/linquacert.com\/wp-content\/uploads\/2020\/03\/site-logo.jpg","width":370,"height":134,"caption":"Linquacert"},"image":{"@id":"https:\/\/linquacert.com\/#\/schema\/logo\/image\/"}}]}},"_links":{"self":[{"href":"https:\/\/linquacert.com\/en\/wp-json\/wp\/v2\/pages\/2805","targetHints":{"allow":["GET"]}}],"collection":[{"href":"https:\/\/linquacert.com\/en\/wp-json\/wp\/v2\/pages"}],"about":[{"href":"https:\/\/linquacert.com\/en\/wp-json\/wp\/v2\/types\/page"}],"author":[{"embeddable":true,"href":"https:\/\/linquacert.com\/en\/wp-json\/wp\/v2\/users\/1"}],"replies":[{"embeddable":true,"href":"https:\/\/linquacert.com\/en\/wp-json\/wp\/v2\/comments?post=2805"}],"version-history":[{"count":78,"href":"https:\/\/linquacert.com\/en\/wp-json\/wp\/v2\/pages\/2805\/revisions"}],"predecessor-version":[{"id":5744,"href":"https:\/\/linquacert.com\/en\/wp-json\/wp\/v2\/pages\/2805\/revisions\/5744"}],"wp:featuredmedia":[{"embeddable":true,"href":"https:\/\/linquacert.com\/en\/wp-json\/wp\/v2\/media\/3984"}],"wp:attachment":[{"href":"https:\/\/linquacert.com\/en\/wp-json\/wp\/v2\/media?parent=2805"}],"curies":[{"name":"wp","href":"https:\/\/api.w.org\/{rel}","templated":true}]}}