{"id":1864,"date":"2020-08-24T14:11:11","date_gmt":"2020-08-24T12:11:11","guid":{"rendered":"https:\/\/linquacert.com\/?page_id=1864"},"modified":"2026-04-21T16:57:41","modified_gmt":"2026-04-21T14:57:41","slug":"iso18587-zertifizierung-2","status":"publish","type":"page","link":"https:\/\/linquacert.com\/en\/iso18587-zertifizierung-2\/","title":{"rendered":"ISO 18587 Certification"},"content":{"rendered":"<p><span><img decoding=\"async\" alt=\"LinquaCert Zertifizierung ISO 18587\" data-id=\"1313\" width=\"168\" data-init-width=\"250\" height=\"168\" data-init-height=\"250\" title=\"LinquaCert_ISO_17100_18587\" src=\"https:\/\/linquacert.com\/wp-content\/uploads\/2020\/03\/LinquaCert_ISO_17100_18587.png\" data-width=\"168\" data-height=\"168\" style=\"aspect-ratio: auto 250 \/ 250;\" loading=\"lazy\"><\/span><\/p>\n<h2 style=\"text-align: center;\">Become a Certified Translation Service Provider with an ISO 18587 Certification<\/h2>\n<p class=\"translation-block\"><strong>Machine-generated translations (MT)<\/strong> save agencies and companies a lot of time. However, they still need to be edited. To ensure high quality, a translation agency can obtain certification according to the <a href=\"https:\/\/linquacert.com\/en\/iso-18587-posteditoren\/\" target=\"_blank\"><strong>ISO 18587 standard<\/strong><\/a>. This creates transparency for customers and provides a competitive advantage.<\/p>\n<p>The quality of artificial intelligence is constantly improving. Google Translate and DeepL have long been widely used in both private households and companies. As a translation agency, you use professional tools to process texts automatically. However, a text generated by a computer can rarely be presented directly to the client. You will always need to submit the translation for post-editing.<\/p>\n<p class=\"translation-block\"><a href=\"https:\/\/linquacert.com\/en\/iso-18587-posteditoren\/\" target=\"_blank\"><strong>The DIN EN ISO 18587 Certification<\/strong><\/a><strong> increases the efficiency of workflows for machine-generated translations (MT) and confirms your competence as a translation service provider.<\/strong><\/p>\n<h2><a href=\"https:\/\/linquacert.com\/en\/kontakt\/\" style=\"outline: none;\">Contact us now \u2013 We look forward to hearing from you<\/a><\/h2>\n<p class=\"translation-block\">ou can reach us by phone at +41 44 552 66 17 or send an <a href=\"mailto:mk@linquacert.com\" class=\"\" target=\"_self\">email to Mr. Markus Kukla<\/a>, Head of the Certification Body. We look forward to your valued inquiry!<\/p>\n<h3>Post-editing requires proof of quality<\/h3>\n<p>Today, the quality of the post-editing of texts accounts for a large part of the value of a translation. The computer provides the foundation, but it is the knowledge and experience of trained employees that turn it into a high-quality translation. The process behind this work is often invisible to the customer. They see the finished product and have to trust you that the translation will meet the highest standards.<\/p>\n<p class=\"translation-block\">The <a href=\"https:\/\/linquacert.com\/en\/iso-17100\/\" rel=\"noopener\" target=\"_blank\"><strong>DIN ISO 17000<\/strong><\/a> generally describes the processes in a translation agency, but explicitly excludes post-editing. Even if you are <a href=\"https:\/\/linquacert.com\/en\/ubersetzungsdienstleistern-iso-17100-zertifikat\/\" target=\"_blank\">ISO 17000 certified<\/a>, this is not a benchmark for services based on machine translation. This is where the <a href=\"https:\/\/linquacert.com\/en\/iso-18587-posteditoren\/\" target=\"_blank\" class=\"\"><strong>DIN EN ISO 18587<\/strong><\/a> comes into play as a specific standard for the post-editing of machine translations (MT).<\/p>\n<h3>What is the ISO 18587 standard?<\/h3>\n<p class=\"translation-block\">It sets the same <strong>standards for post-editing<\/strong> of machine-generated translations worldwide. It consists of three core processes:<\/p>\n<ul>\n<li>Project Preparation<\/li>\n<li>Production Process<\/li>\n<li>Project Post-Processing<\/li>\n<\/ul>\n<p>These individual chapters are divided into further highly practical stages. While the requirements for project preparation follow other ISO standards, the production process is closely aligned with machine translation. The focus here is on:<\/p>\n<ul>\n<li>What goals do you pursue in post-editing?<\/li>\n<li>What requirements are placed on the post-editing of machine translation?<\/li>\n<li>What requirements are placed on the editor?<\/li>\n<\/ul>\n<p class=\"translation-block\">With the answers to these questions, <a href=\"https:\/\/linquacert.com\/en\/iso-18587-posteditoren\/\" target=\"_blank\">ISO 18587 aims to ensure<\/a> that the <strong>quality of post-editing<\/strong> remains consistent even with a high volume. This is only possible through structured processes defined by the standard.<\/p>\n<p><span><img decoding=\"async\" alt=\"\" data-id=\"2406\" width=\"1180\" data-init-width=\"1920\" height=\"478\" data-init-height=\"1282\" title=\"pexels-cottonbro-3201466\" src=\"https:\/\/linquacert.com\/wp-content\/uploads\/2021\/09\/pexels-cottonbro-3201466.jpg\" data-width=\"1180\" data-height=\"478\" style=\"aspect-ratio: auto 1920 \/ 1282;\" loading=\"lazy\"><\/span><\/p>\n<h3>What happens during ISO 18587 certification?<\/h3>\n<p>During certification, we assess two criteria: the actual post-editing process and the existing competencies.<\/p>\n<ul>\n<li class=\"translation-block\">The <strong>production process<\/strong> is divided into preparation, the actual processing, and post-processing.<\/li>\n<li class=\"translation-block\">When it comes to <strong>competencies<\/strong>, the focus is on the general qualifications of the LSP, the professional qualifications of the translators, and the professionalism of the service.<\/li>\n<\/ul>\n<p class=\"translation-block\">In an <strong><a href=\"https:\/\/linquacert.com\/en\/iso-18587-posteditoren\/\" target=\"_blank\" class=\"\">ISO 18587 certification<\/a><\/strong>, the focus is therefore not on the translations or edits themselves, but on the <strong>processes<\/strong> and the <strong>workflow<\/strong>. During the assessment, we analyze, for example, the following processes:<\/p>\n<ul>\n<li>Check whether or not the content of the source language is suitable for MT\/MT and subsequent post-editing.<\/li>\n<li>Review of the final product against the specifications before delivery to the client.<\/li>\n<li>Feedback from post-editors on the performance of the MT system.<\/li>\n<li>Are competencies for post-editing documented in the supplier database?<\/li>\n<li>Is there an assignment of workflows and project management?<\/li>\n<li>How is feedback communicated?<\/li>\n<li>Testing text documents for suitability for machine translation<\/li>\n<\/ul>\n<p>In the certification process, all necessary procedures are analyzed and documented. Then it is verified whether they comply with the requirements of the ISO standard. If this is the case, we can issue you a certificate.<\/p>\n<h3>Project Management Under the Microscope<\/h3>\n<p class=\"translation-block\">To assess how post-editing is carried out, we examine project management during the certification audit. For the <strong>ISO <\/strong><a href=\"https:\/\/linquacert.com\/en\/iso-18587-posteditoren\/\" target=\"_blank\"><strong>18587 Certification<\/strong><\/a>, the following aspects are of particular importance:<\/p>\n<ul>\n<li>Identification of the key requirements and project specifications during the pre-production process<\/li>\n<li>Follow procedures and specifications throughout production<\/li>\n<li>Supervision and monitoring of the preparation process for the translation project<\/li>\n<li>Assignment of one or more qualified translators to the translation project<\/li>\n<li>Appointment of one or more qualified revisers<\/li>\n<li>Dissemination of information and issuance of instructions related to the assignment<\/li>\n<li>Monitoring to ensure compliance with the agreed schedule and deadlines<\/li>\n<li>Notification of changes to the project specifications if necessary<\/li>\n<li>Ensuring that translation-related questions and other inquiries are addressed<\/li>\n<li>Managing and processing feedback<\/li>\n<li>Verification that the translation service specifications have been met before the translation is approved and released to the client.<\/li>\n<\/ul>\n<h2><a href=\"https:\/\/linquacert.com\/en\/kontakt\/\" style=\"outline: none;\">Contact us now \u2013 We look forward to hearing from you<\/a><\/h2>\n<p class=\"translation-block\">You can reach us by phone at +41 44 552 66 19 or send an <a class=\"\" href=\"mailto:mk@linquacert.com\" target=\"_self\">email to Mr. Markus Kukla<\/a>, Head of the Certification Body. We look forward to hearing from you.<\/p>\n<h3>Why does an LSP need ISO DIN 18587 certification?<\/h3>\n<p class=\"translation-block\">If you, <a href=\"https:\/\/linquacert.com\/en\/was-aendert-iso-18587\/\" target=\"_blank\" class=\"\" data-css=\"tve-u-191ba6b7a52\">as a translation agency<\/a> or as a freelance translator, can demonstrate an <a href=\"https:\/\/linquacert.com\/en\/iso-18587-posteditoren\/\" target=\"_blank\" class=\"\">ISO 18587 certification<\/a>, you gain clear competitive advantages. You can show your clients that your work follows international quality standards and has been independently verified.<\/p>\n<p class=\"translation-block\"><strong>The main reasons for an <\/strong><a href=\"https:\/\/linquacert.com\/en\/iso-18587-posteditoren\/\" target=\"_blank\"><strong>ISO DIN 18587 Certification<\/strong><\/a><strong> are:<\/strong><\/p>\n<ul>\n<li>Competitive Advantages<\/li>\n<li>Proof of Quality<\/li>\n<li>Transparency Towards Customers<\/li>\n<li>Improved Internal Processes<\/li>\n<\/ul>\n<p>You stand out from competitors who only have internal post-editing processes. This allows you to increase your value as an LSP. At the same time, you position yourself as a modern, technologically advanced translation service provider. The certificate shows that you use high-tech and artificial intelligence.<\/p>\n<p><strong>Certified and Systematic Revenue Growth!<\/strong><\/p>\n<p class=\"translation-block\"><strong>With an <\/strong><a href=\"https:\/\/linquacert.com\/en\/iso-18587-posteditoren\/\" target=\"_blank\"><strong>ISO 18587 Certificate<\/strong><\/a><strong>, ideally combined with <\/strong><a href=\"https:\/\/linquacert.com\/en\/ubersetzungsdienstleistern-iso-17100-zertifikat\/\" target=\"_blank\" class=\"\"><strong>ISO 17000, you can<\/strong><\/a><strong> promote that you are able to deliver large volumes of translations quickly and with high quality.<\/strong><\/p>\n<p>You also gain advantages in the way you work. By complying with the ISO standard, you have optimized your processes and workflows and can work more efficiently. This saves you time and money.<\/p>\n<p><span><img decoding=\"async\" alt=\"\" data-id=\"2483\" width=\"1180\" data-init-width=\"1920\" height=\"553\" data-init-height=\"900\" title=\"pexels-anna-tarazevich-6358840\" src=\"https:\/\/linquacert.com\/wp-content\/uploads\/2021\/09\/pexels-anna-tarazevich-6358840-1.jpg\" data-width=\"1180\" data-height=\"553\" style=\"aspect-ratio: auto 1920 \/ 900;\" loading=\"lazy\"><\/span><\/p>\n<h3>Large companies require international standards<\/h3>\n<p>Many large and international companies publicly tender translation projects. They rely on LSPs that can translate large volumes of documents using machine-driven translation. Time is just as important as the objective proof of qualification.<\/p>\n<p class=\"translation-block\">With a certification, you have a significant advantage in tenders: the <a href=\"https:\/\/linquacert.com\/en\/iso-18587-posteditoren\/\" target=\"_blank\">DIN EN ISO 18587<\/a> standard is an internationally recognized certification standard for LSPs in machine translation (MT) and post-editing.<\/p>\n<h3>Fast and professional certification<\/h3>\n<p class=\"translation-block\">We see our role in certifying your services quickly and efficiently. As a recognized <strong>Swiss certification body for language services<\/strong>, we follow the guidelines of international audits for ISO standards. As part of the certification, we work with you to analyze your existing processes and workflows. If we identify minor deviations from ISO requirements, these can be corrected. This part of the audit is then repeated before certification.<\/p>\n<p>Once the certification has been passed, you will receive an official certificate from us. It states what has been certified, the certification number, the date, and the validity period. You can then use this certificate and the corresponding logo to promote your services on your website and in brochures.&nbsp;<\/p>\n<p class=\"translation-block\">Don\u2019t wait for your competitors to get certified\u2014start the process today. We will be happy to advise you on the requirements and how <a href=\"https:\/\/linquacert.com\/en\/pressemitteilung-benchmark-workshop\/\" target=\"_blank\">the audit process works in detail<\/a>.<\/p>\n<p class=\"translation-block\">You can reach us by phone at +41 44 552 66 19 or send an <a class=\"\" href=\"mailto:mk@linquacert.com\" target=\"_self\">email to Mr. Markus Kukla<\/a>, Head of the Certification Body. We look forward to hearing from you.<\/p>\n<p><strong>ISO 18587 certification is also offered by LinquaCert in combination with audits in accordance with ISO 9001 and\/or <\/strong><a href=\"https:\/\/linquacert.com\/en\/ubersetzungsdienstleistern-iso-17100-zertifikat\/\" target=\"_blank\"><strong>ISO 17100 performed<\/strong><\/a><strong>.<\/strong><\/p>\n<h4>Where can I find in-depth information on DIN EN ISO 17100 and DIN EN ISO 9001?<\/h4>\n<p class=\"translation-block\">In contrast to DIN EN ISO 9001, <a href=\"https:\/\/linquacert.com\/en\/iso-18587-posteditoren\/\" target=\"_blank\" class=\"\">ISO 18587<\/a> does not aim to represent a complete management system. A comparison of the scope of coverage between DIN EN ISO 9001 and <a href=\"https:\/\/linquacert.com\/en\/iso-18587-posteditoren\/\" target=\"_blank\">DIN EN ISO 18587<\/a> can be found in our <strong>eBook \u00ab<a href=\"https:\/\/www.amazon.de\/ISO-17100-bersetzen-System-Erfahrungen-ebook\/dp\/B088KLL74F\" rel=\"noopener\" target=\"_blank\">ISO 1700 \u2013 Translating with a System<\/a>\u00bb<\/strong>.<\/p>","protected":false},"excerpt":{"rendered":"<p>Werden Sie gepr\u00fcfter \u00dcbersetzungsdienstleister mit einer ISO 18587 Zertifizierung Maschinell erstellte \u00dcbersetzungen (M\u00dc)&nbsp;sparen Agenturen und Unternehmen viel Zeit. Doch auch diese m\u00fcssen noch bearbeitet werden. Um dabei eine hohe Qualit\u00e4t zu garantieren, kann sich ein \u00dcbersetzungsb\u00fcro nach der&nbsp;ISO 18587 Norm&nbsp;zertifizieren lassen. Das schafft Transparenz f\u00fcr die Kunden und einen Wettbewerbsvorteil. Die Qualit\u00e4t der K\u00fcnstlichen Intelligenz [&hellip;]<\/p>\n","protected":false},"author":1,"featured_media":3977,"parent":0,"menu_order":0,"comment_status":"closed","ping_status":"closed","template":"","meta":{"footnotes":""},"class_list":["post-1864","page","type-page","status-publish","has-post-thumbnail","hentry","post-wrapper","thrv_wrapper"],"yoast_head":"<!-- This site is optimized with the Yoast SEO Premium plugin v27.4 (Yoast SEO v27.4) - https:\/\/yoast.com\/product\/yoast-seo-premium-wordpress\/ -->\n<title>DIN EN ISO 18587 \u2013 Norm f\u00fcr Posteditieren von maschineller \u00dcbersetzung<\/title>\n<meta name=\"description\" content=\"Die Norm DIN EN ISO 18587 (kurz ISO 18587) ist ein internationaler Standard zur Zertifizierung von LSPs f\u00fcr machine translation und post-editing.\" \/>\n<meta name=\"robots\" content=\"index, follow, max-snippet:-1, max-image-preview:large, max-video-preview:-1\" \/>\n<link rel=\"canonical\" href=\"https:\/\/linquacert.com\/en\/iso18587-zertifizierung-2\/\" \/>\n<meta property=\"og:locale\" content=\"en_GB\" \/>\n<meta property=\"og:type\" content=\"article\" \/>\n<meta property=\"og:title\" content=\"ISO 18587 Zertifizierung\" \/>\n<meta property=\"og:description\" content=\"Die Norm DIN EN ISO 18587 (kurz ISO 18587) ist ein internationaler Standard zur Zertifizierung von LSPs f\u00fcr machine translation und post-editing.\" \/>\n<meta property=\"og:url\" content=\"https:\/\/linquacert.com\/en\/iso18587-zertifizierung-2\/\" \/>\n<meta property=\"og:site_name\" content=\"Linquacert\" \/>\n<meta property=\"article:modified_time\" content=\"2026-04-21T14:57:41+00:00\" \/>\n<meta property=\"og:image\" content=\"https:\/\/linquacert.com\/wp-content\/uploads\/2023\/05\/Beispielzertifikat-ISO-17100-LinquaCert.jpeg\" \/>\n\t<meta property=\"og:image:width\" content=\"1280\" \/>\n\t<meta property=\"og:image:height\" content=\"544\" \/>\n\t<meta property=\"og:image:type\" content=\"image\/jpeg\" \/>\n<meta name=\"twitter:card\" content=\"summary_large_image\" \/>\n<meta name=\"twitter:label1\" content=\"Estimated reading time\" \/>\n\t<meta name=\"twitter:data1\" content=\"7 minutes\" \/>\n<script type=\"application\/ld+json\" class=\"yoast-schema-graph\">{\"@context\":\"https:\\\/\\\/schema.org\",\"@graph\":[{\"@type\":\"WebPage\",\"@id\":\"https:\\\/\\\/linquacert.com\\\/iso18587-zertifizierung-2\\\/\",\"url\":\"https:\\\/\\\/linquacert.com\\\/iso18587-zertifizierung-2\\\/\",\"name\":\"DIN EN ISO 18587 \u2013 Norm f\u00fcr Posteditieren von maschineller \u00dcbersetzung\",\"isPartOf\":{\"@id\":\"https:\\\/\\\/linquacert.com\\\/#website\"},\"primaryImageOfPage\":{\"@id\":\"https:\\\/\\\/linquacert.com\\\/iso18587-zertifizierung-2\\\/#primaryimage\"},\"image\":{\"@id\":\"https:\\\/\\\/linquacert.com\\\/iso18587-zertifizierung-2\\\/#primaryimage\"},\"thumbnailUrl\":\"https:\\\/\\\/linquacert.com\\\/wp-content\\\/uploads\\\/2023\\\/05\\\/Beispielzertifikat-ISO-17100-LinquaCert.jpeg\",\"datePublished\":\"2020-08-24T12:11:11+00:00\",\"dateModified\":\"2026-04-21T14:57:41+00:00\",\"description\":\"Die Norm DIN EN ISO 18587 (kurz ISO 18587) ist ein internationaler Standard zur Zertifizierung von LSPs f\u00fcr machine translation und post-editing.\",\"breadcrumb\":{\"@id\":\"https:\\\/\\\/linquacert.com\\\/iso18587-zertifizierung-2\\\/#breadcrumb\"},\"inLanguage\":\"en-GB\",\"potentialAction\":[{\"@type\":\"ReadAction\",\"target\":[\"https:\\\/\\\/linquacert.com\\\/iso18587-zertifizierung-2\\\/\"]}]},{\"@type\":\"ImageObject\",\"inLanguage\":\"en-GB\",\"@id\":\"https:\\\/\\\/linquacert.com\\\/iso18587-zertifizierung-2\\\/#primaryimage\",\"url\":\"https:\\\/\\\/linquacert.com\\\/wp-content\\\/uploads\\\/2023\\\/05\\\/Beispielzertifikat-ISO-17100-LinquaCert.jpeg\",\"contentUrl\":\"https:\\\/\\\/linquacert.com\\\/wp-content\\\/uploads\\\/2023\\\/05\\\/Beispielzertifikat-ISO-17100-LinquaCert.jpeg\",\"width\":1280,\"height\":544,\"caption\":\"ISO 17100 LinquaCert Kontant\"},{\"@type\":\"BreadcrumbList\",\"@id\":\"https:\\\/\\\/linquacert.com\\\/iso18587-zertifizierung-2\\\/#breadcrumb\",\"itemListElement\":[{\"@type\":\"ListItem\",\"position\":1,\"name\":\"Home\",\"item\":\"https:\\\/\\\/linquacert.com\\\/\"},{\"@type\":\"ListItem\",\"position\":2,\"name\":\"ISO 18587 Zertifizierung\"}]},{\"@type\":\"WebSite\",\"@id\":\"https:\\\/\\\/linquacert.com\\\/#website\",\"url\":\"https:\\\/\\\/linquacert.com\\\/\",\"name\":\"Linquacert\",\"description\":\"Schweizerischer Verband der Qualit\u00e4ts-Sprachendienste\",\"publisher\":{\"@id\":\"https:\\\/\\\/linquacert.com\\\/#organization\"},\"potentialAction\":[{\"@type\":\"SearchAction\",\"target\":{\"@type\":\"EntryPoint\",\"urlTemplate\":\"https:\\\/\\\/linquacert.com\\\/?s={search_term_string}\"},\"query-input\":{\"@type\":\"PropertyValueSpecification\",\"valueRequired\":true,\"valueName\":\"search_term_string\"}}],\"inLanguage\":\"en-GB\"},{\"@type\":\"Organization\",\"@id\":\"https:\\\/\\\/linquacert.com\\\/#organization\",\"name\":\"Linquacert\",\"url\":\"https:\\\/\\\/linquacert.com\\\/\",\"logo\":{\"@type\":\"ImageObject\",\"inLanguage\":\"en-GB\",\"@id\":\"https:\\\/\\\/linquacert.com\\\/#\\\/schema\\\/logo\\\/image\\\/\",\"url\":\"https:\\\/\\\/linquacert.com\\\/wp-content\\\/uploads\\\/2020\\\/03\\\/site-logo.jpg\",\"contentUrl\":\"https:\\\/\\\/linquacert.com\\\/wp-content\\\/uploads\\\/2020\\\/03\\\/site-logo.jpg\",\"width\":370,\"height\":134,\"caption\":\"Linquacert\"},\"image\":{\"@id\":\"https:\\\/\\\/linquacert.com\\\/#\\\/schema\\\/logo\\\/image\\\/\"}}]}<\/script>\n<!-- \/ Yoast SEO Premium plugin. -->","yoast_head_json":{"title":"DIN EN ISO 18587 \u2013 Norm f\u00fcr Posteditieren von maschineller \u00dcbersetzung","description":"Die Norm DIN EN ISO 18587 (kurz ISO 18587) ist ein internationaler Standard zur Zertifizierung von LSPs f\u00fcr machine translation und post-editing.","robots":{"index":"index","follow":"follow","max-snippet":"max-snippet:-1","max-image-preview":"max-image-preview:large","max-video-preview":"max-video-preview:-1"},"canonical":"https:\/\/linquacert.com\/en\/iso18587-zertifizierung-2\/","og_locale":"en_GB","og_type":"article","og_title":"ISO 18587 Zertifizierung","og_description":"Die Norm DIN EN ISO 18587 (kurz ISO 18587) ist ein internationaler Standard zur Zertifizierung von LSPs f\u00fcr machine translation und post-editing.","og_url":"https:\/\/linquacert.com\/en\/iso18587-zertifizierung-2\/","og_site_name":"Linquacert","article_modified_time":"2026-04-21T14:57:41+00:00","og_image":[{"width":1280,"height":544,"url":"https:\/\/linquacert.com\/wp-content\/uploads\/2023\/05\/Beispielzertifikat-ISO-17100-LinquaCert.jpeg","type":"image\/jpeg"}],"twitter_card":"summary_large_image","twitter_misc":{"Estimated reading time":"7 minutes"},"schema":{"@context":"https:\/\/schema.org","@graph":[{"@type":"WebPage","@id":"https:\/\/linquacert.com\/iso18587-zertifizierung-2\/","url":"https:\/\/linquacert.com\/iso18587-zertifizierung-2\/","name":"DIN EN ISO 18587 \u2013 Norm f\u00fcr Posteditieren von maschineller \u00dcbersetzung","isPartOf":{"@id":"https:\/\/linquacert.com\/#website"},"primaryImageOfPage":{"@id":"https:\/\/linquacert.com\/iso18587-zertifizierung-2\/#primaryimage"},"image":{"@id":"https:\/\/linquacert.com\/iso18587-zertifizierung-2\/#primaryimage"},"thumbnailUrl":"https:\/\/linquacert.com\/wp-content\/uploads\/2023\/05\/Beispielzertifikat-ISO-17100-LinquaCert.jpeg","datePublished":"2020-08-24T12:11:11+00:00","dateModified":"2026-04-21T14:57:41+00:00","description":"Die Norm DIN EN ISO 18587 (kurz ISO 18587) ist ein internationaler Standard zur Zertifizierung von LSPs f\u00fcr machine translation und post-editing.","breadcrumb":{"@id":"https:\/\/linquacert.com\/iso18587-zertifizierung-2\/#breadcrumb"},"inLanguage":"en-GB","potentialAction":[{"@type":"ReadAction","target":["https:\/\/linquacert.com\/iso18587-zertifizierung-2\/"]}]},{"@type":"ImageObject","inLanguage":"en-GB","@id":"https:\/\/linquacert.com\/iso18587-zertifizierung-2\/#primaryimage","url":"https:\/\/linquacert.com\/wp-content\/uploads\/2023\/05\/Beispielzertifikat-ISO-17100-LinquaCert.jpeg","contentUrl":"https:\/\/linquacert.com\/wp-content\/uploads\/2023\/05\/Beispielzertifikat-ISO-17100-LinquaCert.jpeg","width":1280,"height":544,"caption":"ISO 17100 LinquaCert Kontant"},{"@type":"BreadcrumbList","@id":"https:\/\/linquacert.com\/iso18587-zertifizierung-2\/#breadcrumb","itemListElement":[{"@type":"ListItem","position":1,"name":"Home","item":"https:\/\/linquacert.com\/"},{"@type":"ListItem","position":2,"name":"ISO 18587 Zertifizierung"}]},{"@type":"WebSite","@id":"https:\/\/linquacert.com\/#website","url":"https:\/\/linquacert.com\/","name":"Linquacert","description":"Schweizerischer Verband der Qualit\u00e4ts-Sprachendienste","publisher":{"@id":"https:\/\/linquacert.com\/#organization"},"potentialAction":[{"@type":"SearchAction","target":{"@type":"EntryPoint","urlTemplate":"https:\/\/linquacert.com\/?s={search_term_string}"},"query-input":{"@type":"PropertyValueSpecification","valueRequired":true,"valueName":"search_term_string"}}],"inLanguage":"en-GB"},{"@type":"Organization","@id":"https:\/\/linquacert.com\/#organization","name":"Linquacert","url":"https:\/\/linquacert.com\/","logo":{"@type":"ImageObject","inLanguage":"en-GB","@id":"https:\/\/linquacert.com\/#\/schema\/logo\/image\/","url":"https:\/\/linquacert.com\/wp-content\/uploads\/2020\/03\/site-logo.jpg","contentUrl":"https:\/\/linquacert.com\/wp-content\/uploads\/2020\/03\/site-logo.jpg","width":370,"height":134,"caption":"Linquacert"},"image":{"@id":"https:\/\/linquacert.com\/#\/schema\/logo\/image\/"}}]}},"_links":{"self":[{"href":"https:\/\/linquacert.com\/en\/wp-json\/wp\/v2\/pages\/1864","targetHints":{"allow":["GET"]}}],"collection":[{"href":"https:\/\/linquacert.com\/en\/wp-json\/wp\/v2\/pages"}],"about":[{"href":"https:\/\/linquacert.com\/en\/wp-json\/wp\/v2\/types\/page"}],"author":[{"embeddable":true,"href":"https:\/\/linquacert.com\/en\/wp-json\/wp\/v2\/users\/1"}],"replies":[{"embeddable":true,"href":"https:\/\/linquacert.com\/en\/wp-json\/wp\/v2\/comments?post=1864"}],"version-history":[{"count":64,"href":"https:\/\/linquacert.com\/en\/wp-json\/wp\/v2\/pages\/1864\/revisions"}],"predecessor-version":[{"id":5809,"href":"https:\/\/linquacert.com\/en\/wp-json\/wp\/v2\/pages\/1864\/revisions\/5809"}],"wp:featuredmedia":[{"embeddable":true,"href":"https:\/\/linquacert.com\/en\/wp-json\/wp\/v2\/media\/3977"}],"wp:attachment":[{"href":"https:\/\/linquacert.com\/en\/wp-json\/wp\/v2\/media?parent=1864"}],"curies":[{"name":"wp","href":"https:\/\/api.w.org\/{rel}","templated":true}]}}