{"id":1457,"date":"2020-03-13T10:42:20","date_gmt":"2020-03-13T09:42:20","guid":{"rendered":"https:\/\/linquacert.com\/iso-17021\/"},"modified":"2026-01-15T23:43:51","modified_gmt":"2026-01-15T22:43:51","slug":"iso17021","status":"publish","type":"page","link":"https:\/\/linquacert.com\/en\/iso17021\/","title":{"rendered":"ISO 17021"},"content":{"rendered":"<p>The accreditation standard ISO\/IEC 17021 forms the basis for LinquaCert\u2019s internal management system. It is an internationally recognized conformity assessment tool that defines requirements for organizations carrying out the audit and certification of management systems.<\/p>\n<h3>The content of ISO \/ IEC 17021 includes the following sections:<\/h3>\n<ul>\n<li>4 Principles<\/li>\n<li>5 General requirements for legal and contractual matters<\/li>\n<li>6 Structural requirements (organizational structure)<\/li>\n<li>7 Requirements for personnel with competence and judgment<\/li>\n<li>8 Requirements for information and information exchange<\/li>\n<li>9 Process requirements for the planning, execution, and certification of audits<\/li>\n<li>10 Management system requirements including evaluation, manual, audits, and measures<\/li>\n<\/ul>\n<h2><a href=\"https:\/\/linquacert.com\/en\/kontakt\/\" style=\"outline: none;\">Contact us now \u2013 We look forward to hearing from you<\/a><\/h2>\n<p class=\"translation-block\">You can reach us by phone at +41 44 552 66 19 or send an <a class=\"\" href=\"mailto:mk@linquacert.com\" target=\"_self\">email to Mr. Markus Kukla<\/a>, Head of the Certification Body. We look forward to hearing from you.<\/p>\n<h2>The accreditation standard ISO 17021 at LinquaCert<\/h2>\n<p class=\"translation-block\">As a certification company, we naturally also set high standards for ourselves. Just as there are ISO standards for translation service providers, there are also standards for us as certifiers. A very special role is played by the<b> <\/b>ISO 17021.<\/p>\n<p class=\"translation-block\">The <b>ISO 17021<\/b> is an <b>international standard<\/b> that defines <b>requirements for certification bodies <\/b>. These are intended to ensure that their management system certification process is carried out in a competent, consistent, and transparent manner.<\/p>\n<p>The standard was established in 2006 to create a globally valid standard for companies that carry out certifications.&nbsp;<\/p>\n<p>ISO 17021 is intended for use by certification bodies that carry out audits and certifications of management systems. It applies to those certification bodies that conduct audits and certifications in the field of quality, environmental, and other types of management systems. These certification bodies (also called registrars) can be non-governmental or governmental and do not have to offer all types of management system certifications.<\/p>\n<p><span><img decoding=\"async\" alt=\"u\u0308bersetzung englisch\" data-id=\"4262\" width=\"1180\" data-init-width=\"1642\" height=\"780\" data-init-height=\"1086\" title=\"translation english\" loading=\"lazy\" src=\"https:\/\/linquacert.com\/wp-content\/uploads\/2023\/08\/ubersetzung-englisch.jpg\" data-width=\"1180\" data-height=\"780\" style=\"aspect-ratio: auto 1642 \/ 1086;\"><\/span><\/p>\n<p>With ISO 17021, we can demonstrate that we have established compliant processes that standardize procedures. We meet the required organizational structure and can demonstrate the competence of our employees as well as the legal foundations.<\/p>\n<p>The standard also regulates the exchange and handling of information. This includes data about customers and orders as well as internal information. We can ensure that these are handled in accordance with the standard and securely.&nbsp;<\/p>\n<p class=\"translation-block\">When we conduct <b>audits <\/b>, we always follow the same principle. ISO 17021 does not prescribe exactly how the processes must be designed. However, it requires that they are applied consistently. This means for you as a translation service provider that every certification carried out by us follows the same procedure \u2013 and therefore always ensures consistently high quality.<\/p>","protected":false},"excerpt":{"rendered":"<p>Die Akkreditierungsnorm ISO \/ IEC 17021 ist die Grundlage f\u00fcr das interne Managementsystem von LinquaCert. Es ist ein international anerkanntes Konformit\u00e4tsbewertungsinstrument, das Anforderungen an Organisationen definiert, die die Pr\u00fcfung und Zertifizierung von Managementsystemen durchf\u00fchren. Der Inhalt von ISO \/ IEC 17021 umfasst die folgenden Abschnitte: 4 Prinzipien 5 Allgemeine Anforderungen an rechtliche und vertragliche Fragen [&hellip;]<\/p>\n","protected":false},"author":1,"featured_media":4258,"parent":0,"menu_order":0,"comment_status":"closed","ping_status":"closed","template":"","meta":{"footnotes":""},"class_list":["post-1457","page","type-page","status-publish","has-post-thumbnail","hentry","post-wrapper","thrv_wrapper"],"yoast_head":"<!-- This site is optimized with the Yoast SEO Premium plugin v27.4 (Yoast SEO v27.4) - https:\/\/yoast.com\/product\/yoast-seo-premium-wordpress\/ -->\n<title>ISO 17021 - Internes Managementsystem von LinquaCert<\/title>\n<meta name=\"description\" content=\"ISO 17021 - Internes Managementsystem von LinquaCert. Hier finden Sie die Inhalte von ISO 17021. Die ISO 17021 ist eine internationale Norm.\" \/>\n<meta name=\"robots\" content=\"index, follow, max-snippet:-1, max-image-preview:large, max-video-preview:-1\" \/>\n<link rel=\"canonical\" href=\"https:\/\/linquacert.com\/en\/iso17021\/\" \/>\n<meta property=\"og:locale\" content=\"en_GB\" \/>\n<meta property=\"og:type\" content=\"article\" \/>\n<meta property=\"og:title\" content=\"ISO 17021\" \/>\n<meta property=\"og:description\" content=\"ISO 17021 - Internes Managementsystem von LinquaCert. Hier finden Sie die Inhalte von ISO 17021. Die ISO 17021 ist eine internationale Norm.\" \/>\n<meta property=\"og:url\" content=\"https:\/\/linquacert.com\/en\/iso17021\/\" \/>\n<meta property=\"og:site_name\" content=\"Linquacert\" \/>\n<meta property=\"article:modified_time\" content=\"2026-01-15T22:43:51+00:00\" \/>\n<meta property=\"og:image\" content=\"https:\/\/linquacert.com\/wp-content\/uploads\/2023\/08\/iso17021.jpg\" \/>\n\t<meta property=\"og:image:width\" content=\"1824\" \/>\n\t<meta property=\"og:image:height\" content=\"1208\" \/>\n\t<meta property=\"og:image:type\" content=\"image\/jpeg\" \/>\n<meta name=\"twitter:card\" content=\"summary_large_image\" \/>\n<meta name=\"twitter:label1\" content=\"Estimated reading time\" \/>\n\t<meta name=\"twitter:data1\" content=\"2 minutes\" \/>\n<script type=\"application\/ld+json\" class=\"yoast-schema-graph\">{\"@context\":\"https:\\\/\\\/schema.org\",\"@graph\":[{\"@type\":\"WebPage\",\"@id\":\"https:\\\/\\\/linquacert.com\\\/iso17021\\\/\",\"url\":\"https:\\\/\\\/linquacert.com\\\/iso17021\\\/\",\"name\":\"ISO 17021 - Internes Managementsystem von LinquaCert\",\"isPartOf\":{\"@id\":\"https:\\\/\\\/linquacert.com\\\/#website\"},\"primaryImageOfPage\":{\"@id\":\"https:\\\/\\\/linquacert.com\\\/iso17021\\\/#primaryimage\"},\"image\":{\"@id\":\"https:\\\/\\\/linquacert.com\\\/iso17021\\\/#primaryimage\"},\"thumbnailUrl\":\"https:\\\/\\\/linquacert.com\\\/wp-content\\\/uploads\\\/2023\\\/08\\\/iso17021.jpg\",\"datePublished\":\"2020-03-13T09:42:20+00:00\",\"dateModified\":\"2026-01-15T22:43:51+00:00\",\"description\":\"ISO 17021 - Internes Managementsystem von LinquaCert. Hier finden Sie die Inhalte von ISO 17021. Die ISO 17021 ist eine internationale Norm.\",\"breadcrumb\":{\"@id\":\"https:\\\/\\\/linquacert.com\\\/iso17021\\\/#breadcrumb\"},\"inLanguage\":\"en-GB\",\"potentialAction\":[{\"@type\":\"ReadAction\",\"target\":[\"https:\\\/\\\/linquacert.com\\\/iso17021\\\/\"]}]},{\"@type\":\"ImageObject\",\"inLanguage\":\"en-GB\",\"@id\":\"https:\\\/\\\/linquacert.com\\\/iso17021\\\/#primaryimage\",\"url\":\"https:\\\/\\\/linquacert.com\\\/wp-content\\\/uploads\\\/2023\\\/08\\\/iso17021.jpg\",\"contentUrl\":\"https:\\\/\\\/linquacert.com\\\/wp-content\\\/uploads\\\/2023\\\/08\\\/iso17021.jpg\",\"width\":1824,\"height\":1208,\"caption\":\"iso17021\"},{\"@type\":\"BreadcrumbList\",\"@id\":\"https:\\\/\\\/linquacert.com\\\/iso17021\\\/#breadcrumb\",\"itemListElement\":[{\"@type\":\"ListItem\",\"position\":1,\"name\":\"Home\",\"item\":\"https:\\\/\\\/linquacert.com\\\/\"},{\"@type\":\"ListItem\",\"position\":2,\"name\":\"ISO 17021\"}]},{\"@type\":\"WebSite\",\"@id\":\"https:\\\/\\\/linquacert.com\\\/#website\",\"url\":\"https:\\\/\\\/linquacert.com\\\/\",\"name\":\"Linquacert\",\"description\":\"Schweizerischer Verband der Qualit\u00e4ts-Sprachendienste\",\"publisher\":{\"@id\":\"https:\\\/\\\/linquacert.com\\\/#organization\"},\"potentialAction\":[{\"@type\":\"SearchAction\",\"target\":{\"@type\":\"EntryPoint\",\"urlTemplate\":\"https:\\\/\\\/linquacert.com\\\/?s={search_term_string}\"},\"query-input\":{\"@type\":\"PropertyValueSpecification\",\"valueRequired\":true,\"valueName\":\"search_term_string\"}}],\"inLanguage\":\"en-GB\"},{\"@type\":\"Organization\",\"@id\":\"https:\\\/\\\/linquacert.com\\\/#organization\",\"name\":\"Linquacert\",\"url\":\"https:\\\/\\\/linquacert.com\\\/\",\"logo\":{\"@type\":\"ImageObject\",\"inLanguage\":\"en-GB\",\"@id\":\"https:\\\/\\\/linquacert.com\\\/#\\\/schema\\\/logo\\\/image\\\/\",\"url\":\"https:\\\/\\\/linquacert.com\\\/wp-content\\\/uploads\\\/2020\\\/03\\\/site-logo.jpg\",\"contentUrl\":\"https:\\\/\\\/linquacert.com\\\/wp-content\\\/uploads\\\/2020\\\/03\\\/site-logo.jpg\",\"width\":370,\"height\":134,\"caption\":\"Linquacert\"},\"image\":{\"@id\":\"https:\\\/\\\/linquacert.com\\\/#\\\/schema\\\/logo\\\/image\\\/\"}}]}<\/script>\n<!-- \/ Yoast SEO Premium plugin. -->","yoast_head_json":{"title":"ISO 17021 - Internes Managementsystem von LinquaCert","description":"ISO 17021 - Internes Managementsystem von LinquaCert. Hier finden Sie die Inhalte von ISO 17021. Die ISO 17021 ist eine internationale Norm.","robots":{"index":"index","follow":"follow","max-snippet":"max-snippet:-1","max-image-preview":"max-image-preview:large","max-video-preview":"max-video-preview:-1"},"canonical":"https:\/\/linquacert.com\/en\/iso17021\/","og_locale":"en_GB","og_type":"article","og_title":"ISO 17021","og_description":"ISO 17021 - Internes Managementsystem von LinquaCert. Hier finden Sie die Inhalte von ISO 17021. Die ISO 17021 ist eine internationale Norm.","og_url":"https:\/\/linquacert.com\/en\/iso17021\/","og_site_name":"Linquacert","article_modified_time":"2026-01-15T22:43:51+00:00","og_image":[{"width":1824,"height":1208,"url":"https:\/\/linquacert.com\/wp-content\/uploads\/2023\/08\/iso17021.jpg","type":"image\/jpeg"}],"twitter_card":"summary_large_image","twitter_misc":{"Estimated reading time":"2 minutes"},"schema":{"@context":"https:\/\/schema.org","@graph":[{"@type":"WebPage","@id":"https:\/\/linquacert.com\/iso17021\/","url":"https:\/\/linquacert.com\/iso17021\/","name":"ISO 17021 - Internes Managementsystem von LinquaCert","isPartOf":{"@id":"https:\/\/linquacert.com\/#website"},"primaryImageOfPage":{"@id":"https:\/\/linquacert.com\/iso17021\/#primaryimage"},"image":{"@id":"https:\/\/linquacert.com\/iso17021\/#primaryimage"},"thumbnailUrl":"https:\/\/linquacert.com\/wp-content\/uploads\/2023\/08\/iso17021.jpg","datePublished":"2020-03-13T09:42:20+00:00","dateModified":"2026-01-15T22:43:51+00:00","description":"ISO 17021 - Internes Managementsystem von LinquaCert. Hier finden Sie die Inhalte von ISO 17021. Die ISO 17021 ist eine internationale Norm.","breadcrumb":{"@id":"https:\/\/linquacert.com\/iso17021\/#breadcrumb"},"inLanguage":"en-GB","potentialAction":[{"@type":"ReadAction","target":["https:\/\/linquacert.com\/iso17021\/"]}]},{"@type":"ImageObject","inLanguage":"en-GB","@id":"https:\/\/linquacert.com\/iso17021\/#primaryimage","url":"https:\/\/linquacert.com\/wp-content\/uploads\/2023\/08\/iso17021.jpg","contentUrl":"https:\/\/linquacert.com\/wp-content\/uploads\/2023\/08\/iso17021.jpg","width":1824,"height":1208,"caption":"iso17021"},{"@type":"BreadcrumbList","@id":"https:\/\/linquacert.com\/iso17021\/#breadcrumb","itemListElement":[{"@type":"ListItem","position":1,"name":"Home","item":"https:\/\/linquacert.com\/"},{"@type":"ListItem","position":2,"name":"ISO 17021"}]},{"@type":"WebSite","@id":"https:\/\/linquacert.com\/#website","url":"https:\/\/linquacert.com\/","name":"Linquacert","description":"Schweizerischer Verband der Qualit\u00e4ts-Sprachendienste","publisher":{"@id":"https:\/\/linquacert.com\/#organization"},"potentialAction":[{"@type":"SearchAction","target":{"@type":"EntryPoint","urlTemplate":"https:\/\/linquacert.com\/?s={search_term_string}"},"query-input":{"@type":"PropertyValueSpecification","valueRequired":true,"valueName":"search_term_string"}}],"inLanguage":"en-GB"},{"@type":"Organization","@id":"https:\/\/linquacert.com\/#organization","name":"Linquacert","url":"https:\/\/linquacert.com\/","logo":{"@type":"ImageObject","inLanguage":"en-GB","@id":"https:\/\/linquacert.com\/#\/schema\/logo\/image\/","url":"https:\/\/linquacert.com\/wp-content\/uploads\/2020\/03\/site-logo.jpg","contentUrl":"https:\/\/linquacert.com\/wp-content\/uploads\/2020\/03\/site-logo.jpg","width":370,"height":134,"caption":"Linquacert"},"image":{"@id":"https:\/\/linquacert.com\/#\/schema\/logo\/image\/"}}]}},"_links":{"self":[{"href":"https:\/\/linquacert.com\/en\/wp-json\/wp\/v2\/pages\/1457","targetHints":{"allow":["GET"]}}],"collection":[{"href":"https:\/\/linquacert.com\/en\/wp-json\/wp\/v2\/pages"}],"about":[{"href":"https:\/\/linquacert.com\/en\/wp-json\/wp\/v2\/types\/page"}],"author":[{"embeddable":true,"href":"https:\/\/linquacert.com\/en\/wp-json\/wp\/v2\/users\/1"}],"replies":[{"embeddable":true,"href":"https:\/\/linquacert.com\/en\/wp-json\/wp\/v2\/comments?post=1457"}],"version-history":[{"count":23,"href":"https:\/\/linquacert.com\/en\/wp-json\/wp\/v2\/pages\/1457\/revisions"}],"predecessor-version":[{"id":5750,"href":"https:\/\/linquacert.com\/en\/wp-json\/wp\/v2\/pages\/1457\/revisions\/5750"}],"wp:featuredmedia":[{"embeddable":true,"href":"https:\/\/linquacert.com\/en\/wp-json\/wp\/v2\/media\/4258"}],"wp:attachment":[{"href":"https:\/\/linquacert.com\/en\/wp-json\/wp\/v2\/media?parent=1457"}],"curies":[{"name":"wp","href":"https:\/\/api.w.org\/{rel}","templated":true}]}}