{"id":1431,"date":"2020-03-13T10:30:44","date_gmt":"2020-03-13T09:30:44","guid":{"rendered":"https:\/\/linquacert.com\/basis\/"},"modified":"2026-01-15T23:43:13","modified_gmt":"2026-01-15T22:43:13","slug":"iso-zertifizierungen-linquacert","status":"publish","type":"page","link":"https:\/\/linquacert.com\/en\/iso-zertifizierungen-linquacert\/","title":{"rendered":"Base"},"content":{"rendered":"<h2 style=\"text-align: center;\"><\/h2>\n<h2 style=\"text-align: center;\">Information on LinquaCert Certifications<\/h2>\n<p>From now on, the new LinquaCert certifications include an internet link through which the respective test criteria are clearly described. This provides interested parties with even more information about the test content.<\/p>\n<p><span style=\"\"><img decoding=\"async\" alt=\"ISO Zertifizierung\" data-id=\"2236\" width=\"196\" data-init-width=\"300\" height=\"238\" data-init-height=\"365\" title=\"LinquaCert_ISO_17100_18587\" loading=\"lazy\" src=\"https:\/\/linquacert.com\/wp-content\/uploads\/2021\/03\/LinquaCert_ISO_17100_18587_US-1.jpg\" data-width=\"196\" data-height=\"238\" style=\"aspect-ratio: auto 300 \/ 365;\" mt-d=\"-3.9839999999999804\" ml-d=\"0\"><\/span><\/p>\n<p>If you use our quality seal for consumer advertising, we strongly recommend using only the new LinquaCert quality seal with this link. Otherwise, you may receive a warning from consumer protection authorities or be notified by third parties for violating competition law (UWG).<\/p>\n<p>If you use certification marks that do not include this link, please ensure that www.linquacert.com\/base\n is used as a reference.<\/p>\n<h3>Test Content<\/h3>\n<p><strong>Certification:<\/strong>Certification of the management system \/ voluntary audit.<\/p>\n<p class=\"translation-block\"><strong>Basis of the audit:<\/strong><br>International standard <a href=\"https:\/\/linquacert.com\/en\/iso-17100\/\" target=\"_blank\">ISO 17100<\/a> and <a href=\"https:\/\/linquacert.com\/en\/iso-18587\/\" target=\"_blank\">ISO 18587<\/a>.<br>(Requirements for translation services as well as requirements for the post-editing of machine translations).<\/p>\n<p class=\"translation-block\"><strong>Standard legislation:<\/strong><br>International Organization for Standardization (ISO).<\/p>\n<p class=\"translation-block\"><strong>What do ISO 17100 and ISO 18587 standards include?<\/strong><br>These two standards define the requirements for certifiable process management in companies. This includes, among other things:<\/p>\n<h2><a href=\"https:\/\/linquacert.com\/en\/kontakt\/\" style=\"outline: none;\">Contact us now \u2013 We look forward to hearing from you<\/a><\/h2>\n<p class=\"translation-block\">You can reach us by phone at +41 44 552 66 19 or send an <a class=\"\" href=\"mailto:mk@linquacert.com\" target=\"_self\">email to Mr. Markus Kukla<\/a>, Head of the Certification Body. We look forward to hearing from you.<\/p>\n<h3>Test Criteria<\/h3>\n<ul>\n<li>The company has established appropriate procedures for the provision of services. It analyzes and complies with the quality requirements of its customers and the standards.<\/li>\n<li>The company has undergone a voluntary audit (on-site audit) based on defined criteria (audit specifications).<\/li>\n<li>A certificate and\/or permission to use the quality seal is granted only if no significant deviations from the audit requirements are found during the test.<\/li>\n<li><a href=\"https:\/\/linquacert.com\/en\/aktuelle-zertifikate\/\" style=\"outline: none;\">Certificates and\/or quality seals are issued for a limited period. You can verify the validity of individual certificates on the LinquaCert page \u201cCurrent Certificates.\u201d<\/a><\/li>\n<li>For certification, annual scheduled audits must be carried out and result in positive outcomes.<\/li>\n<li>Unannounced audits may occasionally take place.<\/li>\n<li>ISO 17100 \/ ISO 18587 are not product certifications. Therefore, no statement can be made about the quality of a specific translation provided by the certified client.<\/li>\n<li>Certification according to ISO 17100 and\/or ISO 18587 cannot guarantee error-free work, although this is the objective.<\/li>\n<\/ul>\n<p align=\"left\">With our summary of the most important audit criteria, you and your customers are on the safe side.<\/p>\n<p align=\"left\">This creates transparency and allows you to clearly demonstrate at any time which requirements you have fulfilled through your certification. Your customers gain quick and easy access to this page via a link and can understand the key contents of the certification and the basis of these ISO standards. As a certified translation service provider, you also benefit from legal security, as you can refer to us as a recognized certification body.<\/p>\n<p><span><img decoding=\"async\" alt=\"u\u0308bersetzer englisch deutsche\" data-id=\"4250\" width=\"1180\" data-init-width=\"1468\" height=\"780\" data-init-height=\"970\" title=\"u\u0308bersetzer englisch deutsche\" loading=\"lazy\" src=\"https:\/\/linquacert.com\/wp-content\/uploads\/2023\/08\/ubersetzer-englisch-deutsche.jpg\" data-width=\"1180\" data-height=\"780\" style=\"aspect-ratio: auto 1468 \/ 970;\"><\/span><\/p>\n<h3>Additional Contents of the Certification<\/h3>\n<h3>Under ISO 17000<\/h3>\n<p align=\"left\"><b>Vorhandene Ressourcen:<\/b><\/p>\n<p align=\"left\">Which translators are involved, what professional qualifications they have, and what experience they can demonstrate<\/p>\n<p align=\"left\"><b>Revisers:<\/b><\/p>\n<p align=\"left\">Who revises and corrects the texts?<\/p>\n<p align=\"left\"><b>Project Management<\/b>:<\/p>\n<p align=\"left\">How is project management integrated and what responsibilities does it have?<\/p>\n<p align=\"left\"><b>Subcontractors:<\/b><\/p>\n<p align=\"left\">What qualifications do third parties involved in the projects have?<\/p>\n<p align=\"left\"><b>Technical Infrastructure:<\/b><\/p>\n<p align=\"left\">Which software is used?<\/p>\n<p align=\"left\">Wie wird die IT-Sicherheit gew\u00e4hrleistet?<\/p>\n<p align=\"left\"><b>Production Preparation:<\/b><\/p>\n<p align=\"left\">How are inquiries handled and quotations prepared?<\/p>\n<p align=\"left\">What are the processes for project preparation and specification?<\/p>\n<p align=\"left\"><b>Produktion:<\/b><\/p>\n<p align=\"left\">Detailed review of the processes for translation, revision, subject-matter review, as well as correction and approval<\/p>\n<p align=\"left\"><b>Post-Production:<\/b><\/p>\n<p align=\"left\">How is customer feedback processed, and what final administrative processes are in place?<\/p>\n<p><span><img decoding=\"async\" alt=\"sprechen\" data-id=\"4253\" width=\"1180\" data-init-width=\"1642\" height=\"778\" data-init-height=\"1082\" title=\"sprechen\" loading=\"lazy\" src=\"https:\/\/linquacert.com\/wp-content\/uploads\/2023\/08\/sprechen.jpg\" data-width=\"1180\" data-height=\"778\" style=\"aspect-ratio: auto 1642 \/ 1082;\"><\/span><\/p>\n<h3>Under ISO 18587<\/h3>\n<p align=\"left\">Here as well, preparation, the actual processing, and post-processing are examined separately, and each step is checked for compliance with ISO 18587.<\/p>\n<p align=\"left\">When it comes to competencies, the focus is on the general qualifications of the LSP (Language Service Provider), the professional qualifications of the translators, and the professionalism of the service.<\/p>\n<p align=\"left\">Workflow and the quality of existing processes are key to certification. Project management is at the center of this. The audit includes, among other things:<\/p>\n<ul>\n<li>\n<p align=\"left\">Identification of the key requirements and project specifications during the pre-production process<\/p>\n<\/li>\n<li>\n<p align=\"left\">Follow procedures and specifications throughout production<\/p>\n<\/li>\n<li>\n<p align=\"left\">Monitoring of the preparation process for the translation project<\/p>\n<\/li>\n<li>\n<p align=\"left\">Assignment of one or more qualified translators to the translation project<\/p>\n<\/li>\n<li>\n<p align=\"left\">Appointment of one or more qualified revisers<\/p>\n<\/li>\n<li>\n<p align=\"left\">Dissemination of information and issuance of instructions in the context of the assignment<\/p>\n<\/li>\n<li>\n<p align=\"left\">Verification that the translation service specifications have been met before the translation is approved and released to the client.<\/p>\n<\/li>\n<\/ul>","protected":false},"excerpt":{"rendered":"<p>Informationen zu LinquaCert-Zertifizierungen Ab sofort enthalten die neuen LinquaCert-Zertifizierungen jetzt einen Internetlink, \u00fcber den die jeweiligen Testkriterien klar beschrieben werden. Dadurch erhalten Interessenten noch mehr Informationen zum Testinhalt. Wenn Sie unser Qualit\u00e4tssymbol f\u00fcr Verbraucherwerbung verwenden, empfehlen wir dringend, nur das neue LinquaCert-Qualit\u00e4tssymbol mit diesem Link zu verwenden. Andernfalls erhalten Sie m\u00f6glicherweise eine Warnung von Verbraucherschutzbeh\u00f6rden [&hellip;]<\/p>\n","protected":false},"author":1,"featured_media":4245,"parent":0,"menu_order":0,"comment_status":"closed","ping_status":"closed","template":"","meta":{"footnotes":""},"class_list":["post-1431","page","type-page","status-publish","has-post-thumbnail","hentry","post-wrapper","thrv_wrapper"],"yoast_head":"<!-- This site is optimized with the Yoast SEO Premium plugin v27.4 (Yoast SEO v27.4) - https:\/\/yoast.com\/product\/yoast-seo-premium-wordpress\/ -->\n<title>ISO Zertifizierungen LinquaCert - ISO 17100 und ISO 18587<\/title>\n<meta name=\"description\" content=\"Die Normen ISO 17100 und ISO 18587 definieren die Anforderungen an das zertifizierbare Verfahrensmanagement von Unternehmen.\" \/>\n<meta name=\"robots\" content=\"index, follow, max-snippet:-1, max-image-preview:large, max-video-preview:-1\" \/>\n<link rel=\"canonical\" href=\"https:\/\/linquacert.com\/en\/iso-zertifizierungen-linquacert\/\" \/>\n<meta property=\"og:locale\" content=\"en_GB\" \/>\n<meta property=\"og:type\" content=\"article\" \/>\n<meta property=\"og:title\" content=\"Basis\" \/>\n<meta property=\"og:description\" content=\"Die Normen ISO 17100 und ISO 18587 definieren die Anforderungen an das zertifizierbare Verfahrensmanagement von Unternehmen.\" \/>\n<meta property=\"og:url\" content=\"https:\/\/linquacert.com\/en\/iso-zertifizierungen-linquacert\/\" \/>\n<meta property=\"og:site_name\" content=\"Linquacert\" \/>\n<meta property=\"article:modified_time\" content=\"2026-01-15T22:43:13+00:00\" \/>\n<meta property=\"og:image\" content=\"https:\/\/linquacert.com\/wp-content\/uploads\/2023\/08\/Sprachubersetzer.jpg\" \/>\n\t<meta property=\"og:image:width\" content=\"1686\" \/>\n\t<meta property=\"og:image:height\" content=\"1212\" \/>\n\t<meta property=\"og:image:type\" content=\"image\/jpeg\" \/>\n<meta name=\"twitter:card\" content=\"summary_large_image\" \/>\n<meta name=\"twitter:label1\" content=\"Estimated reading time\" \/>\n\t<meta name=\"twitter:data1\" content=\"3 minutes\" \/>\n<script type=\"application\/ld+json\" class=\"yoast-schema-graph\">{\"@context\":\"https:\\\/\\\/schema.org\",\"@graph\":[{\"@type\":\"WebPage\",\"@id\":\"https:\\\/\\\/linquacert.com\\\/iso-zertifizierungen-linquacert\\\/\",\"url\":\"https:\\\/\\\/linquacert.com\\\/iso-zertifizierungen-linquacert\\\/\",\"name\":\"ISO Zertifizierungen LinquaCert - ISO 17100 und ISO 18587\",\"isPartOf\":{\"@id\":\"https:\\\/\\\/linquacert.com\\\/#website\"},\"primaryImageOfPage\":{\"@id\":\"https:\\\/\\\/linquacert.com\\\/iso-zertifizierungen-linquacert\\\/#primaryimage\"},\"image\":{\"@id\":\"https:\\\/\\\/linquacert.com\\\/iso-zertifizierungen-linquacert\\\/#primaryimage\"},\"thumbnailUrl\":\"https:\\\/\\\/linquacert.com\\\/wp-content\\\/uploads\\\/2023\\\/08\\\/Sprachubersetzer.jpg\",\"datePublished\":\"2020-03-13T09:30:44+00:00\",\"dateModified\":\"2026-01-15T22:43:13+00:00\",\"description\":\"Die Normen ISO 17100 und ISO 18587 definieren die Anforderungen an das zertifizierbare Verfahrensmanagement von Unternehmen.\",\"breadcrumb\":{\"@id\":\"https:\\\/\\\/linquacert.com\\\/iso-zertifizierungen-linquacert\\\/#breadcrumb\"},\"inLanguage\":\"en-GB\",\"potentialAction\":[{\"@type\":\"ReadAction\",\"target\":[\"https:\\\/\\\/linquacert.com\\\/iso-zertifizierungen-linquacert\\\/\"]}]},{\"@type\":\"ImageObject\",\"inLanguage\":\"en-GB\",\"@id\":\"https:\\\/\\\/linquacert.com\\\/iso-zertifizierungen-linquacert\\\/#primaryimage\",\"url\":\"https:\\\/\\\/linquacert.com\\\/wp-content\\\/uploads\\\/2023\\\/08\\\/Sprachubersetzer.jpg\",\"contentUrl\":\"https:\\\/\\\/linquacert.com\\\/wp-content\\\/uploads\\\/2023\\\/08\\\/Sprachubersetzer.jpg\",\"width\":1686,\"height\":1212,\"caption\":\"Sprachu\u0308bersetzer\"},{\"@type\":\"BreadcrumbList\",\"@id\":\"https:\\\/\\\/linquacert.com\\\/iso-zertifizierungen-linquacert\\\/#breadcrumb\",\"itemListElement\":[{\"@type\":\"ListItem\",\"position\":1,\"name\":\"Home\",\"item\":\"https:\\\/\\\/linquacert.com\\\/\"},{\"@type\":\"ListItem\",\"position\":2,\"name\":\"Basis\"}]},{\"@type\":\"WebSite\",\"@id\":\"https:\\\/\\\/linquacert.com\\\/#website\",\"url\":\"https:\\\/\\\/linquacert.com\\\/\",\"name\":\"Linquacert\",\"description\":\"Schweizerischer Verband der Qualit\u00e4ts-Sprachendienste\",\"publisher\":{\"@id\":\"https:\\\/\\\/linquacert.com\\\/#organization\"},\"potentialAction\":[{\"@type\":\"SearchAction\",\"target\":{\"@type\":\"EntryPoint\",\"urlTemplate\":\"https:\\\/\\\/linquacert.com\\\/?s={search_term_string}\"},\"query-input\":{\"@type\":\"PropertyValueSpecification\",\"valueRequired\":true,\"valueName\":\"search_term_string\"}}],\"inLanguage\":\"en-GB\"},{\"@type\":\"Organization\",\"@id\":\"https:\\\/\\\/linquacert.com\\\/#organization\",\"name\":\"Linquacert\",\"url\":\"https:\\\/\\\/linquacert.com\\\/\",\"logo\":{\"@type\":\"ImageObject\",\"inLanguage\":\"en-GB\",\"@id\":\"https:\\\/\\\/linquacert.com\\\/#\\\/schema\\\/logo\\\/image\\\/\",\"url\":\"https:\\\/\\\/linquacert.com\\\/wp-content\\\/uploads\\\/2020\\\/03\\\/site-logo.jpg\",\"contentUrl\":\"https:\\\/\\\/linquacert.com\\\/wp-content\\\/uploads\\\/2020\\\/03\\\/site-logo.jpg\",\"width\":370,\"height\":134,\"caption\":\"Linquacert\"},\"image\":{\"@id\":\"https:\\\/\\\/linquacert.com\\\/#\\\/schema\\\/logo\\\/image\\\/\"}}]}<\/script>\n<!-- \/ Yoast SEO Premium plugin. -->","yoast_head_json":{"title":"ISO Zertifizierungen LinquaCert - ISO 17100 und ISO 18587","description":"Die Normen ISO 17100 und ISO 18587 definieren die Anforderungen an das zertifizierbare Verfahrensmanagement von Unternehmen.","robots":{"index":"index","follow":"follow","max-snippet":"max-snippet:-1","max-image-preview":"max-image-preview:large","max-video-preview":"max-video-preview:-1"},"canonical":"https:\/\/linquacert.com\/en\/iso-zertifizierungen-linquacert\/","og_locale":"en_GB","og_type":"article","og_title":"Basis","og_description":"Die Normen ISO 17100 und ISO 18587 definieren die Anforderungen an das zertifizierbare Verfahrensmanagement von Unternehmen.","og_url":"https:\/\/linquacert.com\/en\/iso-zertifizierungen-linquacert\/","og_site_name":"Linquacert","article_modified_time":"2026-01-15T22:43:13+00:00","og_image":[{"width":1686,"height":1212,"url":"https:\/\/linquacert.com\/wp-content\/uploads\/2023\/08\/Sprachubersetzer.jpg","type":"image\/jpeg"}],"twitter_card":"summary_large_image","twitter_misc":{"Estimated reading time":"3 minutes"},"schema":{"@context":"https:\/\/schema.org","@graph":[{"@type":"WebPage","@id":"https:\/\/linquacert.com\/iso-zertifizierungen-linquacert\/","url":"https:\/\/linquacert.com\/iso-zertifizierungen-linquacert\/","name":"ISO Zertifizierungen LinquaCert - ISO 17100 und ISO 18587","isPartOf":{"@id":"https:\/\/linquacert.com\/#website"},"primaryImageOfPage":{"@id":"https:\/\/linquacert.com\/iso-zertifizierungen-linquacert\/#primaryimage"},"image":{"@id":"https:\/\/linquacert.com\/iso-zertifizierungen-linquacert\/#primaryimage"},"thumbnailUrl":"https:\/\/linquacert.com\/wp-content\/uploads\/2023\/08\/Sprachubersetzer.jpg","datePublished":"2020-03-13T09:30:44+00:00","dateModified":"2026-01-15T22:43:13+00:00","description":"Die Normen ISO 17100 und ISO 18587 definieren die Anforderungen an das zertifizierbare Verfahrensmanagement von Unternehmen.","breadcrumb":{"@id":"https:\/\/linquacert.com\/iso-zertifizierungen-linquacert\/#breadcrumb"},"inLanguage":"en-GB","potentialAction":[{"@type":"ReadAction","target":["https:\/\/linquacert.com\/iso-zertifizierungen-linquacert\/"]}]},{"@type":"ImageObject","inLanguage":"en-GB","@id":"https:\/\/linquacert.com\/iso-zertifizierungen-linquacert\/#primaryimage","url":"https:\/\/linquacert.com\/wp-content\/uploads\/2023\/08\/Sprachubersetzer.jpg","contentUrl":"https:\/\/linquacert.com\/wp-content\/uploads\/2023\/08\/Sprachubersetzer.jpg","width":1686,"height":1212,"caption":"Sprachu\u0308bersetzer"},{"@type":"BreadcrumbList","@id":"https:\/\/linquacert.com\/iso-zertifizierungen-linquacert\/#breadcrumb","itemListElement":[{"@type":"ListItem","position":1,"name":"Home","item":"https:\/\/linquacert.com\/"},{"@type":"ListItem","position":2,"name":"Basis"}]},{"@type":"WebSite","@id":"https:\/\/linquacert.com\/#website","url":"https:\/\/linquacert.com\/","name":"Linquacert","description":"Schweizerischer Verband der Qualit\u00e4ts-Sprachendienste","publisher":{"@id":"https:\/\/linquacert.com\/#organization"},"potentialAction":[{"@type":"SearchAction","target":{"@type":"EntryPoint","urlTemplate":"https:\/\/linquacert.com\/?s={search_term_string}"},"query-input":{"@type":"PropertyValueSpecification","valueRequired":true,"valueName":"search_term_string"}}],"inLanguage":"en-GB"},{"@type":"Organization","@id":"https:\/\/linquacert.com\/#organization","name":"Linquacert","url":"https:\/\/linquacert.com\/","logo":{"@type":"ImageObject","inLanguage":"en-GB","@id":"https:\/\/linquacert.com\/#\/schema\/logo\/image\/","url":"https:\/\/linquacert.com\/wp-content\/uploads\/2020\/03\/site-logo.jpg","contentUrl":"https:\/\/linquacert.com\/wp-content\/uploads\/2020\/03\/site-logo.jpg","width":370,"height":134,"caption":"Linquacert"},"image":{"@id":"https:\/\/linquacert.com\/#\/schema\/logo\/image\/"}}]}},"_links":{"self":[{"href":"https:\/\/linquacert.com\/en\/wp-json\/wp\/v2\/pages\/1431","targetHints":{"allow":["GET"]}}],"collection":[{"href":"https:\/\/linquacert.com\/en\/wp-json\/wp\/v2\/pages"}],"about":[{"href":"https:\/\/linquacert.com\/en\/wp-json\/wp\/v2\/types\/page"}],"author":[{"embeddable":true,"href":"https:\/\/linquacert.com\/en\/wp-json\/wp\/v2\/users\/1"}],"replies":[{"embeddable":true,"href":"https:\/\/linquacert.com\/en\/wp-json\/wp\/v2\/comments?post=1431"}],"version-history":[{"count":83,"href":"https:\/\/linquacert.com\/en\/wp-json\/wp\/v2\/pages\/1431\/revisions"}],"predecessor-version":[{"id":5749,"href":"https:\/\/linquacert.com\/en\/wp-json\/wp\/v2\/pages\/1431\/revisions\/5749"}],"wp:featuredmedia":[{"embeddable":true,"href":"https:\/\/linquacert.com\/en\/wp-json\/wp\/v2\/media\/4245"}],"wp:attachment":[{"href":"https:\/\/linquacert.com\/en\/wp-json\/wp\/v2\/media?parent=1431"}],"curies":[{"name":"wp","href":"https:\/\/api.w.org\/{rel}","templated":true}]}}