{"id":1421,"date":"2020-03-13T10:25:49","date_gmt":"2020-03-13T10:25:49","guid":{"rendered":"https:\/\/linquacert.com\/exemple-de-certificat\/"},"modified":"2023-10-10T06:25:33","modified_gmt":"2023-10-10T04:25:33","slug":"exemple-de-certificat","status":"publish","type":"page","link":"https:\/\/linquacert.com\/en\/exemple-de-certificat\/","title":{"rendered":"Exemple de certificat"},"content":{"rendered":"<p><span><img decoding=\"async\" alt=\"Musterzertifizierung\" data-id=\"1527\" width=\"595\" data-init-width=\"595\" height=\"841\" data-init-height=\"841\" title=\"Muster2015\" loading=\"lazy\" src=\"https:\/\/linquacert.com\/wp-content\/uploads\/2020\/03\/Muster2015.jpg\" data-width=\"595\" data-height=\"841\" style=\"aspect-ratio: auto 595 \/ 841;\"><\/span><\/p>\n<h2>Voici \u00e0 quoi ressemble un certificat ISO<\/h2>\n<p>Bien entendu, nos certificats r\u00e9pondent aux exigences ISO pour la d\u00e9livrance de tels documents. Ils disposent d&#8217;un formulaire standard qui affiche toutes les informations importantes sur une seule page. De cette fa\u00e7on, vos clients peuvent voir en un coup d\u2019\u0153il quels domaines de votre entreprise sont couverts par la certification.Demandez un devis gratuit<strong>Notre logo<\/strong> et <strong>notre adresse<\/strong> ornent la partie sup\u00e9rieure du certificat ISO 17100 ou ISO 18587. Cela indique clairement qui a d\u00e9livr\u00e9 le document.<strong>Le num\u00e9ro de certification<\/strong> suit ensuite. Ce prix est d\u00e9cern\u00e9 exclusivement par nos soins et est unique \u00e0 votre entreprise et \u00e0 la certification obtenue.<strong>Votre adresse et le logo<\/strong> de votre entreprise figurent bien en \u00e9vidence dans le certificat afin que vos clients puissent les identifier rapidement.<\/p>\n<p><span><img decoding=\"async\" alt=\"iso 27001\" data-id=\"4340\" width=\"1180\" data-init-width=\"1634\" height=\"787\" data-init-height=\"1090\" title=\"iso 27001\" loading=\"lazy\" src=\"https:\/\/linquacert.com\/wp-content\/uploads\/2023\/08\/iso-27001.jpg\" data-width=\"1180\" data-height=\"787\" style=\"aspect-ratio: auto 1634 \/ 1090;\"><\/span><\/p>\n<p><strong>Le p\u00e9rim\u00e8tre est particuli\u00e8rement<\/strong> important : il explique \u00e0 quoi se rapporte la certification. Il s&#8217;agit dans la plupart des cas de traductions sp\u00e9cialis\u00e9es dans les domaines de la technologie, de la m\u00e9decine\/pharmaceutique, des affaires\/finances, de l&#8217;administration, du droit, de la publicit\u00e9 ou de la technologie. Le p\u00e9rim\u00e8tre est d\u00e9livr\u00e9 pour vos services sp\u00e9cifiques qui ont \u00e9t\u00e9 audit\u00e9s dans le cadre de la certification.<strong>La norme de certification<\/strong> suivie de l&#8217;ann\u00e9e au cours de laquelle la version appliqu\u00e9e a \u00e9t\u00e9 cr\u00e9\u00e9e. Il s&#8217;agit actuellement de la norme ISO 17100:2015.<strong>Le num\u00e9ro du rapport<\/strong> de test est \u00e9galement utilis\u00e9 \u00e0 des fins de transparence : il fait r\u00e9f\u00e9rence au rapport interne qui sert de base \u00e0 la d\u00e9livrance du certificat pour les prestations de traduction. Il peut \u00eatre identifi\u00e9 et consult\u00e9 par ce num\u00e9ro sur demande.<strong>Le code QR <\/strong>est utilis\u00e9 pour l&#8217;authentification \u00e9lectronique et fait r\u00e9f\u00e9rence \u00e0 une version num\u00e9rique du certificat. La date de d\u00e9livrance et la dur\u00e9e de validit\u00e9 indiquent la p\u00e9riode pendant laquelle le certificat peut \u00eatre utilis\u00e9.<strong>Vous pouvez utiliser le logo de certification<\/strong> comme outil publicitaire dans le cadre de vos activit\u00e9s marketing dans la limite de sa validit\u00e9. Il montre succinctement que vous \u00eates certifi\u00e9 et selon quelles proc\u00e9dures ISO cela a \u00e9t\u00e9 fait.Le certificat est r\u00e9\u00e9dit\u00e9 \u00e0 chaque examen. S&#8217;il a expir\u00e9, il sera v\u00e9rifi\u00e9 et d\u00e9livr\u00e9 \u00e0 nouveau. La dur\u00e9e limit\u00e9e garantit que les processus examin\u00e9s continueront \u00e0 \u00eatre utilis\u00e9s et que le standard de qualit\u00e9 sera toujours maintenu m\u00eame apr\u00e8s quelques ann\u00e9es.<\/p>","protected":false},"excerpt":{"rendered":"<p>Voici \u00e0 quoi ressemble un certificat ISO Bien entendu, nos certificats r\u00e9pondent aux exigences ISO pour la d\u00e9livrance de tels documents. Ils disposent d&#8217;un formulaire standard qui affiche toutes les informations importantes sur une seule page. De cette fa\u00e7on, vos clients peuvent voir en un coup d\u2019\u0153il quels domaines de votre entreprise sont couverts par [&hellip;]<\/p>\n","protected":false},"author":1,"featured_media":4238,"parent":0,"menu_order":0,"comment_status":"closed","ping_status":"closed","template":"","meta":{"footnotes":""},"class_list":["post-1421","page","type-page","status-publish","has-post-thumbnail","hentry","post-wrapper","thrv_wrapper"],"yoast_head":"<!-- This site is optimized with the Yoast SEO Premium plugin v27.2 (Yoast SEO v27.2) - https:\/\/yoast.com\/product\/yoast-seo-premium-wordpress\/ -->\n<title>Exemple de certificat - Linquacert Fournisseur de certification ISO<\/title>\n<meta name=\"description\" content=\"Ein zuverl\u00e4ssiger Indikator fu\u0308r den Erfolg des ersten LinquaCert Benchmark-Workshops. Linquacert - Swiss Fournisseur de certification ISO.\" \/>\n<meta name=\"robots\" content=\"index, follow, max-snippet:-1, max-image-preview:large, max-video-preview:-1\" \/>\n<link rel=\"canonical\" href=\"https:\/\/linquacert.com\/en\/exemple-de-certificat\/\" \/>\n<meta property=\"og:locale\" content=\"en_GB\" \/>\n<meta property=\"og:type\" content=\"article\" \/>\n<meta property=\"og:title\" content=\"Exemple de certificat\" \/>\n<meta property=\"og:description\" content=\"Ein zuverl\u00e4ssiger Indikator fu\u0308r den Erfolg des ersten LinquaCert Benchmark-Workshops. Linquacert - Swiss Fournisseur de certification ISO.\" \/>\n<meta property=\"og:url\" content=\"https:\/\/linquacert.com\/en\/exemple-de-certificat\/\" \/>\n<meta property=\"og:site_name\" content=\"Linquacert\" \/>\n<meta property=\"article:modified_time\" content=\"2023-10-10T04:25:33+00:00\" \/>\n<meta property=\"og:image\" content=\"https:\/\/linquacert.com\/wp-content\/uploads\/2023\/08\/ubersetzung.jpg\" \/>\n\t<meta property=\"og:image:width\" content=\"1650\" \/>\n\t<meta property=\"og:image:height\" content=\"1096\" \/>\n\t<meta property=\"og:image:type\" content=\"image\/jpeg\" \/>\n<meta name=\"twitter:card\" content=\"summary_large_image\" \/>\n<meta name=\"twitter:label1\" content=\"Estimated reading time\" \/>\n\t<meta name=\"twitter:data1\" content=\"3 minutes\" \/>\n<script type=\"application\/ld+json\" class=\"yoast-schema-graph\">{\"@context\":\"https:\/\/schema.org\",\"@graph\":[{\"@type\":\"WebPage\",\"@id\":\"https:\/\/linquacert.com\/fr\/exemple-de-certificat\/\",\"url\":\"https:\/\/linquacert.com\/fr\/exemple-de-certificat\/\",\"name\":\"Exemple de certificat - Linquacert Fournisseur de certification ISO\",\"isPartOf\":{\"@id\":\"https:\/\/linquacert.com\/#website\"},\"primaryImageOfPage\":{\"@id\":\"https:\/\/linquacert.com\/fr\/exemple-de-certificat\/#primaryimage\"},\"image\":{\"@id\":\"https:\/\/linquacert.com\/fr\/exemple-de-certificat\/#primaryimage\"},\"thumbnailUrl\":\"https:\/\/linquacert.com\/wp-content\/uploads\/2023\/08\/ubersetzung.jpg\",\"datePublished\":\"2020-03-13T10:25:49+00:00\",\"dateModified\":\"2023-10-10T04:25:33+00:00\",\"description\":\"Ein zuverl\u00e4ssiger Indikator fu\u0308r den Erfolg des ersten LinquaCert Benchmark-Workshops. Linquacert - Swiss Fournisseur de certification ISO.\",\"breadcrumb\":{\"@id\":\"https:\/\/linquacert.com\/fr\/exemple-de-certificat\/#breadcrumb\"},\"inLanguage\":\"en-GB\",\"potentialAction\":[{\"@type\":\"ReadAction\",\"target\":[\"https:\/\/linquacert.com\/fr\/exemple-de-certificat\/\"]}]},{\"@type\":\"ImageObject\",\"inLanguage\":\"en-GB\",\"@id\":\"https:\/\/linquacert.com\/fr\/exemple-de-certificat\/#primaryimage\",\"url\":\"https:\/\/linquacert.com\/wp-content\/uploads\/2023\/08\/ubersetzung.jpg\",\"contentUrl\":\"https:\/\/linquacert.com\/wp-content\/uploads\/2023\/08\/ubersetzung.jpg\",\"width\":1650,\"height\":1096,\"caption\":\"u\u0308bersetzung\"},{\"@type\":\"BreadcrumbList\",\"@id\":\"https:\/\/linquacert.com\/fr\/exemple-de-certificat\/#breadcrumb\",\"itemListElement\":[{\"@type\":\"ListItem\",\"position\":1,\"name\":\"Home\",\"item\":\"https:\/\/linquacert.com\/\"},{\"@type\":\"ListItem\",\"position\":2,\"name\":\"Exemple de certificat\"}]},{\"@type\":\"WebSite\",\"@id\":\"https:\/\/linquacert.com\/#website\",\"url\":\"https:\/\/linquacert.com\/\",\"name\":\"Linquacert\",\"description\":\"Schweizerischer Verband der Qualit\u00e4ts-Sprachendienste\",\"publisher\":{\"@id\":\"https:\/\/linquacert.com\/#organization\"},\"potentialAction\":[{\"@type\":\"SearchAction\",\"target\":{\"@type\":\"EntryPoint\",\"urlTemplate\":\"https:\/\/linquacert.com\/?s={search_term_string}\"},\"query-input\":{\"@type\":\"PropertyValueSpecification\",\"valueRequired\":true,\"valueName\":\"search_term_string\"}}],\"inLanguage\":\"en-GB\"},{\"@type\":\"Organization\",\"@id\":\"https:\/\/linquacert.com\/#organization\",\"name\":\"Linquacert\",\"url\":\"https:\/\/linquacert.com\/\",\"logo\":{\"@type\":\"ImageObject\",\"inLanguage\":\"en-GB\",\"@id\":\"https:\/\/linquacert.com\/#\/schema\/logo\/image\/\",\"url\":\"https:\/\/linquacert.com\/wp-content\/uploads\/2020\/03\/site-logo.jpg\",\"contentUrl\":\"https:\/\/linquacert.com\/wp-content\/uploads\/2020\/03\/site-logo.jpg\",\"width\":370,\"height\":134,\"caption\":\"Linquacert\"},\"image\":{\"@id\":\"https:\/\/linquacert.com\/#\/schema\/logo\/image\/\"}}]}<\/script>\n<!-- \/ Yoast SEO Premium plugin. -->","yoast_head_json":{"title":"Exemple de certificat - Linquacert Fournisseur de certification ISO","description":"Ein zuverl\u00e4ssiger Indikator fu\u0308r den Erfolg des ersten LinquaCert Benchmark-Workshops. Linquacert - Swiss Fournisseur de certification ISO.","robots":{"index":"index","follow":"follow","max-snippet":"max-snippet:-1","max-image-preview":"max-image-preview:large","max-video-preview":"max-video-preview:-1"},"canonical":"https:\/\/linquacert.com\/en\/exemple-de-certificat\/","og_locale":"en_GB","og_type":"article","og_title":"Exemple de certificat","og_description":"Ein zuverl\u00e4ssiger Indikator fu\u0308r den Erfolg des ersten LinquaCert Benchmark-Workshops. Linquacert - Swiss Fournisseur de certification ISO.","og_url":"https:\/\/linquacert.com\/en\/exemple-de-certificat\/","og_site_name":"Linquacert","article_modified_time":"2023-10-10T04:25:33+00:00","og_image":[{"width":1650,"height":1096,"url":"https:\/\/linquacert.com\/wp-content\/uploads\/2023\/08\/ubersetzung.jpg","type":"image\/jpeg"}],"twitter_card":"summary_large_image","twitter_misc":{"Estimated reading time":"3 minutes"},"schema":{"@context":"https:\/\/schema.org","@graph":[{"@type":"WebPage","@id":"https:\/\/linquacert.com\/fr\/exemple-de-certificat\/","url":"https:\/\/linquacert.com\/fr\/exemple-de-certificat\/","name":"Exemple de certificat - Linquacert Fournisseur de certification ISO","isPartOf":{"@id":"https:\/\/linquacert.com\/#website"},"primaryImageOfPage":{"@id":"https:\/\/linquacert.com\/fr\/exemple-de-certificat\/#primaryimage"},"image":{"@id":"https:\/\/linquacert.com\/fr\/exemple-de-certificat\/#primaryimage"},"thumbnailUrl":"https:\/\/linquacert.com\/wp-content\/uploads\/2023\/08\/ubersetzung.jpg","datePublished":"2020-03-13T10:25:49+00:00","dateModified":"2023-10-10T04:25:33+00:00","description":"Ein zuverl\u00e4ssiger Indikator fu\u0308r den Erfolg des ersten LinquaCert Benchmark-Workshops. Linquacert - Swiss Fournisseur de certification ISO.","breadcrumb":{"@id":"https:\/\/linquacert.com\/fr\/exemple-de-certificat\/#breadcrumb"},"inLanguage":"en-GB","potentialAction":[{"@type":"ReadAction","target":["https:\/\/linquacert.com\/fr\/exemple-de-certificat\/"]}]},{"@type":"ImageObject","inLanguage":"en-GB","@id":"https:\/\/linquacert.com\/fr\/exemple-de-certificat\/#primaryimage","url":"https:\/\/linquacert.com\/wp-content\/uploads\/2023\/08\/ubersetzung.jpg","contentUrl":"https:\/\/linquacert.com\/wp-content\/uploads\/2023\/08\/ubersetzung.jpg","width":1650,"height":1096,"caption":"u\u0308bersetzung"},{"@type":"BreadcrumbList","@id":"https:\/\/linquacert.com\/fr\/exemple-de-certificat\/#breadcrumb","itemListElement":[{"@type":"ListItem","position":1,"name":"Home","item":"https:\/\/linquacert.com\/"},{"@type":"ListItem","position":2,"name":"Exemple de certificat"}]},{"@type":"WebSite","@id":"https:\/\/linquacert.com\/#website","url":"https:\/\/linquacert.com\/","name":"Linquacert","description":"Schweizerischer Verband der Qualit\u00e4ts-Sprachendienste","publisher":{"@id":"https:\/\/linquacert.com\/#organization"},"potentialAction":[{"@type":"SearchAction","target":{"@type":"EntryPoint","urlTemplate":"https:\/\/linquacert.com\/?s={search_term_string}"},"query-input":{"@type":"PropertyValueSpecification","valueRequired":true,"valueName":"search_term_string"}}],"inLanguage":"en-GB"},{"@type":"Organization","@id":"https:\/\/linquacert.com\/#organization","name":"Linquacert","url":"https:\/\/linquacert.com\/","logo":{"@type":"ImageObject","inLanguage":"en-GB","@id":"https:\/\/linquacert.com\/#\/schema\/logo\/image\/","url":"https:\/\/linquacert.com\/wp-content\/uploads\/2020\/03\/site-logo.jpg","contentUrl":"https:\/\/linquacert.com\/wp-content\/uploads\/2020\/03\/site-logo.jpg","width":370,"height":134,"caption":"Linquacert"},"image":{"@id":"https:\/\/linquacert.com\/#\/schema\/logo\/image\/"}}]}},"_links":{"self":[{"href":"https:\/\/linquacert.com\/en\/wp-json\/wp\/v2\/pages\/1421","targetHints":{"allow":["GET"]}}],"collection":[{"href":"https:\/\/linquacert.com\/en\/wp-json\/wp\/v2\/pages"}],"about":[{"href":"https:\/\/linquacert.com\/en\/wp-json\/wp\/v2\/types\/page"}],"author":[{"embeddable":true,"href":"https:\/\/linquacert.com\/en\/wp-json\/wp\/v2\/users\/1"}],"replies":[{"embeddable":true,"href":"https:\/\/linquacert.com\/en\/wp-json\/wp\/v2\/comments?post=1421"}],"version-history":[{"count":6,"href":"https:\/\/linquacert.com\/en\/wp-json\/wp\/v2\/pages\/1421\/revisions"}],"predecessor-version":[{"id":4749,"href":"https:\/\/linquacert.com\/en\/wp-json\/wp\/v2\/pages\/1421\/revisions\/4749"}],"wp:featuredmedia":[{"embeddable":true,"href":"https:\/\/linquacert.com\/en\/wp-json\/wp\/v2\/media\/4238"}],"wp:attachment":[{"href":"https:\/\/linquacert.com\/en\/wp-json\/wp\/v2\/media?parent=1421"}],"curies":[{"name":"wp","href":"https:\/\/api.w.org\/{rel}","templated":true}]}}