{"id":1359,"date":"2020-03-13T09:27:45","date_gmt":"2020-03-13T08:27:45","guid":{"rendered":"https:\/\/linquacert.com\/zertifizierung\/"},"modified":"2026-01-15T23:40:34","modified_gmt":"2026-01-15T22:40:34","slug":"zertifikate-zertifizierungen","status":"publish","type":"page","link":"https:\/\/linquacert.com\/en\/zertifikate-zertifizierungen\/","title":{"rendered":"Certificates and certifications"},"content":{"rendered":"<h2 style=\"text-align: center;\"><\/h2>\n<h2 style=\"text-align: center;\">LinquaCert is the certification body for ambitious translation service providers<\/h2>\n<p><span style=\"\"><img decoding=\"async\" alt=\"\" data-id=\"2260\" width=\"172\" data-init-width=\"854\" height=\"209\" data-init-height=\"1039\" title=\"LinquaCert_ISO_17100_18587_US\" src=\"https:\/\/linquacert.com\/wp-content\/uploads\/2021\/03\/LinquaCert_ISO_17100_18587_US.jpg\" data-width=\"172\" data-height=\"209\" style=\"aspect-ratio: auto 854 \/ 1039;\" mt-d=\"-1\" ml-d=\"0\" center-v-d=\"false\" loading=\"lazy\"><\/span><\/p>\n<h3><a href=\"https:\/\/linquacert.com\/en\/zertifizierung-iso-17100\/\" style=\"outline: none;\">ISO 17100 certification<\/a><\/h3>\n<p><span style=\"\"><img decoding=\"async\" alt=\"\" data-id=\"2260\" width=\"172\" data-init-width=\"854\" height=\"209\" data-init-height=\"1039\" title=\"LinquaCert_ISO_17100_18587_US\" src=\"https:\/\/linquacert.com\/wp-content\/uploads\/2021\/03\/LinquaCert_ISO_17100_18587_US.jpg\" data-width=\"172\" data-height=\"209\" style=\"aspect-ratio: auto 854 \/ 1039;\" mt-d=\"-1\" ml-d=\"0\" center-v-d=\"false\" loading=\"lazy\"><\/span><\/p>\n<h3><a href=\"https:\/\/linquacert.com\/en\/zertifizierung-iso-17100\/\" style=\"outline: none;\"><\/a><a href=\"https:\/\/linquacert.com\/en\/zertifizierung-iso-18587\/\" style=\"outline: none;\">Certification 18587<\/a><\/h3>\n<p>We offer you two certificates that have been created specifically to certify the quality of translation services. They both comply with international standards and can therefore be used in all language areas in which you operate.&nbsp;<\/p>\n<h2>ISO 17100 certificate<\/h2>\n<p>The&nbsp;<b>ISO 17100 certificate&nbsp;<\/b>defines the requirements for&nbsp;<b>high-quality translation services&nbsp;<\/b>is determined. Various service processes are analysed during the certification process. The aim is to ensure consistently high quality in terms of language, style and vocabulary. Consistent standards are just as important.&nbsp;<\/p>\n<p><a href=\"https:\/\/linquacert.com\/en\/die-zukunft-der-uebersetzungsdienste-die-zunehmende-bedeutung-der-iso-17100\/\" target=\"_blank\">The importance of processes and workflows in a translation is often underestimated<\/a>. ISO 17100 ensures that the project management rules laid down in the standard are followed, as well as proof of translator training.&nbsp;<\/p>\n<p>We support you with ISO 17100 certification and issue you with the certificate if the audit is successful. We are a recognised certification body with experts in all areas of auditing translation service providers.<\/p>\n<p><span style=\"\"><img decoding=\"async\" alt=\"iso iec 27001\" data-id=\"4333\" width=\"1180\" data-init-width=\"1644\" height=\"782\" data-init-height=\"1090\" title=\"iso iec 27001\" loading=\"lazy\" src=\"https:\/\/linquacert.com\/wp-content\/uploads\/2023\/08\/iso-iec-27001.jpg\" data-width=\"1180\" data-height=\"782\" style=\"aspect-ratio: auto 1644 \/ 1090;\" mt-d=\"-7.833000000000084\" ml-d=\"0\"><\/span><\/p>\n<h2><a href=\"https:\/\/linquacert.com\/en\/kontakt\/\" style=\"outline: none;\">Contact us now \u2013 We look forward to hearing from you<\/a><\/h2>\n<p class=\"translation-block\">You can reach us by phone at +41 44 552 66 19 or send an <a class=\"\" href=\"mailto:mk@linquacert.com\" target=\"_self\">email to Mr. Markus Kukla<\/a>, Head of the Certification Body. We look forward to hearing from you.<\/p>\n<h2>ISO 18587 certificate<\/h2>\n<p>The&nbsp;<b>ISO 18587 certificate<\/b>&nbsp;was specially&nbsp;<b>for machine-generated translations<\/b>&nbsp;was created. It defined the processes in which translations are carried out and processed by computer. The&nbsp;<b>Post-editing<\/b>&nbsp;is a particular focus of ISO 18587 certification. This is where professional service providers differ from free online providers. It is important for your customers that post-processing is carried out to a consistently high standard. As part of the ISO certification process, we explain to you which requirements exist and where there is a need for improvement in your processes.&nbsp;&nbsp;<\/p>\n<p>With ISO 18587 certification, you can improve the efficiency of your translations and streamline your processes without compromising on quality. You can prove to your customers with a certificate that you work in a time-efficient manner and can deliver an optimised machine translation.&nbsp;<\/p>\n<p><span><img decoding=\"async\" alt=\"Sicherheit bei \u00dcbersetzungsdienstleistern: Ein ISO 17100 Zertifikat hilft dabei\" data-id=\"3761\" width=\"1180\" data-init-width=\"1640\" height=\"478\" data-init-height=\"664\" title=\"pexels-alexander-suhorucov-6457521\" loading=\"lazy\" src=\"https:\/\/linquacert.com\/wp-content\/uploads\/2021\/11\/pexels-alexander-suhorucov-6457521.jpg\" data-width=\"1180\" data-height=\"478\" style=\"aspect-ratio: auto 1640 \/ 664;\"><\/span><\/p>\n<h3>The right certificate for you<\/h3>\n<p>If you offer traditional translations in one or more languages, you should definitely be certified to ISO 17100. This will enable you to demonstrate the high quality of your services to the outside world. If you also have machine translations in your portfolio, an ISO 18587 certificate is required. Only this guarantees proof of quality for this type of translation.&nbsp;<\/p>","protected":false},"excerpt":{"rendered":"<p>LinquaCert ist die Zertifizierungsstelle f\u00fcr ambitionierte \u00dcbersetzungsdienstleister Zertifizierung ISO 17100 Zertifizierung 18587 Wir bieten Ihnen zwei Zertifikate, die eigens f\u00fcr den Qualit\u00e4tsnachweis von \u00dcbersetzungsdienstleistungen geschaffen wurden. Sie folgen beide internationalen Standards und sind damit auch in allen Sprachr\u00e4umen einsetzbar, in denen Sie t\u00e4tig sind.&nbsp; ISO 17100 Zertifikat Das&nbsp;ISO 17100 Zertifikat&nbsp;legt die Anforderungen f\u00fcr&nbsp;hochwertige \u00dcbersetzungsdienstleistungen&nbsp;fest. Bei [&hellip;]<\/p>\n","protected":false},"author":1,"featured_media":4275,"parent":0,"menu_order":0,"comment_status":"closed","ping_status":"closed","template":"","meta":{"footnotes":""},"class_list":["post-1359","page","type-page","status-publish","has-post-thumbnail","hentry","post-wrapper","thrv_wrapper"],"yoast_head":"<!-- This site is optimized with the Yoast SEO Premium plugin v27.4 (Yoast SEO v27.4) - https:\/\/yoast.com\/product\/yoast-seo-premium-wordpress\/ -->\n<title>Zertifikate und Zertifizierungen von LinquaCert<\/title>\n<meta name=\"description\" content=\"LinquaCert ist die Zertifizierungsstelle f\u00fcr ambitionierte \u00dcbersetzungsdienstleister. Zertifizierungen der Norm ISO 17100 und ISO 18587 an.\" \/>\n<meta name=\"robots\" content=\"index, follow, max-snippet:-1, max-image-preview:large, max-video-preview:-1\" \/>\n<link rel=\"canonical\" href=\"https:\/\/linquacert.com\/en\/zertifikate-zertifizierungen\/\" \/>\n<meta property=\"og:locale\" content=\"en_GB\" \/>\n<meta property=\"og:type\" content=\"article\" \/>\n<meta property=\"og:title\" content=\"Zertifikate und Zertifizierungen\" \/>\n<meta property=\"og:description\" content=\"LinquaCert ist die Zertifizierungsstelle f\u00fcr ambitionierte \u00dcbersetzungsdienstleister. Zertifizierungen der Norm ISO 17100 und ISO 18587 an.\" \/>\n<meta property=\"og:url\" content=\"https:\/\/linquacert.com\/en\/zertifikate-zertifizierungen\/\" \/>\n<meta property=\"og:site_name\" content=\"Linquacert\" \/>\n<meta property=\"article:modified_time\" content=\"2026-01-15T22:40:34+00:00\" \/>\n<meta property=\"og:image\" content=\"https:\/\/linquacert.com\/wp-content\/uploads\/2023\/08\/text-ubersetzen.jpg\" \/>\n\t<meta property=\"og:image:width\" content=\"1642\" \/>\n\t<meta property=\"og:image:height\" content=\"914\" \/>\n\t<meta property=\"og:image:type\" content=\"image\/jpeg\" \/>\n<meta name=\"twitter:card\" content=\"summary_large_image\" \/>\n<meta name=\"twitter:label1\" content=\"Estimated reading time\" \/>\n\t<meta name=\"twitter:data1\" content=\"3 minutes\" \/>\n<script type=\"application\/ld+json\" class=\"yoast-schema-graph\">{\"@context\":\"https:\\\/\\\/schema.org\",\"@graph\":[{\"@type\":\"WebPage\",\"@id\":\"https:\\\/\\\/linquacert.com\\\/zertifikate-zertifizierungen\\\/\",\"url\":\"https:\\\/\\\/linquacert.com\\\/zertifikate-zertifizierungen\\\/\",\"name\":\"Zertifikate und Zertifizierungen von LinquaCert\",\"isPartOf\":{\"@id\":\"https:\\\/\\\/linquacert.com\\\/#website\"},\"primaryImageOfPage\":{\"@id\":\"https:\\\/\\\/linquacert.com\\\/zertifikate-zertifizierungen\\\/#primaryimage\"},\"image\":{\"@id\":\"https:\\\/\\\/linquacert.com\\\/zertifikate-zertifizierungen\\\/#primaryimage\"},\"thumbnailUrl\":\"https:\\\/\\\/linquacert.com\\\/wp-content\\\/uploads\\\/2023\\\/08\\\/text-ubersetzen.jpg\",\"datePublished\":\"2020-03-13T08:27:45+00:00\",\"dateModified\":\"2026-01-15T22:40:34+00:00\",\"description\":\"LinquaCert ist die Zertifizierungsstelle f\u00fcr ambitionierte \u00dcbersetzungsdienstleister. Zertifizierungen der Norm ISO 17100 und ISO 18587 an.\",\"breadcrumb\":{\"@id\":\"https:\\\/\\\/linquacert.com\\\/zertifikate-zertifizierungen\\\/#breadcrumb\"},\"inLanguage\":\"en-GB\",\"potentialAction\":[{\"@type\":\"ReadAction\",\"target\":[\"https:\\\/\\\/linquacert.com\\\/zertifikate-zertifizierungen\\\/\"]}]},{\"@type\":\"ImageObject\",\"inLanguage\":\"en-GB\",\"@id\":\"https:\\\/\\\/linquacert.com\\\/zertifikate-zertifizierungen\\\/#primaryimage\",\"url\":\"https:\\\/\\\/linquacert.com\\\/wp-content\\\/uploads\\\/2023\\\/08\\\/text-ubersetzen.jpg\",\"contentUrl\":\"https:\\\/\\\/linquacert.com\\\/wp-content\\\/uploads\\\/2023\\\/08\\\/text-ubersetzen.jpg\",\"width\":1642,\"height\":914,\"caption\":\"text u\u0308bersetzen\"},{\"@type\":\"BreadcrumbList\",\"@id\":\"https:\\\/\\\/linquacert.com\\\/zertifikate-zertifizierungen\\\/#breadcrumb\",\"itemListElement\":[{\"@type\":\"ListItem\",\"position\":1,\"name\":\"Home\",\"item\":\"https:\\\/\\\/linquacert.com\\\/\"},{\"@type\":\"ListItem\",\"position\":2,\"name\":\"Zertifikate und Zertifizierungen\"}]},{\"@type\":\"WebSite\",\"@id\":\"https:\\\/\\\/linquacert.com\\\/#website\",\"url\":\"https:\\\/\\\/linquacert.com\\\/\",\"name\":\"Linquacert\",\"description\":\"Schweizerischer Verband der Qualit\u00e4ts-Sprachendienste\",\"publisher\":{\"@id\":\"https:\\\/\\\/linquacert.com\\\/#organization\"},\"potentialAction\":[{\"@type\":\"SearchAction\",\"target\":{\"@type\":\"EntryPoint\",\"urlTemplate\":\"https:\\\/\\\/linquacert.com\\\/?s={search_term_string}\"},\"query-input\":{\"@type\":\"PropertyValueSpecification\",\"valueRequired\":true,\"valueName\":\"search_term_string\"}}],\"inLanguage\":\"en-GB\"},{\"@type\":\"Organization\",\"@id\":\"https:\\\/\\\/linquacert.com\\\/#organization\",\"name\":\"Linquacert\",\"url\":\"https:\\\/\\\/linquacert.com\\\/\",\"logo\":{\"@type\":\"ImageObject\",\"inLanguage\":\"en-GB\",\"@id\":\"https:\\\/\\\/linquacert.com\\\/#\\\/schema\\\/logo\\\/image\\\/\",\"url\":\"https:\\\/\\\/linquacert.com\\\/wp-content\\\/uploads\\\/2020\\\/03\\\/site-logo.jpg\",\"contentUrl\":\"https:\\\/\\\/linquacert.com\\\/wp-content\\\/uploads\\\/2020\\\/03\\\/site-logo.jpg\",\"width\":370,\"height\":134,\"caption\":\"Linquacert\"},\"image\":{\"@id\":\"https:\\\/\\\/linquacert.com\\\/#\\\/schema\\\/logo\\\/image\\\/\"}}]}<\/script>\n<!-- \/ Yoast SEO Premium plugin. -->","yoast_head_json":{"title":"Zertifikate und Zertifizierungen von LinquaCert","description":"LinquaCert ist die Zertifizierungsstelle f\u00fcr ambitionierte \u00dcbersetzungsdienstleister. Zertifizierungen der Norm ISO 17100 und ISO 18587 an.","robots":{"index":"index","follow":"follow","max-snippet":"max-snippet:-1","max-image-preview":"max-image-preview:large","max-video-preview":"max-video-preview:-1"},"canonical":"https:\/\/linquacert.com\/en\/zertifikate-zertifizierungen\/","og_locale":"en_GB","og_type":"article","og_title":"Zertifikate und Zertifizierungen","og_description":"LinquaCert ist die Zertifizierungsstelle f\u00fcr ambitionierte \u00dcbersetzungsdienstleister. Zertifizierungen der Norm ISO 17100 und ISO 18587 an.","og_url":"https:\/\/linquacert.com\/en\/zertifikate-zertifizierungen\/","og_site_name":"Linquacert","article_modified_time":"2026-01-15T22:40:34+00:00","og_image":[{"width":1642,"height":914,"url":"https:\/\/linquacert.com\/wp-content\/uploads\/2023\/08\/text-ubersetzen.jpg","type":"image\/jpeg"}],"twitter_card":"summary_large_image","twitter_misc":{"Estimated reading time":"3 minutes"},"schema":{"@context":"https:\/\/schema.org","@graph":[{"@type":"WebPage","@id":"https:\/\/linquacert.com\/zertifikate-zertifizierungen\/","url":"https:\/\/linquacert.com\/zertifikate-zertifizierungen\/","name":"Zertifikate und Zertifizierungen von LinquaCert","isPartOf":{"@id":"https:\/\/linquacert.com\/#website"},"primaryImageOfPage":{"@id":"https:\/\/linquacert.com\/zertifikate-zertifizierungen\/#primaryimage"},"image":{"@id":"https:\/\/linquacert.com\/zertifikate-zertifizierungen\/#primaryimage"},"thumbnailUrl":"https:\/\/linquacert.com\/wp-content\/uploads\/2023\/08\/text-ubersetzen.jpg","datePublished":"2020-03-13T08:27:45+00:00","dateModified":"2026-01-15T22:40:34+00:00","description":"LinquaCert ist die Zertifizierungsstelle f\u00fcr ambitionierte \u00dcbersetzungsdienstleister. Zertifizierungen der Norm ISO 17100 und ISO 18587 an.","breadcrumb":{"@id":"https:\/\/linquacert.com\/zertifikate-zertifizierungen\/#breadcrumb"},"inLanguage":"en-GB","potentialAction":[{"@type":"ReadAction","target":["https:\/\/linquacert.com\/zertifikate-zertifizierungen\/"]}]},{"@type":"ImageObject","inLanguage":"en-GB","@id":"https:\/\/linquacert.com\/zertifikate-zertifizierungen\/#primaryimage","url":"https:\/\/linquacert.com\/wp-content\/uploads\/2023\/08\/text-ubersetzen.jpg","contentUrl":"https:\/\/linquacert.com\/wp-content\/uploads\/2023\/08\/text-ubersetzen.jpg","width":1642,"height":914,"caption":"text u\u0308bersetzen"},{"@type":"BreadcrumbList","@id":"https:\/\/linquacert.com\/zertifikate-zertifizierungen\/#breadcrumb","itemListElement":[{"@type":"ListItem","position":1,"name":"Home","item":"https:\/\/linquacert.com\/"},{"@type":"ListItem","position":2,"name":"Zertifikate und Zertifizierungen"}]},{"@type":"WebSite","@id":"https:\/\/linquacert.com\/#website","url":"https:\/\/linquacert.com\/","name":"Linquacert","description":"Schweizerischer Verband der Qualit\u00e4ts-Sprachendienste","publisher":{"@id":"https:\/\/linquacert.com\/#organization"},"potentialAction":[{"@type":"SearchAction","target":{"@type":"EntryPoint","urlTemplate":"https:\/\/linquacert.com\/?s={search_term_string}"},"query-input":{"@type":"PropertyValueSpecification","valueRequired":true,"valueName":"search_term_string"}}],"inLanguage":"en-GB"},{"@type":"Organization","@id":"https:\/\/linquacert.com\/#organization","name":"Linquacert","url":"https:\/\/linquacert.com\/","logo":{"@type":"ImageObject","inLanguage":"en-GB","@id":"https:\/\/linquacert.com\/#\/schema\/logo\/image\/","url":"https:\/\/linquacert.com\/wp-content\/uploads\/2020\/03\/site-logo.jpg","contentUrl":"https:\/\/linquacert.com\/wp-content\/uploads\/2020\/03\/site-logo.jpg","width":370,"height":134,"caption":"Linquacert"},"image":{"@id":"https:\/\/linquacert.com\/#\/schema\/logo\/image\/"}}]}},"_links":{"self":[{"href":"https:\/\/linquacert.com\/en\/wp-json\/wp\/v2\/pages\/1359","targetHints":{"allow":["GET"]}}],"collection":[{"href":"https:\/\/linquacert.com\/en\/wp-json\/wp\/v2\/pages"}],"about":[{"href":"https:\/\/linquacert.com\/en\/wp-json\/wp\/v2\/types\/page"}],"author":[{"embeddable":true,"href":"https:\/\/linquacert.com\/en\/wp-json\/wp\/v2\/users\/1"}],"replies":[{"embeddable":true,"href":"https:\/\/linquacert.com\/en\/wp-json\/wp\/v2\/comments?post=1359"}],"version-history":[{"count":56,"href":"https:\/\/linquacert.com\/en\/wp-json\/wp\/v2\/pages\/1359\/revisions"}],"predecessor-version":[{"id":5745,"href":"https:\/\/linquacert.com\/en\/wp-json\/wp\/v2\/pages\/1359\/revisions\/5745"}],"wp:featuredmedia":[{"embeddable":true,"href":"https:\/\/linquacert.com\/en\/wp-json\/wp\/v2\/media\/4275"}],"wp:attachment":[{"href":"https:\/\/linquacert.com\/en\/wp-json\/wp\/v2\/media?parent=1359"}],"curies":[{"name":"wp","href":"https:\/\/api.w.org\/{rel}","templated":true}]}}